{"id":339113,"date":"2023-10-18T14:26:17","date_gmt":"2023-10-18T14:26:21","guid":{"rendered":"https:\/\/www.erresse-shop.it\/?post_type=product&#038;p=339113"},"modified":"2023-10-18T14:51:30","modified_gmt":"2023-10-18T14:51:30","slug":"le-creuset-marmita-26-cm-nectar","status":"publish","type":"product","link":"https:\/\/www.erresse-shop.it\/es\/shop\/sartenes-y-ollas\/marmitas-y-cocottes\/le-creuset-marmita-26-cm-nectar\/","title":{"rendered":"LE CREUSET Marmita 26 cm Nectar"},"content":{"rendered":"<p><strong>UN TESORO FAMILIAR PARA EL FUTURO<\/strong><\/p>\n<p>Nuestra bater\u00eda de cocina de hierro fundido vitrificado se transmite de generaci\u00f3n en generaci\u00f3n, igual que las recetas de la abuela. Pr\u00e1ctica, elegante y ultrarresistente, esta bater\u00eda de cocina est\u00e1 preparada para pasar de mano en mano, durante a\u00f1os y a\u00f1os. Gracias a sus paredes redondeadas, remover ser\u00e1 un aut\u00e9ntico placer y podr\u00e1 cocinar de todo sin necesidad de utilizar diferentes ollas. \u00bfFondue bourguignonne? \u00bfSopa de pescado? Puede contar con ello.<\/p>\n<ul>\n<li>Nuestro pomo resistente al calor (hasta 260 \u00b0C) est\u00e1 dise\u00f1ado para ofrecer un agarre excelente, incluso cuando se utiliza una agarradera para levantar la tapa.<\/li>\n<li>Limpieza r\u00e1pida: una fina capa interior vitrificada facilita la limpieza.<\/li>\n<li>Grandes asas: gracias a nuestras grandes asas, podr\u00e1 desplazarse f\u00e1cilmente de la placa a la mesa, incluso utilizando guantes de cocina.<\/li>\n<li>Versatilidad: este producto es apto para horno, cocina y grill.<\/li>\n<li>Alimentos sabrosos: el hierro fundido vitrificado retiene el calor para que la cocci\u00f3n y el dorado sean uniformes. Sus deliciosas creaciones permanecer\u00e1n calientes m\u00e1s tiempo en la mesa.<\/li>\n<li>Conserva la suculencia: nuestra tapa retiene el vapor generado al cocinar los alimentos y realza los sabores para obtener unos resultados de cocci\u00f3n extraordinarios.<\/li>\n<li>F\u00e1cil de sujetar: las elegantes y c\u00f3modas asas permiten levantar el producto con seguridad.<\/li>\n<li>Movimientos suaves: los exclusivos laterales curvados permiten girar los alimentos con facilidad y eficacia.<\/li>\n<li>No demasiado caliente: cocine con un calor constante de bajo a medio para cuidar su producto de hierro fundido vitrificado y conseguir resultados deliciosos.<\/li>\n<li>Mejora con el tiempo: el interior vitrificado desarrolla una p\u00e1tina natural que act\u00faa casi como una superficie antiadherente. Su acabado tiene propiedades que evitan que los alimentos se peguen incluso con peque\u00f1as cantidades de aceite. Lave el producto s\u00f3lo con agua para permitir que la p\u00e1tina se desarrolle.<\/li>\n<li>Nuestros productos se elaboran con los mejores materiales en f\u00e1bricas de todo el mundo para garantizar la calidad que espera de Le Creuset.<\/li>\n<\/ul>\n<p>Material: hierro fundido vitrificado<br \/>\nFabricado en: Francia<br \/>\nGarant\u00eda: de por vida<\/p>\n<p><strong>Fuente de calor:<\/strong><\/p>\n<ul>\n<li>Horno<\/li>\n<li>Horno modo grill<\/li>\n<li>Placa el\u00e9ctrica<\/li>\n<li>Vitrocer\u00e1mica<\/li>\n<li>Placa de gas<\/li>\n<li>Placa de inducci\u00f3n<\/li>\n<\/ul>\n<p><strong>Limpieza y cuidados:<\/strong><\/p>\n<ul>\n<li>Espere a que el producto se enfr\u00ede antes de empezar a limpiarlo.<\/li>\n<li>Limpie los restos de comida de la base y los laterales del producto. Si hay comida pegada, llene el producto con agua tibia jabonosa y d\u00e9jelo en remojo durante 15-20 minutos antes de lavarlo como de costumbre.<\/li>\n<li>No utilice limpiadores abrasivos ni esponjas o cepillos met\u00e1licos muy duros en ninguna de las superficies.<\/li>\n<li>S\u00e9calo bien despu\u00e9s de lavarlo y gu\u00e1rdalo en un lugar seco.<\/li>\n<\/ul>\n<p><a href=\"https:\/\/www.youtube.com\/watch?v=9tI-XhlkbIA\"><div class=\"su-youtube su-u-responsive-media-yes\"><iframe loading=\"lazy\" width=\"500\" height=\"200\" src=\"https:\/\/www.youtube.com\/embed\/9tI-XhlkbIA?\" frameborder=\"0\" allowfullscreen allow=\"autoplay; encrypted-media; picture-in-picture\" title=\"\"><\/iframe><\/div><\/a><\/p>\n","protected":false},"excerpt":{"rendered":"<p>UN TESORO FAMILIAR PARA EL FUTURO Nuestra bater\u00eda de cocina de hierro fundido vitrificado se transmite de generaci\u00f3n en generaci\u00f3n,<\/p>\n","protected":false},"featured_media":339135,"template":"","meta":{"_acf_changed":false,"inline_featured_image":false},"product_cat":[16065,16058],"product_tag":[25090,16111,16211,16781,17104,23781,16248,16158,16654,22976,25023],"acf":[],"yoast_head":"<!-- This site is optimized with the Yoast SEO Premium plugin v18.6 (Yoast SEO v19.13) - https:\/\/yoast.com\/wordpress\/plugins\/seo\/ -->\n<title>LE CREUSET Marmita 26 cm Nectar - Erresse Shop<\/title>\n<meta name=\"description\" content=\"UN TESORO FAMILIAR PARA EL FUTURO Nuestra bater\u00eda de cocina de hierro fundido vitrificado se transmite de generaci\u00f3n en generaci\u00f3n, igual que las recetas\" \/>\n<meta name=\"robots\" content=\"index, follow, max-snippet:-1, max-image-preview:large, max-video-preview:-1\" \/>\n<link rel=\"canonical\" href=\"https:\/\/www.erresse-shop.it\/es\/shop\/sartenes-y-ollas\/marmitas-y-cocottes\/le-creuset-marmita-26-cm-nectar\/\" \/>\n<meta property=\"og:locale\" content=\"es_ES\" \/>\n<meta property=\"og:type\" content=\"article\" \/>\n<meta property=\"og:title\" content=\"LE CREUSET Marmita 26 cm Nectar\" \/>\n<meta property=\"og:description\" content=\"UN TESORO FAMILIAR PARA EL FUTURO Nuestra bater\u00eda de cocina de hierro fundido vitrificado se transmite de generaci\u00f3n en generaci\u00f3n, igual que las recetas\" \/>\n<meta property=\"og:url\" content=\"https:\/\/www.erresse-shop.it\/es\/shop\/sartenes-y-ollas\/marmitas-y-cocottes\/le-creuset-marmita-26-cm-nectar\/\" \/>\n<meta property=\"og:site_name\" content=\"Erresse Shop\" \/>\n<meta property=\"article:modified_time\" content=\"2023-10-18T14:51:30+00:00\" \/>\n<meta property=\"og:image\" content=\"https:\/\/www.erresse-shop.it\/wp-content\/uploads\/2023\/10\/LE-CREUSET-Marmitta-26-cm-Nectar.jpg\" \/>\n\t<meta property=\"og:image:width\" content=\"800\" \/>\n\t<meta property=\"og:image:height\" content=\"800\" \/>\n\t<meta property=\"og:image:type\" content=\"image\/jpeg\" \/>\n<meta name=\"twitter:card\" content=\"summary_large_image\" \/>\n<script type=\"application\/ld+json\" class=\"yoast-schema-graph\">{\"@context\":\"https:\/\/schema.org\",\"@graph\":[{\"@type\":\"WebPage\",\"@id\":\"https:\/\/www.erresse-shop.it\/es\/shop\/sartenes-y-ollas\/marmitas-y-cocottes\/le-creuset-marmita-26-cm-nectar\/\",\"url\":\"https:\/\/www.erresse-shop.it\/es\/shop\/sartenes-y-ollas\/marmitas-y-cocottes\/le-creuset-marmita-26-cm-nectar\/\",\"name\":\"LE CREUSET Marmita 26 cm Nectar - Erresse Shop\",\"isPartOf\":{\"@id\":\"https:\/\/www.erresse-shop.it\/es\/#website\"},\"datePublished\":\"2023-10-18T14:26:21+00:00\",\"dateModified\":\"2023-10-18T14:51:30+00:00\",\"description\":\"UN TESORO FAMILIAR PARA EL FUTURO Nuestra bater\u00eda de cocina de hierro fundido vitrificado se transmite de generaci\u00f3n en generaci\u00f3n, igual que las recetas\",\"breadcrumb\":{\"@id\":\"https:\/\/www.erresse-shop.it\/es\/shop\/sartenes-y-ollas\/marmitas-y-cocottes\/le-creuset-marmita-26-cm-nectar\/#breadcrumb\"},\"inLanguage\":\"es\",\"potentialAction\":[{\"@type\":\"ReadAction\",\"target\":[\"https:\/\/www.erresse-shop.it\/es\/shop\/sartenes-y-ollas\/marmitas-y-cocottes\/le-creuset-marmita-26-cm-nectar\/\"]}]},{\"@type\":\"BreadcrumbList\",\"@id\":\"https:\/\/www.erresse-shop.it\/es\/shop\/sartenes-y-ollas\/marmitas-y-cocottes\/le-creuset-marmita-26-cm-nectar\/#breadcrumb\",\"itemListElement\":[{\"@type\":\"ListItem\",\"position\":1,\"name\":\"Home\",\"item\":\"https:\/\/www.erresse-shop.it\/es\/\"},{\"@type\":\"ListItem\",\"position\":2,\"name\":\"Shop\",\"item\":\"https:\/\/www.erresse-shop.it\/es\/shop\/\"},{\"@type\":\"ListItem\",\"position\":3,\"name\":\"LE CREUSET Marmita 26 cm Nectar\"}]},{\"@type\":\"WebSite\",\"@id\":\"https:\/\/www.erresse-shop.it\/es\/#website\",\"url\":\"https:\/\/www.erresse-shop.it\/es\/\",\"name\":\"Erresse Shop\",\"description\":\"Articoli di qualit\u00e0 per la casa\",\"potentialAction\":[{\"@type\":\"SearchAction\",\"target\":{\"@type\":\"EntryPoint\",\"urlTemplate\":\"https:\/\/www.erresse-shop.it\/es\/?s={search_term_string}\"},\"query-input\":\"required name=search_term_string\"}],\"inLanguage\":\"es\"}]}<\/script>\n<!-- \/ Yoast SEO Premium plugin. -->","yoast_head_json":{"title":"LE CREUSET Marmita 26 cm Nectar - Erresse Shop","description":"UN TESORO FAMILIAR PARA EL FUTURO Nuestra bater\u00eda de cocina de hierro fundido vitrificado se transmite de generaci\u00f3n en generaci\u00f3n, igual que las recetas","robots":{"index":"index","follow":"follow","max-snippet":"max-snippet:-1","max-image-preview":"max-image-preview:large","max-video-preview":"max-video-preview:-1"},"canonical":"https:\/\/www.erresse-shop.it\/es\/shop\/sartenes-y-ollas\/marmitas-y-cocottes\/le-creuset-marmita-26-cm-nectar\/","og_locale":"es_ES","og_type":"article","og_title":"LE CREUSET Marmita 26 cm Nectar","og_description":"UN TESORO FAMILIAR PARA EL FUTURO Nuestra bater\u00eda de cocina de hierro fundido vitrificado se transmite de generaci\u00f3n en generaci\u00f3n, igual que las recetas","og_url":"https:\/\/www.erresse-shop.it\/es\/shop\/sartenes-y-ollas\/marmitas-y-cocottes\/le-creuset-marmita-26-cm-nectar\/","og_site_name":"Erresse Shop","article_modified_time":"2023-10-18T14:51:30+00:00","og_image":[{"width":800,"height":800,"url":"https:\/\/www.erresse-shop.it\/wp-content\/uploads\/2023\/10\/LE-CREUSET-Marmitta-26-cm-Nectar.jpg","type":"image\/jpeg"}],"twitter_card":"summary_large_image","schema":{"@context":"https:\/\/schema.org","@graph":[{"@type":"WebPage","@id":"https:\/\/www.erresse-shop.it\/es\/shop\/sartenes-y-ollas\/marmitas-y-cocottes\/le-creuset-marmita-26-cm-nectar\/","url":"https:\/\/www.erresse-shop.it\/es\/shop\/sartenes-y-ollas\/marmitas-y-cocottes\/le-creuset-marmita-26-cm-nectar\/","name":"LE CREUSET Marmita 26 cm Nectar - Erresse Shop","isPartOf":{"@id":"https:\/\/www.erresse-shop.it\/es\/#website"},"datePublished":"2023-10-18T14:26:21+00:00","dateModified":"2023-10-18T14:51:30+00:00","description":"UN TESORO FAMILIAR PARA EL FUTURO Nuestra bater\u00eda de cocina de hierro fundido vitrificado se transmite de generaci\u00f3n en generaci\u00f3n, igual que las recetas","breadcrumb":{"@id":"https:\/\/www.erresse-shop.it\/es\/shop\/sartenes-y-ollas\/marmitas-y-cocottes\/le-creuset-marmita-26-cm-nectar\/#breadcrumb"},"inLanguage":"es","potentialAction":[{"@type":"ReadAction","target":["https:\/\/www.erresse-shop.it\/es\/shop\/sartenes-y-ollas\/marmitas-y-cocottes\/le-creuset-marmita-26-cm-nectar\/"]}]},{"@type":"BreadcrumbList","@id":"https:\/\/www.erresse-shop.it\/es\/shop\/sartenes-y-ollas\/marmitas-y-cocottes\/le-creuset-marmita-26-cm-nectar\/#breadcrumb","itemListElement":[{"@type":"ListItem","position":1,"name":"Home","item":"https:\/\/www.erresse-shop.it\/es\/"},{"@type":"ListItem","position":2,"name":"Shop","item":"https:\/\/www.erresse-shop.it\/es\/shop\/"},{"@type":"ListItem","position":3,"name":"LE CREUSET Marmita 26 cm Nectar"}]},{"@type":"WebSite","@id":"https:\/\/www.erresse-shop.it\/es\/#website","url":"https:\/\/www.erresse-shop.it\/es\/","name":"Erresse Shop","description":"Articoli di qualit\u00e0 per la casa","potentialAction":[{"@type":"SearchAction","target":{"@type":"EntryPoint","urlTemplate":"https:\/\/www.erresse-shop.it\/es\/?s={search_term_string}"},"query-input":"required name=search_term_string"}],"inLanguage":"es"}]}},"df_price":148.05,"df_sale_price":148.05,"df_regular_price":329,"df_image_link":"https:\/\/www.erresse-shop.it\/wp-content\/uploads\/2023\/10\/LE-CREUSET-Marmitta-26-cm-Nectar-300x300.jpg","_links":{"self":[{"href":"https:\/\/www.erresse-shop.it\/es\/wp-json\/wp\/v2\/product\/339113"}],"collection":[{"href":"https:\/\/www.erresse-shop.it\/es\/wp-json\/wp\/v2\/product"}],"about":[{"href":"https:\/\/www.erresse-shop.it\/es\/wp-json\/wp\/v2\/types\/product"}],"wp:featuredmedia":[{"embeddable":true,"href":"https:\/\/www.erresse-shop.it\/es\/wp-json\/wp\/v2\/media\/339135"}],"wp:attachment":[{"href":"https:\/\/www.erresse-shop.it\/es\/wp-json\/wp\/v2\/media?parent=339113"}],"wp:term":[{"taxonomy":"product_cat","embeddable":true,"href":"https:\/\/www.erresse-shop.it\/es\/wp-json\/wp\/v2\/product_cat?post=339113"},{"taxonomy":"product_tag","embeddable":true,"href":"https:\/\/www.erresse-shop.it\/es\/wp-json\/wp\/v2\/product_tag?post=339113"}],"curies":[{"name":"wp","href":"https:\/\/api.w.org\/{rel}","templated":true}]}}