{"id":338849,"date":"2020-05-22T08:05:07","date_gmt":"2020-05-22T08:05:07","guid":{"rendered":"https:\/\/www.erresse-shop.it\/shop\/sin categor\u00eda\/le-creuset-cocotte-evolution-de-hierro-fundido-28-cm-negro\/"},"modified":"2020-05-22T08:05:07","modified_gmt":"2020-05-22T08:05:07","slug":"le-creuset-cocotte-evolution-de-hierro-fundido-28-cm-negro","status":"publish","type":"product","link":"https:\/\/www.erresse-shop.it\/es\/shop\/sartenes-y-ollas\/marmitas-y-cocottes\/le-creuset-cocotte-evolution-de-hierro-fundido-28-cm-negro\/","title":{"rendered":"LE CREUSET Cocotte Evolution de Hierro Fundido 28 cm Negro"},"content":{"rendered":"<p><strong>LA REINA DE LA COCINA<\/strong><br \/>\nLleva casi un siglo enamorando a cocineros y chefs de todo el mundo: la cocotte Le Creuset, un aut\u00e9ntico cl\u00e1sico. Perfectamente construida para hacer de cada receta una obra maestra del sabor, ser\u00e1 su aliada inseparable para preparar guisos, asados, sopas y estofados, pero tambi\u00e9n para hornear.<\/p>\n<p>La Cocotte Redonda Le Creuset Evolution es indispensable en todas las cocinas para preparar platos sabrosos y saludables. Gracias a su versatilidad, la cocotte redonda Le Creuset se convertir\u00e1 en su aliada diaria para cocinar verduras, risottos, salsas, pan y mil recetas m\u00e1s para sorprender a todos sus invitados.<br \/>\nEl hierro fundido esmaltado, al ser un excelente conductor del calor, es uno de los mejores materiales para utilizar en la cocina. Adem\u00e1s, el fondo, las paredes y la tapa tienen el mismo grosor, lo que garantiza una absorci\u00f3n y distribuci\u00f3n uniforme del calor, sin crear zonas sobrecalentadas. Como resultado, los alimentos no se queman ni quedan crudos en su interior. Adem\u00e1s, no pierden sus l\u00edquidos durante la cocci\u00f3n, lo que permite conservar sus nutrientes y vitaminas.<\/p>\n<p>Generaci\u00f3n tras generaci\u00f3n, la cocotte de hierro fundido esmaltado de Le Creuset se ha convertido en sin\u00f3nimo de buena cocina y gran calidad, llevando a las mesas y cocinas de todo el mundo una cocina sana a la altura de las mejores recetas.<\/p>\n<p><strong>Propiedades de la cocotte de hierro fundido esmaltado:<\/strong><\/p>\n<p>&#8211; Distribuci\u00f3n uniforme del calor sin zonas de sobrecalentamiento.<br \/>\n&#8211; Excelente retenci\u00f3n del calor.<br \/>\n&#8211; Pomo de acero inoxidable resistente a todas las temperaturas.<br \/>\n&#8211; Asas dise\u00f1adas para un agarre \u00f3ptimo.<br \/>\n&#8211; Superficie interior y exterior esmaltada. No absorbe la humedad, el sabor ni el olor de los alimentos.<br \/>\n&#8211; Recomendada por los mejores chefs y blogueros para hornear pan.<br \/>\n&#8211; F\u00e1cil limpieza.<br \/>\n&#8211; Durabilidad excepcional.<\/p>\n<p>Material: hierro fundido vitrificado<br \/>\nFabricado en: Francia<br \/>\nGarant\u00eda: de por vida<\/p>\n<p><strong>Fuente de calor:<\/strong><\/p>\n<p>Horno<br \/>\nHorno Modo grill<br \/>\nPlaca el\u00e9ctrica<br \/>\nVitrocer\u00e1mica<br \/>\nPlaca de gas<br \/>\nPlaca de inducci\u00f3n<\/p>\n<p><strong>Limpieza y cuidados:<\/strong><\/p>\n<p>Espere a que el producto se enfr\u00ede antes de empezar a limpiarlo.<br \/>\nLimpie los restos de comida de la base y los laterales del producto. Si hay comida pegada, llene el producto con agua tibia jabonosa y d\u00e9jelo en remojo durante 15-20 minutos antes de lavarlo como de costumbre.<br \/>\nNo utilice limpiadores abrasivos ni esponjas o cepillos met\u00e1licos muy duros en ninguna de las superficies.<br \/>\nS\u00e9quelo bien despu\u00e9s de lavarlo y gu\u00e1rdelo en un lugar seco.<\/p>\n","protected":false},"excerpt":{"rendered":"<p>LA REINA DE LA COCINA Lleva casi un siglo enamorando a cocineros y chefs de todo el mundo: la cocotte<\/p>\n","protected":false},"featured_media":498162,"template":"","meta":{"_acf_changed":false,"inline_featured_image":false},"product_cat":[16065,16058],"product_tag":[16111,16211,16782,16781,17104,16248,16158,16654,22976],"acf":[],"yoast_head":"<!-- This site is optimized with the Yoast SEO Premium plugin v18.6 (Yoast SEO v19.13) - https:\/\/yoast.com\/wordpress\/plugins\/seo\/ -->\n<title>LE CREUSET Cocotte Evolution de Hierro Fundido 28 cm Negro - Erresse Shop<\/title>\n<meta name=\"description\" content=\"LA REINA DE LA COCINA Lleva casi un siglo enamorando a cocineros y chefs de todo el mundo: la cocotte Le Creuset, un aut\u00e9ntico cl\u00e1sico. Perfectamente\" \/>\n<meta name=\"robots\" content=\"index, follow, max-snippet:-1, max-image-preview:large, max-video-preview:-1\" \/>\n<link rel=\"canonical\" href=\"https:\/\/www.erresse-shop.it\/es\/shop\/sartenes-y-ollas\/marmitas-y-cocottes\/le-creuset-cocotte-evolution-de-hierro-fundido-28-cm-negro\/\" \/>\n<meta property=\"og:locale\" content=\"es_ES\" \/>\n<meta property=\"og:type\" content=\"article\" \/>\n<meta property=\"og:title\" content=\"LE CREUSET Cocotte Evolution de Hierro Fundido 28 cm Negro\" \/>\n<meta property=\"og:description\" content=\"LA REINA DE LA COCINA Lleva casi un siglo enamorando a cocineros y chefs de todo el mundo: la cocotte Le Creuset, un aut\u00e9ntico cl\u00e1sico. Perfectamente\" \/>\n<meta property=\"og:url\" content=\"https:\/\/www.erresse-shop.it\/es\/shop\/sartenes-y-ollas\/marmitas-y-cocottes\/le-creuset-cocotte-evolution-de-hierro-fundido-28-cm-negro\/\" \/>\n<meta property=\"og:site_name\" content=\"Erresse Shop\" \/>\n<meta property=\"og:image\" content=\"https:\/\/www.erresse-shop.it\/wp-content\/uploads\/2020\/05\/LE-CREUSET-Cocotte-Evolution-in-Ghisa-28-cm-Nero.png\" \/>\n\t<meta property=\"og:image:width\" content=\"800\" \/>\n\t<meta property=\"og:image:height\" content=\"800\" \/>\n\t<meta property=\"og:image:type\" content=\"image\/png\" \/>\n<meta name=\"twitter:card\" content=\"summary_large_image\" \/>\n<script type=\"application\/ld+json\" class=\"yoast-schema-graph\">{\"@context\":\"https:\/\/schema.org\",\"@graph\":[{\"@type\":\"WebPage\",\"@id\":\"https:\/\/www.erresse-shop.it\/es\/shop\/sartenes-y-ollas\/marmitas-y-cocottes\/le-creuset-cocotte-evolution-de-hierro-fundido-28-cm-negro\/\",\"url\":\"https:\/\/www.erresse-shop.it\/es\/shop\/sartenes-y-ollas\/marmitas-y-cocottes\/le-creuset-cocotte-evolution-de-hierro-fundido-28-cm-negro\/\",\"name\":\"LE CREUSET Cocotte Evolution de Hierro Fundido 28 cm Negro - Erresse Shop\",\"isPartOf\":{\"@id\":\"https:\/\/www.erresse-shop.it\/es\/#website\"},\"datePublished\":\"2020-05-22T08:05:07+00:00\",\"dateModified\":\"2020-05-22T08:05:07+00:00\",\"description\":\"LA REINA DE LA COCINA Lleva casi un siglo enamorando a cocineros y chefs de todo el mundo: la cocotte Le Creuset, un aut\u00e9ntico cl\u00e1sico. Perfectamente\",\"breadcrumb\":{\"@id\":\"https:\/\/www.erresse-shop.it\/es\/shop\/sartenes-y-ollas\/marmitas-y-cocottes\/le-creuset-cocotte-evolution-de-hierro-fundido-28-cm-negro\/#breadcrumb\"},\"inLanguage\":\"es\",\"potentialAction\":[{\"@type\":\"ReadAction\",\"target\":[\"https:\/\/www.erresse-shop.it\/es\/shop\/sartenes-y-ollas\/marmitas-y-cocottes\/le-creuset-cocotte-evolution-de-hierro-fundido-28-cm-negro\/\"]}]},{\"@type\":\"BreadcrumbList\",\"@id\":\"https:\/\/www.erresse-shop.it\/es\/shop\/sartenes-y-ollas\/marmitas-y-cocottes\/le-creuset-cocotte-evolution-de-hierro-fundido-28-cm-negro\/#breadcrumb\",\"itemListElement\":[{\"@type\":\"ListItem\",\"position\":1,\"name\":\"Home\",\"item\":\"https:\/\/www.erresse-shop.it\/es\/\"},{\"@type\":\"ListItem\",\"position\":2,\"name\":\"Shop\",\"item\":\"https:\/\/www.erresse-shop.it\/es\/shop\/\"},{\"@type\":\"ListItem\",\"position\":3,\"name\":\"LE CREUSET Cocotte Evolution de Hierro Fundido 28 cm Negro\"}]},{\"@type\":\"WebSite\",\"@id\":\"https:\/\/www.erresse-shop.it\/es\/#website\",\"url\":\"https:\/\/www.erresse-shop.it\/es\/\",\"name\":\"Erresse Shop\",\"description\":\"Articoli di qualit\u00e0 per la casa\",\"potentialAction\":[{\"@type\":\"SearchAction\",\"target\":{\"@type\":\"EntryPoint\",\"urlTemplate\":\"https:\/\/www.erresse-shop.it\/es\/?s={search_term_string}\"},\"query-input\":\"required name=search_term_string\"}],\"inLanguage\":\"es\"}]}<\/script>\n<!-- \/ Yoast SEO Premium plugin. -->","yoast_head_json":{"title":"LE CREUSET Cocotte Evolution de Hierro Fundido 28 cm Negro - Erresse Shop","description":"LA REINA DE LA COCINA Lleva casi un siglo enamorando a cocineros y chefs de todo el mundo: la cocotte Le Creuset, un aut\u00e9ntico cl\u00e1sico. Perfectamente","robots":{"index":"index","follow":"follow","max-snippet":"max-snippet:-1","max-image-preview":"max-image-preview:large","max-video-preview":"max-video-preview:-1"},"canonical":"https:\/\/www.erresse-shop.it\/es\/shop\/sartenes-y-ollas\/marmitas-y-cocottes\/le-creuset-cocotte-evolution-de-hierro-fundido-28-cm-negro\/","og_locale":"es_ES","og_type":"article","og_title":"LE CREUSET Cocotte Evolution de Hierro Fundido 28 cm Negro","og_description":"LA REINA DE LA COCINA Lleva casi un siglo enamorando a cocineros y chefs de todo el mundo: la cocotte Le Creuset, un aut\u00e9ntico cl\u00e1sico. Perfectamente","og_url":"https:\/\/www.erresse-shop.it\/es\/shop\/sartenes-y-ollas\/marmitas-y-cocottes\/le-creuset-cocotte-evolution-de-hierro-fundido-28-cm-negro\/","og_site_name":"Erresse Shop","og_image":[{"width":800,"height":800,"url":"https:\/\/www.erresse-shop.it\/wp-content\/uploads\/2020\/05\/LE-CREUSET-Cocotte-Evolution-in-Ghisa-28-cm-Nero.png","type":"image\/png"}],"twitter_card":"summary_large_image","schema":{"@context":"https:\/\/schema.org","@graph":[{"@type":"WebPage","@id":"https:\/\/www.erresse-shop.it\/es\/shop\/sartenes-y-ollas\/marmitas-y-cocottes\/le-creuset-cocotte-evolution-de-hierro-fundido-28-cm-negro\/","url":"https:\/\/www.erresse-shop.it\/es\/shop\/sartenes-y-ollas\/marmitas-y-cocottes\/le-creuset-cocotte-evolution-de-hierro-fundido-28-cm-negro\/","name":"LE CREUSET Cocotte Evolution de Hierro Fundido 28 cm Negro - Erresse Shop","isPartOf":{"@id":"https:\/\/www.erresse-shop.it\/es\/#website"},"datePublished":"2020-05-22T08:05:07+00:00","dateModified":"2020-05-22T08:05:07+00:00","description":"LA REINA DE LA COCINA Lleva casi un siglo enamorando a cocineros y chefs de todo el mundo: la cocotte Le Creuset, un aut\u00e9ntico cl\u00e1sico. Perfectamente","breadcrumb":{"@id":"https:\/\/www.erresse-shop.it\/es\/shop\/sartenes-y-ollas\/marmitas-y-cocottes\/le-creuset-cocotte-evolution-de-hierro-fundido-28-cm-negro\/#breadcrumb"},"inLanguage":"es","potentialAction":[{"@type":"ReadAction","target":["https:\/\/www.erresse-shop.it\/es\/shop\/sartenes-y-ollas\/marmitas-y-cocottes\/le-creuset-cocotte-evolution-de-hierro-fundido-28-cm-negro\/"]}]},{"@type":"BreadcrumbList","@id":"https:\/\/www.erresse-shop.it\/es\/shop\/sartenes-y-ollas\/marmitas-y-cocottes\/le-creuset-cocotte-evolution-de-hierro-fundido-28-cm-negro\/#breadcrumb","itemListElement":[{"@type":"ListItem","position":1,"name":"Home","item":"https:\/\/www.erresse-shop.it\/es\/"},{"@type":"ListItem","position":2,"name":"Shop","item":"https:\/\/www.erresse-shop.it\/es\/shop\/"},{"@type":"ListItem","position":3,"name":"LE CREUSET Cocotte Evolution de Hierro Fundido 28 cm Negro"}]},{"@type":"WebSite","@id":"https:\/\/www.erresse-shop.it\/es\/#website","url":"https:\/\/www.erresse-shop.it\/es\/","name":"Erresse Shop","description":"Articoli di qualit\u00e0 per la casa","potentialAction":[{"@type":"SearchAction","target":{"@type":"EntryPoint","urlTemplate":"https:\/\/www.erresse-shop.it\/es\/?s={search_term_string}"},"query-input":"required name=search_term_string"}],"inLanguage":"es"}]}},"df_price":279.95,"df_sale_price":279.95,"df_regular_price":439,"df_image_link":"https:\/\/www.erresse-shop.it\/wp-content\/uploads\/2020\/05\/LE-CREUSET-Cocotte-Evolution-in-Ghisa-28-cm-Nero-300x300.jpg","_links":{"self":[{"href":"https:\/\/www.erresse-shop.it\/es\/wp-json\/wp\/v2\/product\/338849"}],"collection":[{"href":"https:\/\/www.erresse-shop.it\/es\/wp-json\/wp\/v2\/product"}],"about":[{"href":"https:\/\/www.erresse-shop.it\/es\/wp-json\/wp\/v2\/types\/product"}],"wp:featuredmedia":[{"embeddable":true,"href":"https:\/\/www.erresse-shop.it\/es\/wp-json\/wp\/v2\/media\/498162"}],"wp:attachment":[{"href":"https:\/\/www.erresse-shop.it\/es\/wp-json\/wp\/v2\/media?parent=338849"}],"wp:term":[{"taxonomy":"product_cat","embeddable":true,"href":"https:\/\/www.erresse-shop.it\/es\/wp-json\/wp\/v2\/product_cat?post=338849"},{"taxonomy":"product_tag","embeddable":true,"href":"https:\/\/www.erresse-shop.it\/es\/wp-json\/wp\/v2\/product_tag?post=338849"}],"curies":[{"name":"wp","href":"https:\/\/api.w.org\/{rel}","templated":true}]}}