{"id":336687,"date":"2023-10-13T07:25:48","date_gmt":"2023-10-13T07:25:53","guid":{"rendered":"https:\/\/www.erresse-shop.it\/?post_type=product&#038;p=336687"},"modified":"2023-11-03T00:00:37","modified_gmt":"2023-11-03T00:00:37","slug":"baci-milan-sagrada-familia-cabeza-la-vibora","status":"publish","type":"product","link":"https:\/\/www.erresse-shop.it\/es\/shop\/mobiliario\/articulos-de-decoracion\/baci-milan-sagrada-familia-cabeza-la-vibora\/","title":{"rendered":"BACI MILAN Sagrada Familia Cabeza La V\u00edbora"},"content":{"rendered":"<p>Cabeza decorativa de poliresina de la exuberante e ic\u00f3nica colecci\u00f3n Sagrada Familia.<\/p>\n<p><strong>La V\u00edbora<\/strong><\/p>\n<p>La v\u00edbora encarna el esp\u00edritu de las personas que se mueven con astucia y tienen un intelecto agudo. Dedicada a jugadores, estrategas y a quienes disfrutan con el arte del subtexto.<\/p>\n<p>Dimensiones: \u00d8 27 cm \/ h 25,5 cm<\/p>\n","protected":false},"excerpt":{"rendered":"<p>Cabeza decorativa de poliresina de la exuberante e ic\u00f3nica colecci\u00f3n Sagrada Familia. La V\u00edbora La v\u00edbora encarna el esp\u00edritu de<\/p>\n","protected":false},"featured_media":336699,"template":"","meta":{"_acf_changed":false,"inline_featured_image":false},"product_cat":[16026,16016],"product_tag":[19372,16122],"acf":[],"yoast_head":"<!-- This site is optimized with the Yoast SEO Premium plugin v18.6 (Yoast SEO v19.13) - https:\/\/yoast.com\/wordpress\/plugins\/seo\/ -->\n<title>BACI MILAN Sagrada Familia Cabeza La V\u00edbora - Erresse Shop<\/title>\n<meta name=\"description\" content=\"Cabeza decorativa de poliresina de la exuberante e ic\u00f3nica colecci\u00f3n Sagrada Familia. La V\u00edbora La v\u00edbora encarna el esp\u00edritu de las personas que se\" \/>\n<meta name=\"robots\" content=\"index, follow, max-snippet:-1, max-image-preview:large, max-video-preview:-1\" \/>\n<link rel=\"canonical\" href=\"https:\/\/www.erresse-shop.it\/es\/shop\/mobiliario\/articulos-de-decoracion\/baci-milan-sagrada-familia-cabeza-la-vibora\/\" \/>\n<meta property=\"og:locale\" content=\"es_ES\" \/>\n<meta property=\"og:type\" content=\"article\" \/>\n<meta property=\"og:title\" content=\"BACI MILAN Sagrada Familia Cabeza La V\u00edbora\" \/>\n<meta property=\"og:description\" content=\"Cabeza decorativa de poliresina de la exuberante e ic\u00f3nica colecci\u00f3n Sagrada Familia. La V\u00edbora La v\u00edbora encarna el esp\u00edritu de las personas que se\" \/>\n<meta property=\"og:url\" content=\"https:\/\/www.erresse-shop.it\/es\/shop\/mobiliario\/articulos-de-decoracion\/baci-milan-sagrada-familia-cabeza-la-vibora\/\" \/>\n<meta property=\"og:site_name\" content=\"Erresse Shop\" \/>\n<meta property=\"article:modified_time\" content=\"2023-11-03T00:00:37+00:00\" \/>\n<meta property=\"og:image\" content=\"https:\/\/www.erresse-shop.it\/wp-content\/uploads\/2023\/10\/BACI-MILANO-Sagrada-Familia-Testa-La-Vipera.jpg\" \/>\n\t<meta property=\"og:image:width\" content=\"800\" \/>\n\t<meta property=\"og:image:height\" content=\"800\" \/>\n\t<meta property=\"og:image:type\" content=\"image\/jpeg\" \/>\n<meta name=\"twitter:card\" content=\"summary_large_image\" \/>\n<script type=\"application\/ld+json\" class=\"yoast-schema-graph\">{\"@context\":\"https:\/\/schema.org\",\"@graph\":[{\"@type\":\"WebPage\",\"@id\":\"https:\/\/www.erresse-shop.it\/es\/shop\/mobiliario\/articulos-de-decoracion\/baci-milan-sagrada-familia-cabeza-la-vibora\/\",\"url\":\"https:\/\/www.erresse-shop.it\/es\/shop\/mobiliario\/articulos-de-decoracion\/baci-milan-sagrada-familia-cabeza-la-vibora\/\",\"name\":\"BACI MILAN Sagrada Familia Cabeza La V\u00edbora - Erresse Shop\",\"isPartOf\":{\"@id\":\"https:\/\/www.erresse-shop.it\/es\/#website\"},\"datePublished\":\"2023-10-13T07:25:53+00:00\",\"dateModified\":\"2023-11-03T00:00:37+00:00\",\"description\":\"Cabeza decorativa de poliresina de la exuberante e ic\u00f3nica colecci\u00f3n Sagrada Familia. La V\u00edbora La v\u00edbora encarna el esp\u00edritu de las personas que se\",\"breadcrumb\":{\"@id\":\"https:\/\/www.erresse-shop.it\/es\/shop\/mobiliario\/articulos-de-decoracion\/baci-milan-sagrada-familia-cabeza-la-vibora\/#breadcrumb\"},\"inLanguage\":\"es\",\"potentialAction\":[{\"@type\":\"ReadAction\",\"target\":[\"https:\/\/www.erresse-shop.it\/es\/shop\/mobiliario\/articulos-de-decoracion\/baci-milan-sagrada-familia-cabeza-la-vibora\/\"]}]},{\"@type\":\"BreadcrumbList\",\"@id\":\"https:\/\/www.erresse-shop.it\/es\/shop\/mobiliario\/articulos-de-decoracion\/baci-milan-sagrada-familia-cabeza-la-vibora\/#breadcrumb\",\"itemListElement\":[{\"@type\":\"ListItem\",\"position\":1,\"name\":\"Home\",\"item\":\"https:\/\/www.erresse-shop.it\/es\/\"},{\"@type\":\"ListItem\",\"position\":2,\"name\":\"Shop\",\"item\":\"https:\/\/www.erresse-shop.it\/es\/shop\/\"},{\"@type\":\"ListItem\",\"position\":3,\"name\":\"BACI MILAN Sagrada Familia Cabeza La V\u00edbora\"}]},{\"@type\":\"WebSite\",\"@id\":\"https:\/\/www.erresse-shop.it\/es\/#website\",\"url\":\"https:\/\/www.erresse-shop.it\/es\/\",\"name\":\"Erresse Shop\",\"description\":\"Articoli di qualit\u00e0 per la casa\",\"potentialAction\":[{\"@type\":\"SearchAction\",\"target\":{\"@type\":\"EntryPoint\",\"urlTemplate\":\"https:\/\/www.erresse-shop.it\/es\/?s={search_term_string}\"},\"query-input\":\"required name=search_term_string\"}],\"inLanguage\":\"es\"}]}<\/script>\n<!-- \/ Yoast SEO Premium plugin. -->","yoast_head_json":{"title":"BACI MILAN Sagrada Familia Cabeza La V\u00edbora - Erresse Shop","description":"Cabeza decorativa de poliresina de la exuberante e ic\u00f3nica colecci\u00f3n Sagrada Familia. La V\u00edbora La v\u00edbora encarna el esp\u00edritu de las personas que se","robots":{"index":"index","follow":"follow","max-snippet":"max-snippet:-1","max-image-preview":"max-image-preview:large","max-video-preview":"max-video-preview:-1"},"canonical":"https:\/\/www.erresse-shop.it\/es\/shop\/mobiliario\/articulos-de-decoracion\/baci-milan-sagrada-familia-cabeza-la-vibora\/","og_locale":"es_ES","og_type":"article","og_title":"BACI MILAN Sagrada Familia Cabeza La V\u00edbora","og_description":"Cabeza decorativa de poliresina de la exuberante e ic\u00f3nica colecci\u00f3n Sagrada Familia. La V\u00edbora La v\u00edbora encarna el esp\u00edritu de las personas que se","og_url":"https:\/\/www.erresse-shop.it\/es\/shop\/mobiliario\/articulos-de-decoracion\/baci-milan-sagrada-familia-cabeza-la-vibora\/","og_site_name":"Erresse Shop","article_modified_time":"2023-11-03T00:00:37+00:00","og_image":[{"width":800,"height":800,"url":"https:\/\/www.erresse-shop.it\/wp-content\/uploads\/2023\/10\/BACI-MILANO-Sagrada-Familia-Testa-La-Vipera.jpg","type":"image\/jpeg"}],"twitter_card":"summary_large_image","schema":{"@context":"https:\/\/schema.org","@graph":[{"@type":"WebPage","@id":"https:\/\/www.erresse-shop.it\/es\/shop\/mobiliario\/articulos-de-decoracion\/baci-milan-sagrada-familia-cabeza-la-vibora\/","url":"https:\/\/www.erresse-shop.it\/es\/shop\/mobiliario\/articulos-de-decoracion\/baci-milan-sagrada-familia-cabeza-la-vibora\/","name":"BACI MILAN Sagrada Familia Cabeza La V\u00edbora - Erresse Shop","isPartOf":{"@id":"https:\/\/www.erresse-shop.it\/es\/#website"},"datePublished":"2023-10-13T07:25:53+00:00","dateModified":"2023-11-03T00:00:37+00:00","description":"Cabeza decorativa de poliresina de la exuberante e ic\u00f3nica colecci\u00f3n Sagrada Familia. La V\u00edbora La v\u00edbora encarna el esp\u00edritu de las personas que se","breadcrumb":{"@id":"https:\/\/www.erresse-shop.it\/es\/shop\/mobiliario\/articulos-de-decoracion\/baci-milan-sagrada-familia-cabeza-la-vibora\/#breadcrumb"},"inLanguage":"es","potentialAction":[{"@type":"ReadAction","target":["https:\/\/www.erresse-shop.it\/es\/shop\/mobiliario\/articulos-de-decoracion\/baci-milan-sagrada-familia-cabeza-la-vibora\/"]}]},{"@type":"BreadcrumbList","@id":"https:\/\/www.erresse-shop.it\/es\/shop\/mobiliario\/articulos-de-decoracion\/baci-milan-sagrada-familia-cabeza-la-vibora\/#breadcrumb","itemListElement":[{"@type":"ListItem","position":1,"name":"Home","item":"https:\/\/www.erresse-shop.it\/es\/"},{"@type":"ListItem","position":2,"name":"Shop","item":"https:\/\/www.erresse-shop.it\/es\/shop\/"},{"@type":"ListItem","position":3,"name":"BACI MILAN Sagrada Familia Cabeza La V\u00edbora"}]},{"@type":"WebSite","@id":"https:\/\/www.erresse-shop.it\/es\/#website","url":"https:\/\/www.erresse-shop.it\/es\/","name":"Erresse Shop","description":"Articoli di qualit\u00e0 per la casa","potentialAction":[{"@type":"SearchAction","target":{"@type":"EntryPoint","urlTemplate":"https:\/\/www.erresse-shop.it\/es\/?s={search_term_string}"},"query-input":"required name=search_term_string"}],"inLanguage":"es"}]}},"df_price":48.5,"df_sale_price":48.5,"df_regular_price":97,"df_image_link":"https:\/\/www.erresse-shop.it\/wp-content\/uploads\/2023\/10\/BACI-MILANO-Sagrada-Familia-Testa-La-Vipera-300x300.jpg","_links":{"self":[{"href":"https:\/\/www.erresse-shop.it\/es\/wp-json\/wp\/v2\/product\/336687"}],"collection":[{"href":"https:\/\/www.erresse-shop.it\/es\/wp-json\/wp\/v2\/product"}],"about":[{"href":"https:\/\/www.erresse-shop.it\/es\/wp-json\/wp\/v2\/types\/product"}],"wp:featuredmedia":[{"embeddable":true,"href":"https:\/\/www.erresse-shop.it\/es\/wp-json\/wp\/v2\/media\/336699"}],"wp:attachment":[{"href":"https:\/\/www.erresse-shop.it\/es\/wp-json\/wp\/v2\/media?parent=336687"}],"wp:term":[{"taxonomy":"product_cat","embeddable":true,"href":"https:\/\/www.erresse-shop.it\/es\/wp-json\/wp\/v2\/product_cat?post=336687"},{"taxonomy":"product_tag","embeddable":true,"href":"https:\/\/www.erresse-shop.it\/es\/wp-json\/wp\/v2\/product_tag?post=336687"}],"curies":[{"name":"wp","href":"https:\/\/api.w.org\/{rel}","templated":true}]}}