{"id":336573,"date":"2023-10-13T06:23:01","date_gmt":"2023-10-13T06:23:05","guid":{"rendered":"https:\/\/www.erresse-shop.it\/?post_type=product&#038;p=336573"},"modified":"2023-10-13T06:34:39","modified_gmt":"2023-10-13T06:34:39","slug":"villeroy-boch-christmas-toys-memory-calendario-de-adviento-3d","status":"publish","type":"product","link":"https:\/\/www.erresse-shop.it\/es\/shop\/mobiliario\/articulos-de-decoracion\/villeroy-boch-christmas-toys-memory-calendario-de-adviento-3d\/","title":{"rendered":"VILLEROY &#038; BOCH Christmas Toys Memory Calendario de Adviento 3D"},"content":{"rendered":"<p><strong>La alegr\u00eda de la anticipaci\u00f3n multiplicada por 24<\/strong><\/p>\n<p>La colecci\u00f3n Christmas Toys combina momentos nost\u00e1lgicos y dise\u00f1o moderno en un mundo maravilloso y festivo con mercadillos navide\u00f1os, mu\u00f1ecos de nieve y Pap\u00e1 Noel. D\u00e9jate sorprender cada d\u00eda con una figurita de porcelana de este calendario de Adviento. Y lo mejor de todo: las figuritas se pueden colgar en el \u00e1rbol de porcelana incluido en el set. Regale a sus seres queridos la alegr\u00eda de la anticipaci\u00f3n navide\u00f1a.<\/p>\n<p>Material: porcelana<\/p>\n","protected":false},"excerpt":{"rendered":"<p>La alegr\u00eda de la anticipaci\u00f3n multiplicada por 24 La colecci\u00f3n Christmas Toys combina momentos nost\u00e1lgicos y dise\u00f1o moderno en un<\/p>\n","protected":false},"featured_media":494063,"template":"","meta":{"_acf_changed":false,"inline_featured_image":false},"product_cat":[16026,16016],"product_tag":[23912,20505,20507,20506,21333],"acf":[],"yoast_head":"<!-- This site is optimized with the Yoast SEO Premium plugin v18.6 (Yoast SEO v19.13) - https:\/\/yoast.com\/wordpress\/plugins\/seo\/ -->\n<title>VILLEROY &amp; BOCH Christmas Toys Memory Calendario de Adviento 3D - Erresse Shop<\/title>\n<meta name=\"description\" content=\"La alegr\u00eda de la anticipaci\u00f3n multiplicada por 24 La colecci\u00f3n Christmas Toys combina momentos nost\u00e1lgicos y dise\u00f1o moderno en un mundo maravilloso y\" \/>\n<meta name=\"robots\" content=\"index, follow, max-snippet:-1, max-image-preview:large, max-video-preview:-1\" \/>\n<link rel=\"canonical\" href=\"https:\/\/www.erresse-shop.it\/es\/shop\/mobiliario\/articulos-de-decoracion\/villeroy-boch-christmas-toys-memory-calendario-de-adviento-3d\/\" \/>\n<meta property=\"og:locale\" content=\"es_ES\" \/>\n<meta property=\"og:type\" content=\"article\" \/>\n<meta property=\"og:title\" content=\"VILLEROY &amp; BOCH Christmas Toys Memory Calendario de Adviento 3D\" \/>\n<meta property=\"og:description\" content=\"La alegr\u00eda de la anticipaci\u00f3n multiplicada por 24 La colecci\u00f3n Christmas Toys combina momentos nost\u00e1lgicos y dise\u00f1o moderno en un mundo maravilloso y\" \/>\n<meta property=\"og:url\" content=\"https:\/\/www.erresse-shop.it\/es\/shop\/mobiliario\/articulos-de-decoracion\/villeroy-boch-christmas-toys-memory-calendario-de-adviento-3d\/\" \/>\n<meta property=\"og:site_name\" content=\"Erresse Shop\" \/>\n<meta property=\"article:modified_time\" content=\"2023-10-13T06:34:39+00:00\" \/>\n<meta property=\"og:image\" content=\"https:\/\/www.erresse-shop.it\/wp-content\/uploads\/2023\/10\/VILLEROY-amp-BOCH-Christmas-Toys-Memory-Calendario-dellAvvento-3D.jpg\" \/>\n\t<meta property=\"og:image:width\" content=\"800\" \/>\n\t<meta property=\"og:image:height\" content=\"800\" \/>\n\t<meta property=\"og:image:type\" content=\"image\/jpeg\" \/>\n<meta name=\"twitter:card\" content=\"summary_large_image\" \/>\n<script type=\"application\/ld+json\" class=\"yoast-schema-graph\">{\"@context\":\"https:\/\/schema.org\",\"@graph\":[{\"@type\":\"WebPage\",\"@id\":\"https:\/\/www.erresse-shop.it\/es\/shop\/mobiliario\/articulos-de-decoracion\/villeroy-boch-christmas-toys-memory-calendario-de-adviento-3d\/\",\"url\":\"https:\/\/www.erresse-shop.it\/es\/shop\/mobiliario\/articulos-de-decoracion\/villeroy-boch-christmas-toys-memory-calendario-de-adviento-3d\/\",\"name\":\"VILLEROY & BOCH Christmas Toys Memory Calendario de Adviento 3D - Erresse Shop\",\"isPartOf\":{\"@id\":\"https:\/\/www.erresse-shop.it\/es\/#website\"},\"datePublished\":\"2023-10-13T06:23:05+00:00\",\"dateModified\":\"2023-10-13T06:34:39+00:00\",\"description\":\"La alegr\u00eda de la anticipaci\u00f3n multiplicada por 24 La colecci\u00f3n Christmas Toys combina momentos nost\u00e1lgicos y dise\u00f1o moderno en un mundo maravilloso y\",\"breadcrumb\":{\"@id\":\"https:\/\/www.erresse-shop.it\/es\/shop\/mobiliario\/articulos-de-decoracion\/villeroy-boch-christmas-toys-memory-calendario-de-adviento-3d\/#breadcrumb\"},\"inLanguage\":\"es\",\"potentialAction\":[{\"@type\":\"ReadAction\",\"target\":[\"https:\/\/www.erresse-shop.it\/es\/shop\/mobiliario\/articulos-de-decoracion\/villeroy-boch-christmas-toys-memory-calendario-de-adviento-3d\/\"]}]},{\"@type\":\"BreadcrumbList\",\"@id\":\"https:\/\/www.erresse-shop.it\/es\/shop\/mobiliario\/articulos-de-decoracion\/villeroy-boch-christmas-toys-memory-calendario-de-adviento-3d\/#breadcrumb\",\"itemListElement\":[{\"@type\":\"ListItem\",\"position\":1,\"name\":\"Home\",\"item\":\"https:\/\/www.erresse-shop.it\/es\/\"},{\"@type\":\"ListItem\",\"position\":2,\"name\":\"Shop\",\"item\":\"https:\/\/www.erresse-shop.it\/es\/shop\/\"},{\"@type\":\"ListItem\",\"position\":3,\"name\":\"VILLEROY &#038; BOCH Christmas Toys Memory Calendario de Adviento 3D\"}]},{\"@type\":\"WebSite\",\"@id\":\"https:\/\/www.erresse-shop.it\/es\/#website\",\"url\":\"https:\/\/www.erresse-shop.it\/es\/\",\"name\":\"Erresse Shop\",\"description\":\"Articoli di qualit\u00e0 per la casa\",\"potentialAction\":[{\"@type\":\"SearchAction\",\"target\":{\"@type\":\"EntryPoint\",\"urlTemplate\":\"https:\/\/www.erresse-shop.it\/es\/?s={search_term_string}\"},\"query-input\":\"required name=search_term_string\"}],\"inLanguage\":\"es\"}]}<\/script>\n<!-- \/ Yoast SEO Premium plugin. -->","yoast_head_json":{"title":"VILLEROY & BOCH Christmas Toys Memory Calendario de Adviento 3D - Erresse Shop","description":"La alegr\u00eda de la anticipaci\u00f3n multiplicada por 24 La colecci\u00f3n Christmas Toys combina momentos nost\u00e1lgicos y dise\u00f1o moderno en un mundo maravilloso y","robots":{"index":"index","follow":"follow","max-snippet":"max-snippet:-1","max-image-preview":"max-image-preview:large","max-video-preview":"max-video-preview:-1"},"canonical":"https:\/\/www.erresse-shop.it\/es\/shop\/mobiliario\/articulos-de-decoracion\/villeroy-boch-christmas-toys-memory-calendario-de-adviento-3d\/","og_locale":"es_ES","og_type":"article","og_title":"VILLEROY & BOCH Christmas Toys Memory Calendario de Adviento 3D","og_description":"La alegr\u00eda de la anticipaci\u00f3n multiplicada por 24 La colecci\u00f3n Christmas Toys combina momentos nost\u00e1lgicos y dise\u00f1o moderno en un mundo maravilloso y","og_url":"https:\/\/www.erresse-shop.it\/es\/shop\/mobiliario\/articulos-de-decoracion\/villeroy-boch-christmas-toys-memory-calendario-de-adviento-3d\/","og_site_name":"Erresse Shop","article_modified_time":"2023-10-13T06:34:39+00:00","og_image":[{"width":800,"height":800,"url":"https:\/\/www.erresse-shop.it\/wp-content\/uploads\/2023\/10\/VILLEROY-amp-BOCH-Christmas-Toys-Memory-Calendario-dellAvvento-3D.jpg","type":"image\/jpeg"}],"twitter_card":"summary_large_image","schema":{"@context":"https:\/\/schema.org","@graph":[{"@type":"WebPage","@id":"https:\/\/www.erresse-shop.it\/es\/shop\/mobiliario\/articulos-de-decoracion\/villeroy-boch-christmas-toys-memory-calendario-de-adviento-3d\/","url":"https:\/\/www.erresse-shop.it\/es\/shop\/mobiliario\/articulos-de-decoracion\/villeroy-boch-christmas-toys-memory-calendario-de-adviento-3d\/","name":"VILLEROY & BOCH Christmas Toys Memory Calendario de Adviento 3D - Erresse Shop","isPartOf":{"@id":"https:\/\/www.erresse-shop.it\/es\/#website"},"datePublished":"2023-10-13T06:23:05+00:00","dateModified":"2023-10-13T06:34:39+00:00","description":"La alegr\u00eda de la anticipaci\u00f3n multiplicada por 24 La colecci\u00f3n Christmas Toys combina momentos nost\u00e1lgicos y dise\u00f1o moderno en un mundo maravilloso y","breadcrumb":{"@id":"https:\/\/www.erresse-shop.it\/es\/shop\/mobiliario\/articulos-de-decoracion\/villeroy-boch-christmas-toys-memory-calendario-de-adviento-3d\/#breadcrumb"},"inLanguage":"es","potentialAction":[{"@type":"ReadAction","target":["https:\/\/www.erresse-shop.it\/es\/shop\/mobiliario\/articulos-de-decoracion\/villeroy-boch-christmas-toys-memory-calendario-de-adviento-3d\/"]}]},{"@type":"BreadcrumbList","@id":"https:\/\/www.erresse-shop.it\/es\/shop\/mobiliario\/articulos-de-decoracion\/villeroy-boch-christmas-toys-memory-calendario-de-adviento-3d\/#breadcrumb","itemListElement":[{"@type":"ListItem","position":1,"name":"Home","item":"https:\/\/www.erresse-shop.it\/es\/"},{"@type":"ListItem","position":2,"name":"Shop","item":"https:\/\/www.erresse-shop.it\/es\/shop\/"},{"@type":"ListItem","position":3,"name":"VILLEROY &#038; BOCH Christmas Toys Memory Calendario de Adviento 3D"}]},{"@type":"WebSite","@id":"https:\/\/www.erresse-shop.it\/es\/#website","url":"https:\/\/www.erresse-shop.it\/es\/","name":"Erresse Shop","description":"Articoli di qualit\u00e0 per la casa","potentialAction":[{"@type":"SearchAction","target":{"@type":"EntryPoint","urlTemplate":"https:\/\/www.erresse-shop.it\/es\/?s={search_term_string}"},"query-input":"required name=search_term_string"}],"inLanguage":"es"}]}},"df_price":214.5,"df_sale_price":214.5,"df_regular_price":429,"df_image_link":"https:\/\/www.erresse-shop.it\/wp-content\/uploads\/2023\/10\/VILLEROY-amp-BOCH-Christmas-Toys-Memory-Calendario-dellAvvento-3D-300x300.jpg","_links":{"self":[{"href":"https:\/\/www.erresse-shop.it\/es\/wp-json\/wp\/v2\/product\/336573"}],"collection":[{"href":"https:\/\/www.erresse-shop.it\/es\/wp-json\/wp\/v2\/product"}],"about":[{"href":"https:\/\/www.erresse-shop.it\/es\/wp-json\/wp\/v2\/types\/product"}],"wp:featuredmedia":[{"embeddable":true,"href":"https:\/\/www.erresse-shop.it\/es\/wp-json\/wp\/v2\/media\/494063"}],"wp:attachment":[{"href":"https:\/\/www.erresse-shop.it\/es\/wp-json\/wp\/v2\/media?parent=336573"}],"wp:term":[{"taxonomy":"product_cat","embeddable":true,"href":"https:\/\/www.erresse-shop.it\/es\/wp-json\/wp\/v2\/product_cat?post=336573"},{"taxonomy":"product_tag","embeddable":true,"href":"https:\/\/www.erresse-shop.it\/es\/wp-json\/wp\/v2\/product_tag?post=336573"}],"curies":[{"name":"wp","href":"https:\/\/api.w.org\/{rel}","templated":true}]}}