{"id":335139,"date":"2023-10-09T08:52:24","date_gmt":"2023-10-09T08:52:28","guid":{"rendered":"https:\/\/www.erresse-shop.it\/shop\/senza-categoria\/smeg-aesthetic-anni-50s-tostadora-2-rebanadas\/"},"modified":"2025-04-26T08:00:14","modified_gmt":"2025-04-26T08:00:14","slug":"smeg-aesthetic-anni-50s-tostadora-2-rebanadas","status":"publish","type":"product","link":"https:\/\/www.erresse-shop.it\/es\/shop\/pequenos-electrodomesticos\/tostadoras\/smeg-aesthetic-anni-50s-tostadora-2-rebanadas\/","title":{"rendered":"SMEG Aesthetic Anni &#8217;50s Tostadora 2 Rebanadas"},"content":{"rendered":"<p>Serie <strong>SMEG<\/strong> 50s<\/p>\n<p>Objetos de encuentro simb\u00f3lico, iconos que transforman el espacio que ocupan, los nuevos peque\u00f1os de la l\u00ednea Anni &#8217;50s, dise\u00f1ados en colaboraci\u00f3n con Matteo Bazzicalupo y Raffaella Mangiarotti de deepdesign, evocan otros tiempos y dan forma a los lugares cotidianos, invirtiendo lo que ya existe o ha existido con un nuevo significado, como ocurre en el arte y la memoria.<br \/>\nProductos con formas redondeadas y compactas, son protagonistas de la cocina, dise\u00f1ados para quienes desean tener una experiencia de chef pero no s\u00f3lo. Para los que les gusta rodearse de objetos con un fuerte car\u00e1cter est\u00e9tico sin perder de vista las prestaciones de alta calidad.<\/p>\n<p><strong>PROGRAMAS PREESTABLECIDOS<\/strong><br \/>\nFunci\u00f3n de calentamiento para calentar las tostadas o las rebanadas de pan o para seguir tostando si el resultado no es satisfactorio, descongelaci\u00f3n para descongelar el pan que se quiere tostar inmediatamente, bagel para dorar s\u00f3lo una cara del pan sin tostar la otra, ideal para rebanadas para untar.<\/p>\n<p><strong>CORTES ANCHOS<\/strong><br \/>\nEl centrado autom\u00e1tico de las rebanadas de pan dentro de los grandes compartimentos permite un dorado perfectamente uniforme. Una vez transcurrido el tiempo de tostado seleccionado, las rebanadas se expulsan autom\u00e1ticamente para su retirada segura.<\/p>\n<p><strong>PR\u00c1CTICOS ACCESORIOS OPCIONALES<br \/>\n<\/strong>Pinzas para s\u00e1ndwiches para facilitar la cocci\u00f3n del pan con la cobertura deseada y parrilla para s\u00e1ndwiches para calentar s\u00e1ndwiches, bollos o brioches y servirlos calientes, directamente en la mesa.<\/p>\n<ul>\n<li>Producto premiado por los Good Design Awards 2014<\/li>\n<li>Producto premiado con el iF Design Award 2015<\/li>\n<li>Premios de dise\u00f1o Red Dot 2015<\/li>\n<\/ul>\n<p><strong>EST\u00c9TICA<\/strong><br \/>\n<strong>Color:<\/strong> Blanco<br \/>\n<strong>Acabado:<\/strong> Mate<br \/>\n<strong>Est\u00e9tica:<\/strong> Estilo 50&#8217;s<br \/>\n<strong>Color de la base:<\/strong> Cromo pulido<br \/>\n<strong>Color de la parte superior:<\/strong> Cromo pulido<br \/>\n<strong>Material del cuerpo:<\/strong> Acero<br \/>\n<strong>Material de la base:<\/strong> pl\u00e1stico<br \/>\n<strong>Material de la parte superior:<\/strong> Acero<\/p>\n<p><strong>CONTROLES<\/strong><br \/>\n<strong>Tipo de control:<\/strong> palanca, botones, pomo<br \/>\n<strong>Material de la palanca:<\/strong> acero inoxidable<br \/>\n<strong>Material del pomo:<\/strong> Pl\u00e1stico<br \/>\n<strong>Material de los botones:<\/strong> pl\u00e1stico<\/p>\n<p><strong>PROGRAMAS Y FUNCIONES<\/strong><br \/>\n<strong>N\u00famero de niveles de dorado:<\/strong> 6<br \/>\n<strong>Funci\u00f3n de calefacci\u00f3n:<\/strong> S\u00ed<br \/>\n<strong>Funci\u00f3n de descongelaci\u00f3n:<\/strong> S\u00ed<br \/>\n<strong>Funci\u00f3n de panecillo:<\/strong> S\u00ed<\/p>\n<p><strong>CONEXI\u00d3N EL\u00c9CTRICA<\/strong><br \/>\n<strong>Potencia:<\/strong> 950 W<br \/>\n<strong>Tensi\u00f3n:<\/strong> 220-240 V<br \/>\n<strong>Frecuencia:<\/strong> 50\/60 Hz<br \/>\n<strong>Longitud del cable de alimentaci\u00f3n:<\/strong> 1 m<\/p>\n<p><span style=\"text-decoration: underline;\"><strong>No se vende fuera de Europa<\/strong><\/span><\/p>\n","protected":false},"excerpt":{"rendered":"<p>Serie SMEG 50s Objetos de encuentro simb\u00f3lico, iconos que transforman el espacio que ocupan, los nuevos peque\u00f1os de la l\u00ednea<\/p>\n","protected":false},"featured_media":188927,"template":"","meta":{"_acf_changed":false,"inline_featured_image":false},"product_cat":[16073,16081],"product_tag":[25183,23912,16307,21333,16555,25023],"acf":[],"yoast_head":"<!-- This site is optimized with the Yoast SEO Premium plugin v18.6 (Yoast SEO v19.13) - https:\/\/yoast.com\/wordpress\/plugins\/seo\/ -->\n<title>SMEG Aesthetic Anni &#039;50s Tostadora 2 Rebanadas - Erresse Shop<\/title>\n<meta name=\"description\" content=\"Serie SMEG 50s Objetos de encuentro simb\u00f3lico, iconos que transforman el espacio que ocupan, los nuevos peque\u00f1os de la l\u00ednea Anni &#039;50s, dise\u00f1ados en\" \/>\n<meta name=\"robots\" content=\"index, follow, max-snippet:-1, max-image-preview:large, max-video-preview:-1\" \/>\n<link rel=\"canonical\" href=\"https:\/\/www.erresse-shop.it\/es\/shop\/pequenos-electrodomesticos\/tostadoras\/smeg-aesthetic-anni-50s-tostadora-2-rebanadas\/\" \/>\n<meta property=\"og:locale\" content=\"es_ES\" \/>\n<meta property=\"og:type\" content=\"article\" \/>\n<meta property=\"og:title\" content=\"SMEG Aesthetic Anni &#039;50s Tostadora 2 Rebanadas\" \/>\n<meta property=\"og:description\" content=\"Serie SMEG 50s Objetos de encuentro simb\u00f3lico, iconos que transforman el espacio que ocupan, los nuevos peque\u00f1os de la l\u00ednea Anni &#039;50s, dise\u00f1ados en\" \/>\n<meta property=\"og:url\" content=\"https:\/\/www.erresse-shop.it\/es\/shop\/pequenos-electrodomesticos\/tostadoras\/smeg-aesthetic-anni-50s-tostadora-2-rebanadas\/\" \/>\n<meta property=\"og:site_name\" content=\"Erresse Shop\" \/>\n<meta property=\"article:modified_time\" content=\"2025-04-26T08:00:14+00:00\" \/>\n<meta property=\"og:image\" content=\"https:\/\/www.erresse-shop.it\/wp-content\/uploads\/2022\/07\/SMEG-Tostapane-2-Fette-Rosso.jpg\" \/>\n\t<meta property=\"og:image:width\" content=\"800\" \/>\n\t<meta property=\"og:image:height\" content=\"800\" \/>\n\t<meta property=\"og:image:type\" content=\"image\/jpeg\" \/>\n<meta name=\"twitter:card\" content=\"summary_large_image\" \/>\n<script type=\"application\/ld+json\" class=\"yoast-schema-graph\">{\"@context\":\"https:\/\/schema.org\",\"@graph\":[{\"@type\":\"WebPage\",\"@id\":\"https:\/\/www.erresse-shop.it\/es\/shop\/pequenos-electrodomesticos\/tostadoras\/smeg-aesthetic-anni-50s-tostadora-2-rebanadas\/\",\"url\":\"https:\/\/www.erresse-shop.it\/es\/shop\/pequenos-electrodomesticos\/tostadoras\/smeg-aesthetic-anni-50s-tostadora-2-rebanadas\/\",\"name\":\"SMEG Aesthetic Anni '50s Tostadora 2 Rebanadas - Erresse Shop\",\"isPartOf\":{\"@id\":\"https:\/\/www.erresse-shop.it\/es\/#website\"},\"datePublished\":\"2023-10-09T08:52:28+00:00\",\"dateModified\":\"2025-04-26T08:00:14+00:00\",\"description\":\"Serie SMEG 50s Objetos de encuentro simb\u00f3lico, iconos que transforman el espacio que ocupan, los nuevos peque\u00f1os de la l\u00ednea Anni '50s, dise\u00f1ados en\",\"breadcrumb\":{\"@id\":\"https:\/\/www.erresse-shop.it\/es\/shop\/pequenos-electrodomesticos\/tostadoras\/smeg-aesthetic-anni-50s-tostadora-2-rebanadas\/#breadcrumb\"},\"inLanguage\":\"es\",\"potentialAction\":[{\"@type\":\"ReadAction\",\"target\":[\"https:\/\/www.erresse-shop.it\/es\/shop\/pequenos-electrodomesticos\/tostadoras\/smeg-aesthetic-anni-50s-tostadora-2-rebanadas\/\"]}]},{\"@type\":\"BreadcrumbList\",\"@id\":\"https:\/\/www.erresse-shop.it\/es\/shop\/pequenos-electrodomesticos\/tostadoras\/smeg-aesthetic-anni-50s-tostadora-2-rebanadas\/#breadcrumb\",\"itemListElement\":[{\"@type\":\"ListItem\",\"position\":1,\"name\":\"Home\",\"item\":\"https:\/\/www.erresse-shop.it\/es\/\"},{\"@type\":\"ListItem\",\"position\":2,\"name\":\"Shop\",\"item\":\"https:\/\/www.erresse-shop.it\/es\/shop\/\"},{\"@type\":\"ListItem\",\"position\":3,\"name\":\"SMEG Aesthetic Anni &#8217;50s Tostadora 2 Rebanadas\"}]},{\"@type\":\"WebSite\",\"@id\":\"https:\/\/www.erresse-shop.it\/es\/#website\",\"url\":\"https:\/\/www.erresse-shop.it\/es\/\",\"name\":\"Erresse Shop\",\"description\":\"Articoli di qualit\u00e0 per la casa\",\"potentialAction\":[{\"@type\":\"SearchAction\",\"target\":{\"@type\":\"EntryPoint\",\"urlTemplate\":\"https:\/\/www.erresse-shop.it\/es\/?s={search_term_string}\"},\"query-input\":\"required name=search_term_string\"}],\"inLanguage\":\"es\"}]}<\/script>\n<!-- \/ Yoast SEO Premium plugin. -->","yoast_head_json":{"title":"SMEG Aesthetic Anni '50s Tostadora 2 Rebanadas - Erresse Shop","description":"Serie SMEG 50s Objetos de encuentro simb\u00f3lico, iconos que transforman el espacio que ocupan, los nuevos peque\u00f1os de la l\u00ednea Anni '50s, dise\u00f1ados en","robots":{"index":"index","follow":"follow","max-snippet":"max-snippet:-1","max-image-preview":"max-image-preview:large","max-video-preview":"max-video-preview:-1"},"canonical":"https:\/\/www.erresse-shop.it\/es\/shop\/pequenos-electrodomesticos\/tostadoras\/smeg-aesthetic-anni-50s-tostadora-2-rebanadas\/","og_locale":"es_ES","og_type":"article","og_title":"SMEG Aesthetic Anni '50s Tostadora 2 Rebanadas","og_description":"Serie SMEG 50s Objetos de encuentro simb\u00f3lico, iconos que transforman el espacio que ocupan, los nuevos peque\u00f1os de la l\u00ednea Anni '50s, dise\u00f1ados en","og_url":"https:\/\/www.erresse-shop.it\/es\/shop\/pequenos-electrodomesticos\/tostadoras\/smeg-aesthetic-anni-50s-tostadora-2-rebanadas\/","og_site_name":"Erresse Shop","article_modified_time":"2025-04-26T08:00:14+00:00","og_image":[{"width":800,"height":800,"url":"https:\/\/www.erresse-shop.it\/wp-content\/uploads\/2022\/07\/SMEG-Tostapane-2-Fette-Rosso.jpg","type":"image\/jpeg"}],"twitter_card":"summary_large_image","schema":{"@context":"https:\/\/schema.org","@graph":[{"@type":"WebPage","@id":"https:\/\/www.erresse-shop.it\/es\/shop\/pequenos-electrodomesticos\/tostadoras\/smeg-aesthetic-anni-50s-tostadora-2-rebanadas\/","url":"https:\/\/www.erresse-shop.it\/es\/shop\/pequenos-electrodomesticos\/tostadoras\/smeg-aesthetic-anni-50s-tostadora-2-rebanadas\/","name":"SMEG Aesthetic Anni '50s Tostadora 2 Rebanadas - Erresse Shop","isPartOf":{"@id":"https:\/\/www.erresse-shop.it\/es\/#website"},"datePublished":"2023-10-09T08:52:28+00:00","dateModified":"2025-04-26T08:00:14+00:00","description":"Serie SMEG 50s Objetos de encuentro simb\u00f3lico, iconos que transforman el espacio que ocupan, los nuevos peque\u00f1os de la l\u00ednea Anni '50s, dise\u00f1ados en","breadcrumb":{"@id":"https:\/\/www.erresse-shop.it\/es\/shop\/pequenos-electrodomesticos\/tostadoras\/smeg-aesthetic-anni-50s-tostadora-2-rebanadas\/#breadcrumb"},"inLanguage":"es","potentialAction":[{"@type":"ReadAction","target":["https:\/\/www.erresse-shop.it\/es\/shop\/pequenos-electrodomesticos\/tostadoras\/smeg-aesthetic-anni-50s-tostadora-2-rebanadas\/"]}]},{"@type":"BreadcrumbList","@id":"https:\/\/www.erresse-shop.it\/es\/shop\/pequenos-electrodomesticos\/tostadoras\/smeg-aesthetic-anni-50s-tostadora-2-rebanadas\/#breadcrumb","itemListElement":[{"@type":"ListItem","position":1,"name":"Home","item":"https:\/\/www.erresse-shop.it\/es\/"},{"@type":"ListItem","position":2,"name":"Shop","item":"https:\/\/www.erresse-shop.it\/es\/shop\/"},{"@type":"ListItem","position":3,"name":"SMEG Aesthetic Anni &#8217;50s Tostadora 2 Rebanadas"}]},{"@type":"WebSite","@id":"https:\/\/www.erresse-shop.it\/es\/#website","url":"https:\/\/www.erresse-shop.it\/es\/","name":"Erresse Shop","description":"Articoli di qualit\u00e0 per la casa","potentialAction":[{"@type":"SearchAction","target":{"@type":"EntryPoint","urlTemplate":"https:\/\/www.erresse-shop.it\/es\/?s={search_term_string}"},"query-input":"required name=search_term_string"}],"inLanguage":"es"}]}},"df_price":169,"df_sale_price":"","df_regular_price":169,"df_image_link":"https:\/\/www.erresse-shop.it\/wp-content\/uploads\/2022\/07\/SMEG-Tostapane-2-Fette-Rosso-300x300.jpg","_links":{"self":[{"href":"https:\/\/www.erresse-shop.it\/es\/wp-json\/wp\/v2\/product\/335139"}],"collection":[{"href":"https:\/\/www.erresse-shop.it\/es\/wp-json\/wp\/v2\/product"}],"about":[{"href":"https:\/\/www.erresse-shop.it\/es\/wp-json\/wp\/v2\/types\/product"}],"wp:featuredmedia":[{"embeddable":true,"href":"https:\/\/www.erresse-shop.it\/es\/wp-json\/wp\/v2\/media\/188927"}],"wp:attachment":[{"href":"https:\/\/www.erresse-shop.it\/es\/wp-json\/wp\/v2\/media?parent=335139"}],"wp:term":[{"taxonomy":"product_cat","embeddable":true,"href":"https:\/\/www.erresse-shop.it\/es\/wp-json\/wp\/v2\/product_cat?post=335139"},{"taxonomy":"product_tag","embeddable":true,"href":"https:\/\/www.erresse-shop.it\/es\/wp-json\/wp\/v2\/product_tag?post=335139"}],"curies":[{"name":"wp","href":"https:\/\/api.w.org\/{rel}","templated":true}]}}