{"id":335080,"date":"2023-10-09T08:51:36","date_gmt":"2023-10-09T08:51:40","guid":{"rendered":"https:\/\/www.erresse-shop.it\/shop\/senza-categoria\/smeg-50s-style-batidora-amasadora\/"},"modified":"2025-04-26T09:00:15","modified_gmt":"2025-04-26T09:00:15","slug":"smeg-50s-style-batidora-amasadora","status":"publish","type":"product","link":"https:\/\/www.erresse-shop.it\/es\/shop\/pequenos-electrodomesticos\/batidoras-electricas\/smeg-50s-style-batidora-amasadora\/","title":{"rendered":"SMEG 50&#8217;s Style Batidora Amasadora"},"content":{"rendered":"<p><strong>PANTALLA LED RETROILUMINADA<\/strong><br \/>\nEl panel de control est\u00e1 dotado de una pantalla LED retroiluminada con indicaci\u00f3n de la velocidad y el tiempo de uso: una interfaz de f\u00e1cil manejo que desaparece cuando el producto est\u00e1 apagado, mostrando el cromado del mango en toda su elegancia.<\/p>\n<p><strong>9 NIVELES DE VELOCIDAD Y FUNCI\u00d3N TURBO<\/strong><br \/>\nDos botones de funci\u00f3n permiten seleccionar hasta nueve niveles de velocidad para amasar, mezclar, batir y activar la funci\u00f3n Turbo.<\/p>\n<p><strong>APTO PARA NUMEROSAS PREPARACIONES DULCES Y SALADAS<\/strong><br \/>\nLa batidora amasadora HMF01 es adecuada para numerosas preparaciones, para las dulces y tambi\u00e9n las saladas: est\u00e1 equipada con tres tipos diferentes de batidores de acero inoxidable para garantizar los mejores resultados en la elaboraci\u00f3n de cada receta.<\/p>\n<p><strong>ACCESORIOS INCLUIDOS<\/strong><br \/>\nUn par de batidores de alambre, para texturas m\u00e1s aireadas como nata montada, salsas o claras de huevo. La pareja de batidores Optimus, ideales para masas semiduras como galletas y bases de tartas. Un gancho de amasar para productos con levadura como masa de pizza o de pan.<br \/>\nAl final del uso o durante la elaboraci\u00f3n, el pie antideslizante permite apoyar la batidora, garantizando su facilidad de uso. Adem\u00e1s, con la bolsa de tela personalizada de Smeg para guardar los accesorios sin descuidar el placer est\u00e9tico.<\/p>\n<p><strong>EST\u00c9TICA<\/strong><br \/>\n<strong>Color:<\/strong> Blanco<br \/>\n<strong>Acabado:<\/strong> Brillante<br \/>\n<strong>Est\u00e9tica:<\/strong> 50&#8217;s Style<br \/>\n<strong>Material del cuerpo:<\/strong> Aluminio fundido a presi\u00f3n<br \/>\n<strong>Color de agarre superior:<\/strong> Cromo pulido<br \/>\n<strong>Material de agarre superior:<\/strong> Pl\u00e1stico<br \/>\n<strong>Material de agarre inferior:<\/strong> Pl\u00e1stico soft touch<\/p>\n<p><strong>PROGRAMAS\/FUNCIONES<\/strong><br \/>\n<strong>Velocidades:<\/strong> 9<br \/>\n<strong>Sistema de arranque suave:<\/strong> S\u00ed<br \/>\n<strong>Contador de segundos:<\/strong> S\u00ed<br \/>\n<strong>Contador de minutos:<\/strong> S\u00ed<br \/>\n<strong>Funci\u00f3n turbo:<\/strong> S\u00ed<\/p>\n<p><strong>MANDOS<\/strong><br \/>\n<strong>Color del LED:<\/strong> Blanco<br \/>\n<strong>Tipo de controles:<\/strong> 3 botones + gatillo<br \/>\n<strong>Material botones:<\/strong> Pl\u00e1stico<br \/>\n<strong>Buttons colour:<\/strong> Acero Inoxidable<br \/>\n<strong>Lever material:<\/strong> Acero Inoxidable<br \/>\n<strong>Trigger colour:<\/strong> Acero Inoxidable<br \/>\n<strong>Accessory ejection type:<\/strong> Gatillo<br \/>\n<strong>LED hidden display:<\/strong> S\u00ed<\/p>\n<p><strong>CARACTER\u00cdSTICAS T\u00c9CNICAS<\/strong><br \/>\n<strong>Control de velocidad:<\/strong> Electr\u00f3nico<br \/>\n<strong>Protecci\u00f3n sobre carga motor:<\/strong> S\u00ed<\/p>\n<p><strong>CONEXI\u00d3N EL\u00c9CTRICA<\/strong><br \/>\n<strong>Voltaje:<\/strong> 220-240 V<br \/>\n<strong>Frecuencia (Hz):<\/strong> 50\/60 Hz<br \/>\n<strong>Longitud cable alimentaci\u00f3n:<\/strong> 1,5 m<br \/>\n<strong>Color cable:<\/strong> Gris<\/p>\n<p><span style=\"text-decoration: underline;\"><strong>No se puede vender fuera de Europa<\/strong><\/span><\/p>\n","protected":false},"excerpt":{"rendered":"<p>PANTALLA LED RETROILUMINADA El panel de control est\u00e1 dotado de una pantalla LED retroiluminada con indicaci\u00f3n de la velocidad y<\/p>\n","protected":false},"featured_media":497911,"template":"","meta":{"_acf_changed":false,"inline_featured_image":false},"product_cat":[20054,16073],"product_tag":[25183,20047,20048,23912,16307,19956,19957,25023],"acf":[],"yoast_head":"<!-- This site is optimized with the Yoast SEO Premium plugin v18.6 (Yoast SEO v19.13) - https:\/\/yoast.com\/wordpress\/plugins\/seo\/ -->\n<title>SMEG 50&#039;s Style Batidora Amasadora - Erresse Shop<\/title>\n<meta name=\"description\" content=\"PANTALLA LED RETROILUMINADA El panel de control est\u00e1 dotado de una pantalla LED retroiluminada con indicaci\u00f3n de la velocidad y el tiempo de uso: una\" \/>\n<meta name=\"robots\" content=\"index, follow, max-snippet:-1, max-image-preview:large, max-video-preview:-1\" \/>\n<link rel=\"canonical\" href=\"https:\/\/www.erresse-shop.it\/es\/shop\/pequenos-electrodomesticos\/batidoras-electricas\/smeg-50s-style-batidora-amasadora\/\" \/>\n<meta property=\"og:locale\" content=\"es_ES\" \/>\n<meta property=\"og:type\" content=\"article\" \/>\n<meta property=\"og:title\" content=\"SMEG 50&#039;s Style Batidora Amasadora\" \/>\n<meta property=\"og:description\" content=\"PANTALLA LED RETROILUMINADA El panel de control est\u00e1 dotado de una pantalla LED retroiluminada con indicaci\u00f3n de la velocidad y el tiempo de uso: una\" \/>\n<meta property=\"og:url\" content=\"https:\/\/www.erresse-shop.it\/es\/shop\/pequenos-electrodomesticos\/batidoras-electricas\/smeg-50s-style-batidora-amasadora\/\" \/>\n<meta property=\"og:site_name\" content=\"Erresse Shop\" \/>\n<meta property=\"article:modified_time\" content=\"2025-04-26T09:00:15+00:00\" \/>\n<meta property=\"og:image\" content=\"https:\/\/www.erresse-shop.it\/wp-content\/uploads\/2023\/10\/SMEG-Anni-50-Sbattitore-Elettrico-Bianco.png\" \/>\n\t<meta property=\"og:image:width\" content=\"800\" \/>\n\t<meta property=\"og:image:height\" content=\"800\" \/>\n\t<meta property=\"og:image:type\" content=\"image\/png\" \/>\n<meta name=\"twitter:card\" content=\"summary_large_image\" \/>\n<script type=\"application\/ld+json\" class=\"yoast-schema-graph\">{\"@context\":\"https:\/\/schema.org\",\"@graph\":[{\"@type\":\"WebPage\",\"@id\":\"https:\/\/www.erresse-shop.it\/es\/shop\/pequenos-electrodomesticos\/batidoras-electricas\/smeg-50s-style-batidora-amasadora\/\",\"url\":\"https:\/\/www.erresse-shop.it\/es\/shop\/pequenos-electrodomesticos\/batidoras-electricas\/smeg-50s-style-batidora-amasadora\/\",\"name\":\"SMEG 50's Style Batidora Amasadora - Erresse Shop\",\"isPartOf\":{\"@id\":\"https:\/\/www.erresse-shop.it\/es\/#website\"},\"datePublished\":\"2023-10-09T08:51:40+00:00\",\"dateModified\":\"2025-04-26T09:00:15+00:00\",\"description\":\"PANTALLA LED RETROILUMINADA El panel de control est\u00e1 dotado de una pantalla LED retroiluminada con indicaci\u00f3n de la velocidad y el tiempo de uso: una\",\"breadcrumb\":{\"@id\":\"https:\/\/www.erresse-shop.it\/es\/shop\/pequenos-electrodomesticos\/batidoras-electricas\/smeg-50s-style-batidora-amasadora\/#breadcrumb\"},\"inLanguage\":\"es\",\"potentialAction\":[{\"@type\":\"ReadAction\",\"target\":[\"https:\/\/www.erresse-shop.it\/es\/shop\/pequenos-electrodomesticos\/batidoras-electricas\/smeg-50s-style-batidora-amasadora\/\"]}]},{\"@type\":\"BreadcrumbList\",\"@id\":\"https:\/\/www.erresse-shop.it\/es\/shop\/pequenos-electrodomesticos\/batidoras-electricas\/smeg-50s-style-batidora-amasadora\/#breadcrumb\",\"itemListElement\":[{\"@type\":\"ListItem\",\"position\":1,\"name\":\"Home\",\"item\":\"https:\/\/www.erresse-shop.it\/es\/\"},{\"@type\":\"ListItem\",\"position\":2,\"name\":\"Shop\",\"item\":\"https:\/\/www.erresse-shop.it\/es\/shop\/\"},{\"@type\":\"ListItem\",\"position\":3,\"name\":\"SMEG 50&#8217;s Style Batidora Amasadora\"}]},{\"@type\":\"WebSite\",\"@id\":\"https:\/\/www.erresse-shop.it\/es\/#website\",\"url\":\"https:\/\/www.erresse-shop.it\/es\/\",\"name\":\"Erresse Shop\",\"description\":\"Articoli di qualit\u00e0 per la casa\",\"potentialAction\":[{\"@type\":\"SearchAction\",\"target\":{\"@type\":\"EntryPoint\",\"urlTemplate\":\"https:\/\/www.erresse-shop.it\/es\/?s={search_term_string}\"},\"query-input\":\"required name=search_term_string\"}],\"inLanguage\":\"es\"}]}<\/script>\n<!-- \/ Yoast SEO Premium plugin. -->","yoast_head_json":{"title":"SMEG 50's Style Batidora Amasadora - Erresse Shop","description":"PANTALLA LED RETROILUMINADA El panel de control est\u00e1 dotado de una pantalla LED retroiluminada con indicaci\u00f3n de la velocidad y el tiempo de uso: una","robots":{"index":"index","follow":"follow","max-snippet":"max-snippet:-1","max-image-preview":"max-image-preview:large","max-video-preview":"max-video-preview:-1"},"canonical":"https:\/\/www.erresse-shop.it\/es\/shop\/pequenos-electrodomesticos\/batidoras-electricas\/smeg-50s-style-batidora-amasadora\/","og_locale":"es_ES","og_type":"article","og_title":"SMEG 50's Style Batidora Amasadora","og_description":"PANTALLA LED RETROILUMINADA El panel de control est\u00e1 dotado de una pantalla LED retroiluminada con indicaci\u00f3n de la velocidad y el tiempo de uso: una","og_url":"https:\/\/www.erresse-shop.it\/es\/shop\/pequenos-electrodomesticos\/batidoras-electricas\/smeg-50s-style-batidora-amasadora\/","og_site_name":"Erresse Shop","article_modified_time":"2025-04-26T09:00:15+00:00","og_image":[{"width":800,"height":800,"url":"https:\/\/www.erresse-shop.it\/wp-content\/uploads\/2023\/10\/SMEG-Anni-50-Sbattitore-Elettrico-Bianco.png","type":"image\/png"}],"twitter_card":"summary_large_image","schema":{"@context":"https:\/\/schema.org","@graph":[{"@type":"WebPage","@id":"https:\/\/www.erresse-shop.it\/es\/shop\/pequenos-electrodomesticos\/batidoras-electricas\/smeg-50s-style-batidora-amasadora\/","url":"https:\/\/www.erresse-shop.it\/es\/shop\/pequenos-electrodomesticos\/batidoras-electricas\/smeg-50s-style-batidora-amasadora\/","name":"SMEG 50's Style Batidora Amasadora - Erresse Shop","isPartOf":{"@id":"https:\/\/www.erresse-shop.it\/es\/#website"},"datePublished":"2023-10-09T08:51:40+00:00","dateModified":"2025-04-26T09:00:15+00:00","description":"PANTALLA LED RETROILUMINADA El panel de control est\u00e1 dotado de una pantalla LED retroiluminada con indicaci\u00f3n de la velocidad y el tiempo de uso: una","breadcrumb":{"@id":"https:\/\/www.erresse-shop.it\/es\/shop\/pequenos-electrodomesticos\/batidoras-electricas\/smeg-50s-style-batidora-amasadora\/#breadcrumb"},"inLanguage":"es","potentialAction":[{"@type":"ReadAction","target":["https:\/\/www.erresse-shop.it\/es\/shop\/pequenos-electrodomesticos\/batidoras-electricas\/smeg-50s-style-batidora-amasadora\/"]}]},{"@type":"BreadcrumbList","@id":"https:\/\/www.erresse-shop.it\/es\/shop\/pequenos-electrodomesticos\/batidoras-electricas\/smeg-50s-style-batidora-amasadora\/#breadcrumb","itemListElement":[{"@type":"ListItem","position":1,"name":"Home","item":"https:\/\/www.erresse-shop.it\/es\/"},{"@type":"ListItem","position":2,"name":"Shop","item":"https:\/\/www.erresse-shop.it\/es\/shop\/"},{"@type":"ListItem","position":3,"name":"SMEG 50&#8217;s Style Batidora Amasadora"}]},{"@type":"WebSite","@id":"https:\/\/www.erresse-shop.it\/es\/#website","url":"https:\/\/www.erresse-shop.it\/es\/","name":"Erresse Shop","description":"Articoli di qualit\u00e0 per la casa","potentialAction":[{"@type":"SearchAction","target":{"@type":"EntryPoint","urlTemplate":"https:\/\/www.erresse-shop.it\/es\/?s={search_term_string}"},"query-input":"required name=search_term_string"}],"inLanguage":"es"}]}},"df_price":159,"df_sale_price":"","df_regular_price":159,"df_image_link":"https:\/\/www.erresse-shop.it\/wp-content\/uploads\/2023\/10\/SMEG-Anni-50-Sbattitore-Elettrico-Bianco-300x300.jpg","_links":{"self":[{"href":"https:\/\/www.erresse-shop.it\/es\/wp-json\/wp\/v2\/product\/335080"}],"collection":[{"href":"https:\/\/www.erresse-shop.it\/es\/wp-json\/wp\/v2\/product"}],"about":[{"href":"https:\/\/www.erresse-shop.it\/es\/wp-json\/wp\/v2\/types\/product"}],"wp:featuredmedia":[{"embeddable":true,"href":"https:\/\/www.erresse-shop.it\/es\/wp-json\/wp\/v2\/media\/497911"}],"wp:attachment":[{"href":"https:\/\/www.erresse-shop.it\/es\/wp-json\/wp\/v2\/media?parent=335080"}],"wp:term":[{"taxonomy":"product_cat","embeddable":true,"href":"https:\/\/www.erresse-shop.it\/es\/wp-json\/wp\/v2\/product_cat?post=335080"},{"taxonomy":"product_tag","embeddable":true,"href":"https:\/\/www.erresse-shop.it\/es\/wp-json\/wp\/v2\/product_tag?post=335080"}],"curies":[{"name":"wp","href":"https:\/\/api.w.org\/{rel}","templated":true}]}}