{"id":333297,"date":"2023-10-03T13:51:11","date_gmt":"2023-10-03T13:51:15","guid":{"rendered":"https:\/\/www.erresse-shop.it\/?post_type=product&#038;p=333297"},"modified":"2023-10-03T14:35:14","modified_gmt":"2023-10-03T14:35:14","slug":"villeroy-boch-christmas-toys-arbol-de-navidad-con-animales-del-bosque","status":"publish","type":"product","link":"https:\/\/www.erresse-shop.it\/es\/shop\/mobiliario\/articulos-de-decoracion\/villeroy-boch-christmas-toys-arbol-de-navidad-con-animales-del-bosque\/","title":{"rendered":"VILLEROY &#038; BOCH Christmas Toys \u00c1rbol de Navidad con animales del bosque"},"content":{"rendered":"<p><strong>Preciosa decoraci\u00f3n navide\u00f1a<\/strong><\/p>\n<p>La colecci\u00f3n Christmas Toys combina momentos nost\u00e1lgicos y dise\u00f1o moderno en un maravilloso mundo festivo con mercadillos navide\u00f1os, mu\u00f1ecos de nieve y Pap\u00e1 Noel. Ideal como complemento de su hogar decorado festivamente, para coleccionar y combinar, y para regalar. Los animales del bosque se han reunido en torno al \u00e1rbol de Navidad decorado festivamente. Puedes colocar una vela en su interior y crear as\u00ed una encantadora atm\u00f3sfera de luces tenues. Reg\u00e1late accesorios alegres y festivos a ti mismo o a tus seres queridos.<\/p>\n<p>Material: porcelana de primera calidad<\/p>\n","protected":false},"excerpt":{"rendered":"<p>Preciosa decoraci\u00f3n navide\u00f1a La colecci\u00f3n Christmas Toys combina momentos nost\u00e1lgicos y dise\u00f1o moderno en un maravilloso mundo festivo con mercadillos<\/p>\n","protected":false},"featured_media":333309,"template":"","meta":{"_acf_changed":false,"inline_featured_image":false},"product_cat":[16026,16016],"product_tag":[23912,20505,20507,20506,21333],"acf":[],"yoast_head":"<!-- This site is optimized with the Yoast SEO Premium plugin v18.6 (Yoast SEO v19.13) - https:\/\/yoast.com\/wordpress\/plugins\/seo\/ -->\n<title>VILLEROY &amp; BOCH Christmas Toys \u00c1rbol de Navidad con animales del bosque - Erresse Shop<\/title>\n<meta name=\"description\" content=\"Preciosa decoraci\u00f3n navide\u00f1a La colecci\u00f3n Christmas Toys combina momentos nost\u00e1lgicos y dise\u00f1o moderno en un maravilloso mundo festivo con mercadillos\" \/>\n<meta name=\"robots\" content=\"index, follow, max-snippet:-1, max-image-preview:large, max-video-preview:-1\" \/>\n<link rel=\"canonical\" href=\"https:\/\/www.erresse-shop.it\/es\/shop\/mobiliario\/articulos-de-decoracion\/villeroy-boch-christmas-toys-arbol-de-navidad-con-animales-del-bosque\/\" \/>\n<meta property=\"og:locale\" content=\"es_ES\" \/>\n<meta property=\"og:type\" content=\"article\" \/>\n<meta property=\"og:title\" content=\"VILLEROY &amp; BOCH Christmas Toys \u00c1rbol de Navidad con animales del bosque\" \/>\n<meta property=\"og:description\" content=\"Preciosa decoraci\u00f3n navide\u00f1a La colecci\u00f3n Christmas Toys combina momentos nost\u00e1lgicos y dise\u00f1o moderno en un maravilloso mundo festivo con mercadillos\" \/>\n<meta property=\"og:url\" content=\"https:\/\/www.erresse-shop.it\/es\/shop\/mobiliario\/articulos-de-decoracion\/villeroy-boch-christmas-toys-arbol-de-navidad-con-animales-del-bosque\/\" \/>\n<meta property=\"og:site_name\" content=\"Erresse Shop\" \/>\n<meta property=\"article:modified_time\" content=\"2023-10-03T14:35:14+00:00\" \/>\n<meta property=\"og:image\" content=\"https:\/\/www.erresse-shop.it\/wp-content\/uploads\/2023\/10\/VILLEROY-BOCH-Christmas-Toys-Albero-di-Natale-con-Animali-del-Bosco.jpg\" \/>\n\t<meta property=\"og:image:width\" content=\"800\" \/>\n\t<meta property=\"og:image:height\" content=\"800\" \/>\n\t<meta property=\"og:image:type\" content=\"image\/jpeg\" \/>\n<meta name=\"twitter:card\" content=\"summary_large_image\" \/>\n<script type=\"application\/ld+json\" class=\"yoast-schema-graph\">{\"@context\":\"https:\/\/schema.org\",\"@graph\":[{\"@type\":\"WebPage\",\"@id\":\"https:\/\/www.erresse-shop.it\/es\/shop\/mobiliario\/articulos-de-decoracion\/villeroy-boch-christmas-toys-arbol-de-navidad-con-animales-del-bosque\/\",\"url\":\"https:\/\/www.erresse-shop.it\/es\/shop\/mobiliario\/articulos-de-decoracion\/villeroy-boch-christmas-toys-arbol-de-navidad-con-animales-del-bosque\/\",\"name\":\"VILLEROY & BOCH Christmas Toys \u00c1rbol de Navidad con animales del bosque - Erresse Shop\",\"isPartOf\":{\"@id\":\"https:\/\/www.erresse-shop.it\/es\/#website\"},\"datePublished\":\"2023-10-03T13:51:15+00:00\",\"dateModified\":\"2023-10-03T14:35:14+00:00\",\"description\":\"Preciosa decoraci\u00f3n navide\u00f1a La colecci\u00f3n Christmas Toys combina momentos nost\u00e1lgicos y dise\u00f1o moderno en un maravilloso mundo festivo con mercadillos\",\"breadcrumb\":{\"@id\":\"https:\/\/www.erresse-shop.it\/es\/shop\/mobiliario\/articulos-de-decoracion\/villeroy-boch-christmas-toys-arbol-de-navidad-con-animales-del-bosque\/#breadcrumb\"},\"inLanguage\":\"es\",\"potentialAction\":[{\"@type\":\"ReadAction\",\"target\":[\"https:\/\/www.erresse-shop.it\/es\/shop\/mobiliario\/articulos-de-decoracion\/villeroy-boch-christmas-toys-arbol-de-navidad-con-animales-del-bosque\/\"]}]},{\"@type\":\"BreadcrumbList\",\"@id\":\"https:\/\/www.erresse-shop.it\/es\/shop\/mobiliario\/articulos-de-decoracion\/villeroy-boch-christmas-toys-arbol-de-navidad-con-animales-del-bosque\/#breadcrumb\",\"itemListElement\":[{\"@type\":\"ListItem\",\"position\":1,\"name\":\"Home\",\"item\":\"https:\/\/www.erresse-shop.it\/es\/\"},{\"@type\":\"ListItem\",\"position\":2,\"name\":\"Shop\",\"item\":\"https:\/\/www.erresse-shop.it\/es\/shop\/\"},{\"@type\":\"ListItem\",\"position\":3,\"name\":\"VILLEROY &#038; BOCH Christmas Toys \u00c1rbol de Navidad con animales del bosque\"}]},{\"@type\":\"WebSite\",\"@id\":\"https:\/\/www.erresse-shop.it\/es\/#website\",\"url\":\"https:\/\/www.erresse-shop.it\/es\/\",\"name\":\"Erresse Shop\",\"description\":\"Articoli di qualit\u00e0 per la casa\",\"potentialAction\":[{\"@type\":\"SearchAction\",\"target\":{\"@type\":\"EntryPoint\",\"urlTemplate\":\"https:\/\/www.erresse-shop.it\/es\/?s={search_term_string}\"},\"query-input\":\"required name=search_term_string\"}],\"inLanguage\":\"es\"}]}<\/script>\n<!-- \/ Yoast SEO Premium plugin. -->","yoast_head_json":{"title":"VILLEROY & BOCH Christmas Toys \u00c1rbol de Navidad con animales del bosque - Erresse Shop","description":"Preciosa decoraci\u00f3n navide\u00f1a La colecci\u00f3n Christmas Toys combina momentos nost\u00e1lgicos y dise\u00f1o moderno en un maravilloso mundo festivo con mercadillos","robots":{"index":"index","follow":"follow","max-snippet":"max-snippet:-1","max-image-preview":"max-image-preview:large","max-video-preview":"max-video-preview:-1"},"canonical":"https:\/\/www.erresse-shop.it\/es\/shop\/mobiliario\/articulos-de-decoracion\/villeroy-boch-christmas-toys-arbol-de-navidad-con-animales-del-bosque\/","og_locale":"es_ES","og_type":"article","og_title":"VILLEROY & BOCH Christmas Toys \u00c1rbol de Navidad con animales del bosque","og_description":"Preciosa decoraci\u00f3n navide\u00f1a La colecci\u00f3n Christmas Toys combina momentos nost\u00e1lgicos y dise\u00f1o moderno en un maravilloso mundo festivo con mercadillos","og_url":"https:\/\/www.erresse-shop.it\/es\/shop\/mobiliario\/articulos-de-decoracion\/villeroy-boch-christmas-toys-arbol-de-navidad-con-animales-del-bosque\/","og_site_name":"Erresse Shop","article_modified_time":"2023-10-03T14:35:14+00:00","og_image":[{"width":800,"height":800,"url":"https:\/\/www.erresse-shop.it\/wp-content\/uploads\/2023\/10\/VILLEROY-BOCH-Christmas-Toys-Albero-di-Natale-con-Animali-del-Bosco.jpg","type":"image\/jpeg"}],"twitter_card":"summary_large_image","schema":{"@context":"https:\/\/schema.org","@graph":[{"@type":"WebPage","@id":"https:\/\/www.erresse-shop.it\/es\/shop\/mobiliario\/articulos-de-decoracion\/villeroy-boch-christmas-toys-arbol-de-navidad-con-animales-del-bosque\/","url":"https:\/\/www.erresse-shop.it\/es\/shop\/mobiliario\/articulos-de-decoracion\/villeroy-boch-christmas-toys-arbol-de-navidad-con-animales-del-bosque\/","name":"VILLEROY & BOCH Christmas Toys \u00c1rbol de Navidad con animales del bosque - Erresse Shop","isPartOf":{"@id":"https:\/\/www.erresse-shop.it\/es\/#website"},"datePublished":"2023-10-03T13:51:15+00:00","dateModified":"2023-10-03T14:35:14+00:00","description":"Preciosa decoraci\u00f3n navide\u00f1a La colecci\u00f3n Christmas Toys combina momentos nost\u00e1lgicos y dise\u00f1o moderno en un maravilloso mundo festivo con mercadillos","breadcrumb":{"@id":"https:\/\/www.erresse-shop.it\/es\/shop\/mobiliario\/articulos-de-decoracion\/villeroy-boch-christmas-toys-arbol-de-navidad-con-animales-del-bosque\/#breadcrumb"},"inLanguage":"es","potentialAction":[{"@type":"ReadAction","target":["https:\/\/www.erresse-shop.it\/es\/shop\/mobiliario\/articulos-de-decoracion\/villeroy-boch-christmas-toys-arbol-de-navidad-con-animales-del-bosque\/"]}]},{"@type":"BreadcrumbList","@id":"https:\/\/www.erresse-shop.it\/es\/shop\/mobiliario\/articulos-de-decoracion\/villeroy-boch-christmas-toys-arbol-de-navidad-con-animales-del-bosque\/#breadcrumb","itemListElement":[{"@type":"ListItem","position":1,"name":"Home","item":"https:\/\/www.erresse-shop.it\/es\/"},{"@type":"ListItem","position":2,"name":"Shop","item":"https:\/\/www.erresse-shop.it\/es\/shop\/"},{"@type":"ListItem","position":3,"name":"VILLEROY &#038; BOCH Christmas Toys \u00c1rbol de Navidad con animales del bosque"}]},{"@type":"WebSite","@id":"https:\/\/www.erresse-shop.it\/es\/#website","url":"https:\/\/www.erresse-shop.it\/es\/","name":"Erresse Shop","description":"Articoli di qualit\u00e0 per la casa","potentialAction":[{"@type":"SearchAction","target":{"@type":"EntryPoint","urlTemplate":"https:\/\/www.erresse-shop.it\/es\/?s={search_term_string}"},"query-input":"required name=search_term_string"}],"inLanguage":"es"}]}},"df_price":43.45,"df_sale_price":43.45,"df_regular_price":86.9,"df_image_link":"https:\/\/www.erresse-shop.it\/wp-content\/uploads\/2023\/10\/VILLEROY-BOCH-Christmas-Toys-Albero-di-Natale-con-Animali-del-Bosco-300x300.jpg","_links":{"self":[{"href":"https:\/\/www.erresse-shop.it\/es\/wp-json\/wp\/v2\/product\/333297"}],"collection":[{"href":"https:\/\/www.erresse-shop.it\/es\/wp-json\/wp\/v2\/product"}],"about":[{"href":"https:\/\/www.erresse-shop.it\/es\/wp-json\/wp\/v2\/types\/product"}],"wp:featuredmedia":[{"embeddable":true,"href":"https:\/\/www.erresse-shop.it\/es\/wp-json\/wp\/v2\/media\/333309"}],"wp:attachment":[{"href":"https:\/\/www.erresse-shop.it\/es\/wp-json\/wp\/v2\/media?parent=333297"}],"wp:term":[{"taxonomy":"product_cat","embeddable":true,"href":"https:\/\/www.erresse-shop.it\/es\/wp-json\/wp\/v2\/product_cat?post=333297"},{"taxonomy":"product_tag","embeddable":true,"href":"https:\/\/www.erresse-shop.it\/es\/wp-json\/wp\/v2\/product_tag?post=333297"}],"curies":[{"name":"wp","href":"https:\/\/api.w.org\/{rel}","templated":true}]}}