{"id":333178,"date":"2023-10-03T13:09:47","date_gmt":"2023-10-03T13:09:51","guid":{"rendered":"https:\/\/www.erresse-shop.it\/?post_type=product&#038;p=333178"},"modified":"2023-10-03T13:21:20","modified_gmt":"2023-10-03T13:21:20","slug":"villeroy-boch-toys-delight-fuente-rectangular","status":"publish","type":"product","link":"https:\/\/www.erresse-shop.it\/es\/shop\/tabla\/bandejas\/villeroy-boch-toys-delight-fuente-rectangular\/","title":{"rendered":"VILLEROY &#038; BOCH Toy&#8217;s Delight Fuente Rectangular"},"content":{"rendered":"<p><strong>Perfecta para tu reposter\u00eda navide\u00f1a<\/strong><\/p>\n<p>Con la colecci\u00f3n Toy&#8217;s Delight traer\u00e1s a tu hogar un nost\u00e1lgico ambiente navide\u00f1o. La vajilla y los accesorios decorativos a juego est\u00e1n adornados con bonitos motivos que evocan hermosos recuerdos de la infancia. Ideales para combinar, coleccionar y regalar. Sirve tu delicioso pastel de Navidad o una colorida selecci\u00f3n de tus galletas favoritas en este bonito plato grande para tartas. Lleve a la mesa el ambiente festivo de la Navidad.<\/p>\n<p>Material: porcelana de primera calidad<br \/>\nApto para lavavajillas: No<br \/>\nApto para microondas: S\u00ed<\/p>\n","protected":false},"excerpt":{"rendered":"<p>Perfecta para tu reposter\u00eda navide\u00f1a Con la colecci\u00f3n Toy&#8217;s Delight traer\u00e1s a tu hogar un nost\u00e1lgico ambiente navide\u00f1o. La vajilla<\/p>\n","protected":false},"featured_media":333201,"template":"","meta":{"_acf_changed":false,"inline_featured_image":false},"product_cat":[16036,16027],"product_tag":[16377,22625,22626,22627,22624,23912,20505,20507,20506,21333],"acf":[],"yoast_head":"<!-- This site is optimized with the Yoast SEO Premium plugin v18.6 (Yoast SEO v19.13) - https:\/\/yoast.com\/wordpress\/plugins\/seo\/ -->\n<title>VILLEROY &amp; BOCH Toy&#039;s Delight Fuente Rectangular - Erresse Shop<\/title>\n<meta name=\"description\" content=\"Perfecta para tu reposter\u00eda navide\u00f1a Con la colecci\u00f3n Toy&#039;s Delight traer\u00e1s a tu hogar un nost\u00e1lgico ambiente navide\u00f1o. La vajilla y los accesorios\" \/>\n<meta name=\"robots\" content=\"index, follow, max-snippet:-1, max-image-preview:large, max-video-preview:-1\" \/>\n<link rel=\"canonical\" href=\"https:\/\/www.erresse-shop.it\/es\/shop\/tabla\/bandejas\/villeroy-boch-toys-delight-fuente-rectangular\/\" \/>\n<meta property=\"og:locale\" content=\"es_ES\" \/>\n<meta property=\"og:type\" content=\"article\" \/>\n<meta property=\"og:title\" content=\"VILLEROY &amp; BOCH Toy&#039;s Delight Fuente Rectangular\" \/>\n<meta property=\"og:description\" content=\"Perfecta para tu reposter\u00eda navide\u00f1a Con la colecci\u00f3n Toy&#039;s Delight traer\u00e1s a tu hogar un nost\u00e1lgico ambiente navide\u00f1o. La vajilla y los accesorios\" \/>\n<meta property=\"og:url\" content=\"https:\/\/www.erresse-shop.it\/es\/shop\/tabla\/bandejas\/villeroy-boch-toys-delight-fuente-rectangular\/\" \/>\n<meta property=\"og:site_name\" content=\"Erresse Shop\" \/>\n<meta property=\"article:modified_time\" content=\"2023-10-03T13:21:20+00:00\" \/>\n<meta property=\"og:image\" content=\"https:\/\/www.erresse-shop.it\/wp-content\/uploads\/2023\/10\/VILLEROY-BOCH-Toys-Delight-Piatto-Torta-Rettangolare.jpg\" \/>\n\t<meta property=\"og:image:width\" content=\"800\" \/>\n\t<meta property=\"og:image:height\" content=\"800\" \/>\n\t<meta property=\"og:image:type\" content=\"image\/jpeg\" \/>\n<meta name=\"twitter:card\" content=\"summary_large_image\" \/>\n<script type=\"application\/ld+json\" class=\"yoast-schema-graph\">{\"@context\":\"https:\/\/schema.org\",\"@graph\":[{\"@type\":\"WebPage\",\"@id\":\"https:\/\/www.erresse-shop.it\/es\/shop\/tabla\/bandejas\/villeroy-boch-toys-delight-fuente-rectangular\/\",\"url\":\"https:\/\/www.erresse-shop.it\/es\/shop\/tabla\/bandejas\/villeroy-boch-toys-delight-fuente-rectangular\/\",\"name\":\"VILLEROY & BOCH Toy's Delight Fuente Rectangular - Erresse Shop\",\"isPartOf\":{\"@id\":\"https:\/\/www.erresse-shop.it\/es\/#website\"},\"datePublished\":\"2023-10-03T13:09:51+00:00\",\"dateModified\":\"2023-10-03T13:21:20+00:00\",\"description\":\"Perfecta para tu reposter\u00eda navide\u00f1a Con la colecci\u00f3n Toy's Delight traer\u00e1s a tu hogar un nost\u00e1lgico ambiente navide\u00f1o. La vajilla y los accesorios\",\"breadcrumb\":{\"@id\":\"https:\/\/www.erresse-shop.it\/es\/shop\/tabla\/bandejas\/villeroy-boch-toys-delight-fuente-rectangular\/#breadcrumb\"},\"inLanguage\":\"es\",\"potentialAction\":[{\"@type\":\"ReadAction\",\"target\":[\"https:\/\/www.erresse-shop.it\/es\/shop\/tabla\/bandejas\/villeroy-boch-toys-delight-fuente-rectangular\/\"]}]},{\"@type\":\"BreadcrumbList\",\"@id\":\"https:\/\/www.erresse-shop.it\/es\/shop\/tabla\/bandejas\/villeroy-boch-toys-delight-fuente-rectangular\/#breadcrumb\",\"itemListElement\":[{\"@type\":\"ListItem\",\"position\":1,\"name\":\"Home\",\"item\":\"https:\/\/www.erresse-shop.it\/es\/\"},{\"@type\":\"ListItem\",\"position\":2,\"name\":\"Shop\",\"item\":\"https:\/\/www.erresse-shop.it\/es\/shop\/\"},{\"@type\":\"ListItem\",\"position\":3,\"name\":\"VILLEROY &#038; BOCH Toy&#8217;s Delight Fuente Rectangular\"}]},{\"@type\":\"WebSite\",\"@id\":\"https:\/\/www.erresse-shop.it\/es\/#website\",\"url\":\"https:\/\/www.erresse-shop.it\/es\/\",\"name\":\"Erresse Shop\",\"description\":\"Articoli di qualit\u00e0 per la casa\",\"potentialAction\":[{\"@type\":\"SearchAction\",\"target\":{\"@type\":\"EntryPoint\",\"urlTemplate\":\"https:\/\/www.erresse-shop.it\/es\/?s={search_term_string}\"},\"query-input\":\"required name=search_term_string\"}],\"inLanguage\":\"es\"}]}<\/script>\n<!-- \/ Yoast SEO Premium plugin. -->","yoast_head_json":{"title":"VILLEROY & BOCH Toy's Delight Fuente Rectangular - Erresse Shop","description":"Perfecta para tu reposter\u00eda navide\u00f1a Con la colecci\u00f3n Toy's Delight traer\u00e1s a tu hogar un nost\u00e1lgico ambiente navide\u00f1o. La vajilla y los accesorios","robots":{"index":"index","follow":"follow","max-snippet":"max-snippet:-1","max-image-preview":"max-image-preview:large","max-video-preview":"max-video-preview:-1"},"canonical":"https:\/\/www.erresse-shop.it\/es\/shop\/tabla\/bandejas\/villeroy-boch-toys-delight-fuente-rectangular\/","og_locale":"es_ES","og_type":"article","og_title":"VILLEROY & BOCH Toy's Delight Fuente Rectangular","og_description":"Perfecta para tu reposter\u00eda navide\u00f1a Con la colecci\u00f3n Toy's Delight traer\u00e1s a tu hogar un nost\u00e1lgico ambiente navide\u00f1o. La vajilla y los accesorios","og_url":"https:\/\/www.erresse-shop.it\/es\/shop\/tabla\/bandejas\/villeroy-boch-toys-delight-fuente-rectangular\/","og_site_name":"Erresse Shop","article_modified_time":"2023-10-03T13:21:20+00:00","og_image":[{"width":800,"height":800,"url":"https:\/\/www.erresse-shop.it\/wp-content\/uploads\/2023\/10\/VILLEROY-BOCH-Toys-Delight-Piatto-Torta-Rettangolare.jpg","type":"image\/jpeg"}],"twitter_card":"summary_large_image","schema":{"@context":"https:\/\/schema.org","@graph":[{"@type":"WebPage","@id":"https:\/\/www.erresse-shop.it\/es\/shop\/tabla\/bandejas\/villeroy-boch-toys-delight-fuente-rectangular\/","url":"https:\/\/www.erresse-shop.it\/es\/shop\/tabla\/bandejas\/villeroy-boch-toys-delight-fuente-rectangular\/","name":"VILLEROY & BOCH Toy's Delight Fuente Rectangular - Erresse Shop","isPartOf":{"@id":"https:\/\/www.erresse-shop.it\/es\/#website"},"datePublished":"2023-10-03T13:09:51+00:00","dateModified":"2023-10-03T13:21:20+00:00","description":"Perfecta para tu reposter\u00eda navide\u00f1a Con la colecci\u00f3n Toy's Delight traer\u00e1s a tu hogar un nost\u00e1lgico ambiente navide\u00f1o. La vajilla y los accesorios","breadcrumb":{"@id":"https:\/\/www.erresse-shop.it\/es\/shop\/tabla\/bandejas\/villeroy-boch-toys-delight-fuente-rectangular\/#breadcrumb"},"inLanguage":"es","potentialAction":[{"@type":"ReadAction","target":["https:\/\/www.erresse-shop.it\/es\/shop\/tabla\/bandejas\/villeroy-boch-toys-delight-fuente-rectangular\/"]}]},{"@type":"BreadcrumbList","@id":"https:\/\/www.erresse-shop.it\/es\/shop\/tabla\/bandejas\/villeroy-boch-toys-delight-fuente-rectangular\/#breadcrumb","itemListElement":[{"@type":"ListItem","position":1,"name":"Home","item":"https:\/\/www.erresse-shop.it\/es\/"},{"@type":"ListItem","position":2,"name":"Shop","item":"https:\/\/www.erresse-shop.it\/es\/shop\/"},{"@type":"ListItem","position":3,"name":"VILLEROY &#038; BOCH Toy&#8217;s Delight Fuente Rectangular"}]},{"@type":"WebSite","@id":"https:\/\/www.erresse-shop.it\/es\/#website","url":"https:\/\/www.erresse-shop.it\/es\/","name":"Erresse Shop","description":"Articoli di qualit\u00e0 per la casa","potentialAction":[{"@type":"SearchAction","target":{"@type":"EntryPoint","urlTemplate":"https:\/\/www.erresse-shop.it\/es\/?s={search_term_string}"},"query-input":"required name=search_term_string"}],"inLanguage":"es"}]}},"df_price":28.45,"df_sale_price":28.45,"df_regular_price":56.9,"df_image_link":"https:\/\/www.erresse-shop.it\/wp-content\/uploads\/2023\/10\/VILLEROY-BOCH-Toys-Delight-Piatto-Torta-Rettangolare-300x300.jpg","_links":{"self":[{"href":"https:\/\/www.erresse-shop.it\/es\/wp-json\/wp\/v2\/product\/333178"}],"collection":[{"href":"https:\/\/www.erresse-shop.it\/es\/wp-json\/wp\/v2\/product"}],"about":[{"href":"https:\/\/www.erresse-shop.it\/es\/wp-json\/wp\/v2\/types\/product"}],"wp:featuredmedia":[{"embeddable":true,"href":"https:\/\/www.erresse-shop.it\/es\/wp-json\/wp\/v2\/media\/333201"}],"wp:attachment":[{"href":"https:\/\/www.erresse-shop.it\/es\/wp-json\/wp\/v2\/media?parent=333178"}],"wp:term":[{"taxonomy":"product_cat","embeddable":true,"href":"https:\/\/www.erresse-shop.it\/es\/wp-json\/wp\/v2\/product_cat?post=333178"},{"taxonomy":"product_tag","embeddable":true,"href":"https:\/\/www.erresse-shop.it\/es\/wp-json\/wp\/v2\/product_tag?post=333178"}],"curies":[{"name":"wp","href":"https:\/\/api.w.org\/{rel}","templated":true}]}}