{"id":333109,"date":"2023-10-03T12:24:57","date_gmt":"2023-10-03T12:25:02","guid":{"rendered":"https:\/\/www.erresse-shop.it\/?post_type=product&#038;p=333109"},"modified":"2023-10-24T00:07:09","modified_gmt":"2023-10-24T00:07:09","slug":"mario-luca-giusti-jarra-sister-rosetta-naranja-fluo","status":"publish","type":"product","link":"https:\/\/www.erresse-shop.it\/es\/shop\/tabla\/jarras-garaffas-botellas\/mario-luca-giusti-jarra-sister-rosetta-naranja-fluo\/","title":{"rendered":"MARIO LUCA GIUSTI Jarra Sister Rosetta Naranja Fluo"},"content":{"rendered":"<p>Altura 22 cm<br \/>\nDi\u00e1metro 19 cm<br \/>\nCapacidad 2400 ml<br \/>\nPeso 745 gr<\/p>\n<p><strong>Instrucciones de uso del producto acr\u00edlico<\/strong><br \/>\n&#8211; probado por T\u00dcV, SGS, Intertek<br \/>\n&#8211; absolutamente ins\u00edpido e inodoro<br \/>\n&#8211; Sin BPA<br \/>\n&#8211; No indestructible<br \/>\n&#8211; Resistente de -10\u00b0C a 50\u00b0C<br \/>\n&#8211; congelable<br \/>\n&#8211; se recomienda lavar a mano para aumentar la vida \u00fatil del producto<br \/>\n&#8211; no usar secadora<br \/>\n&#8211; no apto para microondas<br \/>\n&#8211; resistente al alcohol, &lt; 2 horas<br \/>\n&#8211; no apto para bebidas con an\u00eds<br \/>\n&#8211; no para alcohol fuerte, como whisky &#8230; .etc.<br \/>\n&#8211; utilizar s\u00f3lo un detergente con pH 3 &lt; pH &lt; 7, no para detergente alcalino fuerte<br \/>\n&#8211; No utilice benceno, alcohol, \u00e9ster o disolventes org\u00e1nicos para los productos de limpieza<br \/>\n&#8211; No utilice materiales abrasivos para la limpieza<\/p>\n<p><strong>Lo siguiente puede decolorar el producto o volverlo opaco a largo plazo:<\/strong><br \/>\n&#8211; Dejar los vidrios durante un per\u00edodo prolongado a temperaturas y humedad elevadas<br \/>\n&#8211; Dosificaci\u00f3n incorrecta del detergente<br \/>\n&#8211; Utilizaci\u00f3n de un detergente que contenga aluminio o protectores met\u00e1licos.<br \/>\n&#8211; Los productos l\u00e1cteos, el caf\u00e9, el cacao, el t\u00e9 y otras bebidas pueden dejar un borde en el cristal si se dejan toda la noche. Lave el cristal con agua tibia y jab\u00f3n inmediatamente despu\u00e9s de su uso, l\u00e1velo a mano o utilice nuestro producto de limpieza. Quite el polvo con regularidad.<br \/>\n&#8211; El consumo de bebidas anisadas (como Pernod, Ricard, Raki u Ouzo).<br \/>\n&#8211; El consumo de bebidas con alto contenido en \u00e9steres. Los \u00e9steres son un producto natural que suele encontrarse, por ejemplo, en las infusiones.<\/p>\n","protected":false},"excerpt":{"rendered":"<p>Altura 22 cm Di\u00e1metro 19 cm Capacidad 2400 ml Peso 745 gr Instrucciones de uso del producto acr\u00edlico &#8211; probado<\/p>\n","protected":false},"featured_media":434061,"template":"","meta":{"_acf_changed":false,"inline_featured_image":false},"product_cat":[16029,16027],"product_tag":[24870,24871,20719,16122,16608,24605],"acf":[],"yoast_head":"<!-- This site is optimized with the Yoast SEO Premium plugin v18.6 (Yoast SEO v19.13) - https:\/\/yoast.com\/wordpress\/plugins\/seo\/ -->\n<title>MARIO LUCA GIUSTI Jarra Sister Rosetta Naranja Fluo - Erresse Shop<\/title>\n<meta name=\"description\" content=\"Altura 22 cm Di\u00e1metro 19 cm Capacidad 2400 ml Peso 745 gr Instrucciones de uso del producto acr\u00edlico - probado por T\u00dcV, SGS, Intertek - absolutamente\" \/>\n<meta name=\"robots\" content=\"index, follow, max-snippet:-1, max-image-preview:large, max-video-preview:-1\" \/>\n<link rel=\"canonical\" href=\"https:\/\/www.erresse-shop.it\/es\/shop\/tabla\/jarras-garaffas-botellas\/mario-luca-giusti-jarra-sister-rosetta-naranja-fluo\/\" \/>\n<meta property=\"og:locale\" content=\"es_ES\" \/>\n<meta property=\"og:type\" content=\"article\" \/>\n<meta property=\"og:title\" content=\"MARIO LUCA GIUSTI Jarra Sister Rosetta Naranja Fluo\" \/>\n<meta property=\"og:description\" content=\"Altura 22 cm Di\u00e1metro 19 cm Capacidad 2400 ml Peso 745 gr Instrucciones de uso del producto acr\u00edlico - probado por T\u00dcV, SGS, Intertek - absolutamente\" \/>\n<meta property=\"og:url\" content=\"https:\/\/www.erresse-shop.it\/es\/shop\/tabla\/jarras-garaffas-botellas\/mario-luca-giusti-jarra-sister-rosetta-naranja-fluo\/\" \/>\n<meta property=\"og:site_name\" content=\"Erresse Shop\" \/>\n<meta property=\"article:modified_time\" content=\"2023-10-24T00:07:09+00:00\" \/>\n<meta property=\"og:image\" content=\"https:\/\/www.erresse-shop.it\/wp-content\/uploads\/2023\/07\/MARIO-LUCA-GIUSTI-Brocca-Sister-Rosetta-Fluo-Arancio.jpg\" \/>\n\t<meta property=\"og:image:width\" content=\"1200\" \/>\n\t<meta property=\"og:image:height\" content=\"1200\" \/>\n\t<meta property=\"og:image:type\" content=\"image\/jpeg\" \/>\n<meta name=\"twitter:card\" content=\"summary_large_image\" \/>\n<script type=\"application\/ld+json\" class=\"yoast-schema-graph\">{\"@context\":\"https:\/\/schema.org\",\"@graph\":[{\"@type\":\"WebPage\",\"@id\":\"https:\/\/www.erresse-shop.it\/es\/shop\/tabla\/jarras-garaffas-botellas\/mario-luca-giusti-jarra-sister-rosetta-naranja-fluo\/\",\"url\":\"https:\/\/www.erresse-shop.it\/es\/shop\/tabla\/jarras-garaffas-botellas\/mario-luca-giusti-jarra-sister-rosetta-naranja-fluo\/\",\"name\":\"MARIO LUCA GIUSTI Jarra Sister Rosetta Naranja Fluo - Erresse Shop\",\"isPartOf\":{\"@id\":\"https:\/\/www.erresse-shop.it\/es\/#website\"},\"datePublished\":\"2023-10-03T12:25:02+00:00\",\"dateModified\":\"2023-10-24T00:07:09+00:00\",\"description\":\"Altura 22 cm Di\u00e1metro 19 cm Capacidad 2400 ml Peso 745 gr Instrucciones de uso del producto acr\u00edlico - probado por T\u00dcV, SGS, Intertek - absolutamente\",\"breadcrumb\":{\"@id\":\"https:\/\/www.erresse-shop.it\/es\/shop\/tabla\/jarras-garaffas-botellas\/mario-luca-giusti-jarra-sister-rosetta-naranja-fluo\/#breadcrumb\"},\"inLanguage\":\"es\",\"potentialAction\":[{\"@type\":\"ReadAction\",\"target\":[\"https:\/\/www.erresse-shop.it\/es\/shop\/tabla\/jarras-garaffas-botellas\/mario-luca-giusti-jarra-sister-rosetta-naranja-fluo\/\"]}]},{\"@type\":\"BreadcrumbList\",\"@id\":\"https:\/\/www.erresse-shop.it\/es\/shop\/tabla\/jarras-garaffas-botellas\/mario-luca-giusti-jarra-sister-rosetta-naranja-fluo\/#breadcrumb\",\"itemListElement\":[{\"@type\":\"ListItem\",\"position\":1,\"name\":\"Home\",\"item\":\"https:\/\/www.erresse-shop.it\/es\/\"},{\"@type\":\"ListItem\",\"position\":2,\"name\":\"Shop\",\"item\":\"https:\/\/www.erresse-shop.it\/es\/shop\/\"},{\"@type\":\"ListItem\",\"position\":3,\"name\":\"MARIO LUCA GIUSTI Jarra Sister Rosetta Naranja Fluo\"}]},{\"@type\":\"WebSite\",\"@id\":\"https:\/\/www.erresse-shop.it\/es\/#website\",\"url\":\"https:\/\/www.erresse-shop.it\/es\/\",\"name\":\"Erresse Shop\",\"description\":\"Articoli di qualit\u00e0 per la casa\",\"potentialAction\":[{\"@type\":\"SearchAction\",\"target\":{\"@type\":\"EntryPoint\",\"urlTemplate\":\"https:\/\/www.erresse-shop.it\/es\/?s={search_term_string}\"},\"query-input\":\"required name=search_term_string\"}],\"inLanguage\":\"es\"}]}<\/script>\n<!-- \/ Yoast SEO Premium plugin. -->","yoast_head_json":{"title":"MARIO LUCA GIUSTI Jarra Sister Rosetta Naranja Fluo - Erresse Shop","description":"Altura 22 cm Di\u00e1metro 19 cm Capacidad 2400 ml Peso 745 gr Instrucciones de uso del producto acr\u00edlico - probado por T\u00dcV, SGS, Intertek - absolutamente","robots":{"index":"index","follow":"follow","max-snippet":"max-snippet:-1","max-image-preview":"max-image-preview:large","max-video-preview":"max-video-preview:-1"},"canonical":"https:\/\/www.erresse-shop.it\/es\/shop\/tabla\/jarras-garaffas-botellas\/mario-luca-giusti-jarra-sister-rosetta-naranja-fluo\/","og_locale":"es_ES","og_type":"article","og_title":"MARIO LUCA GIUSTI Jarra Sister Rosetta Naranja Fluo","og_description":"Altura 22 cm Di\u00e1metro 19 cm Capacidad 2400 ml Peso 745 gr Instrucciones de uso del producto acr\u00edlico - probado por T\u00dcV, SGS, Intertek - absolutamente","og_url":"https:\/\/www.erresse-shop.it\/es\/shop\/tabla\/jarras-garaffas-botellas\/mario-luca-giusti-jarra-sister-rosetta-naranja-fluo\/","og_site_name":"Erresse Shop","article_modified_time":"2023-10-24T00:07:09+00:00","og_image":[{"width":1200,"height":1200,"url":"https:\/\/www.erresse-shop.it\/wp-content\/uploads\/2023\/07\/MARIO-LUCA-GIUSTI-Brocca-Sister-Rosetta-Fluo-Arancio.jpg","type":"image\/jpeg"}],"twitter_card":"summary_large_image","schema":{"@context":"https:\/\/schema.org","@graph":[{"@type":"WebPage","@id":"https:\/\/www.erresse-shop.it\/es\/shop\/tabla\/jarras-garaffas-botellas\/mario-luca-giusti-jarra-sister-rosetta-naranja-fluo\/","url":"https:\/\/www.erresse-shop.it\/es\/shop\/tabla\/jarras-garaffas-botellas\/mario-luca-giusti-jarra-sister-rosetta-naranja-fluo\/","name":"MARIO LUCA GIUSTI Jarra Sister Rosetta Naranja Fluo - Erresse Shop","isPartOf":{"@id":"https:\/\/www.erresse-shop.it\/es\/#website"},"datePublished":"2023-10-03T12:25:02+00:00","dateModified":"2023-10-24T00:07:09+00:00","description":"Altura 22 cm Di\u00e1metro 19 cm Capacidad 2400 ml Peso 745 gr Instrucciones de uso del producto acr\u00edlico - probado por T\u00dcV, SGS, Intertek - absolutamente","breadcrumb":{"@id":"https:\/\/www.erresse-shop.it\/es\/shop\/tabla\/jarras-garaffas-botellas\/mario-luca-giusti-jarra-sister-rosetta-naranja-fluo\/#breadcrumb"},"inLanguage":"es","potentialAction":[{"@type":"ReadAction","target":["https:\/\/www.erresse-shop.it\/es\/shop\/tabla\/jarras-garaffas-botellas\/mario-luca-giusti-jarra-sister-rosetta-naranja-fluo\/"]}]},{"@type":"BreadcrumbList","@id":"https:\/\/www.erresse-shop.it\/es\/shop\/tabla\/jarras-garaffas-botellas\/mario-luca-giusti-jarra-sister-rosetta-naranja-fluo\/#breadcrumb","itemListElement":[{"@type":"ListItem","position":1,"name":"Home","item":"https:\/\/www.erresse-shop.it\/es\/"},{"@type":"ListItem","position":2,"name":"Shop","item":"https:\/\/www.erresse-shop.it\/es\/shop\/"},{"@type":"ListItem","position":3,"name":"MARIO LUCA GIUSTI Jarra Sister Rosetta Naranja Fluo"}]},{"@type":"WebSite","@id":"https:\/\/www.erresse-shop.it\/es\/#website","url":"https:\/\/www.erresse-shop.it\/es\/","name":"Erresse Shop","description":"Articoli di qualit\u00e0 per la casa","potentialAction":[{"@type":"SearchAction","target":{"@type":"EntryPoint","urlTemplate":"https:\/\/www.erresse-shop.it\/es\/?s={search_term_string}"},"query-input":"required name=search_term_string"}],"inLanguage":"es"}]}},"df_price":79,"df_sale_price":79,"df_regular_price":124,"df_image_link":"https:\/\/www.erresse-shop.it\/wp-content\/uploads\/2023\/07\/MARIO-LUCA-GIUSTI-Brocca-Sister-Rosetta-Fluo-Arancio-300x300.jpg","_links":{"self":[{"href":"https:\/\/www.erresse-shop.it\/es\/wp-json\/wp\/v2\/product\/333109"}],"collection":[{"href":"https:\/\/www.erresse-shop.it\/es\/wp-json\/wp\/v2\/product"}],"about":[{"href":"https:\/\/www.erresse-shop.it\/es\/wp-json\/wp\/v2\/types\/product"}],"wp:featuredmedia":[{"embeddable":true,"href":"https:\/\/www.erresse-shop.it\/es\/wp-json\/wp\/v2\/media\/434061"}],"wp:attachment":[{"href":"https:\/\/www.erresse-shop.it\/es\/wp-json\/wp\/v2\/media?parent=333109"}],"wp:term":[{"taxonomy":"product_cat","embeddable":true,"href":"https:\/\/www.erresse-shop.it\/es\/wp-json\/wp\/v2\/product_cat?post=333109"},{"taxonomy":"product_tag","embeddable":true,"href":"https:\/\/www.erresse-shop.it\/es\/wp-json\/wp\/v2\/product_tag?post=333109"}],"curies":[{"name":"wp","href":"https:\/\/api.w.org\/{rel}","templated":true}]}}