{"id":332384,"date":"2023-10-02T10:17:35","date_gmt":"2023-10-02T10:17:40","guid":{"rendered":"https:\/\/www.erresse-shop.it\/?post_type=product&#038;p=332384"},"modified":"2023-10-02T10:35:51","modified_gmt":"2023-10-02T10:35:51","slug":"brabantia-sinkstyle-organiser-juego-2-piezas-blanco","status":"publish","type":"product","link":"https:\/\/www.erresse-shop.it\/es\/shop\/mobiliario\/cuarto-de-bano\/brabantia-sinkstyle-organiser-juego-2-piezas-blanco\/","title":{"rendered":"BRABANTIA SinkStyle Organiser Juego 2 Piezas Blanco"},"content":{"rendered":"<p>Mantenga su encimera y sus utensilios limpios y ordenados con el organizador SinkStyle de Brabantia. Este elegante ayudante de encimera contiene todo lo necesario para lavar r\u00e1pidamente cada utensilio. El compartimento especial ofrece espacio suficiente para guardar esponjas, pa\u00f1os, cepillos de vajilla y otros objetos fuera de la vista. La bandeja recogegotas interna garantiza la circulaci\u00f3n del aire, evitando los malos olores. Tambi\u00e9n puede colgar pa\u00f1os de cocina en el estante para que se sequen, y la bandeja antideslizante tiene una secci\u00f3n separada para secar la vajilla con una rejilla de acero inoxidable extra\u00edble: \u00a1un aut\u00e9ntico juego de ni\u00f1os!<\/p>\n<p><strong>Caracter\u00edsticas:<\/strong><\/p>\n<ul>\n<li>Todo organizado &#8211; juego con organizador y bandeja de secado, ideal para guardar y secar objetos.<\/li>\n<li>Todo limpio &#8211; compartimento para guardar esponjas, pa\u00f1os de cocina y rasquetas.<\/li>\n<li>Transpirable &#8211; la tapa del organizador y la bandeja recogegotas permiten un flujo de aire de 360\u00b0.<\/li>\n<li>F\u00e1cil secado de la vajilla &#8211; la tapa de acero inoxidable permite el flujo de aire.<\/li>\n<li>Multifuncional &#8211; la bandeja recoge el exceso de agua y puede utilizarse sin la parte superior de acero inoxidable.<\/li>\n<li>F\u00e1cil secado &#8211; elegante varilla para colgar pa\u00f1os de cocina.<\/li>\n<li>Antideslizante &#8211; alfombrilla de silicona con nervaduras en el interior de la bandeja.<\/li>\n<li>Encimera seca &#8211; la bandeja recoge los restos de agua.<\/li>\n<li>Acabado texturizado &#8211; bandeja con moderno revestimiento mineral met\u00e1lico<\/li>\n<li>F\u00e1cil limpieza &#8211; organizador y bandeja separados.<\/li>\n<li>Antideslizante y resistente a ara\u00f1azos &#8211; base antideslizante.<\/li>\n<li>Ideal para entornos h\u00famedos &#8211; fabricado con materiales resistentes a la corrosi\u00f3n.<\/li>\n<li>Uso sin problemas &#8211; 5 a\u00f1os de servicio y garant\u00eda.<\/li>\n<li>Opci\u00f3n m\u00e1s sostenible &#8211; 96% reciclable despu\u00e9s de su uso.<\/li>\n<\/ul>\n<p><strong>Especificaciones:<\/strong><\/p>\n<p>Material: Pl\u00e1stico<br \/>\nApto para lavavajillas: No<br \/>\nPeso: 1,8 kg<br \/>\nDimensiones: Alto: 15 cm, Largo: 13 cm, Ancho: 75,1 cm<\/p>\n","protected":false},"excerpt":{"rendered":"<p>Mantenga su encimera y sus utensilios limpios y ordenados con el organizador SinkStyle de Brabantia. Este elegante ayudante de encimera<\/p>\n","protected":false},"featured_media":332415,"template":"","meta":{"_acf_changed":false,"inline_featured_image":false},"product_cat":[19017,16016],"product_tag":[25090,23675,24399,25023],"acf":[],"yoast_head":"<!-- This site is optimized with the Yoast SEO Premium plugin v18.6 (Yoast SEO v19.13) - https:\/\/yoast.com\/wordpress\/plugins\/seo\/ -->\n<title>BRABANTIA SinkStyle Organiser Juego 2 Piezas Blanco - Erresse Shop<\/title>\n<meta name=\"description\" content=\"Mantenga su encimera y sus utensilios limpios y ordenados con el organizador SinkStyle de Brabantia. Este elegante ayudante de encimera contiene todo lo\" \/>\n<meta name=\"robots\" content=\"index, follow, max-snippet:-1, max-image-preview:large, max-video-preview:-1\" \/>\n<link rel=\"canonical\" href=\"https:\/\/www.erresse-shop.it\/es\/shop\/mobiliario\/cuarto-de-bano\/brabantia-sinkstyle-organiser-juego-2-piezas-blanco\/\" \/>\n<meta property=\"og:locale\" content=\"es_ES\" \/>\n<meta property=\"og:type\" content=\"article\" \/>\n<meta property=\"og:title\" content=\"BRABANTIA SinkStyle Organiser Juego 2 Piezas Blanco\" \/>\n<meta property=\"og:description\" content=\"Mantenga su encimera y sus utensilios limpios y ordenados con el organizador SinkStyle de Brabantia. Este elegante ayudante de encimera contiene todo lo\" \/>\n<meta property=\"og:url\" content=\"https:\/\/www.erresse-shop.it\/es\/shop\/mobiliario\/cuarto-de-bano\/brabantia-sinkstyle-organiser-juego-2-piezas-blanco\/\" \/>\n<meta property=\"og:site_name\" content=\"Erresse Shop\" \/>\n<meta property=\"article:modified_time\" content=\"2023-10-02T10:35:51+00:00\" \/>\n<meta property=\"og:image\" content=\"https:\/\/www.erresse-shop.it\/wp-content\/uploads\/2023\/10\/BRABANTIA-SinkStyle-Organiser-Set-2-Pezzi-Bianco.jpg\" \/>\n\t<meta property=\"og:image:width\" content=\"800\" \/>\n\t<meta property=\"og:image:height\" content=\"800\" \/>\n\t<meta property=\"og:image:type\" content=\"image\/jpeg\" \/>\n<meta name=\"twitter:card\" content=\"summary_large_image\" \/>\n<script type=\"application\/ld+json\" class=\"yoast-schema-graph\">{\"@context\":\"https:\/\/schema.org\",\"@graph\":[{\"@type\":\"WebPage\",\"@id\":\"https:\/\/www.erresse-shop.it\/es\/shop\/mobiliario\/cuarto-de-bano\/brabantia-sinkstyle-organiser-juego-2-piezas-blanco\/\",\"url\":\"https:\/\/www.erresse-shop.it\/es\/shop\/mobiliario\/cuarto-de-bano\/brabantia-sinkstyle-organiser-juego-2-piezas-blanco\/\",\"name\":\"BRABANTIA SinkStyle Organiser Juego 2 Piezas Blanco - Erresse Shop\",\"isPartOf\":{\"@id\":\"https:\/\/www.erresse-shop.it\/es\/#website\"},\"datePublished\":\"2023-10-02T10:17:40+00:00\",\"dateModified\":\"2023-10-02T10:35:51+00:00\",\"description\":\"Mantenga su encimera y sus utensilios limpios y ordenados con el organizador SinkStyle de Brabantia. Este elegante ayudante de encimera contiene todo lo\",\"breadcrumb\":{\"@id\":\"https:\/\/www.erresse-shop.it\/es\/shop\/mobiliario\/cuarto-de-bano\/brabantia-sinkstyle-organiser-juego-2-piezas-blanco\/#breadcrumb\"},\"inLanguage\":\"es\",\"potentialAction\":[{\"@type\":\"ReadAction\",\"target\":[\"https:\/\/www.erresse-shop.it\/es\/shop\/mobiliario\/cuarto-de-bano\/brabantia-sinkstyle-organiser-juego-2-piezas-blanco\/\"]}]},{\"@type\":\"BreadcrumbList\",\"@id\":\"https:\/\/www.erresse-shop.it\/es\/shop\/mobiliario\/cuarto-de-bano\/brabantia-sinkstyle-organiser-juego-2-piezas-blanco\/#breadcrumb\",\"itemListElement\":[{\"@type\":\"ListItem\",\"position\":1,\"name\":\"Home\",\"item\":\"https:\/\/www.erresse-shop.it\/es\/\"},{\"@type\":\"ListItem\",\"position\":2,\"name\":\"Shop\",\"item\":\"https:\/\/www.erresse-shop.it\/es\/shop\/\"},{\"@type\":\"ListItem\",\"position\":3,\"name\":\"BRABANTIA SinkStyle Organiser Juego 2 Piezas Blanco\"}]},{\"@type\":\"WebSite\",\"@id\":\"https:\/\/www.erresse-shop.it\/es\/#website\",\"url\":\"https:\/\/www.erresse-shop.it\/es\/\",\"name\":\"Erresse Shop\",\"description\":\"Articoli di qualit\u00e0 per la casa\",\"potentialAction\":[{\"@type\":\"SearchAction\",\"target\":{\"@type\":\"EntryPoint\",\"urlTemplate\":\"https:\/\/www.erresse-shop.it\/es\/?s={search_term_string}\"},\"query-input\":\"required name=search_term_string\"}],\"inLanguage\":\"es\"}]}<\/script>\n<!-- \/ Yoast SEO Premium plugin. -->","yoast_head_json":{"title":"BRABANTIA SinkStyle Organiser Juego 2 Piezas Blanco - Erresse Shop","description":"Mantenga su encimera y sus utensilios limpios y ordenados con el organizador SinkStyle de Brabantia. Este elegante ayudante de encimera contiene todo lo","robots":{"index":"index","follow":"follow","max-snippet":"max-snippet:-1","max-image-preview":"max-image-preview:large","max-video-preview":"max-video-preview:-1"},"canonical":"https:\/\/www.erresse-shop.it\/es\/shop\/mobiliario\/cuarto-de-bano\/brabantia-sinkstyle-organiser-juego-2-piezas-blanco\/","og_locale":"es_ES","og_type":"article","og_title":"BRABANTIA SinkStyle Organiser Juego 2 Piezas Blanco","og_description":"Mantenga su encimera y sus utensilios limpios y ordenados con el organizador SinkStyle de Brabantia. Este elegante ayudante de encimera contiene todo lo","og_url":"https:\/\/www.erresse-shop.it\/es\/shop\/mobiliario\/cuarto-de-bano\/brabantia-sinkstyle-organiser-juego-2-piezas-blanco\/","og_site_name":"Erresse Shop","article_modified_time":"2023-10-02T10:35:51+00:00","og_image":[{"width":800,"height":800,"url":"https:\/\/www.erresse-shop.it\/wp-content\/uploads\/2023\/10\/BRABANTIA-SinkStyle-Organiser-Set-2-Pezzi-Bianco.jpg","type":"image\/jpeg"}],"twitter_card":"summary_large_image","schema":{"@context":"https:\/\/schema.org","@graph":[{"@type":"WebPage","@id":"https:\/\/www.erresse-shop.it\/es\/shop\/mobiliario\/cuarto-de-bano\/brabantia-sinkstyle-organiser-juego-2-piezas-blanco\/","url":"https:\/\/www.erresse-shop.it\/es\/shop\/mobiliario\/cuarto-de-bano\/brabantia-sinkstyle-organiser-juego-2-piezas-blanco\/","name":"BRABANTIA SinkStyle Organiser Juego 2 Piezas Blanco - Erresse Shop","isPartOf":{"@id":"https:\/\/www.erresse-shop.it\/es\/#website"},"datePublished":"2023-10-02T10:17:40+00:00","dateModified":"2023-10-02T10:35:51+00:00","description":"Mantenga su encimera y sus utensilios limpios y ordenados con el organizador SinkStyle de Brabantia. Este elegante ayudante de encimera contiene todo lo","breadcrumb":{"@id":"https:\/\/www.erresse-shop.it\/es\/shop\/mobiliario\/cuarto-de-bano\/brabantia-sinkstyle-organiser-juego-2-piezas-blanco\/#breadcrumb"},"inLanguage":"es","potentialAction":[{"@type":"ReadAction","target":["https:\/\/www.erresse-shop.it\/es\/shop\/mobiliario\/cuarto-de-bano\/brabantia-sinkstyle-organiser-juego-2-piezas-blanco\/"]}]},{"@type":"BreadcrumbList","@id":"https:\/\/www.erresse-shop.it\/es\/shop\/mobiliario\/cuarto-de-bano\/brabantia-sinkstyle-organiser-juego-2-piezas-blanco\/#breadcrumb","itemListElement":[{"@type":"ListItem","position":1,"name":"Home","item":"https:\/\/www.erresse-shop.it\/es\/"},{"@type":"ListItem","position":2,"name":"Shop","item":"https:\/\/www.erresse-shop.it\/es\/shop\/"},{"@type":"ListItem","position":3,"name":"BRABANTIA SinkStyle Organiser Juego 2 Piezas Blanco"}]},{"@type":"WebSite","@id":"https:\/\/www.erresse-shop.it\/es\/#website","url":"https:\/\/www.erresse-shop.it\/es\/","name":"Erresse Shop","description":"Articoli di qualit\u00e0 per la casa","potentialAction":[{"@type":"SearchAction","target":{"@type":"EntryPoint","urlTemplate":"https:\/\/www.erresse-shop.it\/es\/?s={search_term_string}"},"query-input":"required name=search_term_string"}],"inLanguage":"es"}]}},"df_price":49,"df_sale_price":49,"df_regular_price":69.9,"df_image_link":"https:\/\/www.erresse-shop.it\/wp-content\/uploads\/2023\/10\/BRABANTIA-SinkStyle-Organiser-Set-2-Pezzi-Bianco-300x300.jpg","_links":{"self":[{"href":"https:\/\/www.erresse-shop.it\/es\/wp-json\/wp\/v2\/product\/332384"}],"collection":[{"href":"https:\/\/www.erresse-shop.it\/es\/wp-json\/wp\/v2\/product"}],"about":[{"href":"https:\/\/www.erresse-shop.it\/es\/wp-json\/wp\/v2\/types\/product"}],"wp:featuredmedia":[{"embeddable":true,"href":"https:\/\/www.erresse-shop.it\/es\/wp-json\/wp\/v2\/media\/332415"}],"wp:attachment":[{"href":"https:\/\/www.erresse-shop.it\/es\/wp-json\/wp\/v2\/media?parent=332384"}],"wp:term":[{"taxonomy":"product_cat","embeddable":true,"href":"https:\/\/www.erresse-shop.it\/es\/wp-json\/wp\/v2\/product_cat?post=332384"},{"taxonomy":"product_tag","embeddable":true,"href":"https:\/\/www.erresse-shop.it\/es\/wp-json\/wp\/v2\/product_tag?post=332384"}],"curies":[{"name":"wp","href":"https:\/\/api.w.org\/{rel}","templated":true}]}}