{"id":332183,"date":"2023-10-02T07:55:20","date_gmt":"2023-10-02T07:55:24","guid":{"rendered":"https:\/\/www.erresse-shop.it\/?post_type=product&#038;p=332183"},"modified":"2023-10-02T08:28:09","modified_gmt":"2023-10-02T08:28:09","slug":"zwilling-cube-box-vacuum-set-6-piezas-s-plastico","status":"publish","type":"product","link":"https:\/\/www.erresse-shop.it\/es\/shop\/cocina\/vacio\/zwilling-cube-box-vacuum-set-6-piezas-s-plastico\/","title":{"rendered":"ZWILLING Cube Box Vacuum Set 6 piezas S Pl\u00e1stico"},"content":{"rendered":"<p><strong>RECIPIENTES PEQUE\u00d1OS, GRAN FRESCURA<\/strong><\/p>\n<ul>\n<li>Modular, apilable y ahorra espacio<\/li>\n<li>Alimentos frescos durante m\u00e1s tiempo gracias a la funci\u00f3n de vac\u00edo<\/li>\n<li>Compatible con la bomba de vac\u00edo ZWILLING FRESH &amp; SAVE<\/li>\n<li>La tapa herm\u00e9tica protege contra las plagas<\/li>\n<li>Controla tus alimentos con la app ZWILLING<\/li>\n<\/ul>\n<p>Una nueva forma de organizar la cocina. Adi\u00f3s al caos en la cocina. \u00a1Bienvenidos alimentos m\u00e1s frescos! Con el ZWILLING FRESH &amp; SAVE CUBE, la comida podrida y el desorden en la cocina son s\u00f3lo un recuerdo lejano. El revolucionario sistema de frescura con el que podr\u00e1s mejorar tu cocina con m\u00e1s dise\u00f1o, m\u00e1s control y, sobre todo, m\u00e1s frescura. Primera ventaja: la tapa herm\u00e9tica. Que protege los alimentos de la humedad y las plagas. Adem\u00e1s, todos los recipientes son compatibles con la bomba de vac\u00edo ZWILLING FRESH&amp;SAVE, lo que significa que puedes eliminar el aire con s\u00f3lo pulsar un bot\u00f3n, para que tus alimentos se mantengan frescos durante m\u00e1s tiempo y conserven su sabor y su textura crujiente. Ahora todo lo que tienes que hacer es controlar esa frescura. Gracias a su dise\u00f1o en forma de cristal, siempre podr\u00e1 ver el contenido y la cantidad que hay dentro de los recipientes. Y si tiene muchas existencias, las etiquetas NFC regrabables le ayudan a controlar los niveles de llenado y la vida \u00fatil de los alimentos. Solo tienes que pegar la etiqueta en el recipiente o colocarla en la v\u00e1lvula con el posicionador de etiquetas y escanearla con tu smartphone: as\u00ed se abre la app de ZWILLING y puedes hacer un seguimiento de tus ingredientes.<\/p>\n<ul>\n<li>Un innovador sistema de organizaci\u00f3n de la cocina que ahorra espacio con recipientes modulares, estables y apilables<\/li>\n<li>La bomba de vac\u00edo ZWILLING FRESH &amp; SAVE mantiene sus provisiones frescas durante m\u00e1s tiempo, reduciendo as\u00ed el desperdicio de alimentos.<\/li>\n<li>La tapa herm\u00e9tica protege los alimentos de la humedad y las plagas<\/li>\n<li>Dise\u00f1o minimalista de alta calidad en material transparente similar al vidrio<\/li>\n<li>Los recipientes, fabricados en material similar al vidrio, son duraderos y aptos para el lavavajillas, por lo que son f\u00e1ciles de limpiar.<\/li>\n<li>Organiza de forma \u00f3ptima los alimentos almacenados para mejorar la trazabilidad y reducir el desperdicio de alimentos. Solo tienes que pegar las etiquetas NFC a los recipientes, escanearlas con tu smartphone y conectarlos a la app de ZWILLING.<\/li>\n<li>Con inserto 4 en 1 para una perfecta medici\u00f3n de los alimentos. Incluye cuchara medidora con 3 tama\u00f1os: cucharadita (15 ml), cucharadita (5 ml) y punta de cuchillo.<\/li>\n<li>Dimensiones: recipiente S: 7,6 x 10,7 x 10,7 cm\/capacidad: 320 ml, recipiente 2S: 15,2 x 10,7 x 10,7 cm\/capacidad: 825 ml, recipiente 3S: 22,8 x 10,7 x 10,7 cm\/capacidad: 1,3 l.<\/li>\n<\/ul>\n<p><strong>CARACTER\u00cdSTICAS<\/strong><\/p>\n<ul>\n<li>Color: blanco transparente<\/li>\n<li>Resistencia al calor: 90,00 \u00baC<\/li>\n<li>Resistencia al fr\u00edo: -10,00 \u00baC<\/li>\n<li>Material: pl\u00e1stico<\/li>\n<li>N\u00famero de piezas: 6<\/li>\n<\/ul>\n","protected":false},"excerpt":{"rendered":"<p>RECIPIENTES PEQUE\u00d1OS, GRAN FRESCURA Modular, apilable y ahorra espacio Alimentos frescos durante m\u00e1s tiempo gracias a la funci\u00f3n de vac\u00edo<\/p>\n","protected":false},"featured_media":332255,"template":"","meta":{"_acf_changed":false,"inline_featured_image":false},"product_cat":[16040,26044],"product_tag":[25039,16878,23912,23667,16877,25023],"acf":[],"yoast_head":"<!-- This site is optimized with the Yoast SEO Premium plugin v18.6 (Yoast SEO v19.13) - https:\/\/yoast.com\/wordpress\/plugins\/seo\/ -->\n<title>ZWILLING Cube Box Vacuum Set 6 piezas S Pl\u00e1stico - Erresse Shop<\/title>\n<meta name=\"description\" content=\"RECIPIENTES PEQUE\u00d1OS, GRAN FRESCURA Modular, apilable y ahorra espacio Alimentos frescos durante m\u00e1s tiempo gracias a la funci\u00f3n de vac\u00edo Compatible con\" \/>\n<meta name=\"robots\" content=\"index, follow, max-snippet:-1, max-image-preview:large, max-video-preview:-1\" \/>\n<link rel=\"canonical\" href=\"https:\/\/www.erresse-shop.it\/es\/shop\/cocina\/vacio\/zwilling-cube-box-vacuum-set-6-piezas-s-plastico\/\" \/>\n<meta property=\"og:locale\" content=\"es_ES\" \/>\n<meta property=\"og:type\" content=\"article\" \/>\n<meta property=\"og:title\" content=\"ZWILLING Cube Box Vacuum Set 6 piezas S Pl\u00e1stico\" \/>\n<meta property=\"og:description\" content=\"RECIPIENTES PEQUE\u00d1OS, GRAN FRESCURA Modular, apilable y ahorra espacio Alimentos frescos durante m\u00e1s tiempo gracias a la funci\u00f3n de vac\u00edo Compatible con\" \/>\n<meta property=\"og:url\" content=\"https:\/\/www.erresse-shop.it\/es\/shop\/cocina\/vacio\/zwilling-cube-box-vacuum-set-6-piezas-s-plastico\/\" \/>\n<meta property=\"og:site_name\" content=\"Erresse Shop\" \/>\n<meta property=\"article:modified_time\" content=\"2023-10-02T08:28:09+00:00\" \/>\n<meta property=\"og:image\" content=\"https:\/\/www.erresse-shop.it\/wp-content\/uploads\/2023\/10\/ZWILLING-Cube-Box-Sottovuoto-Set-6-pezzi-Plastica.jpg\" \/>\n\t<meta property=\"og:image:width\" content=\"800\" \/>\n\t<meta property=\"og:image:height\" content=\"800\" \/>\n\t<meta property=\"og:image:type\" content=\"image\/jpeg\" \/>\n<meta name=\"twitter:card\" content=\"summary_large_image\" \/>\n<script type=\"application\/ld+json\" class=\"yoast-schema-graph\">{\"@context\":\"https:\/\/schema.org\",\"@graph\":[{\"@type\":\"WebPage\",\"@id\":\"https:\/\/www.erresse-shop.it\/es\/shop\/cocina\/vacio\/zwilling-cube-box-vacuum-set-6-piezas-s-plastico\/\",\"url\":\"https:\/\/www.erresse-shop.it\/es\/shop\/cocina\/vacio\/zwilling-cube-box-vacuum-set-6-piezas-s-plastico\/\",\"name\":\"ZWILLING Cube Box Vacuum Set 6 piezas S Pl\u00e1stico - Erresse Shop\",\"isPartOf\":{\"@id\":\"https:\/\/www.erresse-shop.it\/es\/#website\"},\"datePublished\":\"2023-10-02T07:55:24+00:00\",\"dateModified\":\"2023-10-02T08:28:09+00:00\",\"description\":\"RECIPIENTES PEQUE\u00d1OS, GRAN FRESCURA Modular, apilable y ahorra espacio Alimentos frescos durante m\u00e1s tiempo gracias a la funci\u00f3n de vac\u00edo Compatible con\",\"breadcrumb\":{\"@id\":\"https:\/\/www.erresse-shop.it\/es\/shop\/cocina\/vacio\/zwilling-cube-box-vacuum-set-6-piezas-s-plastico\/#breadcrumb\"},\"inLanguage\":\"es\",\"potentialAction\":[{\"@type\":\"ReadAction\",\"target\":[\"https:\/\/www.erresse-shop.it\/es\/shop\/cocina\/vacio\/zwilling-cube-box-vacuum-set-6-piezas-s-plastico\/\"]}]},{\"@type\":\"BreadcrumbList\",\"@id\":\"https:\/\/www.erresse-shop.it\/es\/shop\/cocina\/vacio\/zwilling-cube-box-vacuum-set-6-piezas-s-plastico\/#breadcrumb\",\"itemListElement\":[{\"@type\":\"ListItem\",\"position\":1,\"name\":\"Home\",\"item\":\"https:\/\/www.erresse-shop.it\/es\/\"},{\"@type\":\"ListItem\",\"position\":2,\"name\":\"Shop\",\"item\":\"https:\/\/www.erresse-shop.it\/es\/shop\/\"},{\"@type\":\"ListItem\",\"position\":3,\"name\":\"ZWILLING Cube Box Vacuum Set 6 piezas S Pl\u00e1stico\"}]},{\"@type\":\"WebSite\",\"@id\":\"https:\/\/www.erresse-shop.it\/es\/#website\",\"url\":\"https:\/\/www.erresse-shop.it\/es\/\",\"name\":\"Erresse Shop\",\"description\":\"Articoli di qualit\u00e0 per la casa\",\"potentialAction\":[{\"@type\":\"SearchAction\",\"target\":{\"@type\":\"EntryPoint\",\"urlTemplate\":\"https:\/\/www.erresse-shop.it\/es\/?s={search_term_string}\"},\"query-input\":\"required name=search_term_string\"}],\"inLanguage\":\"es\"}]}<\/script>\n<!-- \/ Yoast SEO Premium plugin. -->","yoast_head_json":{"title":"ZWILLING Cube Box Vacuum Set 6 piezas S Pl\u00e1stico - Erresse Shop","description":"RECIPIENTES PEQUE\u00d1OS, GRAN FRESCURA Modular, apilable y ahorra espacio Alimentos frescos durante m\u00e1s tiempo gracias a la funci\u00f3n de vac\u00edo Compatible con","robots":{"index":"index","follow":"follow","max-snippet":"max-snippet:-1","max-image-preview":"max-image-preview:large","max-video-preview":"max-video-preview:-1"},"canonical":"https:\/\/www.erresse-shop.it\/es\/shop\/cocina\/vacio\/zwilling-cube-box-vacuum-set-6-piezas-s-plastico\/","og_locale":"es_ES","og_type":"article","og_title":"ZWILLING Cube Box Vacuum Set 6 piezas S Pl\u00e1stico","og_description":"RECIPIENTES PEQUE\u00d1OS, GRAN FRESCURA Modular, apilable y ahorra espacio Alimentos frescos durante m\u00e1s tiempo gracias a la funci\u00f3n de vac\u00edo Compatible con","og_url":"https:\/\/www.erresse-shop.it\/es\/shop\/cocina\/vacio\/zwilling-cube-box-vacuum-set-6-piezas-s-plastico\/","og_site_name":"Erresse Shop","article_modified_time":"2023-10-02T08:28:09+00:00","og_image":[{"width":800,"height":800,"url":"https:\/\/www.erresse-shop.it\/wp-content\/uploads\/2023\/10\/ZWILLING-Cube-Box-Sottovuoto-Set-6-pezzi-Plastica.jpg","type":"image\/jpeg"}],"twitter_card":"summary_large_image","schema":{"@context":"https:\/\/schema.org","@graph":[{"@type":"WebPage","@id":"https:\/\/www.erresse-shop.it\/es\/shop\/cocina\/vacio\/zwilling-cube-box-vacuum-set-6-piezas-s-plastico\/","url":"https:\/\/www.erresse-shop.it\/es\/shop\/cocina\/vacio\/zwilling-cube-box-vacuum-set-6-piezas-s-plastico\/","name":"ZWILLING Cube Box Vacuum Set 6 piezas S Pl\u00e1stico - Erresse Shop","isPartOf":{"@id":"https:\/\/www.erresse-shop.it\/es\/#website"},"datePublished":"2023-10-02T07:55:24+00:00","dateModified":"2023-10-02T08:28:09+00:00","description":"RECIPIENTES PEQUE\u00d1OS, GRAN FRESCURA Modular, apilable y ahorra espacio Alimentos frescos durante m\u00e1s tiempo gracias a la funci\u00f3n de vac\u00edo Compatible con","breadcrumb":{"@id":"https:\/\/www.erresse-shop.it\/es\/shop\/cocina\/vacio\/zwilling-cube-box-vacuum-set-6-piezas-s-plastico\/#breadcrumb"},"inLanguage":"es","potentialAction":[{"@type":"ReadAction","target":["https:\/\/www.erresse-shop.it\/es\/shop\/cocina\/vacio\/zwilling-cube-box-vacuum-set-6-piezas-s-plastico\/"]}]},{"@type":"BreadcrumbList","@id":"https:\/\/www.erresse-shop.it\/es\/shop\/cocina\/vacio\/zwilling-cube-box-vacuum-set-6-piezas-s-plastico\/#breadcrumb","itemListElement":[{"@type":"ListItem","position":1,"name":"Home","item":"https:\/\/www.erresse-shop.it\/es\/"},{"@type":"ListItem","position":2,"name":"Shop","item":"https:\/\/www.erresse-shop.it\/es\/shop\/"},{"@type":"ListItem","position":3,"name":"ZWILLING Cube Box Vacuum Set 6 piezas S Pl\u00e1stico"}]},{"@type":"WebSite","@id":"https:\/\/www.erresse-shop.it\/es\/#website","url":"https:\/\/www.erresse-shop.it\/es\/","name":"Erresse Shop","description":"Articoli di qualit\u00e0 per la casa","potentialAction":[{"@type":"SearchAction","target":{"@type":"EntryPoint","urlTemplate":"https:\/\/www.erresse-shop.it\/es\/?s={search_term_string}"},"query-input":"required name=search_term_string"}],"inLanguage":"es"}]}},"df_price":29.975,"df_sale_price":29.975,"df_regular_price":59.95,"df_image_link":"https:\/\/www.erresse-shop.it\/wp-content\/uploads\/2023\/10\/ZWILLING-Cube-Box-Sottovuoto-Set-6-pezzi-Plastica-300x300.jpg","_links":{"self":[{"href":"https:\/\/www.erresse-shop.it\/es\/wp-json\/wp\/v2\/product\/332183"}],"collection":[{"href":"https:\/\/www.erresse-shop.it\/es\/wp-json\/wp\/v2\/product"}],"about":[{"href":"https:\/\/www.erresse-shop.it\/es\/wp-json\/wp\/v2\/types\/product"}],"wp:featuredmedia":[{"embeddable":true,"href":"https:\/\/www.erresse-shop.it\/es\/wp-json\/wp\/v2\/media\/332255"}],"wp:attachment":[{"href":"https:\/\/www.erresse-shop.it\/es\/wp-json\/wp\/v2\/media?parent=332183"}],"wp:term":[{"taxonomy":"product_cat","embeddable":true,"href":"https:\/\/www.erresse-shop.it\/es\/wp-json\/wp\/v2\/product_cat?post=332183"},{"taxonomy":"product_tag","embeddable":true,"href":"https:\/\/www.erresse-shop.it\/es\/wp-json\/wp\/v2\/product_tag?post=332183"}],"curies":[{"name":"wp","href":"https:\/\/api.w.org\/{rel}","templated":true}]}}