{"id":332090,"date":"2023-10-02T06:40:33","date_gmt":"2023-10-02T06:40:37","guid":{"rendered":"https:\/\/www.erresse-shop.it\/?post_type=product&#038;p=332090"},"modified":"2024-06-08T00:02:34","modified_gmt":"2024-06-08T00:02:34","slug":"sage-the-barista-touch-impress","status":"publish","type":"product","link":"https:\/\/www.erresse-shop.it\/es\/shop\/pequenos-electrodomesticos\/maquinas-de-cafe\/automatico\/sage-the-barista-touch-impress\/","title":{"rendered":"SAGE The Barista Touch Impress"},"content":{"rendered":"<p><strong>DESPLAZAR. SELECCIONAR. SORPRENDER.<\/strong><\/p>\n<p>Disfruta de la gu\u00eda del barista paso a paso con un solo toque. Con la funci\u00f3n de retroalimentaci\u00f3n en tiempo real, la Barista Touch\u2122 Impress te gu\u00eda a trav\u00e9s del sistema Impress\u2122 Puck, la extracci\u00f3n precisa y la espuma autom\u00e1tica con microburbujas. Gracias al sistema de calentamiento ThermoJet\u00ae, listo en 3 segundos, el caf\u00e9 pasa del grano a la taza m\u00e1s r\u00e1pido que nunca.<\/p>\n<p><strong>EL SISTEMA IMPRESS\u2122 PUCK<\/strong><\/p>\n<p>Dosificaci\u00f3n inteligente con carga central del caf\u00e9 molido, prensado asistido, giro profesional de 7\u00b0 y presi\u00f3n precisa de 10 kg: la mezcla perfecta para crear la dosis ideal.<\/p>\n<ul>\n<li><strong>Dosificaci\u00f3n inteligente:<\/strong> La innovadora soluci\u00f3n de dosificaci\u00f3n y prensado aprende sobre la marcha, calculando y ajustando autom\u00e1ticamente la dosis de caf\u00e9 en funci\u00f3n de los resultados del \u00faltimo molido y prensado.<\/li>\n<li><strong>Dosificaci\u00f3n precisa:<\/strong> Si necesita a\u00f1adir o quitar caf\u00e9 a su dosis, la dosificaci\u00f3n precisa corrige autom\u00e1ticamente la siguiente dosis bas\u00e1ndose en el resultado anterior, para que siempre obtenga una dosis perfecta.<\/li>\n<li><strong>Prensado asistido:<\/strong> El prensado asistido ofrece un giro profesional de 7\u00b0 y una presi\u00f3n de 10 kg para conseguir un disco perfectamente limpio, como lo har\u00eda un aut\u00e9ntico barista.<\/li>\n<\/ul>\n<p><strong>Gu\u00eda del barista<\/strong><\/p>\n<p>Gracias a la gu\u00eda paso a paso con informaci\u00f3n en tiempo real, la m\u00e1quina le ayudar\u00e1 en cada paso del proceso: molido, prensado, extracci\u00f3n, hasta el batido de la sedosa y aterciopelada espuma de leche. Resultados \u00f3ptimos en todo momento.<br \/>\nBasta con deslizar el dedo y elegir entre 8 preajustes de caf\u00e9 favoritos o personalizar hasta 8 bebidas.<\/p>\n<p><strong>Auto MilQ\u2122 para leche de vaca y otras leches vegetales<\/strong><\/p>\n<p>Auto MilQ\u2122 es ahora a\u00fan m\u00e1s inteligente, con ajustes calibrados para espumar leche de avena, almendra, soja y vaca y conseguir la sedosa y aterciopelada espuma de microburbujas esencial para el arte latte.<br \/>\nCalibraci\u00f3n del tiempo de inyecci\u00f3n de aire y de la temperatura en funci\u00f3n del tipo de leche elegido.<\/p>\n<p><strong>Molido de precisi\u00f3n<\/strong><\/p>\n<p>la Barista Touch\u2122 Impress ofrece una amplia gama de selecci\u00f3n con 30 ajustes de molido. Esto le permite ajustar con precisi\u00f3n el tama\u00f1o de molido para lograr la extracci\u00f3n y el sabor deseados.<\/p>\n<p><strong>Sistema de calentamiento de precisi\u00f3n<\/strong><\/p>\n<p>El sistema de calentamiento ThermoJet\u00ae con control PID ofrece un caf\u00e9 de gran sabor con un control digital preciso de la temperatura, la velocidad de infusi\u00f3n y el tiempo de contacto.<\/p>\n<p><strong>Accesorios:<\/strong><\/p>\n<ul>\n<li>Portafiltro de acero inoxidable de 54 mm<\/li>\n<li>Jarra de leche de acero inoxidable de 480 ml<\/li>\n<li>Cestas de filtro de pared simple y doble para 1 y 2 tazas<\/li>\n<li>Filtro de agua con soporte<\/li>\n<li>Test de dureza del agua<\/li>\n<li>Herramienta de dosificaci\u00f3n de precisi\u00f3n la Razor\u2122<\/li>\n<li>Pastillas de limpieza<\/li>\n<li>Accesorio de limpieza con varilla de vapor<\/li>\n<li>Disco de limpieza<\/li>\n<li>Cepillo de limpieza<\/li>\n<li>Polvo desincrustante<\/li>\n<\/ul>\n<p><strong>Ajustes:<\/strong><\/p>\n<ul>\n<li>Dosificaci\u00f3n autom\u00e1tica\/manual<\/li>\n<li>Extracciones para 1 y 2 tazas<\/li>\n<li>8 preajustes de caf\u00e9 favoritos: Flat white, Caffellatte, Cappuccino, Espresso, Long Black, Babyccino, Chocolate caliente y T\u00e9<\/li>\n<li>Cree, guarde y cambie el nombre de hasta 8 bebidas personalizables<\/li>\n<\/ul>\n<p><strong>Dimensiones (AnxPrxAl):<\/strong> 41,7 cm x 35,8 cm (incluida el asa de presi\u00f3n) \/ 33,3 cm (cuerpo principal) x 34,3 cm<\/p>\n<p><strong>Capacidad:<\/strong> Portavasos de 340 g, dep\u00f3sito de agua de 2 litros<\/p>\n<p><strong>Materiales de construcci\u00f3n:<\/strong> Acero inoxidable<\/p>\n<p><strong>Tensi\u00f3n:<\/strong> 220-240 V<\/p>\n<p><strong>Alimentaci\u00f3n:<\/strong> 1430-1700 W<\/p>\n<p><strong>Sistema de calentamiento:<\/strong> Sistema de calentamiento ThermoJet<\/p>\n<p><strong>Espumado de leche:<\/strong> Espumado autom\u00e1tico de leche con Auto MilQ\u2122Ajustes para alternativas a la leche: Leche de vaca, almendra, avena y soja<\/p>\n<p><strong>Molinillo de caf\u00e9 integrado:<\/strong> Molinillos de precisi\u00f3n europeos Baratza<\/p>\n<p><strong>Interfaz:<\/strong> Pantalla t\u00e1ctil<\/p>\n<p><strong>Prensado:<\/strong> Sistema Impress\u2122 Puck Prensado asistido con giro profesional de 7 grados<\/p>\n<p><strong>Ajustes de molido:<\/strong> 30 ajustes de molido de precisi\u00f3n<\/p>\n<p>&nbsp;<\/p>\n<p><span style=\"text-decoration: underline;\"><strong>No se vende fuera de Europa<\/strong><\/span><\/p>\n","protected":false},"excerpt":{"rendered":"<p>DESPLAZAR. SELECCIONAR. SORPRENDER. Disfruta de la gu\u00eda del barista paso a paso con un solo toque. Con la funci\u00f3n de<\/p>\n","protected":false},"featured_media":332158,"template":"","meta":{"_acf_changed":false,"inline_featured_image":false},"product_cat":[25362,16076,16073],"product_tag":[23574,23570,16395],"acf":[],"yoast_head":"<!-- This site is optimized with the Yoast SEO Premium plugin v18.6 (Yoast SEO v19.13) - https:\/\/yoast.com\/wordpress\/plugins\/seo\/ -->\n<title>SAGE The Barista Touch Impress - Erresse Shop<\/title>\n<meta name=\"description\" content=\"DESPLAZAR. SELECCIONAR. SORPRENDER. Disfruta de la gu\u00eda del barista paso a paso con un solo toque. Con la funci\u00f3n de retroalimentaci\u00f3n en tiempo real, la\" \/>\n<meta name=\"robots\" content=\"index, follow, max-snippet:-1, max-image-preview:large, max-video-preview:-1\" \/>\n<link rel=\"canonical\" href=\"https:\/\/www.erresse-shop.it\/es\/shop\/pequenos-electrodomesticos\/maquinas-de-cafe\/automatico\/sage-the-barista-touch-impress\/\" \/>\n<meta property=\"og:locale\" content=\"es_ES\" \/>\n<meta property=\"og:type\" content=\"article\" \/>\n<meta property=\"og:title\" content=\"SAGE The Barista Touch Impress\" \/>\n<meta property=\"og:description\" content=\"DESPLAZAR. SELECCIONAR. SORPRENDER. Disfruta de la gu\u00eda del barista paso a paso con un solo toque. Con la funci\u00f3n de retroalimentaci\u00f3n en tiempo real, la\" \/>\n<meta property=\"og:url\" content=\"https:\/\/www.erresse-shop.it\/es\/shop\/pequenos-electrodomesticos\/maquinas-de-cafe\/automatico\/sage-the-barista-touch-impress\/\" \/>\n<meta property=\"og:site_name\" content=\"Erresse Shop\" \/>\n<meta property=\"article:modified_time\" content=\"2024-06-08T00:02:34+00:00\" \/>\n<meta property=\"og:image\" content=\"https:\/\/www.erresse-shop.it\/wp-content\/uploads\/2023\/10\/SAGE-The-Barista-Touch-Impress.jpg\" \/>\n\t<meta property=\"og:image:width\" content=\"800\" \/>\n\t<meta property=\"og:image:height\" content=\"800\" \/>\n\t<meta property=\"og:image:type\" content=\"image\/jpeg\" \/>\n<meta name=\"twitter:card\" content=\"summary_large_image\" \/>\n<script type=\"application\/ld+json\" class=\"yoast-schema-graph\">{\"@context\":\"https:\/\/schema.org\",\"@graph\":[{\"@type\":\"WebPage\",\"@id\":\"https:\/\/www.erresse-shop.it\/es\/shop\/pequenos-electrodomesticos\/maquinas-de-cafe\/automatico\/sage-the-barista-touch-impress\/\",\"url\":\"https:\/\/www.erresse-shop.it\/es\/shop\/pequenos-electrodomesticos\/maquinas-de-cafe\/automatico\/sage-the-barista-touch-impress\/\",\"name\":\"SAGE The Barista Touch Impress - Erresse Shop\",\"isPartOf\":{\"@id\":\"https:\/\/www.erresse-shop.it\/es\/#website\"},\"datePublished\":\"2023-10-02T06:40:37+00:00\",\"dateModified\":\"2024-06-08T00:02:34+00:00\",\"description\":\"DESPLAZAR. SELECCIONAR. SORPRENDER. Disfruta de la gu\u00eda del barista paso a paso con un solo toque. Con la funci\u00f3n de retroalimentaci\u00f3n en tiempo real, la\",\"breadcrumb\":{\"@id\":\"https:\/\/www.erresse-shop.it\/es\/shop\/pequenos-electrodomesticos\/maquinas-de-cafe\/automatico\/sage-the-barista-touch-impress\/#breadcrumb\"},\"inLanguage\":\"es\",\"potentialAction\":[{\"@type\":\"ReadAction\",\"target\":[\"https:\/\/www.erresse-shop.it\/es\/shop\/pequenos-electrodomesticos\/maquinas-de-cafe\/automatico\/sage-the-barista-touch-impress\/\"]}]},{\"@type\":\"BreadcrumbList\",\"@id\":\"https:\/\/www.erresse-shop.it\/es\/shop\/pequenos-electrodomesticos\/maquinas-de-cafe\/automatico\/sage-the-barista-touch-impress\/#breadcrumb\",\"itemListElement\":[{\"@type\":\"ListItem\",\"position\":1,\"name\":\"Home\",\"item\":\"https:\/\/www.erresse-shop.it\/es\/\"},{\"@type\":\"ListItem\",\"position\":2,\"name\":\"Shop\",\"item\":\"https:\/\/www.erresse-shop.it\/es\/shop\/\"},{\"@type\":\"ListItem\",\"position\":3,\"name\":\"SAGE The Barista Touch Impress\"}]},{\"@type\":\"WebSite\",\"@id\":\"https:\/\/www.erresse-shop.it\/es\/#website\",\"url\":\"https:\/\/www.erresse-shop.it\/es\/\",\"name\":\"Erresse Shop\",\"description\":\"Articoli di qualit\u00e0 per la casa\",\"potentialAction\":[{\"@type\":\"SearchAction\",\"target\":{\"@type\":\"EntryPoint\",\"urlTemplate\":\"https:\/\/www.erresse-shop.it\/es\/?s={search_term_string}\"},\"query-input\":\"required name=search_term_string\"}],\"inLanguage\":\"es\"}]}<\/script>\n<!-- \/ Yoast SEO Premium plugin. -->","yoast_head_json":{"title":"SAGE The Barista Touch Impress - Erresse Shop","description":"DESPLAZAR. SELECCIONAR. SORPRENDER. Disfruta de la gu\u00eda del barista paso a paso con un solo toque. Con la funci\u00f3n de retroalimentaci\u00f3n en tiempo real, la","robots":{"index":"index","follow":"follow","max-snippet":"max-snippet:-1","max-image-preview":"max-image-preview:large","max-video-preview":"max-video-preview:-1"},"canonical":"https:\/\/www.erresse-shop.it\/es\/shop\/pequenos-electrodomesticos\/maquinas-de-cafe\/automatico\/sage-the-barista-touch-impress\/","og_locale":"es_ES","og_type":"article","og_title":"SAGE The Barista Touch Impress","og_description":"DESPLAZAR. SELECCIONAR. SORPRENDER. Disfruta de la gu\u00eda del barista paso a paso con un solo toque. Con la funci\u00f3n de retroalimentaci\u00f3n en tiempo real, la","og_url":"https:\/\/www.erresse-shop.it\/es\/shop\/pequenos-electrodomesticos\/maquinas-de-cafe\/automatico\/sage-the-barista-touch-impress\/","og_site_name":"Erresse Shop","article_modified_time":"2024-06-08T00:02:34+00:00","og_image":[{"width":800,"height":800,"url":"https:\/\/www.erresse-shop.it\/wp-content\/uploads\/2023\/10\/SAGE-The-Barista-Touch-Impress.jpg","type":"image\/jpeg"}],"twitter_card":"summary_large_image","schema":{"@context":"https:\/\/schema.org","@graph":[{"@type":"WebPage","@id":"https:\/\/www.erresse-shop.it\/es\/shop\/pequenos-electrodomesticos\/maquinas-de-cafe\/automatico\/sage-the-barista-touch-impress\/","url":"https:\/\/www.erresse-shop.it\/es\/shop\/pequenos-electrodomesticos\/maquinas-de-cafe\/automatico\/sage-the-barista-touch-impress\/","name":"SAGE The Barista Touch Impress - Erresse Shop","isPartOf":{"@id":"https:\/\/www.erresse-shop.it\/es\/#website"},"datePublished":"2023-10-02T06:40:37+00:00","dateModified":"2024-06-08T00:02:34+00:00","description":"DESPLAZAR. SELECCIONAR. SORPRENDER. Disfruta de la gu\u00eda del barista paso a paso con un solo toque. Con la funci\u00f3n de retroalimentaci\u00f3n en tiempo real, la","breadcrumb":{"@id":"https:\/\/www.erresse-shop.it\/es\/shop\/pequenos-electrodomesticos\/maquinas-de-cafe\/automatico\/sage-the-barista-touch-impress\/#breadcrumb"},"inLanguage":"es","potentialAction":[{"@type":"ReadAction","target":["https:\/\/www.erresse-shop.it\/es\/shop\/pequenos-electrodomesticos\/maquinas-de-cafe\/automatico\/sage-the-barista-touch-impress\/"]}]},{"@type":"BreadcrumbList","@id":"https:\/\/www.erresse-shop.it\/es\/shop\/pequenos-electrodomesticos\/maquinas-de-cafe\/automatico\/sage-the-barista-touch-impress\/#breadcrumb","itemListElement":[{"@type":"ListItem","position":1,"name":"Home","item":"https:\/\/www.erresse-shop.it\/es\/"},{"@type":"ListItem","position":2,"name":"Shop","item":"https:\/\/www.erresse-shop.it\/es\/shop\/"},{"@type":"ListItem","position":3,"name":"SAGE The Barista Touch Impress"}]},{"@type":"WebSite","@id":"https:\/\/www.erresse-shop.it\/es\/#website","url":"https:\/\/www.erresse-shop.it\/es\/","name":"Erresse Shop","description":"Articoli di qualit\u00e0 per la casa","potentialAction":[{"@type":"SearchAction","target":{"@type":"EntryPoint","urlTemplate":"https:\/\/www.erresse-shop.it\/es\/?s={search_term_string}"},"query-input":"required name=search_term_string"}],"inLanguage":"es"}]}},"df_price":1299.9,"df_sale_price":1299.9,"df_regular_price":1299.9,"df_image_link":"https:\/\/www.erresse-shop.it\/wp-content\/uploads\/2023\/10\/SAGE-The-Barista-Touch-Impress-300x300.jpg","_links":{"self":[{"href":"https:\/\/www.erresse-shop.it\/es\/wp-json\/wp\/v2\/product\/332090"}],"collection":[{"href":"https:\/\/www.erresse-shop.it\/es\/wp-json\/wp\/v2\/product"}],"about":[{"href":"https:\/\/www.erresse-shop.it\/es\/wp-json\/wp\/v2\/types\/product"}],"wp:featuredmedia":[{"embeddable":true,"href":"https:\/\/www.erresse-shop.it\/es\/wp-json\/wp\/v2\/media\/332158"}],"wp:attachment":[{"href":"https:\/\/www.erresse-shop.it\/es\/wp-json\/wp\/v2\/media?parent=332090"}],"wp:term":[{"taxonomy":"product_cat","embeddable":true,"href":"https:\/\/www.erresse-shop.it\/es\/wp-json\/wp\/v2\/product_cat?post=332090"},{"taxonomy":"product_tag","embeddable":true,"href":"https:\/\/www.erresse-shop.it\/es\/wp-json\/wp\/v2\/product_tag?post=332090"}],"curies":[{"name":"wp","href":"https:\/\/api.w.org\/{rel}","templated":true}]}}