{"id":327095,"date":"2023-09-13T10:04:04","date_gmt":"2023-09-13T10:04:05","guid":{"rendered":"https:\/\/www.erresse-shop.it\/?post_type=product&#038;p=327095"},"modified":"2024-07-16T00:00:32","modified_gmt":"2024-07-16T00:00:32","slug":"weber-barbacoas-gas-q-2200","status":"publish","type":"product","link":"https:\/\/www.erresse-shop.it\/es\/shop\/pequenos-electrodomesticos\/parrillas-y-barbacoas\/weber-barbacoas-gas-q-2200\/","title":{"rendered":"WEBER Barbacoas Gas Q 2200"},"content":{"rendered":"<p>Los peque\u00f1os detalles marcan la diferencia. Cocine un almuerzo r\u00e1pido de hamburguesas y perritos calientes o un filete de pescado para la cena familiar. La barbacoa de gas Q 2200 es una soluci\u00f3n sencilla para todas las comidas.<br \/>\nDise\u00f1o compacto<br \/>\nSuficientemente peque\u00f1a para asar sobre la marcha, con espacio suficiente para cocinar una comida entera.<\/p>\n<p><strong>Rejillas de cocci\u00f3n de hierro fundido esmaltado<\/strong><br \/>\nLas rejillas de cocci\u00f3n de hierro fundido esmaltado con porcelana ofrecen una distribuci\u00f3n uniforme del calor por toda la superficie de la parrilla y una retenci\u00f3n superior del calor.<\/p>\n<p><strong>Bandeja recogegrasa extra\u00edble<\/strong><br \/>\nLa grasa se canaliza hacia la bandeja recogegrasa para facilitar la limpieza.<\/p>\n<p><strong>Estantes laterales plegables<\/strong><br \/>\nUtilice el estante para guardar platos peque\u00f1os, condimentos y utensilios al alcance de la mano. Tambi\u00e9n se puede plegar para guardarla f\u00e1cilmente.<\/p>\n<p><strong>Term\u00f3metro de tapa<\/strong><br \/>\nCompruebe f\u00e1cilmente la temperatura del interior de la barbacoa.<\/p>\n<p><strong>Encendido electr\u00f3nico<\/strong><br \/>\nMantenga pulsado el bot\u00f3n de encendido para encender el quemador.<\/p>\n<p><strong>ESPECIFICACIONES T\u00c9CNICAS<\/strong><\/p>\n<ul>\n<li>POTENCIA DEL QUEMADOR: (KW)3,52<\/li>\n<li>Dimensiones &#8211; tapa abierta y estantes abiertos (cent\u00edmetros)66,1cm H x 130,6cm A x 63,8cm P<\/li>\n<li>Dimensiones &#8211; tapa cerrada y estantes abiertos (cent\u00edmetros)39,4cm H x 130,6cm A x 49,6cm P<\/li>\n<li>\u00c1rea de cocci\u00f3n (cent\u00edmetros)54 x 39<\/li>\n<li>Peso (kg)19.731<\/li>\n<li>Quemadores de acero inoxidable1<\/li>\n<li>Tipo de combustible: GLP GAS (la bombona recargable se vende por separado)<\/li>\n<\/ul>\n","protected":false},"excerpt":{"rendered":"<p>Los peque\u00f1os detalles marcan la diferencia. Cocine un almuerzo r\u00e1pido de hamburguesas y perritos calientes o un filete de pescado<\/p>\n","protected":false},"featured_media":327130,"template":"","meta":{"_acf_changed":false,"inline_featured_image":false},"product_cat":[16083,16073],"product_tag":[25183,16167,23633,16138,24605,16168,25023,22518],"acf":[],"yoast_head":"<!-- This site is optimized with the Yoast SEO Premium plugin v18.6 (Yoast SEO v19.13) - https:\/\/yoast.com\/wordpress\/plugins\/seo\/ -->\n<title>WEBER Barbacoas Gas Q 2200 - Erresse Shop<\/title>\n<meta name=\"description\" content=\"Los peque\u00f1os detalles marcan la diferencia. Cocine un almuerzo r\u00e1pido de hamburguesas y perritos calientes o un filete de pescado para la cena familiar.\" \/>\n<meta name=\"robots\" content=\"index, follow, max-snippet:-1, max-image-preview:large, max-video-preview:-1\" \/>\n<link rel=\"canonical\" href=\"https:\/\/www.erresse-shop.it\/es\/shop\/pequenos-electrodomesticos\/parrillas-y-barbacoas\/weber-barbacoas-gas-q-2200\/\" \/>\n<meta property=\"og:locale\" content=\"es_ES\" \/>\n<meta property=\"og:type\" content=\"article\" \/>\n<meta property=\"og:title\" content=\"WEBER Barbacoas Gas Q 2200\" \/>\n<meta property=\"og:description\" content=\"Los peque\u00f1os detalles marcan la diferencia. Cocine un almuerzo r\u00e1pido de hamburguesas y perritos calientes o un filete de pescado para la cena familiar.\" \/>\n<meta property=\"og:url\" content=\"https:\/\/www.erresse-shop.it\/es\/shop\/pequenos-electrodomesticos\/parrillas-y-barbacoas\/weber-barbacoas-gas-q-2200\/\" \/>\n<meta property=\"og:site_name\" content=\"Erresse Shop\" \/>\n<meta property=\"article:modified_time\" content=\"2024-07-16T00:00:32+00:00\" \/>\n<meta property=\"og:image\" content=\"https:\/\/www.erresse-shop.it\/wp-content\/uploads\/2023\/09\/WEBER-Barbecue-a-Gas-Q-2200.jpg\" \/>\n\t<meta property=\"og:image:width\" content=\"800\" \/>\n\t<meta property=\"og:image:height\" content=\"800\" \/>\n\t<meta property=\"og:image:type\" content=\"image\/jpeg\" \/>\n<meta name=\"twitter:card\" content=\"summary_large_image\" \/>\n<script type=\"application\/ld+json\" class=\"yoast-schema-graph\">{\"@context\":\"https:\/\/schema.org\",\"@graph\":[{\"@type\":\"WebPage\",\"@id\":\"https:\/\/www.erresse-shop.it\/es\/shop\/pequenos-electrodomesticos\/parrillas-y-barbacoas\/weber-barbacoas-gas-q-2200\/\",\"url\":\"https:\/\/www.erresse-shop.it\/es\/shop\/pequenos-electrodomesticos\/parrillas-y-barbacoas\/weber-barbacoas-gas-q-2200\/\",\"name\":\"WEBER Barbacoas Gas Q 2200 - Erresse Shop\",\"isPartOf\":{\"@id\":\"https:\/\/www.erresse-shop.it\/es\/#website\"},\"datePublished\":\"2023-09-13T10:04:05+00:00\",\"dateModified\":\"2024-07-16T00:00:32+00:00\",\"description\":\"Los peque\u00f1os detalles marcan la diferencia. Cocine un almuerzo r\u00e1pido de hamburguesas y perritos calientes o un filete de pescado para la cena familiar.\",\"breadcrumb\":{\"@id\":\"https:\/\/www.erresse-shop.it\/es\/shop\/pequenos-electrodomesticos\/parrillas-y-barbacoas\/weber-barbacoas-gas-q-2200\/#breadcrumb\"},\"inLanguage\":\"es\",\"potentialAction\":[{\"@type\":\"ReadAction\",\"target\":[\"https:\/\/www.erresse-shop.it\/es\/shop\/pequenos-electrodomesticos\/parrillas-y-barbacoas\/weber-barbacoas-gas-q-2200\/\"]}]},{\"@type\":\"BreadcrumbList\",\"@id\":\"https:\/\/www.erresse-shop.it\/es\/shop\/pequenos-electrodomesticos\/parrillas-y-barbacoas\/weber-barbacoas-gas-q-2200\/#breadcrumb\",\"itemListElement\":[{\"@type\":\"ListItem\",\"position\":1,\"name\":\"Home\",\"item\":\"https:\/\/www.erresse-shop.it\/es\/\"},{\"@type\":\"ListItem\",\"position\":2,\"name\":\"Shop\",\"item\":\"https:\/\/www.erresse-shop.it\/es\/shop\/\"},{\"@type\":\"ListItem\",\"position\":3,\"name\":\"WEBER Barbacoas Gas Q 2200\"}]},{\"@type\":\"WebSite\",\"@id\":\"https:\/\/www.erresse-shop.it\/es\/#website\",\"url\":\"https:\/\/www.erresse-shop.it\/es\/\",\"name\":\"Erresse Shop\",\"description\":\"Articoli di qualit\u00e0 per la casa\",\"potentialAction\":[{\"@type\":\"SearchAction\",\"target\":{\"@type\":\"EntryPoint\",\"urlTemplate\":\"https:\/\/www.erresse-shop.it\/es\/?s={search_term_string}\"},\"query-input\":\"required name=search_term_string\"}],\"inLanguage\":\"es\"}]}<\/script>\n<!-- \/ Yoast SEO Premium plugin. -->","yoast_head_json":{"title":"WEBER Barbacoas Gas Q 2200 - Erresse Shop","description":"Los peque\u00f1os detalles marcan la diferencia. Cocine un almuerzo r\u00e1pido de hamburguesas y perritos calientes o un filete de pescado para la cena familiar.","robots":{"index":"index","follow":"follow","max-snippet":"max-snippet:-1","max-image-preview":"max-image-preview:large","max-video-preview":"max-video-preview:-1"},"canonical":"https:\/\/www.erresse-shop.it\/es\/shop\/pequenos-electrodomesticos\/parrillas-y-barbacoas\/weber-barbacoas-gas-q-2200\/","og_locale":"es_ES","og_type":"article","og_title":"WEBER Barbacoas Gas Q 2200","og_description":"Los peque\u00f1os detalles marcan la diferencia. Cocine un almuerzo r\u00e1pido de hamburguesas y perritos calientes o un filete de pescado para la cena familiar.","og_url":"https:\/\/www.erresse-shop.it\/es\/shop\/pequenos-electrodomesticos\/parrillas-y-barbacoas\/weber-barbacoas-gas-q-2200\/","og_site_name":"Erresse Shop","article_modified_time":"2024-07-16T00:00:32+00:00","og_image":[{"width":800,"height":800,"url":"https:\/\/www.erresse-shop.it\/wp-content\/uploads\/2023\/09\/WEBER-Barbecue-a-Gas-Q-2200.jpg","type":"image\/jpeg"}],"twitter_card":"summary_large_image","schema":{"@context":"https:\/\/schema.org","@graph":[{"@type":"WebPage","@id":"https:\/\/www.erresse-shop.it\/es\/shop\/pequenos-electrodomesticos\/parrillas-y-barbacoas\/weber-barbacoas-gas-q-2200\/","url":"https:\/\/www.erresse-shop.it\/es\/shop\/pequenos-electrodomesticos\/parrillas-y-barbacoas\/weber-barbacoas-gas-q-2200\/","name":"WEBER Barbacoas Gas Q 2200 - Erresse Shop","isPartOf":{"@id":"https:\/\/www.erresse-shop.it\/es\/#website"},"datePublished":"2023-09-13T10:04:05+00:00","dateModified":"2024-07-16T00:00:32+00:00","description":"Los peque\u00f1os detalles marcan la diferencia. Cocine un almuerzo r\u00e1pido de hamburguesas y perritos calientes o un filete de pescado para la cena familiar.","breadcrumb":{"@id":"https:\/\/www.erresse-shop.it\/es\/shop\/pequenos-electrodomesticos\/parrillas-y-barbacoas\/weber-barbacoas-gas-q-2200\/#breadcrumb"},"inLanguage":"es","potentialAction":[{"@type":"ReadAction","target":["https:\/\/www.erresse-shop.it\/es\/shop\/pequenos-electrodomesticos\/parrillas-y-barbacoas\/weber-barbacoas-gas-q-2200\/"]}]},{"@type":"BreadcrumbList","@id":"https:\/\/www.erresse-shop.it\/es\/shop\/pequenos-electrodomesticos\/parrillas-y-barbacoas\/weber-barbacoas-gas-q-2200\/#breadcrumb","itemListElement":[{"@type":"ListItem","position":1,"name":"Home","item":"https:\/\/www.erresse-shop.it\/es\/"},{"@type":"ListItem","position":2,"name":"Shop","item":"https:\/\/www.erresse-shop.it\/es\/shop\/"},{"@type":"ListItem","position":3,"name":"WEBER Barbacoas Gas Q 2200"}]},{"@type":"WebSite","@id":"https:\/\/www.erresse-shop.it\/es\/#website","url":"https:\/\/www.erresse-shop.it\/es\/","name":"Erresse Shop","description":"Articoli di qualit\u00e0 per la casa","potentialAction":[{"@type":"SearchAction","target":{"@type":"EntryPoint","urlTemplate":"https:\/\/www.erresse-shop.it\/es\/?s={search_term_string}"},"query-input":"required name=search_term_string"}],"inLanguage":"es"}]}},"df_price":439,"df_sale_price":439,"df_regular_price":549,"df_image_link":"https:\/\/www.erresse-shop.it\/wp-content\/uploads\/2023\/09\/WEBER-Barbecue-a-Gas-Q-2200-300x300.jpg","_links":{"self":[{"href":"https:\/\/www.erresse-shop.it\/es\/wp-json\/wp\/v2\/product\/327095"}],"collection":[{"href":"https:\/\/www.erresse-shop.it\/es\/wp-json\/wp\/v2\/product"}],"about":[{"href":"https:\/\/www.erresse-shop.it\/es\/wp-json\/wp\/v2\/types\/product"}],"wp:featuredmedia":[{"embeddable":true,"href":"https:\/\/www.erresse-shop.it\/es\/wp-json\/wp\/v2\/media\/327130"}],"wp:attachment":[{"href":"https:\/\/www.erresse-shop.it\/es\/wp-json\/wp\/v2\/media?parent=327095"}],"wp:term":[{"taxonomy":"product_cat","embeddable":true,"href":"https:\/\/www.erresse-shop.it\/es\/wp-json\/wp\/v2\/product_cat?post=327095"},{"taxonomy":"product_tag","embeddable":true,"href":"https:\/\/www.erresse-shop.it\/es\/wp-json\/wp\/v2\/product_tag?post=327095"}],"curies":[{"name":"wp","href":"https:\/\/api.w.org\/{rel}","templated":true}]}}