{"id":327070,"date":"2023-09-13T09:40:11","date_gmt":"2023-09-13T09:40:16","guid":{"rendered":"https:\/\/www.erresse-shop.it\/?post_type=product&#038;p=327070"},"modified":"2023-09-13T09:57:25","modified_gmt":"2023-09-13T09:57:25","slug":"coravin-aguja-y-pico-para-timeless-eleven","status":"publish","type":"product","link":"https:\/\/www.erresse-shop.it\/es\/shop\/tabla\/vino\/aireadores\/coravin-aguja-y-pico-para-timeless-eleven\/","title":{"rendered":"CORAVIN Aguja y Pico para Timeless Eleven"},"content":{"rendered":"<p>Las agujas <strong>Timeless Eleven<\/strong> est\u00e1n especialmente dise\u00f1adas para permitir que el vino y el gas arg\u00f3n fluyan simult\u00e1neamente.<br \/>\nLa aguja de mezcla r\u00e1pida Timeless Eleven permite que el vino se vierta a una velocidad un 15% m\u00e1s r\u00e1pida que la aguja Timeless Eleven est\u00e1ndar. Este kit incluye todas las piezas del sistema Timeless Eleven que entran en contacto con el vino, por lo que resulta f\u00e1cil y c\u00f3modo sustituirlas cuando sea necesario.<\/p>\n<p><strong>Contenido del paquete:<\/strong><\/p>\n<ul>\n<li>Aguja de mezcla r\u00e1pida Timeless Eleven<\/li>\n<li>Pitorro met\u00e1lico,<\/li>\n<li>Limpiador para eliminar las part\u00edculas de corcho si la aguja Timeless Eleven se obstruye<\/li>\n<\/ul>\n","protected":false},"excerpt":{"rendered":"<p>Las agujas Timeless Eleven est\u00e1n especialmente dise\u00f1adas para permitir que el vino y el gas arg\u00f3n fluyan simult\u00e1neamente. La aguja<\/p>\n","protected":false},"featured_media":327092,"template":"","meta":{"_acf_changed":false,"inline_featured_image":false},"product_cat":[25984,16027,16051],"product_tag":[25039,24399,25023,16887,23684],"acf":[],"yoast_head":"<!-- This site is optimized with the Yoast SEO Premium plugin v18.6 (Yoast SEO v19.13) - https:\/\/yoast.com\/wordpress\/plugins\/seo\/ -->\n<title>CORAVIN Aguja y Pico para Timeless Eleven - Erresse Shop<\/title>\n<meta name=\"description\" content=\"Las agujas Timeless Eleven est\u00e1n especialmente dise\u00f1adas para permitir que el vino y el gas arg\u00f3n fluyan simult\u00e1neamente. La aguja de mezcla r\u00e1pida\" \/>\n<meta name=\"robots\" content=\"index, follow, max-snippet:-1, max-image-preview:large, max-video-preview:-1\" \/>\n<link rel=\"canonical\" href=\"https:\/\/www.erresse-shop.it\/es\/shop\/tabla\/vino\/aireadores\/coravin-aguja-y-pico-para-timeless-eleven\/\" \/>\n<meta property=\"og:locale\" content=\"es_ES\" \/>\n<meta property=\"og:type\" content=\"article\" \/>\n<meta property=\"og:title\" content=\"CORAVIN Aguja y Pico para Timeless Eleven\" \/>\n<meta property=\"og:description\" content=\"Las agujas Timeless Eleven est\u00e1n especialmente dise\u00f1adas para permitir que el vino y el gas arg\u00f3n fluyan simult\u00e1neamente. La aguja de mezcla r\u00e1pida\" \/>\n<meta property=\"og:url\" content=\"https:\/\/www.erresse-shop.it\/es\/shop\/tabla\/vino\/aireadores\/coravin-aguja-y-pico-para-timeless-eleven\/\" \/>\n<meta property=\"og:site_name\" content=\"Erresse Shop\" \/>\n<meta property=\"article:modified_time\" content=\"2023-09-13T09:57:25+00:00\" \/>\n<meta property=\"og:image\" content=\"https:\/\/www.erresse-shop.it\/wp-content\/uploads\/2023\/09\/CORAVIN-Ago-e-Beccuccio-per-Timeless-Eleven.jpg\" \/>\n\t<meta property=\"og:image:width\" content=\"800\" \/>\n\t<meta property=\"og:image:height\" content=\"800\" \/>\n\t<meta property=\"og:image:type\" content=\"image\/jpeg\" \/>\n<meta name=\"twitter:card\" content=\"summary_large_image\" \/>\n<script type=\"application\/ld+json\" class=\"yoast-schema-graph\">{\"@context\":\"https:\/\/schema.org\",\"@graph\":[{\"@type\":\"WebPage\",\"@id\":\"https:\/\/www.erresse-shop.it\/es\/shop\/tabla\/vino\/aireadores\/coravin-aguja-y-pico-para-timeless-eleven\/\",\"url\":\"https:\/\/www.erresse-shop.it\/es\/shop\/tabla\/vino\/aireadores\/coravin-aguja-y-pico-para-timeless-eleven\/\",\"name\":\"CORAVIN Aguja y Pico para Timeless Eleven - Erresse Shop\",\"isPartOf\":{\"@id\":\"https:\/\/www.erresse-shop.it\/es\/#website\"},\"datePublished\":\"2023-09-13T09:40:16+00:00\",\"dateModified\":\"2023-09-13T09:57:25+00:00\",\"description\":\"Las agujas Timeless Eleven est\u00e1n especialmente dise\u00f1adas para permitir que el vino y el gas arg\u00f3n fluyan simult\u00e1neamente. La aguja de mezcla r\u00e1pida\",\"breadcrumb\":{\"@id\":\"https:\/\/www.erresse-shop.it\/es\/shop\/tabla\/vino\/aireadores\/coravin-aguja-y-pico-para-timeless-eleven\/#breadcrumb\"},\"inLanguage\":\"es\",\"potentialAction\":[{\"@type\":\"ReadAction\",\"target\":[\"https:\/\/www.erresse-shop.it\/es\/shop\/tabla\/vino\/aireadores\/coravin-aguja-y-pico-para-timeless-eleven\/\"]}]},{\"@type\":\"BreadcrumbList\",\"@id\":\"https:\/\/www.erresse-shop.it\/es\/shop\/tabla\/vino\/aireadores\/coravin-aguja-y-pico-para-timeless-eleven\/#breadcrumb\",\"itemListElement\":[{\"@type\":\"ListItem\",\"position\":1,\"name\":\"Home\",\"item\":\"https:\/\/www.erresse-shop.it\/es\/\"},{\"@type\":\"ListItem\",\"position\":2,\"name\":\"Shop\",\"item\":\"https:\/\/www.erresse-shop.it\/es\/shop\/\"},{\"@type\":\"ListItem\",\"position\":3,\"name\":\"CORAVIN Aguja y Pico para Timeless Eleven\"}]},{\"@type\":\"WebSite\",\"@id\":\"https:\/\/www.erresse-shop.it\/es\/#website\",\"url\":\"https:\/\/www.erresse-shop.it\/es\/\",\"name\":\"Erresse Shop\",\"description\":\"Articoli di qualit\u00e0 per la casa\",\"potentialAction\":[{\"@type\":\"SearchAction\",\"target\":{\"@type\":\"EntryPoint\",\"urlTemplate\":\"https:\/\/www.erresse-shop.it\/es\/?s={search_term_string}\"},\"query-input\":\"required name=search_term_string\"}],\"inLanguage\":\"es\"}]}<\/script>\n<!-- \/ Yoast SEO Premium plugin. -->","yoast_head_json":{"title":"CORAVIN Aguja y Pico para Timeless Eleven - Erresse Shop","description":"Las agujas Timeless Eleven est\u00e1n especialmente dise\u00f1adas para permitir que el vino y el gas arg\u00f3n fluyan simult\u00e1neamente. La aguja de mezcla r\u00e1pida","robots":{"index":"index","follow":"follow","max-snippet":"max-snippet:-1","max-image-preview":"max-image-preview:large","max-video-preview":"max-video-preview:-1"},"canonical":"https:\/\/www.erresse-shop.it\/es\/shop\/tabla\/vino\/aireadores\/coravin-aguja-y-pico-para-timeless-eleven\/","og_locale":"es_ES","og_type":"article","og_title":"CORAVIN Aguja y Pico para Timeless Eleven","og_description":"Las agujas Timeless Eleven est\u00e1n especialmente dise\u00f1adas para permitir que el vino y el gas arg\u00f3n fluyan simult\u00e1neamente. La aguja de mezcla r\u00e1pida","og_url":"https:\/\/www.erresse-shop.it\/es\/shop\/tabla\/vino\/aireadores\/coravin-aguja-y-pico-para-timeless-eleven\/","og_site_name":"Erresse Shop","article_modified_time":"2023-09-13T09:57:25+00:00","og_image":[{"width":800,"height":800,"url":"https:\/\/www.erresse-shop.it\/wp-content\/uploads\/2023\/09\/CORAVIN-Ago-e-Beccuccio-per-Timeless-Eleven.jpg","type":"image\/jpeg"}],"twitter_card":"summary_large_image","schema":{"@context":"https:\/\/schema.org","@graph":[{"@type":"WebPage","@id":"https:\/\/www.erresse-shop.it\/es\/shop\/tabla\/vino\/aireadores\/coravin-aguja-y-pico-para-timeless-eleven\/","url":"https:\/\/www.erresse-shop.it\/es\/shop\/tabla\/vino\/aireadores\/coravin-aguja-y-pico-para-timeless-eleven\/","name":"CORAVIN Aguja y Pico para Timeless Eleven - Erresse Shop","isPartOf":{"@id":"https:\/\/www.erresse-shop.it\/es\/#website"},"datePublished":"2023-09-13T09:40:16+00:00","dateModified":"2023-09-13T09:57:25+00:00","description":"Las agujas Timeless Eleven est\u00e1n especialmente dise\u00f1adas para permitir que el vino y el gas arg\u00f3n fluyan simult\u00e1neamente. La aguja de mezcla r\u00e1pida","breadcrumb":{"@id":"https:\/\/www.erresse-shop.it\/es\/shop\/tabla\/vino\/aireadores\/coravin-aguja-y-pico-para-timeless-eleven\/#breadcrumb"},"inLanguage":"es","potentialAction":[{"@type":"ReadAction","target":["https:\/\/www.erresse-shop.it\/es\/shop\/tabla\/vino\/aireadores\/coravin-aguja-y-pico-para-timeless-eleven\/"]}]},{"@type":"BreadcrumbList","@id":"https:\/\/www.erresse-shop.it\/es\/shop\/tabla\/vino\/aireadores\/coravin-aguja-y-pico-para-timeless-eleven\/#breadcrumb","itemListElement":[{"@type":"ListItem","position":1,"name":"Home","item":"https:\/\/www.erresse-shop.it\/es\/"},{"@type":"ListItem","position":2,"name":"Shop","item":"https:\/\/www.erresse-shop.it\/es\/shop\/"},{"@type":"ListItem","position":3,"name":"CORAVIN Aguja y Pico para Timeless Eleven"}]},{"@type":"WebSite","@id":"https:\/\/www.erresse-shop.it\/es\/#website","url":"https:\/\/www.erresse-shop.it\/es\/","name":"Erresse Shop","description":"Articoli di qualit\u00e0 per la casa","potentialAction":[{"@type":"SearchAction","target":{"@type":"EntryPoint","urlTemplate":"https:\/\/www.erresse-shop.it\/es\/?s={search_term_string}"},"query-input":"required name=search_term_string"}],"inLanguage":"es"}]}},"df_price":69.92999999999999,"df_sale_price":69.92999999999999,"df_regular_price":99.9,"df_image_link":"https:\/\/www.erresse-shop.it\/wp-content\/uploads\/2023\/09\/CORAVIN-Ago-e-Beccuccio-per-Timeless-Eleven-300x300.jpg","_links":{"self":[{"href":"https:\/\/www.erresse-shop.it\/es\/wp-json\/wp\/v2\/product\/327070"}],"collection":[{"href":"https:\/\/www.erresse-shop.it\/es\/wp-json\/wp\/v2\/product"}],"about":[{"href":"https:\/\/www.erresse-shop.it\/es\/wp-json\/wp\/v2\/types\/product"}],"wp:featuredmedia":[{"embeddable":true,"href":"https:\/\/www.erresse-shop.it\/es\/wp-json\/wp\/v2\/media\/327092"}],"wp:attachment":[{"href":"https:\/\/www.erresse-shop.it\/es\/wp-json\/wp\/v2\/media?parent=327070"}],"wp:term":[{"taxonomy":"product_cat","embeddable":true,"href":"https:\/\/www.erresse-shop.it\/es\/wp-json\/wp\/v2\/product_cat?post=327070"},{"taxonomy":"product_tag","embeddable":true,"href":"https:\/\/www.erresse-shop.it\/es\/wp-json\/wp\/v2\/product_tag?post=327070"}],"curies":[{"name":"wp","href":"https:\/\/api.w.org\/{rel}","templated":true}]}}