{"id":310375,"date":"2019-06-21T12:43:39","date_gmt":"2019-06-21T12:43:39","guid":{"rendered":"https:\/\/www.erresse-shop.it\/shop\/sin%20categor\u00eda\/wmf-juego-de-cubiertos-denver-60-piezas\/"},"modified":"2024-04-28T13:55:23","modified_gmt":"2024-04-28T13:55:23","slug":"wmf-juego-de-cubiertos-denver-60-piezas","status":"publish","type":"product","link":"https:\/\/www.erresse-shop.it\/es\/shop\/tabla\/cubiertos\/wmf-juego-de-cubiertos-denver-60-piezas\/","title":{"rendered":"WMF Juego de Cubiertos Denver 60 piezas"},"content":{"rendered":"<p><strong>Cuberter\u00eda Denver: en\u00e9rgica y contempor\u00e1nea<\/strong><\/p>\n<p>Haga que cada experiencia culinaria sea cautivadora. Con la cuberter\u00eda Denver de WMF, las superficies pulidas se unen a las puntas anchas y las l\u00edneas afiladas. El dise\u00f1o potente pero atemporal est\u00e1 fabricado en acero inoxidable 18\/10 Cromargan\u00ae de alta calidad para una durabilidad excepcional con una est\u00e9tica exquisita que nunca deja de impresionar. Elaborado con esmero por expertos, este juego de cubiertos ergon\u00f3micos se adapta perfectamente a cualquier mano y est\u00e1 fabricado con toda la habilidad y el saber hacer que han dado fama a la marca WMF. Los cuchillos se forjan a partir de una sola pieza de acero y luego se templan. Adem\u00e1s, est\u00e1n equipados con un filo dentado especialmente dise\u00f1ado, que garantiza un afilado duradero y un corte perfecto. Aptos para el lavavajillas para una limpieza r\u00e1pida y f\u00e1cil, el juego se presenta en un atractivo envase para un almacenamiento seguro y c\u00f3modo.<\/p>\n<p><strong>En\u00e9rgica y contempor\u00e1nea<\/strong><br \/>\nLa cuberter\u00eda Denver de WMF ofrece un atractivo atemporal y una fuerte presencia a trav\u00e9s de superficies pulidas, extremos anchos y l\u00edneas afiladas. El resultado es una cuberter\u00eda extraordinaria que convierte cada mesa en una experiencia gastron\u00f3mica cautivadora.<\/p>\n<p><strong>Aspecto y tacto premium<\/strong><br \/>\nUna delicia para el uso diario, la cuberter\u00eda WMF combina un dise\u00f1o \u00fanico con la m\u00e1s alta calidad. Cada pieza ofrece un tacto agradable y ergon\u00f3mico que se adapta perfectamente a cualquier mano.<\/p>\n<p><strong>Cromargan\u00ae.<\/strong><br \/>\nDe acero inoxidable Cromargan\u00ae 18\/10, un material robusto y elegante para una durabilidad e higiene excepcionales, apto para el lavavajillas, no desti\u00f1e, de f\u00e1cil cuidado, ins\u00edpido y resistente a los \u00e1cidos alimentarios.<\/p>\n<p><strong>Apto para lavavajillas<\/strong><br \/>\nFabricados con la m\u00e1xima calidad, todos los art\u00edculos se elaboran cuidadosamente para que puedan lavarse en el lavavajillas sin torcerse.<\/p>\n<p><strong>Cuchillos forjados<\/strong><br \/>\nLos cuchillos se forjan a partir de una sola pieza de acero inoxidable y luego se templan. Tambi\u00e9n tienen un filo dentado especialmente dise\u00f1ado que garantiza un afilado \u00f3ptimo y una larga vida \u00fatil.<\/p>\n<p><strong>Contenido:<\/strong><\/p>\n<ul>\n<li>12 cuchillos de mesa<\/li>\n<li>12 tenedores de mesa<\/li>\n<li>12 Cucharas de mesa<\/li>\n<li>12 Cucharas<\/li>\n<li>12 Tenedores de fruta<\/li>\n<\/ul>\n","protected":false},"excerpt":{"rendered":"<p>Cuberter\u00eda Denver: en\u00e9rgica y contempor\u00e1nea Haga que cada experiencia culinaria sea cautivadora. Con la cuberter\u00eda Denver de WMF, las superficies<\/p>\n","protected":false},"featured_media":310358,"template":"","meta":{"_acf_changed":false,"inline_featured_image":false},"product_cat":[16033,16027],"product_tag":[24425],"acf":[],"yoast_head":"<!-- This site is optimized with the Yoast SEO Premium plugin v18.6 (Yoast SEO v19.13) - https:\/\/yoast.com\/wordpress\/plugins\/seo\/ -->\n<title>WMF Juego de Cubiertos Denver 60 piezas - Erresse Shop<\/title>\n<meta name=\"description\" content=\"Cuberter\u00eda Denver: en\u00e9rgica y contempor\u00e1nea Haga que cada experiencia culinaria sea cautivadora. Con la cuberter\u00eda Denver de WMF, las superficies pulidas\" \/>\n<meta name=\"robots\" content=\"index, follow, max-snippet:-1, max-image-preview:large, max-video-preview:-1\" \/>\n<link rel=\"canonical\" href=\"https:\/\/www.erresse-shop.it\/es\/shop\/tabla\/cubiertos\/wmf-juego-de-cubiertos-denver-60-piezas\/\" \/>\n<meta property=\"og:locale\" content=\"es_ES\" \/>\n<meta property=\"og:type\" content=\"article\" \/>\n<meta property=\"og:title\" content=\"WMF Juego de Cubiertos Denver 60 piezas\" \/>\n<meta property=\"og:description\" content=\"Cuberter\u00eda Denver: en\u00e9rgica y contempor\u00e1nea Haga que cada experiencia culinaria sea cautivadora. Con la cuberter\u00eda Denver de WMF, las superficies pulidas\" \/>\n<meta property=\"og:url\" content=\"https:\/\/www.erresse-shop.it\/es\/shop\/tabla\/cubiertos\/wmf-juego-de-cubiertos-denver-60-piezas\/\" \/>\n<meta property=\"og:site_name\" content=\"Erresse Shop\" \/>\n<meta property=\"article:modified_time\" content=\"2024-04-28T13:55:23+00:00\" \/>\n<meta property=\"og:image\" content=\"https:\/\/www.erresse-shop.it\/wp-content\/uploads\/2019\/06\/WMF-Set-Posate-Denver-60-Pezzi.jpg\" \/>\n\t<meta property=\"og:image:width\" content=\"800\" \/>\n\t<meta property=\"og:image:height\" content=\"800\" \/>\n\t<meta property=\"og:image:type\" content=\"image\/jpeg\" \/>\n<meta name=\"twitter:card\" content=\"summary_large_image\" \/>\n<script type=\"application\/ld+json\" class=\"yoast-schema-graph\">{\"@context\":\"https:\/\/schema.org\",\"@graph\":[{\"@type\":\"WebPage\",\"@id\":\"https:\/\/www.erresse-shop.it\/es\/shop\/tabla\/cubiertos\/wmf-juego-de-cubiertos-denver-60-piezas\/\",\"url\":\"https:\/\/www.erresse-shop.it\/es\/shop\/tabla\/cubiertos\/wmf-juego-de-cubiertos-denver-60-piezas\/\",\"name\":\"WMF Juego de Cubiertos Denver 60 piezas - Erresse Shop\",\"isPartOf\":{\"@id\":\"https:\/\/www.erresse-shop.it\/es\/#website\"},\"datePublished\":\"2019-06-21T12:43:39+00:00\",\"dateModified\":\"2024-04-28T13:55:23+00:00\",\"description\":\"Cuberter\u00eda Denver: en\u00e9rgica y contempor\u00e1nea Haga que cada experiencia culinaria sea cautivadora. Con la cuberter\u00eda Denver de WMF, las superficies pulidas\",\"breadcrumb\":{\"@id\":\"https:\/\/www.erresse-shop.it\/es\/shop\/tabla\/cubiertos\/wmf-juego-de-cubiertos-denver-60-piezas\/#breadcrumb\"},\"inLanguage\":\"es\",\"potentialAction\":[{\"@type\":\"ReadAction\",\"target\":[\"https:\/\/www.erresse-shop.it\/es\/shop\/tabla\/cubiertos\/wmf-juego-de-cubiertos-denver-60-piezas\/\"]}]},{\"@type\":\"BreadcrumbList\",\"@id\":\"https:\/\/www.erresse-shop.it\/es\/shop\/tabla\/cubiertos\/wmf-juego-de-cubiertos-denver-60-piezas\/#breadcrumb\",\"itemListElement\":[{\"@type\":\"ListItem\",\"position\":1,\"name\":\"Home\",\"item\":\"https:\/\/www.erresse-shop.it\/es\/\"},{\"@type\":\"ListItem\",\"position\":2,\"name\":\"Shop\",\"item\":\"https:\/\/www.erresse-shop.it\/es\/shop\/\"},{\"@type\":\"ListItem\",\"position\":3,\"name\":\"WMF Juego de Cubiertos Denver 60 piezas\"}]},{\"@type\":\"WebSite\",\"@id\":\"https:\/\/www.erresse-shop.it\/es\/#website\",\"url\":\"https:\/\/www.erresse-shop.it\/es\/\",\"name\":\"Erresse Shop\",\"description\":\"Articoli di qualit\u00e0 per la casa\",\"potentialAction\":[{\"@type\":\"SearchAction\",\"target\":{\"@type\":\"EntryPoint\",\"urlTemplate\":\"https:\/\/www.erresse-shop.it\/es\/?s={search_term_string}\"},\"query-input\":\"required name=search_term_string\"}],\"inLanguage\":\"es\"}]}<\/script>\n<!-- \/ Yoast SEO Premium plugin. -->","yoast_head_json":{"title":"WMF Juego de Cubiertos Denver 60 piezas - Erresse Shop","description":"Cuberter\u00eda Denver: en\u00e9rgica y contempor\u00e1nea Haga que cada experiencia culinaria sea cautivadora. Con la cuberter\u00eda Denver de WMF, las superficies pulidas","robots":{"index":"index","follow":"follow","max-snippet":"max-snippet:-1","max-image-preview":"max-image-preview:large","max-video-preview":"max-video-preview:-1"},"canonical":"https:\/\/www.erresse-shop.it\/es\/shop\/tabla\/cubiertos\/wmf-juego-de-cubiertos-denver-60-piezas\/","og_locale":"es_ES","og_type":"article","og_title":"WMF Juego de Cubiertos Denver 60 piezas","og_description":"Cuberter\u00eda Denver: en\u00e9rgica y contempor\u00e1nea Haga que cada experiencia culinaria sea cautivadora. Con la cuberter\u00eda Denver de WMF, las superficies pulidas","og_url":"https:\/\/www.erresse-shop.it\/es\/shop\/tabla\/cubiertos\/wmf-juego-de-cubiertos-denver-60-piezas\/","og_site_name":"Erresse Shop","article_modified_time":"2024-04-28T13:55:23+00:00","og_image":[{"width":800,"height":800,"url":"https:\/\/www.erresse-shop.it\/wp-content\/uploads\/2019\/06\/WMF-Set-Posate-Denver-60-Pezzi.jpg","type":"image\/jpeg"}],"twitter_card":"summary_large_image","schema":{"@context":"https:\/\/schema.org","@graph":[{"@type":"WebPage","@id":"https:\/\/www.erresse-shop.it\/es\/shop\/tabla\/cubiertos\/wmf-juego-de-cubiertos-denver-60-piezas\/","url":"https:\/\/www.erresse-shop.it\/es\/shop\/tabla\/cubiertos\/wmf-juego-de-cubiertos-denver-60-piezas\/","name":"WMF Juego de Cubiertos Denver 60 piezas - Erresse Shop","isPartOf":{"@id":"https:\/\/www.erresse-shop.it\/es\/#website"},"datePublished":"2019-06-21T12:43:39+00:00","dateModified":"2024-04-28T13:55:23+00:00","description":"Cuberter\u00eda Denver: en\u00e9rgica y contempor\u00e1nea Haga que cada experiencia culinaria sea cautivadora. Con la cuberter\u00eda Denver de WMF, las superficies pulidas","breadcrumb":{"@id":"https:\/\/www.erresse-shop.it\/es\/shop\/tabla\/cubiertos\/wmf-juego-de-cubiertos-denver-60-piezas\/#breadcrumb"},"inLanguage":"es","potentialAction":[{"@type":"ReadAction","target":["https:\/\/www.erresse-shop.it\/es\/shop\/tabla\/cubiertos\/wmf-juego-de-cubiertos-denver-60-piezas\/"]}]},{"@type":"BreadcrumbList","@id":"https:\/\/www.erresse-shop.it\/es\/shop\/tabla\/cubiertos\/wmf-juego-de-cubiertos-denver-60-piezas\/#breadcrumb","itemListElement":[{"@type":"ListItem","position":1,"name":"Home","item":"https:\/\/www.erresse-shop.it\/es\/"},{"@type":"ListItem","position":2,"name":"Shop","item":"https:\/\/www.erresse-shop.it\/es\/shop\/"},{"@type":"ListItem","position":3,"name":"WMF Juego de Cubiertos Denver 60 piezas"}]},{"@type":"WebSite","@id":"https:\/\/www.erresse-shop.it\/es\/#website","url":"https:\/\/www.erresse-shop.it\/es\/","name":"Erresse Shop","description":"Articoli di qualit\u00e0 per la casa","potentialAction":[{"@type":"SearchAction","target":{"@type":"EntryPoint","urlTemplate":"https:\/\/www.erresse-shop.it\/es\/?s={search_term_string}"},"query-input":"required name=search_term_string"}],"inLanguage":"es"}]}},"df_price":182.7,"df_sale_price":182.7,"df_regular_price":290,"df_image_link":"https:\/\/www.erresse-shop.it\/wp-content\/uploads\/2019\/06\/WMF-Set-Posate-Denver-60-Pezzi-300x300.jpg","_links":{"self":[{"href":"https:\/\/www.erresse-shop.it\/es\/wp-json\/wp\/v2\/product\/310375"}],"collection":[{"href":"https:\/\/www.erresse-shop.it\/es\/wp-json\/wp\/v2\/product"}],"about":[{"href":"https:\/\/www.erresse-shop.it\/es\/wp-json\/wp\/v2\/types\/product"}],"wp:featuredmedia":[{"embeddable":true,"href":"https:\/\/www.erresse-shop.it\/es\/wp-json\/wp\/v2\/media\/310358"}],"wp:attachment":[{"href":"https:\/\/www.erresse-shop.it\/es\/wp-json\/wp\/v2\/media?parent=310375"}],"wp:term":[{"taxonomy":"product_cat","embeddable":true,"href":"https:\/\/www.erresse-shop.it\/es\/wp-json\/wp\/v2\/product_cat?post=310375"},{"taxonomy":"product_tag","embeddable":true,"href":"https:\/\/www.erresse-shop.it\/es\/wp-json\/wp\/v2\/product_tag?post=310375"}],"curies":[{"name":"wp","href":"https:\/\/api.w.org\/{rel}","templated":true}]}}