{"id":300268,"date":"2023-08-07T14:10:32","date_gmt":"2023-08-07T14:10:36","guid":{"rendered":"https:\/\/www.erresse-shop.it\/?post_type=product&#038;p=300268"},"modified":"2023-08-07T14:20:16","modified_gmt":"2023-08-07T14:20:16","slug":"united-pets-milano-seletti-cuenco-new-york-300-ml","status":"publish","type":"product","link":"https:\/\/www.erresse-shop.it\/es\/shop\/cocina\/united-pets-milano-seletti-cuenco-new-york-300-ml\/","title":{"rendered":"UNITED PETS MILANO &#8211; SELETTI Cuenco New York 300 ml"},"content":{"rendered":"<p>Bol de cer\u00e1mica pulida. La cer\u00e1mica es un material higi\u00e9nico, f\u00e1cil de limpiar y que no absorbe los olores de los alimentos. El peso del cuenco lo hace extremadamente estable.<br \/>\nSeletti y United Pets unen sus fuerzas para crear una revolucionaria colecci\u00f3n dedicada a los amigos de cuatro patas. Alfombrilla para perrera y colchoneta, cuenco y colchoneta en cuatro originales dise\u00f1os: Maldives, Les Alpes, New York, DoggyMood.<br \/>\n\u00bfCu\u00e1l es tu favorito?<\/p>\n<p>Apto para lavavajillas<\/p>\n","protected":false},"excerpt":{"rendered":"<p>Bol de cer\u00e1mica pulida. La cer\u00e1mica es un material higi\u00e9nico, f\u00e1cil de limpiar y que no absorbe los olores de<\/p>\n","protected":false},"featured_media":504562,"template":"","meta":{"_acf_changed":false,"inline_featured_image":false},"product_cat":[16040],"product_tag":[23912,23692,16368,25023],"acf":[],"yoast_head":"<!-- This site is optimized with the Yoast SEO Premium plugin v18.6 (Yoast SEO v19.13) - https:\/\/yoast.com\/wordpress\/plugins\/seo\/ -->\n<title>UNITED PETS MILANO - SELETTI Cuenco New York 300 ml - Erresse Shop<\/title>\n<meta name=\"description\" content=\"Bol de cer\u00e1mica pulida. La cer\u00e1mica es un material higi\u00e9nico, f\u00e1cil de limpiar y que no absorbe los olores de los alimentos. El peso del cuenco lo hace\" \/>\n<meta name=\"robots\" content=\"index, follow, max-snippet:-1, max-image-preview:large, max-video-preview:-1\" \/>\n<link rel=\"canonical\" href=\"https:\/\/www.erresse-shop.it\/es\/shop\/cocina\/united-pets-milano-seletti-cuenco-new-york-300-ml\/\" \/>\n<meta property=\"og:locale\" content=\"es_ES\" \/>\n<meta property=\"og:type\" content=\"article\" \/>\n<meta property=\"og:title\" content=\"UNITED PETS MILANO - SELETTI Cuenco New York 300 ml\" \/>\n<meta property=\"og:description\" content=\"Bol de cer\u00e1mica pulida. La cer\u00e1mica es un material higi\u00e9nico, f\u00e1cil de limpiar y que no absorbe los olores de los alimentos. El peso del cuenco lo hace\" \/>\n<meta property=\"og:url\" content=\"https:\/\/www.erresse-shop.it\/es\/shop\/cocina\/united-pets-milano-seletti-cuenco-new-york-300-ml\/\" \/>\n<meta property=\"og:site_name\" content=\"Erresse Shop\" \/>\n<meta property=\"article:modified_time\" content=\"2023-08-07T14:20:16+00:00\" \/>\n<meta property=\"og:image\" content=\"https:\/\/www.erresse-shop.it\/wp-content\/uploads\/2023\/08\/UNITED-PETS-MILANO-SELETTI-Ciotola-New-York-300-ml.jpg\" \/>\n\t<meta property=\"og:image:width\" content=\"800\" \/>\n\t<meta property=\"og:image:height\" content=\"800\" \/>\n\t<meta property=\"og:image:type\" content=\"image\/jpeg\" \/>\n<meta name=\"twitter:card\" content=\"summary_large_image\" \/>\n<script type=\"application\/ld+json\" class=\"yoast-schema-graph\">{\"@context\":\"https:\/\/schema.org\",\"@graph\":[{\"@type\":\"WebPage\",\"@id\":\"https:\/\/www.erresse-shop.it\/es\/shop\/cocina\/united-pets-milano-seletti-cuenco-new-york-300-ml\/\",\"url\":\"https:\/\/www.erresse-shop.it\/es\/shop\/cocina\/united-pets-milano-seletti-cuenco-new-york-300-ml\/\",\"name\":\"UNITED PETS MILANO - SELETTI Cuenco New York 300 ml - Erresse Shop\",\"isPartOf\":{\"@id\":\"https:\/\/www.erresse-shop.it\/es\/#website\"},\"datePublished\":\"2023-08-07T14:10:36+00:00\",\"dateModified\":\"2023-08-07T14:20:16+00:00\",\"description\":\"Bol de cer\u00e1mica pulida. La cer\u00e1mica es un material higi\u00e9nico, f\u00e1cil de limpiar y que no absorbe los olores de los alimentos. El peso del cuenco lo hace\",\"breadcrumb\":{\"@id\":\"https:\/\/www.erresse-shop.it\/es\/shop\/cocina\/united-pets-milano-seletti-cuenco-new-york-300-ml\/#breadcrumb\"},\"inLanguage\":\"es\",\"potentialAction\":[{\"@type\":\"ReadAction\",\"target\":[\"https:\/\/www.erresse-shop.it\/es\/shop\/cocina\/united-pets-milano-seletti-cuenco-new-york-300-ml\/\"]}]},{\"@type\":\"BreadcrumbList\",\"@id\":\"https:\/\/www.erresse-shop.it\/es\/shop\/cocina\/united-pets-milano-seletti-cuenco-new-york-300-ml\/#breadcrumb\",\"itemListElement\":[{\"@type\":\"ListItem\",\"position\":1,\"name\":\"Home\",\"item\":\"https:\/\/www.erresse-shop.it\/es\/\"},{\"@type\":\"ListItem\",\"position\":2,\"name\":\"Shop\",\"item\":\"https:\/\/www.erresse-shop.it\/es\/shop\/\"},{\"@type\":\"ListItem\",\"position\":3,\"name\":\"UNITED PETS MILANO &#8211; SELETTI Cuenco New York 300 ml\"}]},{\"@type\":\"WebSite\",\"@id\":\"https:\/\/www.erresse-shop.it\/es\/#website\",\"url\":\"https:\/\/www.erresse-shop.it\/es\/\",\"name\":\"Erresse Shop\",\"description\":\"Articoli di qualit\u00e0 per la casa\",\"potentialAction\":[{\"@type\":\"SearchAction\",\"target\":{\"@type\":\"EntryPoint\",\"urlTemplate\":\"https:\/\/www.erresse-shop.it\/es\/?s={search_term_string}\"},\"query-input\":\"required name=search_term_string\"}],\"inLanguage\":\"es\"}]}<\/script>\n<!-- \/ Yoast SEO Premium plugin. -->","yoast_head_json":{"title":"UNITED PETS MILANO - SELETTI Cuenco New York 300 ml - Erresse Shop","description":"Bol de cer\u00e1mica pulida. La cer\u00e1mica es un material higi\u00e9nico, f\u00e1cil de limpiar y que no absorbe los olores de los alimentos. El peso del cuenco lo hace","robots":{"index":"index","follow":"follow","max-snippet":"max-snippet:-1","max-image-preview":"max-image-preview:large","max-video-preview":"max-video-preview:-1"},"canonical":"https:\/\/www.erresse-shop.it\/es\/shop\/cocina\/united-pets-milano-seletti-cuenco-new-york-300-ml\/","og_locale":"es_ES","og_type":"article","og_title":"UNITED PETS MILANO - SELETTI Cuenco New York 300 ml","og_description":"Bol de cer\u00e1mica pulida. La cer\u00e1mica es un material higi\u00e9nico, f\u00e1cil de limpiar y que no absorbe los olores de los alimentos. El peso del cuenco lo hace","og_url":"https:\/\/www.erresse-shop.it\/es\/shop\/cocina\/united-pets-milano-seletti-cuenco-new-york-300-ml\/","og_site_name":"Erresse Shop","article_modified_time":"2023-08-07T14:20:16+00:00","og_image":[{"width":800,"height":800,"url":"https:\/\/www.erresse-shop.it\/wp-content\/uploads\/2023\/08\/UNITED-PETS-MILANO-SELETTI-Ciotola-New-York-300-ml.jpg","type":"image\/jpeg"}],"twitter_card":"summary_large_image","schema":{"@context":"https:\/\/schema.org","@graph":[{"@type":"WebPage","@id":"https:\/\/www.erresse-shop.it\/es\/shop\/cocina\/united-pets-milano-seletti-cuenco-new-york-300-ml\/","url":"https:\/\/www.erresse-shop.it\/es\/shop\/cocina\/united-pets-milano-seletti-cuenco-new-york-300-ml\/","name":"UNITED PETS MILANO - SELETTI Cuenco New York 300 ml - Erresse Shop","isPartOf":{"@id":"https:\/\/www.erresse-shop.it\/es\/#website"},"datePublished":"2023-08-07T14:10:36+00:00","dateModified":"2023-08-07T14:20:16+00:00","description":"Bol de cer\u00e1mica pulida. La cer\u00e1mica es un material higi\u00e9nico, f\u00e1cil de limpiar y que no absorbe los olores de los alimentos. El peso del cuenco lo hace","breadcrumb":{"@id":"https:\/\/www.erresse-shop.it\/es\/shop\/cocina\/united-pets-milano-seletti-cuenco-new-york-300-ml\/#breadcrumb"},"inLanguage":"es","potentialAction":[{"@type":"ReadAction","target":["https:\/\/www.erresse-shop.it\/es\/shop\/cocina\/united-pets-milano-seletti-cuenco-new-york-300-ml\/"]}]},{"@type":"BreadcrumbList","@id":"https:\/\/www.erresse-shop.it\/es\/shop\/cocina\/united-pets-milano-seletti-cuenco-new-york-300-ml\/#breadcrumb","itemListElement":[{"@type":"ListItem","position":1,"name":"Home","item":"https:\/\/www.erresse-shop.it\/es\/"},{"@type":"ListItem","position":2,"name":"Shop","item":"https:\/\/www.erresse-shop.it\/es\/shop\/"},{"@type":"ListItem","position":3,"name":"UNITED PETS MILANO &#8211; SELETTI Cuenco New York 300 ml"}]},{"@type":"WebSite","@id":"https:\/\/www.erresse-shop.it\/es\/#website","url":"https:\/\/www.erresse-shop.it\/es\/","name":"Erresse Shop","description":"Articoli di qualit\u00e0 per la casa","potentialAction":[{"@type":"SearchAction","target":{"@type":"EntryPoint","urlTemplate":"https:\/\/www.erresse-shop.it\/es\/?s={search_term_string}"},"query-input":"required name=search_term_string"}],"inLanguage":"es"}]}},"df_price":35,"df_sale_price":35,"df_regular_price":70,"df_image_link":"https:\/\/www.erresse-shop.it\/wp-content\/uploads\/2023\/08\/UNITED-PETS-MILANO-X-SELETTI-Ciotola-New-York-300-ml-300x300.jpg","_links":{"self":[{"href":"https:\/\/www.erresse-shop.it\/es\/wp-json\/wp\/v2\/product\/300268"}],"collection":[{"href":"https:\/\/www.erresse-shop.it\/es\/wp-json\/wp\/v2\/product"}],"about":[{"href":"https:\/\/www.erresse-shop.it\/es\/wp-json\/wp\/v2\/types\/product"}],"wp:featuredmedia":[{"embeddable":true,"href":"https:\/\/www.erresse-shop.it\/es\/wp-json\/wp\/v2\/media\/504562"}],"wp:attachment":[{"href":"https:\/\/www.erresse-shop.it\/es\/wp-json\/wp\/v2\/media?parent=300268"}],"wp:term":[{"taxonomy":"product_cat","embeddable":true,"href":"https:\/\/www.erresse-shop.it\/es\/wp-json\/wp\/v2\/product_cat?post=300268"},{"taxonomy":"product_tag","embeddable":true,"href":"https:\/\/www.erresse-shop.it\/es\/wp-json\/wp\/v2\/product_tag?post=300268"}],"curies":[{"name":"wp","href":"https:\/\/api.w.org\/{rel}","templated":true}]}}