{"id":296211,"date":"2023-07-28T14:47:18","date_gmt":"2023-07-28T14:47:24","guid":{"rendered":"https:\/\/www.erresse-shop.it\/?post_type=product&#038;p=296211"},"modified":"2023-08-07T00:01:39","modified_gmt":"2023-08-07T00:01:39","slug":"g3-ferrari-rosto-58-l-con-asador","status":"publish","type":"product","link":"https:\/\/www.erresse-shop.it\/es\/shop\/pequenos-electrodomesticos\/hornos\/g3-ferrari-rosto-58-l-con-asador\/","title":{"rendered":"G3 FERRARI Rost\u00f2 58 L con Asador"},"content":{"rendered":"<p><strong>ROST\u00d3 58<\/strong> es funcional y al mismo tiempo amplio, con un espacio de cocci\u00f3n de 58 litros. Con la posibilidad de cocinar incluso 2 platos al mismo tiempo en poco tiempo y con un consumo de energ\u00eda limitado, se convierte en un valioso aparato auxiliar. F\u00e1cil de transportar, es \u00fatil en diversas situaciones tanto dentro como fuera de casa, y en la versi\u00f3n ventilada ofrece todas las posibilidades de cocinar alimentos en menos tiempo. La temperatura interna, que puede superar los 300 grados, y la bandeja redonda especial incluida lo hacen especialmente adecuado para cocinar pizza y focaccia. El accesorio para asar y las paredes esmaltadas la convierten pr\u00e1cticamente en &#8220;Full Function&#8221;.<\/p>\n<p><strong>Caracter\u00edsticas t\u00e9cnicas<\/strong><\/p>\n<ul>\n<li>Capacidad: 58 Lt<\/li>\n<li>Ventilaci\u00f3n<\/li>\n<li>L\u00e1mpara interna<\/li>\n<li>Asador<\/li>\n<li>Capacidad para un plato de 41 cm de di\u00e1metro<\/li>\n<li>Doble cristal para aislamiento t\u00e9rmico<\/li>\n<li>Temporizador de 90 minutos con se\u00f1al ac\u00fastica<\/li>\n<li>Termostato regulable de 40\u00b0 a 300\u00b0C<\/li>\n<li>Elementos calefactores de acero blindado<\/li>\n<li>Funciones de cocci\u00f3n: b\u00e1sica, grill, combinada<\/li>\n<li>Indicador luminoso de funcionamiento<\/li>\n<li>F\u00e1cil de limpiar Paredes esmaltadas en el interior<\/li>\n<li>Accesorios: 1 parrilla, 1 bandeja rectangular, 1 bandeja redonda \u00d841cm, 1 juego de asador<\/li>\n<li>Alimentaci\u00f3n: AC 230V ~ 50-60Hz<\/li>\n<li>Potencia: 1800 W<\/li>\n<li>Dimensiones (ancho x alto x fondo): 63 x 41,5 x 49,5 cm<\/li>\n<li>Peso: 18,8 kg<\/li>\n<\/ul>\n<p><strong>No se vende fuera de Europa<\/strong><\/p>\n","protected":false},"excerpt":{"rendered":"<p>ROST\u00d3 58 es funcional y al mismo tiempo amplio, con un espacio de cocci\u00f3n de 58 litros. Con la posibilidad<\/p>\n","protected":false},"featured_media":508540,"template":"","meta":{"_acf_changed":false,"inline_featured_image":false},"product_cat":[16079,16073],"product_tag":[23692,16259,16402],"acf":[],"yoast_head":"<!-- This site is optimized with the Yoast SEO Premium plugin v18.6 (Yoast SEO v19.13) - https:\/\/yoast.com\/wordpress\/plugins\/seo\/ -->\n<title>G3 FERRARI Rost\u00f2 58 L con Asador - Erresse Shop<\/title>\n<meta name=\"description\" content=\"ROST\u00d3 58 es funcional y al mismo tiempo amplio, con un espacio de cocci\u00f3n de 58 litros. Con la posibilidad de cocinar incluso 2 platos al mismo tiempo en\" \/>\n<meta name=\"robots\" content=\"index, follow, max-snippet:-1, max-image-preview:large, max-video-preview:-1\" \/>\n<link rel=\"canonical\" href=\"https:\/\/www.erresse-shop.it\/es\/shop\/pequenos-electrodomesticos\/hornos\/g3-ferrari-rosto-58-l-con-asador\/\" \/>\n<meta property=\"og:locale\" content=\"es_ES\" \/>\n<meta property=\"og:type\" content=\"article\" \/>\n<meta property=\"og:title\" content=\"G3 FERRARI Rost\u00f2 58 L con Asador\" \/>\n<meta property=\"og:description\" content=\"ROST\u00d3 58 es funcional y al mismo tiempo amplio, con un espacio de cocci\u00f3n de 58 litros. Con la posibilidad de cocinar incluso 2 platos al mismo tiempo en\" \/>\n<meta property=\"og:url\" content=\"https:\/\/www.erresse-shop.it\/es\/shop\/pequenos-electrodomesticos\/hornos\/g3-ferrari-rosto-58-l-con-asador\/\" \/>\n<meta property=\"og:site_name\" content=\"Erresse Shop\" \/>\n<meta property=\"article:modified_time\" content=\"2023-08-07T00:01:39+00:00\" \/>\n<meta property=\"og:image\" content=\"https:\/\/www.erresse-shop.it\/wp-content\/uploads\/2023\/07\/G3-FERRARI-Rosto\u0300-58-L-con-Girarrosto.jpg\" \/>\n\t<meta property=\"og:image:width\" content=\"800\" \/>\n\t<meta property=\"og:image:height\" content=\"800\" \/>\n\t<meta property=\"og:image:type\" content=\"image\/jpeg\" \/>\n<meta name=\"twitter:card\" content=\"summary_large_image\" \/>\n<script type=\"application\/ld+json\" class=\"yoast-schema-graph\">{\"@context\":\"https:\/\/schema.org\",\"@graph\":[{\"@type\":\"WebPage\",\"@id\":\"https:\/\/www.erresse-shop.it\/es\/shop\/pequenos-electrodomesticos\/hornos\/g3-ferrari-rosto-58-l-con-asador\/\",\"url\":\"https:\/\/www.erresse-shop.it\/es\/shop\/pequenos-electrodomesticos\/hornos\/g3-ferrari-rosto-58-l-con-asador\/\",\"name\":\"G3 FERRARI Rost\u00f2 58 L con Asador - Erresse Shop\",\"isPartOf\":{\"@id\":\"https:\/\/www.erresse-shop.it\/es\/#website\"},\"datePublished\":\"2023-07-28T14:47:24+00:00\",\"dateModified\":\"2023-08-07T00:01:39+00:00\",\"description\":\"ROST\u00d3 58 es funcional y al mismo tiempo amplio, con un espacio de cocci\u00f3n de 58 litros. Con la posibilidad de cocinar incluso 2 platos al mismo tiempo en\",\"breadcrumb\":{\"@id\":\"https:\/\/www.erresse-shop.it\/es\/shop\/pequenos-electrodomesticos\/hornos\/g3-ferrari-rosto-58-l-con-asador\/#breadcrumb\"},\"inLanguage\":\"es\",\"potentialAction\":[{\"@type\":\"ReadAction\",\"target\":[\"https:\/\/www.erresse-shop.it\/es\/shop\/pequenos-electrodomesticos\/hornos\/g3-ferrari-rosto-58-l-con-asador\/\"]}]},{\"@type\":\"BreadcrumbList\",\"@id\":\"https:\/\/www.erresse-shop.it\/es\/shop\/pequenos-electrodomesticos\/hornos\/g3-ferrari-rosto-58-l-con-asador\/#breadcrumb\",\"itemListElement\":[{\"@type\":\"ListItem\",\"position\":1,\"name\":\"Home\",\"item\":\"https:\/\/www.erresse-shop.it\/es\/\"},{\"@type\":\"ListItem\",\"position\":2,\"name\":\"Shop\",\"item\":\"https:\/\/www.erresse-shop.it\/es\/shop\/\"},{\"@type\":\"ListItem\",\"position\":3,\"name\":\"G3 FERRARI Rost\u00f2 58 L con Asador\"}]},{\"@type\":\"WebSite\",\"@id\":\"https:\/\/www.erresse-shop.it\/es\/#website\",\"url\":\"https:\/\/www.erresse-shop.it\/es\/\",\"name\":\"Erresse Shop\",\"description\":\"Articoli di qualit\u00e0 per la casa\",\"potentialAction\":[{\"@type\":\"SearchAction\",\"target\":{\"@type\":\"EntryPoint\",\"urlTemplate\":\"https:\/\/www.erresse-shop.it\/es\/?s={search_term_string}\"},\"query-input\":\"required name=search_term_string\"}],\"inLanguage\":\"es\"}]}<\/script>\n<!-- \/ Yoast SEO Premium plugin. -->","yoast_head_json":{"title":"G3 FERRARI Rost\u00f2 58 L con Asador - Erresse Shop","description":"ROST\u00d3 58 es funcional y al mismo tiempo amplio, con un espacio de cocci\u00f3n de 58 litros. Con la posibilidad de cocinar incluso 2 platos al mismo tiempo en","robots":{"index":"index","follow":"follow","max-snippet":"max-snippet:-1","max-image-preview":"max-image-preview:large","max-video-preview":"max-video-preview:-1"},"canonical":"https:\/\/www.erresse-shop.it\/es\/shop\/pequenos-electrodomesticos\/hornos\/g3-ferrari-rosto-58-l-con-asador\/","og_locale":"es_ES","og_type":"article","og_title":"G3 FERRARI Rost\u00f2 58 L con Asador","og_description":"ROST\u00d3 58 es funcional y al mismo tiempo amplio, con un espacio de cocci\u00f3n de 58 litros. Con la posibilidad de cocinar incluso 2 platos al mismo tiempo en","og_url":"https:\/\/www.erresse-shop.it\/es\/shop\/pequenos-electrodomesticos\/hornos\/g3-ferrari-rosto-58-l-con-asador\/","og_site_name":"Erresse Shop","article_modified_time":"2023-08-07T00:01:39+00:00","og_image":[{"width":800,"height":800,"url":"https:\/\/www.erresse-shop.it\/wp-content\/uploads\/2023\/07\/G3-FERRARI-Rosto\u0300-58-L-con-Girarrosto.jpg","type":"image\/jpeg"}],"twitter_card":"summary_large_image","schema":{"@context":"https:\/\/schema.org","@graph":[{"@type":"WebPage","@id":"https:\/\/www.erresse-shop.it\/es\/shop\/pequenos-electrodomesticos\/hornos\/g3-ferrari-rosto-58-l-con-asador\/","url":"https:\/\/www.erresse-shop.it\/es\/shop\/pequenos-electrodomesticos\/hornos\/g3-ferrari-rosto-58-l-con-asador\/","name":"G3 FERRARI Rost\u00f2 58 L con Asador - Erresse Shop","isPartOf":{"@id":"https:\/\/www.erresse-shop.it\/es\/#website"},"datePublished":"2023-07-28T14:47:24+00:00","dateModified":"2023-08-07T00:01:39+00:00","description":"ROST\u00d3 58 es funcional y al mismo tiempo amplio, con un espacio de cocci\u00f3n de 58 litros. Con la posibilidad de cocinar incluso 2 platos al mismo tiempo en","breadcrumb":{"@id":"https:\/\/www.erresse-shop.it\/es\/shop\/pequenos-electrodomesticos\/hornos\/g3-ferrari-rosto-58-l-con-asador\/#breadcrumb"},"inLanguage":"es","potentialAction":[{"@type":"ReadAction","target":["https:\/\/www.erresse-shop.it\/es\/shop\/pequenos-electrodomesticos\/hornos\/g3-ferrari-rosto-58-l-con-asador\/"]}]},{"@type":"BreadcrumbList","@id":"https:\/\/www.erresse-shop.it\/es\/shop\/pequenos-electrodomesticos\/hornos\/g3-ferrari-rosto-58-l-con-asador\/#breadcrumb","itemListElement":[{"@type":"ListItem","position":1,"name":"Home","item":"https:\/\/www.erresse-shop.it\/es\/"},{"@type":"ListItem","position":2,"name":"Shop","item":"https:\/\/www.erresse-shop.it\/es\/shop\/"},{"@type":"ListItem","position":3,"name":"G3 FERRARI Rost\u00f2 58 L con Asador"}]},{"@type":"WebSite","@id":"https:\/\/www.erresse-shop.it\/es\/#website","url":"https:\/\/www.erresse-shop.it\/es\/","name":"Erresse Shop","description":"Articoli di qualit\u00e0 per la casa","potentialAction":[{"@type":"SearchAction","target":{"@type":"EntryPoint","urlTemplate":"https:\/\/www.erresse-shop.it\/es\/?s={search_term_string}"},"query-input":"required name=search_term_string"}],"inLanguage":"es"}]}},"df_price":239.9,"df_sale_price":239.9,"df_regular_price":239.9,"df_image_link":"https:\/\/www.erresse-shop.it\/wp-content\/uploads\/2023\/07\/G3-FERRARI-Rosto-58-L-con-Girarrosto-300x300.jpg","_links":{"self":[{"href":"https:\/\/www.erresse-shop.it\/es\/wp-json\/wp\/v2\/product\/296211"}],"collection":[{"href":"https:\/\/www.erresse-shop.it\/es\/wp-json\/wp\/v2\/product"}],"about":[{"href":"https:\/\/www.erresse-shop.it\/es\/wp-json\/wp\/v2\/types\/product"}],"wp:featuredmedia":[{"embeddable":true,"href":"https:\/\/www.erresse-shop.it\/es\/wp-json\/wp\/v2\/media\/508540"}],"wp:attachment":[{"href":"https:\/\/www.erresse-shop.it\/es\/wp-json\/wp\/v2\/media?parent=296211"}],"wp:term":[{"taxonomy":"product_cat","embeddable":true,"href":"https:\/\/www.erresse-shop.it\/es\/wp-json\/wp\/v2\/product_cat?post=296211"},{"taxonomy":"product_tag","embeddable":true,"href":"https:\/\/www.erresse-shop.it\/es\/wp-json\/wp\/v2\/product_tag?post=296211"}],"curies":[{"name":"wp","href":"https:\/\/api.w.org\/{rel}","templated":true}]}}