{"id":294001,"date":"2023-07-21T13:57:09","date_gmt":"2023-07-21T13:57:13","guid":{"rendered":"https:\/\/www.erresse-shop.it\/?post_type=product&#038;p=294001"},"modified":"2023-07-24T00:15:20","modified_gmt":"2023-07-24T00:15:20","slug":"kitchenaid-batidora-de-inmersion-2-velocidades-negra","status":"publish","type":"product","link":"https:\/\/www.erresse-shop.it\/es\/shop\/pequenos-electrodomesticos\/licuadoras\/kitchenaid-batidora-de-inmersion-2-velocidades-negra\/","title":{"rendered":"KITCHENAID Batidora de Inmersi\u00f3n 2 Velocidades Negra"},"content":{"rendered":"<p><strong>Cree infinitas obras maestras culinarias de forma r\u00e1pida y sencilla.<\/strong><\/p>\n<p>Batidora de inmersi\u00f3n con cable 5KHBL1321SOB con 180 W de potencia. Tiene 2 niveles de velocidad y 0,7 litros de capacidad. Lic\u00faa, pica y hace pur\u00e9s con batidos, salsas, sopas y mucho m\u00e1s. Potente motor de CC de 2 velocidades Para un control excepcional y silencioso y un funcionamiento duradero. Jarra mezcladora graduada sin bisfenol. Reduce la necesidad de utilizar varios recipientes para mezclar o vasos graduados Bata, sirva y guarde f\u00e1cilmente los alimentos en un solo recipiente. Color: negro, \u00f3nix.<\/p>\n","protected":false},"excerpt":{"rendered":"<p>Cree infinitas obras maestras culinarias de forma r\u00e1pida y sencilla. Batidora de inmersi\u00f3n con cable 5KHBL1321SOB con 180 W de<\/p>\n","protected":false},"featured_media":294027,"template":"","meta":{"_acf_changed":false,"inline_featured_image":false},"product_cat":[16075,16073],"product_tag":[20854,16482,16644],"acf":[],"yoast_head":"<!-- This site is optimized with the Yoast SEO Premium plugin v18.6 (Yoast SEO v19.13) - https:\/\/yoast.com\/wordpress\/plugins\/seo\/ -->\n<title>KITCHENAID Batidora de Inmersi\u00f3n 2 Velocidades Negra - Erresse Shop<\/title>\n<meta name=\"description\" content=\"Cree infinitas obras maestras culinarias de forma r\u00e1pida y sencilla. Batidora de inmersi\u00f3n con cable 5KHBL1321SOB con 180 W de potencia. Tiene 2 niveles\" \/>\n<meta name=\"robots\" content=\"index, follow, max-snippet:-1, max-image-preview:large, max-video-preview:-1\" \/>\n<link rel=\"canonical\" href=\"https:\/\/www.erresse-shop.it\/es\/shop\/pequenos-electrodomesticos\/licuadoras\/kitchenaid-batidora-de-inmersion-2-velocidades-negra\/\" \/>\n<meta property=\"og:locale\" content=\"es_ES\" \/>\n<meta property=\"og:type\" content=\"article\" \/>\n<meta property=\"og:title\" content=\"KITCHENAID Batidora de Inmersi\u00f3n 2 Velocidades Negra\" \/>\n<meta property=\"og:description\" content=\"Cree infinitas obras maestras culinarias de forma r\u00e1pida y sencilla. Batidora de inmersi\u00f3n con cable 5KHBL1321SOB con 180 W de potencia. Tiene 2 niveles\" \/>\n<meta property=\"og:url\" content=\"https:\/\/www.erresse-shop.it\/es\/shop\/pequenos-electrodomesticos\/licuadoras\/kitchenaid-batidora-de-inmersion-2-velocidades-negra\/\" \/>\n<meta property=\"og:site_name\" content=\"Erresse Shop\" \/>\n<meta property=\"article:modified_time\" content=\"2023-07-24T00:15:20+00:00\" \/>\n<meta property=\"og:image\" content=\"https:\/\/www.erresse-shop.it\/wp-content\/uploads\/2023\/07\/KITCHENAID-Frullatore-Immersione-2-Velocita\u0300-Nero.jpg\" \/>\n\t<meta property=\"og:image:width\" content=\"800\" \/>\n\t<meta property=\"og:image:height\" content=\"800\" \/>\n\t<meta property=\"og:image:type\" content=\"image\/jpeg\" \/>\n<meta name=\"twitter:card\" content=\"summary_large_image\" \/>\n<script type=\"application\/ld+json\" class=\"yoast-schema-graph\">{\"@context\":\"https:\/\/schema.org\",\"@graph\":[{\"@type\":\"WebPage\",\"@id\":\"https:\/\/www.erresse-shop.it\/es\/shop\/pequenos-electrodomesticos\/licuadoras\/kitchenaid-batidora-de-inmersion-2-velocidades-negra\/\",\"url\":\"https:\/\/www.erresse-shop.it\/es\/shop\/pequenos-electrodomesticos\/licuadoras\/kitchenaid-batidora-de-inmersion-2-velocidades-negra\/\",\"name\":\"KITCHENAID Batidora de Inmersi\u00f3n 2 Velocidades Negra - Erresse Shop\",\"isPartOf\":{\"@id\":\"https:\/\/www.erresse-shop.it\/es\/#website\"},\"datePublished\":\"2023-07-21T13:57:13+00:00\",\"dateModified\":\"2023-07-24T00:15:20+00:00\",\"description\":\"Cree infinitas obras maestras culinarias de forma r\u00e1pida y sencilla. Batidora de inmersi\u00f3n con cable 5KHBL1321SOB con 180 W de potencia. Tiene 2 niveles\",\"breadcrumb\":{\"@id\":\"https:\/\/www.erresse-shop.it\/es\/shop\/pequenos-electrodomesticos\/licuadoras\/kitchenaid-batidora-de-inmersion-2-velocidades-negra\/#breadcrumb\"},\"inLanguage\":\"es\",\"potentialAction\":[{\"@type\":\"ReadAction\",\"target\":[\"https:\/\/www.erresse-shop.it\/es\/shop\/pequenos-electrodomesticos\/licuadoras\/kitchenaid-batidora-de-inmersion-2-velocidades-negra\/\"]}]},{\"@type\":\"BreadcrumbList\",\"@id\":\"https:\/\/www.erresse-shop.it\/es\/shop\/pequenos-electrodomesticos\/licuadoras\/kitchenaid-batidora-de-inmersion-2-velocidades-negra\/#breadcrumb\",\"itemListElement\":[{\"@type\":\"ListItem\",\"position\":1,\"name\":\"Home\",\"item\":\"https:\/\/www.erresse-shop.it\/es\/\"},{\"@type\":\"ListItem\",\"position\":2,\"name\":\"Shop\",\"item\":\"https:\/\/www.erresse-shop.it\/es\/shop\/\"},{\"@type\":\"ListItem\",\"position\":3,\"name\":\"KITCHENAID Batidora de Inmersi\u00f3n 2 Velocidades Negra\"}]},{\"@type\":\"WebSite\",\"@id\":\"https:\/\/www.erresse-shop.it\/es\/#website\",\"url\":\"https:\/\/www.erresse-shop.it\/es\/\",\"name\":\"Erresse Shop\",\"description\":\"Articoli di qualit\u00e0 per la casa\",\"potentialAction\":[{\"@type\":\"SearchAction\",\"target\":{\"@type\":\"EntryPoint\",\"urlTemplate\":\"https:\/\/www.erresse-shop.it\/es\/?s={search_term_string}\"},\"query-input\":\"required name=search_term_string\"}],\"inLanguage\":\"es\"}]}<\/script>\n<!-- \/ Yoast SEO Premium plugin. -->","yoast_head_json":{"title":"KITCHENAID Batidora de Inmersi\u00f3n 2 Velocidades Negra - Erresse Shop","description":"Cree infinitas obras maestras culinarias de forma r\u00e1pida y sencilla. Batidora de inmersi\u00f3n con cable 5KHBL1321SOB con 180 W de potencia. Tiene 2 niveles","robots":{"index":"index","follow":"follow","max-snippet":"max-snippet:-1","max-image-preview":"max-image-preview:large","max-video-preview":"max-video-preview:-1"},"canonical":"https:\/\/www.erresse-shop.it\/es\/shop\/pequenos-electrodomesticos\/licuadoras\/kitchenaid-batidora-de-inmersion-2-velocidades-negra\/","og_locale":"es_ES","og_type":"article","og_title":"KITCHENAID Batidora de Inmersi\u00f3n 2 Velocidades Negra","og_description":"Cree infinitas obras maestras culinarias de forma r\u00e1pida y sencilla. Batidora de inmersi\u00f3n con cable 5KHBL1321SOB con 180 W de potencia. Tiene 2 niveles","og_url":"https:\/\/www.erresse-shop.it\/es\/shop\/pequenos-electrodomesticos\/licuadoras\/kitchenaid-batidora-de-inmersion-2-velocidades-negra\/","og_site_name":"Erresse Shop","article_modified_time":"2023-07-24T00:15:20+00:00","og_image":[{"width":800,"height":800,"url":"https:\/\/www.erresse-shop.it\/wp-content\/uploads\/2023\/07\/KITCHENAID-Frullatore-Immersione-2-Velocita\u0300-Nero.jpg","type":"image\/jpeg"}],"twitter_card":"summary_large_image","schema":{"@context":"https:\/\/schema.org","@graph":[{"@type":"WebPage","@id":"https:\/\/www.erresse-shop.it\/es\/shop\/pequenos-electrodomesticos\/licuadoras\/kitchenaid-batidora-de-inmersion-2-velocidades-negra\/","url":"https:\/\/www.erresse-shop.it\/es\/shop\/pequenos-electrodomesticos\/licuadoras\/kitchenaid-batidora-de-inmersion-2-velocidades-negra\/","name":"KITCHENAID Batidora de Inmersi\u00f3n 2 Velocidades Negra - Erresse Shop","isPartOf":{"@id":"https:\/\/www.erresse-shop.it\/es\/#website"},"datePublished":"2023-07-21T13:57:13+00:00","dateModified":"2023-07-24T00:15:20+00:00","description":"Cree infinitas obras maestras culinarias de forma r\u00e1pida y sencilla. Batidora de inmersi\u00f3n con cable 5KHBL1321SOB con 180 W de potencia. Tiene 2 niveles","breadcrumb":{"@id":"https:\/\/www.erresse-shop.it\/es\/shop\/pequenos-electrodomesticos\/licuadoras\/kitchenaid-batidora-de-inmersion-2-velocidades-negra\/#breadcrumb"},"inLanguage":"es","potentialAction":[{"@type":"ReadAction","target":["https:\/\/www.erresse-shop.it\/es\/shop\/pequenos-electrodomesticos\/licuadoras\/kitchenaid-batidora-de-inmersion-2-velocidades-negra\/"]}]},{"@type":"BreadcrumbList","@id":"https:\/\/www.erresse-shop.it\/es\/shop\/pequenos-electrodomesticos\/licuadoras\/kitchenaid-batidora-de-inmersion-2-velocidades-negra\/#breadcrumb","itemListElement":[{"@type":"ListItem","position":1,"name":"Home","item":"https:\/\/www.erresse-shop.it\/es\/"},{"@type":"ListItem","position":2,"name":"Shop","item":"https:\/\/www.erresse-shop.it\/es\/shop\/"},{"@type":"ListItem","position":3,"name":"KITCHENAID Batidora de Inmersi\u00f3n 2 Velocidades Negra"}]},{"@type":"WebSite","@id":"https:\/\/www.erresse-shop.it\/es\/#website","url":"https:\/\/www.erresse-shop.it\/es\/","name":"Erresse Shop","description":"Articoli di qualit\u00e0 per la casa","potentialAction":[{"@type":"SearchAction","target":{"@type":"EntryPoint","urlTemplate":"https:\/\/www.erresse-shop.it\/es\/?s={search_term_string}"},"query-input":"required name=search_term_string"}],"inLanguage":"es"}]}},"df_price":74.25,"df_sale_price":74.25,"df_regular_price":99,"df_image_link":"https:\/\/www.erresse-shop.it\/wp-content\/uploads\/2023\/07\/KITCHENAID-Frullatore-Immersione-2-Velocita\u0300-Nero-300x300.jpg","_links":{"self":[{"href":"https:\/\/www.erresse-shop.it\/es\/wp-json\/wp\/v2\/product\/294001"}],"collection":[{"href":"https:\/\/www.erresse-shop.it\/es\/wp-json\/wp\/v2\/product"}],"about":[{"href":"https:\/\/www.erresse-shop.it\/es\/wp-json\/wp\/v2\/types\/product"}],"wp:featuredmedia":[{"embeddable":true,"href":"https:\/\/www.erresse-shop.it\/es\/wp-json\/wp\/v2\/media\/294027"}],"wp:attachment":[{"href":"https:\/\/www.erresse-shop.it\/es\/wp-json\/wp\/v2\/media?parent=294001"}],"wp:term":[{"taxonomy":"product_cat","embeddable":true,"href":"https:\/\/www.erresse-shop.it\/es\/wp-json\/wp\/v2\/product_cat?post=294001"},{"taxonomy":"product_tag","embeddable":true,"href":"https:\/\/www.erresse-shop.it\/es\/wp-json\/wp\/v2\/product_tag?post=294001"}],"curies":[{"name":"wp","href":"https:\/\/api.w.org\/{rel}","templated":true}]}}