{"id":292966,"date":"2023-07-18T07:18:09","date_gmt":"2023-07-18T07:18:13","guid":{"rendered":"https:\/\/www.erresse-shop.it\/?post_type=product&#038;p=292966"},"modified":"2023-07-24T00:10:12","modified_gmt":"2023-07-24T00:10:12","slug":"illy-iperespresso-experience-kit-juego-de-2-tazas-con-platillo-y-cucharas","status":"publish","type":"product","link":"https:\/\/www.erresse-shop.it\/es\/shop\/tabla\/tazas\/illy-iperespresso-experience-kit-juego-de-2-tazas-con-platillo-y-cucharas\/","title":{"rendered":"ILLY  Iperespresso Experience Kit Juego de 2 Tazas con Platillo y Cucharas"},"content":{"rendered":"<p>La caja &#8220;Iperespresso experience kit&#8221; est\u00e1 pensada para hacer especial la experiencia de tomar caf\u00e9 en casa. El kit contiene dos tazas y dos platillos para espresso en Luxion\u00ae dise\u00f1ados por Matteo Thun que resaltan al m\u00e1ximo la crema del espresso gracias a un juego de transparencias que, junto con las 2 cucharas de acero inoxidable de dise\u00f1o, contribuyen a que su experiencia de degustaci\u00f3n sea \u00fanica.<\/p>\n","protected":false},"excerpt":{"rendered":"<p>La caja &#8220;Iperespresso experience kit&#8221; est\u00e1 pensada para hacer especial la experiencia de tomar caf\u00e9 en casa. El kit contiene<\/p>\n","protected":false},"featured_media":292974,"template":"","meta":{"_acf_changed":false,"inline_featured_image":false},"product_cat":[16027,16034],"product_tag":[23912,23574,16398,21941,16355,16475,21646,21940,21823],"acf":[],"yoast_head":"<!-- This site is optimized with the Yoast SEO Premium plugin v18.6 (Yoast SEO v19.13) - https:\/\/yoast.com\/wordpress\/plugins\/seo\/ -->\n<title>ILLY Iperespresso Experience Kit Juego de 2 Tazas con Platillo y Cucharas - Erresse Shop<\/title>\n<meta name=\"description\" content=\"La caja &quot;Iperespresso experience kit&quot; est\u00e1 pensada para hacer especial la experiencia de tomar caf\u00e9 en casa. El kit contiene dos tazas y dos platillos\" \/>\n<meta name=\"robots\" content=\"index, follow, max-snippet:-1, max-image-preview:large, max-video-preview:-1\" \/>\n<link rel=\"canonical\" href=\"https:\/\/www.erresse-shop.it\/es\/shop\/tabla\/tazas\/illy-iperespresso-experience-kit-juego-de-2-tazas-con-platillo-y-cucharas\/\" \/>\n<meta property=\"og:locale\" content=\"es_ES\" \/>\n<meta property=\"og:type\" content=\"article\" \/>\n<meta property=\"og:title\" content=\"ILLY Iperespresso Experience Kit Juego de 2 Tazas con Platillo y Cucharas\" \/>\n<meta property=\"og:description\" content=\"La caja &quot;Iperespresso experience kit&quot; est\u00e1 pensada para hacer especial la experiencia de tomar caf\u00e9 en casa. El kit contiene dos tazas y dos platillos\" \/>\n<meta property=\"og:url\" content=\"https:\/\/www.erresse-shop.it\/es\/shop\/tabla\/tazas\/illy-iperespresso-experience-kit-juego-de-2-tazas-con-platillo-y-cucharas\/\" \/>\n<meta property=\"og:site_name\" content=\"Erresse Shop\" \/>\n<meta property=\"article:modified_time\" content=\"2023-07-24T00:10:12+00:00\" \/>\n<meta property=\"og:image\" content=\"https:\/\/www.erresse-shop.it\/wp-content\/uploads\/2023\/07\/ILLY-Iperespresso-Experience-Kit-Set-2-Tazzine-con-Piattino-e-Cucchiaini.jpg\" \/>\n\t<meta property=\"og:image:width\" content=\"800\" \/>\n\t<meta property=\"og:image:height\" content=\"800\" \/>\n\t<meta property=\"og:image:type\" content=\"image\/jpeg\" \/>\n<meta name=\"twitter:card\" content=\"summary_large_image\" \/>\n<script type=\"application\/ld+json\" class=\"yoast-schema-graph\">{\"@context\":\"https:\/\/schema.org\",\"@graph\":[{\"@type\":\"WebPage\",\"@id\":\"https:\/\/www.erresse-shop.it\/es\/shop\/tabla\/tazas\/illy-iperespresso-experience-kit-juego-de-2-tazas-con-platillo-y-cucharas\/\",\"url\":\"https:\/\/www.erresse-shop.it\/es\/shop\/tabla\/tazas\/illy-iperespresso-experience-kit-juego-de-2-tazas-con-platillo-y-cucharas\/\",\"name\":\"ILLY Iperespresso Experience Kit Juego de 2 Tazas con Platillo y Cucharas - Erresse Shop\",\"isPartOf\":{\"@id\":\"https:\/\/www.erresse-shop.it\/es\/#website\"},\"datePublished\":\"2023-07-18T07:18:13+00:00\",\"dateModified\":\"2023-07-24T00:10:12+00:00\",\"description\":\"La caja \\\"Iperespresso experience kit\\\" est\u00e1 pensada para hacer especial la experiencia de tomar caf\u00e9 en casa. El kit contiene dos tazas y dos platillos\",\"breadcrumb\":{\"@id\":\"https:\/\/www.erresse-shop.it\/es\/shop\/tabla\/tazas\/illy-iperespresso-experience-kit-juego-de-2-tazas-con-platillo-y-cucharas\/#breadcrumb\"},\"inLanguage\":\"es\",\"potentialAction\":[{\"@type\":\"ReadAction\",\"target\":[\"https:\/\/www.erresse-shop.it\/es\/shop\/tabla\/tazas\/illy-iperespresso-experience-kit-juego-de-2-tazas-con-platillo-y-cucharas\/\"]}]},{\"@type\":\"BreadcrumbList\",\"@id\":\"https:\/\/www.erresse-shop.it\/es\/shop\/tabla\/tazas\/illy-iperespresso-experience-kit-juego-de-2-tazas-con-platillo-y-cucharas\/#breadcrumb\",\"itemListElement\":[{\"@type\":\"ListItem\",\"position\":1,\"name\":\"Home\",\"item\":\"https:\/\/www.erresse-shop.it\/es\/\"},{\"@type\":\"ListItem\",\"position\":2,\"name\":\"Shop\",\"item\":\"https:\/\/www.erresse-shop.it\/es\/shop\/\"},{\"@type\":\"ListItem\",\"position\":3,\"name\":\"ILLY Iperespresso Experience Kit Juego de 2 Tazas con Platillo y Cucharas\"}]},{\"@type\":\"WebSite\",\"@id\":\"https:\/\/www.erresse-shop.it\/es\/#website\",\"url\":\"https:\/\/www.erresse-shop.it\/es\/\",\"name\":\"Erresse Shop\",\"description\":\"Articoli di qualit\u00e0 per la casa\",\"potentialAction\":[{\"@type\":\"SearchAction\",\"target\":{\"@type\":\"EntryPoint\",\"urlTemplate\":\"https:\/\/www.erresse-shop.it\/es\/?s={search_term_string}\"},\"query-input\":\"required name=search_term_string\"}],\"inLanguage\":\"es\"}]}<\/script>\n<!-- \/ Yoast SEO Premium plugin. -->","yoast_head_json":{"title":"ILLY Iperespresso Experience Kit Juego de 2 Tazas con Platillo y Cucharas - Erresse Shop","description":"La caja \"Iperespresso experience kit\" est\u00e1 pensada para hacer especial la experiencia de tomar caf\u00e9 en casa. El kit contiene dos tazas y dos platillos","robots":{"index":"index","follow":"follow","max-snippet":"max-snippet:-1","max-image-preview":"max-image-preview:large","max-video-preview":"max-video-preview:-1"},"canonical":"https:\/\/www.erresse-shop.it\/es\/shop\/tabla\/tazas\/illy-iperespresso-experience-kit-juego-de-2-tazas-con-platillo-y-cucharas\/","og_locale":"es_ES","og_type":"article","og_title":"ILLY Iperespresso Experience Kit Juego de 2 Tazas con Platillo y Cucharas","og_description":"La caja \"Iperespresso experience kit\" est\u00e1 pensada para hacer especial la experiencia de tomar caf\u00e9 en casa. El kit contiene dos tazas y dos platillos","og_url":"https:\/\/www.erresse-shop.it\/es\/shop\/tabla\/tazas\/illy-iperespresso-experience-kit-juego-de-2-tazas-con-platillo-y-cucharas\/","og_site_name":"Erresse Shop","article_modified_time":"2023-07-24T00:10:12+00:00","og_image":[{"width":800,"height":800,"url":"https:\/\/www.erresse-shop.it\/wp-content\/uploads\/2023\/07\/ILLY-Iperespresso-Experience-Kit-Set-2-Tazzine-con-Piattino-e-Cucchiaini.jpg","type":"image\/jpeg"}],"twitter_card":"summary_large_image","schema":{"@context":"https:\/\/schema.org","@graph":[{"@type":"WebPage","@id":"https:\/\/www.erresse-shop.it\/es\/shop\/tabla\/tazas\/illy-iperespresso-experience-kit-juego-de-2-tazas-con-platillo-y-cucharas\/","url":"https:\/\/www.erresse-shop.it\/es\/shop\/tabla\/tazas\/illy-iperespresso-experience-kit-juego-de-2-tazas-con-platillo-y-cucharas\/","name":"ILLY Iperespresso Experience Kit Juego de 2 Tazas con Platillo y Cucharas - Erresse Shop","isPartOf":{"@id":"https:\/\/www.erresse-shop.it\/es\/#website"},"datePublished":"2023-07-18T07:18:13+00:00","dateModified":"2023-07-24T00:10:12+00:00","description":"La caja \"Iperespresso experience kit\" est\u00e1 pensada para hacer especial la experiencia de tomar caf\u00e9 en casa. El kit contiene dos tazas y dos platillos","breadcrumb":{"@id":"https:\/\/www.erresse-shop.it\/es\/shop\/tabla\/tazas\/illy-iperespresso-experience-kit-juego-de-2-tazas-con-platillo-y-cucharas\/#breadcrumb"},"inLanguage":"es","potentialAction":[{"@type":"ReadAction","target":["https:\/\/www.erresse-shop.it\/es\/shop\/tabla\/tazas\/illy-iperespresso-experience-kit-juego-de-2-tazas-con-platillo-y-cucharas\/"]}]},{"@type":"BreadcrumbList","@id":"https:\/\/www.erresse-shop.it\/es\/shop\/tabla\/tazas\/illy-iperespresso-experience-kit-juego-de-2-tazas-con-platillo-y-cucharas\/#breadcrumb","itemListElement":[{"@type":"ListItem","position":1,"name":"Home","item":"https:\/\/www.erresse-shop.it\/es\/"},{"@type":"ListItem","position":2,"name":"Shop","item":"https:\/\/www.erresse-shop.it\/es\/shop\/"},{"@type":"ListItem","position":3,"name":"ILLY Iperespresso Experience Kit Juego de 2 Tazas con Platillo y Cucharas"}]},{"@type":"WebSite","@id":"https:\/\/www.erresse-shop.it\/es\/#website","url":"https:\/\/www.erresse-shop.it\/es\/","name":"Erresse Shop","description":"Articoli di qualit\u00e0 per la casa","potentialAction":[{"@type":"SearchAction","target":{"@type":"EntryPoint","urlTemplate":"https:\/\/www.erresse-shop.it\/es\/?s={search_term_string}"},"query-input":"required name=search_term_string"}],"inLanguage":"es"}]}},"df_price":34.9,"df_sale_price":34.9,"df_regular_price":34.9,"df_image_link":"https:\/\/www.erresse-shop.it\/wp-content\/uploads\/2023\/07\/ILLY-Iperespresso-Experience-Kit-Set-2-Tazzine-con-Piattino-e-Cucchiaini-300x300.jpg","_links":{"self":[{"href":"https:\/\/www.erresse-shop.it\/es\/wp-json\/wp\/v2\/product\/292966"}],"collection":[{"href":"https:\/\/www.erresse-shop.it\/es\/wp-json\/wp\/v2\/product"}],"about":[{"href":"https:\/\/www.erresse-shop.it\/es\/wp-json\/wp\/v2\/types\/product"}],"wp:featuredmedia":[{"embeddable":true,"href":"https:\/\/www.erresse-shop.it\/es\/wp-json\/wp\/v2\/media\/292974"}],"wp:attachment":[{"href":"https:\/\/www.erresse-shop.it\/es\/wp-json\/wp\/v2\/media?parent=292966"}],"wp:term":[{"taxonomy":"product_cat","embeddable":true,"href":"https:\/\/www.erresse-shop.it\/es\/wp-json\/wp\/v2\/product_cat?post=292966"},{"taxonomy":"product_tag","embeddable":true,"href":"https:\/\/www.erresse-shop.it\/es\/wp-json\/wp\/v2\/product_tag?post=292966"}],"curies":[{"name":"wp","href":"https:\/\/api.w.org\/{rel}","templated":true}]}}