{"id":292814,"date":"2023-07-17T14:36:37","date_gmt":"2023-07-17T14:36:41","guid":{"rendered":"https:\/\/www.erresse-shop.it\/?post_type=product&#038;p=292814"},"modified":"2025-05-22T12:07:57","modified_gmt":"2025-05-22T12:07:57","slug":"illy-6-paquetes-de-10-capsulas-compatibles-nespresso-tostada-clasica","status":"publish","type":"product","link":"https:\/\/www.erresse-shop.it\/es\/shop\/cafe-es\/cafe-en-capsulas\/illy-6-paquetes-de-10-capsulas-compatibles-nespresso-tostada-clasica\/","title":{"rendered":"ILLY 10 Paquetes de 10 C\u00e1psulas Compatibles Nespresso tostada cl\u00e1sica"},"content":{"rendered":"<p><strong>Paquete de 10 c\u00e1psulas, total 100 c\u00e1psulas (10 paquetes).<\/strong><\/p>\n<p>*con m\u00e1quinas de caf\u00e9 Nespresso\u00ae** Original.<br \/>\n**marca de terceros sin relaci\u00f3n con illycaff\u00e8 S.p.A.<\/p>\n<p><strong>NOTAS AROM\u00c1TICAS<\/strong><br \/>\nEl caf\u00e9 tostado cl\u00e1sico tiene un sabor suave y aterciopelado. Expresa un equilibrio perfecto de acidez y amargor con notas de caramelo, azahar, jazm\u00edn y un regusto dulce. Para disfrutarlo al m\u00e1ximo, recomendamos un volumen de taza de entre 25 y 40 ml para la variante Espresso.<\/p>\n","protected":false},"excerpt":{"rendered":"<p>Paquete de 10 c\u00e1psulas, total 100 c\u00e1psulas (10 paquetes). *con m\u00e1quinas de caf\u00e9 Nespresso\u00ae** Original. **marca de terceros sin relaci\u00f3n<\/p>\n","protected":false},"featured_media":292822,"template":"","meta":{"_acf_changed":false,"inline_featured_image":false},"product_cat":[25352,25393],"product_tag":[16353,23235,23574],"acf":[],"yoast_head":"<!-- This site is optimized with the Yoast SEO Premium plugin v18.6 (Yoast SEO v19.13) - https:\/\/yoast.com\/wordpress\/plugins\/seo\/ -->\n<title>ILLY 10 Paquetes de 10 C\u00e1psulas Compatibles Nespresso tostada cl\u00e1sica - Erresse Shop<\/title>\n<meta name=\"description\" content=\"Paquete de 10 c\u00e1psulas, total 100 c\u00e1psulas (10 paquetes). *con m\u00e1quinas de caf\u00e9 Nespresso\u00ae** Original. **marca de terceros sin relaci\u00f3n con illycaff\u00e8\" \/>\n<meta name=\"robots\" content=\"index, follow, max-snippet:-1, max-image-preview:large, max-video-preview:-1\" \/>\n<link rel=\"canonical\" href=\"https:\/\/www.erresse-shop.it\/es\/shop\/cafe-es\/cafe-en-capsulas\/illy-6-paquetes-de-10-capsulas-compatibles-nespresso-tostada-clasica\/\" \/>\n<meta property=\"og:locale\" content=\"es_ES\" \/>\n<meta property=\"og:type\" content=\"article\" \/>\n<meta property=\"og:title\" content=\"ILLY 10 Paquetes de 10 C\u00e1psulas Compatibles Nespresso tostada cl\u00e1sica\" \/>\n<meta property=\"og:description\" content=\"Paquete de 10 c\u00e1psulas, total 100 c\u00e1psulas (10 paquetes). *con m\u00e1quinas de caf\u00e9 Nespresso\u00ae** Original. **marca de terceros sin relaci\u00f3n con illycaff\u00e8\" \/>\n<meta property=\"og:url\" content=\"https:\/\/www.erresse-shop.it\/es\/shop\/cafe-es\/cafe-en-capsulas\/illy-6-paquetes-de-10-capsulas-compatibles-nespresso-tostada-clasica\/\" \/>\n<meta property=\"og:site_name\" content=\"Erresse Shop\" \/>\n<meta property=\"article:modified_time\" content=\"2025-05-22T12:07:57+00:00\" \/>\n<meta property=\"og:image\" content=\"https:\/\/www.erresse-shop.it\/wp-content\/uploads\/2023\/07\/ILLY-6-Confezioni-da-10-Capsule-Compatibili-Espresso-Classico.jpg\" \/>\n\t<meta property=\"og:image:width\" content=\"800\" \/>\n\t<meta property=\"og:image:height\" content=\"800\" \/>\n\t<meta property=\"og:image:type\" content=\"image\/jpeg\" \/>\n<meta name=\"twitter:card\" content=\"summary_large_image\" \/>\n<script type=\"application\/ld+json\" class=\"yoast-schema-graph\">{\"@context\":\"https:\/\/schema.org\",\"@graph\":[{\"@type\":\"WebPage\",\"@id\":\"https:\/\/www.erresse-shop.it\/es\/shop\/cafe-es\/cafe-en-capsulas\/illy-6-paquetes-de-10-capsulas-compatibles-nespresso-tostada-clasica\/\",\"url\":\"https:\/\/www.erresse-shop.it\/es\/shop\/cafe-es\/cafe-en-capsulas\/illy-6-paquetes-de-10-capsulas-compatibles-nespresso-tostada-clasica\/\",\"name\":\"ILLY 10 Paquetes de 10 C\u00e1psulas Compatibles Nespresso tostada cl\u00e1sica - Erresse Shop\",\"isPartOf\":{\"@id\":\"https:\/\/www.erresse-shop.it\/es\/#website\"},\"datePublished\":\"2023-07-17T14:36:41+00:00\",\"dateModified\":\"2025-05-22T12:07:57+00:00\",\"description\":\"Paquete de 10 c\u00e1psulas, total 100 c\u00e1psulas (10 paquetes). *con m\u00e1quinas de caf\u00e9 Nespresso\u00ae** Original. **marca de terceros sin relaci\u00f3n con illycaff\u00e8\",\"breadcrumb\":{\"@id\":\"https:\/\/www.erresse-shop.it\/es\/shop\/cafe-es\/cafe-en-capsulas\/illy-6-paquetes-de-10-capsulas-compatibles-nespresso-tostada-clasica\/#breadcrumb\"},\"inLanguage\":\"es\",\"potentialAction\":[{\"@type\":\"ReadAction\",\"target\":[\"https:\/\/www.erresse-shop.it\/es\/shop\/cafe-es\/cafe-en-capsulas\/illy-6-paquetes-de-10-capsulas-compatibles-nespresso-tostada-clasica\/\"]}]},{\"@type\":\"BreadcrumbList\",\"@id\":\"https:\/\/www.erresse-shop.it\/es\/shop\/cafe-es\/cafe-en-capsulas\/illy-6-paquetes-de-10-capsulas-compatibles-nespresso-tostada-clasica\/#breadcrumb\",\"itemListElement\":[{\"@type\":\"ListItem\",\"position\":1,\"name\":\"Home\",\"item\":\"https:\/\/www.erresse-shop.it\/es\/\"},{\"@type\":\"ListItem\",\"position\":2,\"name\":\"Shop\",\"item\":\"https:\/\/www.erresse-shop.it\/es\/shop\/\"},{\"@type\":\"ListItem\",\"position\":3,\"name\":\"ILLY 10 Paquetes de 10 C\u00e1psulas Compatibles Nespresso tostada cl\u00e1sica\"}]},{\"@type\":\"WebSite\",\"@id\":\"https:\/\/www.erresse-shop.it\/es\/#website\",\"url\":\"https:\/\/www.erresse-shop.it\/es\/\",\"name\":\"Erresse Shop\",\"description\":\"Articoli di qualit\u00e0 per la casa\",\"potentialAction\":[{\"@type\":\"SearchAction\",\"target\":{\"@type\":\"EntryPoint\",\"urlTemplate\":\"https:\/\/www.erresse-shop.it\/es\/?s={search_term_string}\"},\"query-input\":\"required name=search_term_string\"}],\"inLanguage\":\"es\"}]}<\/script>\n<!-- \/ Yoast SEO Premium plugin. -->","yoast_head_json":{"title":"ILLY 10 Paquetes de 10 C\u00e1psulas Compatibles Nespresso tostada cl\u00e1sica - Erresse Shop","description":"Paquete de 10 c\u00e1psulas, total 100 c\u00e1psulas (10 paquetes). *con m\u00e1quinas de caf\u00e9 Nespresso\u00ae** Original. **marca de terceros sin relaci\u00f3n con illycaff\u00e8","robots":{"index":"index","follow":"follow","max-snippet":"max-snippet:-1","max-image-preview":"max-image-preview:large","max-video-preview":"max-video-preview:-1"},"canonical":"https:\/\/www.erresse-shop.it\/es\/shop\/cafe-es\/cafe-en-capsulas\/illy-6-paquetes-de-10-capsulas-compatibles-nespresso-tostada-clasica\/","og_locale":"es_ES","og_type":"article","og_title":"ILLY 10 Paquetes de 10 C\u00e1psulas Compatibles Nespresso tostada cl\u00e1sica","og_description":"Paquete de 10 c\u00e1psulas, total 100 c\u00e1psulas (10 paquetes). *con m\u00e1quinas de caf\u00e9 Nespresso\u00ae** Original. **marca de terceros sin relaci\u00f3n con illycaff\u00e8","og_url":"https:\/\/www.erresse-shop.it\/es\/shop\/cafe-es\/cafe-en-capsulas\/illy-6-paquetes-de-10-capsulas-compatibles-nespresso-tostada-clasica\/","og_site_name":"Erresse Shop","article_modified_time":"2025-05-22T12:07:57+00:00","og_image":[{"width":800,"height":800,"url":"https:\/\/www.erresse-shop.it\/wp-content\/uploads\/2023\/07\/ILLY-6-Confezioni-da-10-Capsule-Compatibili-Espresso-Classico.jpg","type":"image\/jpeg"}],"twitter_card":"summary_large_image","schema":{"@context":"https:\/\/schema.org","@graph":[{"@type":"WebPage","@id":"https:\/\/www.erresse-shop.it\/es\/shop\/cafe-es\/cafe-en-capsulas\/illy-6-paquetes-de-10-capsulas-compatibles-nespresso-tostada-clasica\/","url":"https:\/\/www.erresse-shop.it\/es\/shop\/cafe-es\/cafe-en-capsulas\/illy-6-paquetes-de-10-capsulas-compatibles-nespresso-tostada-clasica\/","name":"ILLY 10 Paquetes de 10 C\u00e1psulas Compatibles Nespresso tostada cl\u00e1sica - Erresse Shop","isPartOf":{"@id":"https:\/\/www.erresse-shop.it\/es\/#website"},"datePublished":"2023-07-17T14:36:41+00:00","dateModified":"2025-05-22T12:07:57+00:00","description":"Paquete de 10 c\u00e1psulas, total 100 c\u00e1psulas (10 paquetes). *con m\u00e1quinas de caf\u00e9 Nespresso\u00ae** Original. **marca de terceros sin relaci\u00f3n con illycaff\u00e8","breadcrumb":{"@id":"https:\/\/www.erresse-shop.it\/es\/shop\/cafe-es\/cafe-en-capsulas\/illy-6-paquetes-de-10-capsulas-compatibles-nespresso-tostada-clasica\/#breadcrumb"},"inLanguage":"es","potentialAction":[{"@type":"ReadAction","target":["https:\/\/www.erresse-shop.it\/es\/shop\/cafe-es\/cafe-en-capsulas\/illy-6-paquetes-de-10-capsulas-compatibles-nespresso-tostada-clasica\/"]}]},{"@type":"BreadcrumbList","@id":"https:\/\/www.erresse-shop.it\/es\/shop\/cafe-es\/cafe-en-capsulas\/illy-6-paquetes-de-10-capsulas-compatibles-nespresso-tostada-clasica\/#breadcrumb","itemListElement":[{"@type":"ListItem","position":1,"name":"Home","item":"https:\/\/www.erresse-shop.it\/es\/"},{"@type":"ListItem","position":2,"name":"Shop","item":"https:\/\/www.erresse-shop.it\/es\/shop\/"},{"@type":"ListItem","position":3,"name":"ILLY 10 Paquetes de 10 C\u00e1psulas Compatibles Nespresso tostada cl\u00e1sica"}]},{"@type":"WebSite","@id":"https:\/\/www.erresse-shop.it\/es\/#website","url":"https:\/\/www.erresse-shop.it\/es\/","name":"Erresse Shop","description":"Articoli di qualit\u00e0 per la casa","potentialAction":[{"@type":"SearchAction","target":{"@type":"EntryPoint","urlTemplate":"https:\/\/www.erresse-shop.it\/es\/?s={search_term_string}"},"query-input":"required name=search_term_string"}],"inLanguage":"es"}]}},"df_price":39.95,"df_sale_price":39.95,"df_regular_price":46,"df_image_link":"https:\/\/www.erresse-shop.it\/wp-content\/uploads\/2023\/07\/ILLY-6-Confezioni-da-10-Capsule-Compatibili-Espresso-Classico-300x300.jpg","_links":{"self":[{"href":"https:\/\/www.erresse-shop.it\/es\/wp-json\/wp\/v2\/product\/292814"}],"collection":[{"href":"https:\/\/www.erresse-shop.it\/es\/wp-json\/wp\/v2\/product"}],"about":[{"href":"https:\/\/www.erresse-shop.it\/es\/wp-json\/wp\/v2\/types\/product"}],"wp:featuredmedia":[{"embeddable":true,"href":"https:\/\/www.erresse-shop.it\/es\/wp-json\/wp\/v2\/media\/292822"}],"wp:attachment":[{"href":"https:\/\/www.erresse-shop.it\/es\/wp-json\/wp\/v2\/media?parent=292814"}],"wp:term":[{"taxonomy":"product_cat","embeddable":true,"href":"https:\/\/www.erresse-shop.it\/es\/wp-json\/wp\/v2\/product_cat?post=292814"},{"taxonomy":"product_tag","embeddable":true,"href":"https:\/\/www.erresse-shop.it\/es\/wp-json\/wp\/v2\/product_tag?post=292814"}],"curies":[{"name":"wp","href":"https:\/\/api.w.org\/{rel}","templated":true}]}}