{"id":292748,"date":"2023-07-17T13:52:55","date_gmt":"2023-07-17T13:52:59","guid":{"rendered":"https:\/\/www.erresse-shop.it\/?post_type=product&#038;p=292748"},"modified":"2023-12-12T11:27:06","modified_gmt":"2023-12-12T11:27:06","slug":"illy-216-capsulas-e-s-e-espresso-descafeinado","status":"publish","type":"product","link":"https:\/\/www.erresse-shop.it\/es\/shop\/cafe-es\/cafe-en-capsulas\/illy-216-capsulas-e-s-e-espresso-descafeinado\/","title":{"rendered":"ILLY 216 C\u00e1psulas E.S.E. Espresso Descafeinado"},"content":{"rendered":"<p><strong>Paquete de 18 c\u00e1psulas, total 216 c\u00e1psulas (12 paquetes).<\/strong><\/p>\n<p><strong>Nueva c\u00e1psula compostable certificada E.S.E.<\/strong><br \/>\nLas c\u00e1psulas compostables certificadas, que pueden desecharse en la recogida de residuos org\u00e1nicos (consulte con las autoridades locales los m\u00e9todos actuales de recogida selectiva de residuos), son perfectas para preparar su espresso illy favorito de forma pr\u00e1ctica sin renunciar al sabor y la frescura. Las c\u00e1psulas de caf\u00e9 illy en papel de filtro se pueden utilizar con todas las cafeteras ESE<\/p>\n<p>La vaina <strong>E.S.E. (Easy Serving Espresso)<\/strong> es muy &#8220;abierta&#8221;: no s\u00f3lo puede utilizarla con las cafeteras de vaina illy, sino tambi\u00e9n con todas las dem\u00e1s cafeteras de vaina. La c\u00e1psula no es m\u00e1s que caf\u00e9 molido, ya correctamente dosificado y prensado, contenido entre 2 hojas de papel de filtro<\/p>\n<p><strong>Notas arom\u00e1ticas<\/strong><br \/>\nSabor suave y aterciopelado. Delicadas notas de caramelo, azahar y jazm\u00edn, con un regusto dulce y un contenido de cafe\u00edna no superior al 0,1%. La excelencia de illy DECA renuncia a la cafe\u00edna pero no al sabor de la mezcla illy. La cafe\u00edna se extrae de cada grano mediante un m\u00e9todo natural, manteniendo el caf\u00e9 inalterado e inconfundible en sabor y aroma. El paquete contiene 18 monodosis de caf\u00e9 E.S.E. descafeinado.<\/p>\n","protected":false},"excerpt":{"rendered":"<p>Paquete de 18 c\u00e1psulas, total 216 c\u00e1psulas (12 paquetes). Nueva c\u00e1psula compostable certificada E.S.E. Las c\u00e1psulas compostables certificadas, que pueden<\/p>\n","protected":false},"featured_media":292756,"template":"","meta":{"_acf_changed":false,"inline_featured_image":false},"product_cat":[25352,25393],"product_tag":[16353,23235,23574],"acf":[],"yoast_head":"<!-- This site is optimized with the Yoast SEO Premium plugin v18.6 (Yoast SEO v19.13) - https:\/\/yoast.com\/wordpress\/plugins\/seo\/ -->\n<title>ILLY 216 C\u00e1psulas E.S.E. Espresso Descafeinado - Erresse Shop<\/title>\n<meta name=\"description\" content=\"Paquete de 18 c\u00e1psulas, total 216 c\u00e1psulas (12 paquetes). Nueva c\u00e1psula compostable certificada E.S.E. Las c\u00e1psulas compostables certificadas, que pueden\" \/>\n<meta name=\"robots\" content=\"index, follow, max-snippet:-1, max-image-preview:large, max-video-preview:-1\" \/>\n<link rel=\"canonical\" href=\"https:\/\/www.erresse-shop.it\/es\/shop\/cafe-es\/cafe-en-capsulas\/illy-216-capsulas-e-s-e-espresso-descafeinado\/\" \/>\n<meta property=\"og:locale\" content=\"es_ES\" \/>\n<meta property=\"og:type\" content=\"article\" \/>\n<meta property=\"og:title\" content=\"ILLY 216 C\u00e1psulas E.S.E. Espresso Descafeinado\" \/>\n<meta property=\"og:description\" content=\"Paquete de 18 c\u00e1psulas, total 216 c\u00e1psulas (12 paquetes). Nueva c\u00e1psula compostable certificada E.S.E. Las c\u00e1psulas compostables certificadas, que pueden\" \/>\n<meta property=\"og:url\" content=\"https:\/\/www.erresse-shop.it\/es\/shop\/cafe-es\/cafe-en-capsulas\/illy-216-capsulas-e-s-e-espresso-descafeinado\/\" \/>\n<meta property=\"og:site_name\" content=\"Erresse Shop\" \/>\n<meta property=\"article:modified_time\" content=\"2023-12-12T11:27:06+00:00\" \/>\n<meta property=\"og:image\" content=\"https:\/\/www.erresse-shop.it\/wp-content\/uploads\/2023\/07\/ILLY-6-Confezioni-da-18-Capsule-E.S.E.-Espresso-Decaffeinato.jpg\" \/>\n\t<meta property=\"og:image:width\" content=\"800\" \/>\n\t<meta property=\"og:image:height\" content=\"800\" \/>\n\t<meta property=\"og:image:type\" content=\"image\/jpeg\" \/>\n<meta name=\"twitter:card\" content=\"summary_large_image\" \/>\n<script type=\"application\/ld+json\" class=\"yoast-schema-graph\">{\"@context\":\"https:\/\/schema.org\",\"@graph\":[{\"@type\":\"WebPage\",\"@id\":\"https:\/\/www.erresse-shop.it\/es\/shop\/cafe-es\/cafe-en-capsulas\/illy-216-capsulas-e-s-e-espresso-descafeinado\/\",\"url\":\"https:\/\/www.erresse-shop.it\/es\/shop\/cafe-es\/cafe-en-capsulas\/illy-216-capsulas-e-s-e-espresso-descafeinado\/\",\"name\":\"ILLY 216 C\u00e1psulas E.S.E. Espresso Descafeinado - Erresse Shop\",\"isPartOf\":{\"@id\":\"https:\/\/www.erresse-shop.it\/es\/#website\"},\"datePublished\":\"2023-07-17T13:52:59+00:00\",\"dateModified\":\"2023-12-12T11:27:06+00:00\",\"description\":\"Paquete de 18 c\u00e1psulas, total 216 c\u00e1psulas (12 paquetes). Nueva c\u00e1psula compostable certificada E.S.E. Las c\u00e1psulas compostables certificadas, que pueden\",\"breadcrumb\":{\"@id\":\"https:\/\/www.erresse-shop.it\/es\/shop\/cafe-es\/cafe-en-capsulas\/illy-216-capsulas-e-s-e-espresso-descafeinado\/#breadcrumb\"},\"inLanguage\":\"es\",\"potentialAction\":[{\"@type\":\"ReadAction\",\"target\":[\"https:\/\/www.erresse-shop.it\/es\/shop\/cafe-es\/cafe-en-capsulas\/illy-216-capsulas-e-s-e-espresso-descafeinado\/\"]}]},{\"@type\":\"BreadcrumbList\",\"@id\":\"https:\/\/www.erresse-shop.it\/es\/shop\/cafe-es\/cafe-en-capsulas\/illy-216-capsulas-e-s-e-espresso-descafeinado\/#breadcrumb\",\"itemListElement\":[{\"@type\":\"ListItem\",\"position\":1,\"name\":\"Home\",\"item\":\"https:\/\/www.erresse-shop.it\/es\/\"},{\"@type\":\"ListItem\",\"position\":2,\"name\":\"Shop\",\"item\":\"https:\/\/www.erresse-shop.it\/es\/shop\/\"},{\"@type\":\"ListItem\",\"position\":3,\"name\":\"ILLY 216 C\u00e1psulas E.S.E. Espresso Descafeinado\"}]},{\"@type\":\"WebSite\",\"@id\":\"https:\/\/www.erresse-shop.it\/es\/#website\",\"url\":\"https:\/\/www.erresse-shop.it\/es\/\",\"name\":\"Erresse Shop\",\"description\":\"Articoli di qualit\u00e0 per la casa\",\"potentialAction\":[{\"@type\":\"SearchAction\",\"target\":{\"@type\":\"EntryPoint\",\"urlTemplate\":\"https:\/\/www.erresse-shop.it\/es\/?s={search_term_string}\"},\"query-input\":\"required name=search_term_string\"}],\"inLanguage\":\"es\"}]}<\/script>\n<!-- \/ Yoast SEO Premium plugin. -->","yoast_head_json":{"title":"ILLY 216 C\u00e1psulas E.S.E. Espresso Descafeinado - Erresse Shop","description":"Paquete de 18 c\u00e1psulas, total 216 c\u00e1psulas (12 paquetes). Nueva c\u00e1psula compostable certificada E.S.E. Las c\u00e1psulas compostables certificadas, que pueden","robots":{"index":"index","follow":"follow","max-snippet":"max-snippet:-1","max-image-preview":"max-image-preview:large","max-video-preview":"max-video-preview:-1"},"canonical":"https:\/\/www.erresse-shop.it\/es\/shop\/cafe-es\/cafe-en-capsulas\/illy-216-capsulas-e-s-e-espresso-descafeinado\/","og_locale":"es_ES","og_type":"article","og_title":"ILLY 216 C\u00e1psulas E.S.E. Espresso Descafeinado","og_description":"Paquete de 18 c\u00e1psulas, total 216 c\u00e1psulas (12 paquetes). Nueva c\u00e1psula compostable certificada E.S.E. Las c\u00e1psulas compostables certificadas, que pueden","og_url":"https:\/\/www.erresse-shop.it\/es\/shop\/cafe-es\/cafe-en-capsulas\/illy-216-capsulas-e-s-e-espresso-descafeinado\/","og_site_name":"Erresse Shop","article_modified_time":"2023-12-12T11:27:06+00:00","og_image":[{"width":800,"height":800,"url":"https:\/\/www.erresse-shop.it\/wp-content\/uploads\/2023\/07\/ILLY-6-Confezioni-da-18-Capsule-E.S.E.-Espresso-Decaffeinato.jpg","type":"image\/jpeg"}],"twitter_card":"summary_large_image","schema":{"@context":"https:\/\/schema.org","@graph":[{"@type":"WebPage","@id":"https:\/\/www.erresse-shop.it\/es\/shop\/cafe-es\/cafe-en-capsulas\/illy-216-capsulas-e-s-e-espresso-descafeinado\/","url":"https:\/\/www.erresse-shop.it\/es\/shop\/cafe-es\/cafe-en-capsulas\/illy-216-capsulas-e-s-e-espresso-descafeinado\/","name":"ILLY 216 C\u00e1psulas E.S.E. Espresso Descafeinado - Erresse Shop","isPartOf":{"@id":"https:\/\/www.erresse-shop.it\/es\/#website"},"datePublished":"2023-07-17T13:52:59+00:00","dateModified":"2023-12-12T11:27:06+00:00","description":"Paquete de 18 c\u00e1psulas, total 216 c\u00e1psulas (12 paquetes). Nueva c\u00e1psula compostable certificada E.S.E. Las c\u00e1psulas compostables certificadas, que pueden","breadcrumb":{"@id":"https:\/\/www.erresse-shop.it\/es\/shop\/cafe-es\/cafe-en-capsulas\/illy-216-capsulas-e-s-e-espresso-descafeinado\/#breadcrumb"},"inLanguage":"es","potentialAction":[{"@type":"ReadAction","target":["https:\/\/www.erresse-shop.it\/es\/shop\/cafe-es\/cafe-en-capsulas\/illy-216-capsulas-e-s-e-espresso-descafeinado\/"]}]},{"@type":"BreadcrumbList","@id":"https:\/\/www.erresse-shop.it\/es\/shop\/cafe-es\/cafe-en-capsulas\/illy-216-capsulas-e-s-e-espresso-descafeinado\/#breadcrumb","itemListElement":[{"@type":"ListItem","position":1,"name":"Home","item":"https:\/\/www.erresse-shop.it\/es\/"},{"@type":"ListItem","position":2,"name":"Shop","item":"https:\/\/www.erresse-shop.it\/es\/shop\/"},{"@type":"ListItem","position":3,"name":"ILLY 216 C\u00e1psulas E.S.E. Espresso Descafeinado"}]},{"@type":"WebSite","@id":"https:\/\/www.erresse-shop.it\/es\/#website","url":"https:\/\/www.erresse-shop.it\/es\/","name":"Erresse Shop","description":"Articoli di qualit\u00e0 per la casa","potentialAction":[{"@type":"SearchAction","target":{"@type":"EntryPoint","urlTemplate":"https:\/\/www.erresse-shop.it\/es\/?s={search_term_string}"},"query-input":"required name=search_term_string"}],"inLanguage":"es"}]}},"df_price":59.95,"df_sale_price":59.95,"df_regular_price":65.9,"df_image_link":"https:\/\/www.erresse-shop.it\/wp-content\/uploads\/2023\/07\/ILLY-6-Confezioni-da-18-Capsule-E.S.E.-Espresso-Decaffeinato-300x300.jpg","_links":{"self":[{"href":"https:\/\/www.erresse-shop.it\/es\/wp-json\/wp\/v2\/product\/292748"}],"collection":[{"href":"https:\/\/www.erresse-shop.it\/es\/wp-json\/wp\/v2\/product"}],"about":[{"href":"https:\/\/www.erresse-shop.it\/es\/wp-json\/wp\/v2\/types\/product"}],"wp:featuredmedia":[{"embeddable":true,"href":"https:\/\/www.erresse-shop.it\/es\/wp-json\/wp\/v2\/media\/292756"}],"wp:attachment":[{"href":"https:\/\/www.erresse-shop.it\/es\/wp-json\/wp\/v2\/media?parent=292748"}],"wp:term":[{"taxonomy":"product_cat","embeddable":true,"href":"https:\/\/www.erresse-shop.it\/es\/wp-json\/wp\/v2\/product_cat?post=292748"},{"taxonomy":"product_tag","embeddable":true,"href":"https:\/\/www.erresse-shop.it\/es\/wp-json\/wp\/v2\/product_tag?post=292748"}],"curies":[{"name":"wp","href":"https:\/\/api.w.org\/{rel}","templated":true}]}}