{"id":292670,"date":"2023-07-17T12:57:50","date_gmt":"2023-07-17T12:57:56","guid":{"rendered":"https:\/\/www.erresse-shop.it\/?post_type=product&#038;p=292670"},"modified":"2025-04-23T12:00:08","modified_gmt":"2025-04-23T12:00:08","slug":"smeg-cafetera-espresso-manual-negro","status":"publish","type":"product","link":"https:\/\/www.erresse-shop.it\/es\/shop\/pequenos-electrodomesticos\/maquinas-de-cafe\/manual-es\/smeg-cafetera-espresso-manual-negro\/","title":{"rendered":"SMEG Cafetera Espresso Manual Negro"},"content":{"rendered":"<p><strong>SMEG<\/strong> serie 50s<\/p>\n<p>Objetos de encuentro simb\u00f3licos, iconos que transforman el espacio que ocupan, los nuevos peque\u00f1os de la l\u00ednea Anni &#8217;50s, dise\u00f1ados en colaboraci\u00f3n con Matteo Bazzicalupo y Raffaella Mangiarotti de deepdesign, evocan otros tiempos y dan forma a lugares cotidianos, invirtiendo lo que ya existe o ha existido con un nuevo significado, como sucede en el arte y la memoria.<br \/>\nProductos de formas redondeadas y compactas, son protagonistas de la cocina, pensados para quienes desean tener una experiencia de chef, pero no s\u00f3lo. Para quien ama rodearse de objetos de fuerte car\u00e1cter est\u00e9tico sin perder de vista las prestaciones de alta calidad.<\/p>\n<p>M\u00e1quina espresso manual made in Italy: garantiza el mejor resultado para un excelente caf\u00e9 espresso.<\/p>\n<ul>\n<li>Sistema de calentamiento con termobloque que garantiza una mayor velocidad de erogaci\u00f3n y un control preciso de la temperatura del agua para la preparaci\u00f3n del caf\u00e9.<\/li>\n<li>Dimensiones entre las m\u00e1s compactas de su categor\u00eda, para adaptarse mejor a cualquier espacio y cocina<\/li>\n<li>Bandeja recogegotas extra\u00edble para acomodar tazas grandes y facilitar la limpieza<\/li>\n<li>Potencia de la bomba de 15 bares, para una extracci\u00f3n siempre correcta de su espresso.<\/li>\n<\/ul>\n<p><strong>Uso pr\u00e1ctico y vers\u00e1til<\/strong><\/p>\n<p>La cafetera espresso ECF02 dispone de un panel de control con doble men\u00fa que le permite seleccionar 4 funciones de espresso seg\u00fan sus preferencias.<br \/>\nCon la varilla de vapor puede crear f\u00e1cilmente una espuma de leche rica y cremosa, perfecta para preparaciones como cappuccino, flat white y latte macchiato.<\/p>\n<p><strong>Espresso perfecto en segundos<\/strong><\/p>\n<p>La nueva cafetera ECF02 es apta tanto para caf\u00e9 molido como para monodosis de papel gracias a su portafiltro de acero inoxidable. Adem\u00e1s, el sistema de calentamiento Thermoblock garantiza tiempos de preparaci\u00f3n r\u00e1pidos y un control preciso de la temperatura del agua para la preparaci\u00f3n del caf\u00e9. Con una presi\u00f3n de 15 bares, la nueva cafetera Smeg ECF02 promete los mejores resultados para un excelente Espresso.<\/p>\n<p><strong>ESTETICA<\/strong><\/p>\n<p>Men\u00fa Blanco: Espresso Sencillo, Espresso Doble, Vapor<br \/>\nMen\u00fa Naranja: Espresso Sencillo Largo, Espresso Doble Largo, Vapor<br \/>\nColor: Rojo<br \/>\nAcabado: Brillante<br \/>\nEst\u00e9tica: Estilo a\u00f1os 50<br \/>\nMaterial del cuerpo: Pl\u00e1stico<br \/>\nColor de la base: Cromo pulido<br \/>\nMaterial de la base: Pl\u00e1stico<br \/>\nMaterial del dep\u00f3sito: SAN<br \/>\nMaterial del calentador de tazas: Acero inoxidable<br \/>\nMaterial de la palanca de vapor\/agua caliente: Aleaci\u00f3n de zinc<br \/>\nMaterial ca\u00f1o: Acero inoxidable<br \/>\nMaterial del portafiltro: Acero inoxidable<br \/>\nColor del brazo del portafiltro: Gris<br \/>\nMaterial del brazo portafiltro: Pl\u00e1stico<br \/>\nColor de la conexi\u00f3n de salida de vapor\/agua caliente: Gris<br \/>\nMaterial de la bandeja para tazas: Acero inoxidable<br \/>\nColor de la bandeja para tazas grandes: Gris<br \/>\nColor de la bandeja para tazas: Aluminio<br \/>\nMaterial de la bandeja para tazas grandes: Pl\u00e1stico<br \/>\nMaterial varilla vapor\/agua caliente: Acero inoxidable<br \/>\nMaterial de la bandeja recogegotas: Pl\u00e1stico<\/p>\n<p><strong>FUNCIONES<\/strong><\/p>\n<p>Longitud de caf\u00e9 ajustable: S\u00ed<br \/>\nAjuste de agua: suave\/medio\/duro<br \/>\nAviso de descalcificaci\u00f3n: S\u00ed<br \/>\nAviso de dep\u00f3sito de agua vac\u00edo\/faltante: S\u00ed<br \/>\nFunci\u00f3n de agua caliente para t\u00e9 y otras bebidas: S\u00ed<br \/>\nModo de espera: 10 min\/30 min\/1 hora<br \/>\nAjuste de la temperatura del caf\u00e9: baja\/media\/alta<br \/>\nAjuste de la temperatura de extracci\u00f3n del caf\u00e9: baja\/media\/alta<\/p>\n<p><strong>COMANDOS<\/strong><\/p>\n<p>Tipo de mando: Botones, Palanca<br \/>\nMaterial de los botones: Pl\u00e1stico<br \/>\nColor de los botones: Plata<br \/>\nN\u00ba de botones de bebidas: 3<br \/>\nBot\u00f3n de men\u00fa: 1<br \/>\nBot\u00f3n ON\/OFF: S\u00ed<br \/>\nN\u00ba de botones: 4<br \/>\nModo de activaci\u00f3n de vapor: Palanca<\/p>\n<p><strong>CARACTER\u00cdSTICAS T\u00c9CNICAS<\/strong><\/p>\n<p>Sistema de calefacci\u00f3n: Thermoblock<br \/>\nCapacidad del dep\u00f3sito de agua: 1,1 l<br \/>\nDep\u00f3sito de agua extra\u00edble: S\u00ed<br \/>\nBandeja recogegotas extra\u00edble: S\u00ed<br \/>\nAlojamiento para tazas m\u00e1s grandes: S\u00ed<br \/>\nCalentador de tazas: Pasivo<br \/>\nDi\u00e1metro del portafiltro: 51 mm<br \/>\nPresi\u00f3n de la bomba: 15 bar<br \/>\nVarilla de vapor: S\u00ed<br \/>\nBase antideslizante: S\u00ed<\/p>\n<p><strong>ESPECIFICACIONES EL\u00c9CTRICAS<\/strong><\/p>\n<p>Tensi\u00f3n (V): 220-240 V<br \/>\nFrecuencia Hz: 50\/60 Hz<br \/>\nLongitud del cable de alimentaci\u00f3n: 1 m<\/p>\n<p><strong>No se vende fuera de Europa<\/strong><\/p>\n","protected":false},"excerpt":{"rendered":"<p>SMEG serie 50s Objetos de encuentro simb\u00f3licos, iconos que transforman el espacio que ocupan, los nuevos peque\u00f1os de la l\u00ednea<\/p>\n","protected":false},"featured_media":508700,"template":"","meta":{"_acf_changed":false,"inline_featured_image":false},"product_cat":[25367,16076,16073],"product_tag":[25183,23912,23237,23574,16307,16395,16398,23583,25023],"acf":[],"yoast_head":"<!-- This site is optimized with the Yoast SEO Premium plugin v18.6 (Yoast SEO v19.13) - https:\/\/yoast.com\/wordpress\/plugins\/seo\/ -->\n<title>SMEG Cafetera Espresso Manual Negro - Erresse Shop<\/title>\n<meta name=\"description\" content=\"SMEG serie 50s Objetos de encuentro simb\u00f3licos, iconos que transforman el espacio que ocupan, los nuevos peque\u00f1os de la l\u00ednea Anni &#039;50s, dise\u00f1ados en\" \/>\n<meta name=\"robots\" content=\"index, follow, max-snippet:-1, max-image-preview:large, max-video-preview:-1\" \/>\n<link rel=\"canonical\" href=\"https:\/\/www.erresse-shop.it\/es\/shop\/pequenos-electrodomesticos\/maquinas-de-cafe\/manual-es\/smeg-cafetera-espresso-manual-negro\/\" \/>\n<meta property=\"og:locale\" content=\"es_ES\" \/>\n<meta property=\"og:type\" content=\"article\" \/>\n<meta property=\"og:title\" content=\"SMEG Cafetera Espresso Manual Negro\" \/>\n<meta property=\"og:description\" content=\"SMEG serie 50s Objetos de encuentro simb\u00f3licos, iconos que transforman el espacio que ocupan, los nuevos peque\u00f1os de la l\u00ednea Anni &#039;50s, dise\u00f1ados en\" \/>\n<meta property=\"og:url\" content=\"https:\/\/www.erresse-shop.it\/es\/shop\/pequenos-electrodomesticos\/maquinas-de-cafe\/manual-es\/smeg-cafetera-espresso-manual-negro\/\" \/>\n<meta property=\"og:site_name\" content=\"Erresse Shop\" \/>\n<meta property=\"article:modified_time\" content=\"2025-04-23T12:00:08+00:00\" \/>\n<meta property=\"og:image\" content=\"https:\/\/www.erresse-shop.it\/wp-content\/uploads\/2023\/07\/SMEG-Macchina-da-Caffe\u0300-Espresso-Manuale-Nero-1.jpg\" \/>\n\t<meta property=\"og:image:width\" content=\"800\" \/>\n\t<meta property=\"og:image:height\" content=\"800\" \/>\n\t<meta property=\"og:image:type\" content=\"image\/jpeg\" \/>\n<meta name=\"twitter:card\" content=\"summary_large_image\" \/>\n<script type=\"application\/ld+json\" class=\"yoast-schema-graph\">{\"@context\":\"https:\/\/schema.org\",\"@graph\":[{\"@type\":\"WebPage\",\"@id\":\"https:\/\/www.erresse-shop.it\/es\/shop\/pequenos-electrodomesticos\/maquinas-de-cafe\/manual-es\/smeg-cafetera-espresso-manual-negro\/\",\"url\":\"https:\/\/www.erresse-shop.it\/es\/shop\/pequenos-electrodomesticos\/maquinas-de-cafe\/manual-es\/smeg-cafetera-espresso-manual-negro\/\",\"name\":\"SMEG Cafetera Espresso Manual Negro - Erresse Shop\",\"isPartOf\":{\"@id\":\"https:\/\/www.erresse-shop.it\/es\/#website\"},\"datePublished\":\"2023-07-17T12:57:56+00:00\",\"dateModified\":\"2025-04-23T12:00:08+00:00\",\"description\":\"SMEG serie 50s Objetos de encuentro simb\u00f3licos, iconos que transforman el espacio que ocupan, los nuevos peque\u00f1os de la l\u00ednea Anni '50s, dise\u00f1ados en\",\"breadcrumb\":{\"@id\":\"https:\/\/www.erresse-shop.it\/es\/shop\/pequenos-electrodomesticos\/maquinas-de-cafe\/manual-es\/smeg-cafetera-espresso-manual-negro\/#breadcrumb\"},\"inLanguage\":\"es\",\"potentialAction\":[{\"@type\":\"ReadAction\",\"target\":[\"https:\/\/www.erresse-shop.it\/es\/shop\/pequenos-electrodomesticos\/maquinas-de-cafe\/manual-es\/smeg-cafetera-espresso-manual-negro\/\"]}]},{\"@type\":\"BreadcrumbList\",\"@id\":\"https:\/\/www.erresse-shop.it\/es\/shop\/pequenos-electrodomesticos\/maquinas-de-cafe\/manual-es\/smeg-cafetera-espresso-manual-negro\/#breadcrumb\",\"itemListElement\":[{\"@type\":\"ListItem\",\"position\":1,\"name\":\"Home\",\"item\":\"https:\/\/www.erresse-shop.it\/es\/\"},{\"@type\":\"ListItem\",\"position\":2,\"name\":\"Shop\",\"item\":\"https:\/\/www.erresse-shop.it\/es\/shop\/\"},{\"@type\":\"ListItem\",\"position\":3,\"name\":\"SMEG Cafetera Espresso Manual Negro\"}]},{\"@type\":\"WebSite\",\"@id\":\"https:\/\/www.erresse-shop.it\/es\/#website\",\"url\":\"https:\/\/www.erresse-shop.it\/es\/\",\"name\":\"Erresse Shop\",\"description\":\"Articoli di qualit\u00e0 per la casa\",\"potentialAction\":[{\"@type\":\"SearchAction\",\"target\":{\"@type\":\"EntryPoint\",\"urlTemplate\":\"https:\/\/www.erresse-shop.it\/es\/?s={search_term_string}\"},\"query-input\":\"required name=search_term_string\"}],\"inLanguage\":\"es\"}]}<\/script>\n<!-- \/ Yoast SEO Premium plugin. -->","yoast_head_json":{"title":"SMEG Cafetera Espresso Manual Negro - Erresse Shop","description":"SMEG serie 50s Objetos de encuentro simb\u00f3licos, iconos que transforman el espacio que ocupan, los nuevos peque\u00f1os de la l\u00ednea Anni '50s, dise\u00f1ados en","robots":{"index":"index","follow":"follow","max-snippet":"max-snippet:-1","max-image-preview":"max-image-preview:large","max-video-preview":"max-video-preview:-1"},"canonical":"https:\/\/www.erresse-shop.it\/es\/shop\/pequenos-electrodomesticos\/maquinas-de-cafe\/manual-es\/smeg-cafetera-espresso-manual-negro\/","og_locale":"es_ES","og_type":"article","og_title":"SMEG Cafetera Espresso Manual Negro","og_description":"SMEG serie 50s Objetos de encuentro simb\u00f3licos, iconos que transforman el espacio que ocupan, los nuevos peque\u00f1os de la l\u00ednea Anni '50s, dise\u00f1ados en","og_url":"https:\/\/www.erresse-shop.it\/es\/shop\/pequenos-electrodomesticos\/maquinas-de-cafe\/manual-es\/smeg-cafetera-espresso-manual-negro\/","og_site_name":"Erresse Shop","article_modified_time":"2025-04-23T12:00:08+00:00","og_image":[{"width":800,"height":800,"url":"https:\/\/www.erresse-shop.it\/wp-content\/uploads\/2023\/07\/SMEG-Macchina-da-Caffe\u0300-Espresso-Manuale-Nero-1.jpg","type":"image\/jpeg"}],"twitter_card":"summary_large_image","schema":{"@context":"https:\/\/schema.org","@graph":[{"@type":"WebPage","@id":"https:\/\/www.erresse-shop.it\/es\/shop\/pequenos-electrodomesticos\/maquinas-de-cafe\/manual-es\/smeg-cafetera-espresso-manual-negro\/","url":"https:\/\/www.erresse-shop.it\/es\/shop\/pequenos-electrodomesticos\/maquinas-de-cafe\/manual-es\/smeg-cafetera-espresso-manual-negro\/","name":"SMEG Cafetera Espresso Manual Negro - Erresse Shop","isPartOf":{"@id":"https:\/\/www.erresse-shop.it\/es\/#website"},"datePublished":"2023-07-17T12:57:56+00:00","dateModified":"2025-04-23T12:00:08+00:00","description":"SMEG serie 50s Objetos de encuentro simb\u00f3licos, iconos que transforman el espacio que ocupan, los nuevos peque\u00f1os de la l\u00ednea Anni '50s, dise\u00f1ados en","breadcrumb":{"@id":"https:\/\/www.erresse-shop.it\/es\/shop\/pequenos-electrodomesticos\/maquinas-de-cafe\/manual-es\/smeg-cafetera-espresso-manual-negro\/#breadcrumb"},"inLanguage":"es","potentialAction":[{"@type":"ReadAction","target":["https:\/\/www.erresse-shop.it\/es\/shop\/pequenos-electrodomesticos\/maquinas-de-cafe\/manual-es\/smeg-cafetera-espresso-manual-negro\/"]}]},{"@type":"BreadcrumbList","@id":"https:\/\/www.erresse-shop.it\/es\/shop\/pequenos-electrodomesticos\/maquinas-de-cafe\/manual-es\/smeg-cafetera-espresso-manual-negro\/#breadcrumb","itemListElement":[{"@type":"ListItem","position":1,"name":"Home","item":"https:\/\/www.erresse-shop.it\/es\/"},{"@type":"ListItem","position":2,"name":"Shop","item":"https:\/\/www.erresse-shop.it\/es\/shop\/"},{"@type":"ListItem","position":3,"name":"SMEG Cafetera Espresso Manual Negro"}]},{"@type":"WebSite","@id":"https:\/\/www.erresse-shop.it\/es\/#website","url":"https:\/\/www.erresse-shop.it\/es\/","name":"Erresse Shop","description":"Articoli di qualit\u00e0 per la casa","potentialAction":[{"@type":"SearchAction","target":{"@type":"EntryPoint","urlTemplate":"https:\/\/www.erresse-shop.it\/es\/?s={search_term_string}"},"query-input":"required name=search_term_string"}],"inLanguage":"es"}]}},"df_price":279.29999999999995,"df_sale_price":279.29999999999995,"df_regular_price":399,"df_image_link":"https:\/\/www.erresse-shop.it\/wp-content\/uploads\/2023\/07\/SMEG-Macchina-da-Caffe-Espresso-Manuale-Nero-300x300.jpg","_links":{"self":[{"href":"https:\/\/www.erresse-shop.it\/es\/wp-json\/wp\/v2\/product\/292670"}],"collection":[{"href":"https:\/\/www.erresse-shop.it\/es\/wp-json\/wp\/v2\/product"}],"about":[{"href":"https:\/\/www.erresse-shop.it\/es\/wp-json\/wp\/v2\/types\/product"}],"wp:featuredmedia":[{"embeddable":true,"href":"https:\/\/www.erresse-shop.it\/es\/wp-json\/wp\/v2\/media\/508700"}],"wp:attachment":[{"href":"https:\/\/www.erresse-shop.it\/es\/wp-json\/wp\/v2\/media?parent=292670"}],"wp:term":[{"taxonomy":"product_cat","embeddable":true,"href":"https:\/\/www.erresse-shop.it\/es\/wp-json\/wp\/v2\/product_cat?post=292670"},{"taxonomy":"product_tag","embeddable":true,"href":"https:\/\/www.erresse-shop.it\/es\/wp-json\/wp\/v2\/product_tag?post=292670"}],"curies":[{"name":"wp","href":"https:\/\/api.w.org\/{rel}","templated":true}]}}