{"id":291354,"date":"2023-07-13T13:54:04","date_gmt":"2023-07-13T13:54:11","guid":{"rendered":"https:\/\/www.erresse-shop.it\/?post_type=product&#038;p=291354"},"modified":"2023-07-17T12:25:17","modified_gmt":"2023-07-17T12:25:17","slug":"smeg-cafetera-espresso-manual-con-molinillo-de-cafe-rojo","status":"publish","type":"product","link":"https:\/\/www.erresse-shop.it\/es\/shop\/pequenos-electrodomesticos\/maquinas-de-cafe\/manual-es\/smeg-cafetera-espresso-manual-con-molinillo-de-cafe-rojo\/","title":{"rendered":"SMEG Cafetera Espresso Manual con Molinillo de Caf\u00e9 Rojo"},"content":{"rendered":"<p><strong>SMEG<\/strong> serie 50s<\/p>\n<p>Objetos de encuentro simb\u00f3licos, iconos que transforman el espacio que ocupan, los nuevos peque\u00f1os de la l\u00ednea Anni &#8217;50s, dise\u00f1ados en colaboraci\u00f3n con Matteo Bazzicalupo y Raffaella Mangiarotti de deepdesign, evocan otros tiempos y dan forma a lugares cotidianos, invirtiendo lo que ya existe o ha existido con un nuevo significado, como sucede en el arte y la memoria.<br \/>\nProductos de formas redondeadas y compactas, son protagonistas de la cocina, pensados para quienes desean vivir una experiencia de chef, pero no s\u00f3lo. Para quienes les gusta rodearse de objetos con un fuerte car\u00e1cter est\u00e9tico sin perder de vista las prestaciones de alta calidad.<\/p>\n<p>Cafetera espresso manual con molinillo de caf\u00e9 integrado: la experiencia de preparar caf\u00e9 y leche como en el bar.<\/p>\n<ul>\n<li>Molinillo de caf\u00e9 integrado: el aut\u00e9ntico aroma del caf\u00e9 reci\u00e9n molido.<\/li>\n<li>Sistema de calentamiento con doble termobloque: preparaci\u00f3n de caf\u00e9 y vapor siempre a punto sin tiempo de espera.<\/li>\n<li>M\u00e1quina de caf\u00e9 dise\u00f1ada para la preparaci\u00f3n perfecta del aut\u00e9ntico espresso italiano, con funciones de espresso simple y doble<\/li>\n<li>Potencia de la bomba de 20 bares: para una extracci\u00f3n siempre correcta del espresso<\/li>\n<\/ul>\n<p><strong>Ritual Barista<\/strong><\/p>\n<p>Vivir la Experiencia Barista es posible con la cafetera EGF03 de Smeg: un concentrado de tecnolog\u00edas que contribuyen a la preparaci\u00f3n de un caf\u00e9 \u00f3ptimo.<br \/>\nPara un molido uniforme, el molinillo de caf\u00e9 integrado est\u00e1 equipado con muelas c\u00f3nicas de acero inoxidable que le permiten ajustar el molido a un nivel superfino. Gracias al portafiltro de 58 mm de di\u00e1metro y a la varilla de vapor profesional con dos niveles de vapor, podr\u00e1 preparar el caf\u00e9 y la leche como un aut\u00e9ntico barista. Mientras que el man\u00f3metro le permite comprobar que la extracci\u00f3n se ha realizado de forma \u00f3ptima seg\u00fan los par\u00e1metros del espresso.<\/p>\n<p><strong>Thermoblock<\/strong><\/p>\n<p>El doble sistema de calentamiento Thermoblock, uno dedicado al circuito del caf\u00e9 y otro al circuito de la leche, garantiza que la funci\u00f3n de vapor est\u00e9 siempre lista despu\u00e9s de la preparaci\u00f3n del caf\u00e9, evitando as\u00ed los tiempos de espera para la espuma de leche.<\/p>\n<p><strong>Ajustes<\/strong><\/p>\n<p>La nueva cafetera espresso le permite personalizar sus bebidas para adaptarse a todos los gustos: el men\u00fa dual le permite elegir entre dos opciones de molido preestablecidas, para preparar un espresso simple o doble, y dos opciones de infusi\u00f3n, para preparar una o dos tazas de caf\u00e9.<\/p>\n<p>Desde el men\u00fa de ajustes puede seleccionar su perfil de preinfusi\u00f3n preferido entre 4 perfiles diferentes (preinfusi\u00f3n corta, est\u00e1ndar, larga y progresiva) y entre 4 niveles de temperatura de extracci\u00f3n, para hacer del momento del caf\u00e9 un verdadero ritual.<\/p>\n<p><strong>Accesorios profesionales<\/strong><\/p>\n<p>Completan la experiencia del caf\u00e9 para entendidos los accesorios incluidos: los filtros no presurizados y presurizados, la jarra de leche y diversos accesorios para la limpieza y el mantenimiento de la m\u00e1quina.<\/p>\n<p><strong>EST\u00c9TICA<\/strong><br \/>\n<strong>Color:<\/strong> Negro<br \/>\n<strong>Acabado:<\/strong> Pulido<br \/>\n<strong>Est\u00e9tica:<\/strong> Estilo a\u00f1os 50<br \/>\n<strong>Material del cuerpo:<\/strong> Aluminio fundido a presi\u00f3n<br \/>\n<strong>Material de la base:<\/strong> Pl\u00e1stico<br \/>\n<strong>Material del dep\u00f3sito:<\/strong> SAN<br \/>\n<strong>Material del molinillo:<\/strong> Acero inoxidable<br \/>\n<strong>Material del recipiente de granos:<\/strong> SAN<br \/>\n<strong>Material de la tapa del recipiente de granos:<\/strong> SAN y TPE<br \/>\n<strong>Material del calentador de tazas:<\/strong> Acero inoxidable<br \/>\n<strong>Material de la palanca de vapor\/agua caliente:<\/strong> aleaci\u00f3n de zinc<br \/>\n<strong>Material de la unidad de infusi\u00f3n:<\/strong> Acero inoxidable<br \/>\n<strong>Material del portafiltro:<\/strong> Acero inoxidable<br \/>\n<strong>Color del brazo del portafiltro:<\/strong> Gris<br \/>\n<strong>Material del brazo portafiltro:<\/strong> Pl\u00e1stico<br \/>\n<strong>Material de la rejilla del portafiltro:<\/strong> Acero inoxidable<br \/>\n<strong>Material de la prensa de leche:<\/strong> Acero inoxidable<br \/>\n<strong>Material de la jarra de leche:<\/strong> Acero inoxidable<br \/>\n<strong>Material de la varilla de vapor\/agua caliente:<\/strong> Acero inoxidable<br \/>\n<strong>Material de la bandeja recogegotas:<\/strong> Aluminio fundido a presi\u00f3n<\/p>\n<p><strong>FUNCIONES<\/strong><br \/>\n<strong>Funci\u00f3n de caf\u00e9 individual:<\/strong> S\u00ed<br \/>\n<strong>Funci\u00f3n doble caf\u00e9:<\/strong> S\u00ed<br \/>\n<strong>Longitud de caf\u00e9 ajustable:<\/strong> S\u00ed<br \/>\n<strong>Ajuste de agua programable:<\/strong> suave\/medio\/duro\/muy duro<br \/>\n<strong>Aviso de descalcificaci\u00f3n:<\/strong> S\u00ed<br \/>\n<strong>Aviso de dep\u00f3sito de agua vac\u00edo\/faltante:<\/strong> S\u00ed<br \/>\n<strong>Funci\u00f3n de espera ajustable:<\/strong> S\u00ed<br \/>\n<strong>Espera programable:<\/strong> 10 min\/30 min\/40 min\/60 min<br \/>\n<strong>Ajuste del perfil de preinfusi\u00f3n:<\/strong> Preinfusi\u00f3n corta \/ est\u00e1ndar \/ larga \/ progresiva<br \/>\n<strong>Intensidad del vapor:<\/strong> 2 niveles<br \/>\n<strong>Ajustes de temperatura de extracci\u00f3n del caf\u00e9:<\/strong> baja \/ media \/ \u00f3ptima \/ alta<br \/>\n<strong>Niveles de molienda:<\/strong> Superfino \/ Fino \/ Medio<br \/>\n<strong>Molido para caf\u00e9 individual:<\/strong> S\u00ed<br \/>\n<strong>Molido para caf\u00e9 doble:<\/strong> S\u00ed<br \/>\n<strong>Cantidad de molido ajustable:<\/strong> S\u00ed<\/p>\n<p><strong>COMANDOS<\/strong><br \/>\n<strong>Tipo de mandos:<\/strong> Botones, Palanca<br \/>\n<strong>Material de los botones:<\/strong> Pl\u00e1stico<br \/>\n<strong>Color de los botones:<\/strong> Plata<br \/>\n<strong>N\u00famero de botones:<\/strong> 4<br \/>\n<strong>Modo de ajuste de la molienda:<\/strong> Rotaci\u00f3n del recipiente de granos<br \/>\n<strong>Modo de activaci\u00f3n del vapor:<\/strong> Palanca<br \/>\n<strong>Material del portafiltro:<\/strong> Pl\u00e1stico<\/p>\n<p><strong>CARACTER\u00cdSTICAS T\u00c9CNICAS<\/strong><br \/>\n<strong>Sistema de calefacci\u00f3n:<\/strong> Doble Thermoblock<br \/>\n<strong>Presi\u00f3n de la bomba:<\/strong> 15 bar<br \/>\n<strong>Salida de caf\u00e9:<\/strong> Doble<br \/>\n<strong>Tipo de muela:<\/strong> C\u00f3nica<br \/>\n<strong>Molinillo superior extra\u00edble:<\/strong> S\u00ed<br \/>\n<strong>Capacidad del dep\u00f3sito de agua:<\/strong> 2,4 l<br \/>\n<strong>Dep\u00f3sito de agua extra\u00edble:<\/strong> S\u00ed<br \/>\n<strong>Bandeja recogegotas extra\u00edble:<\/strong> S\u00ed<br \/>\n<strong>Man\u00f3metro:<\/strong> S\u00ed<br \/>\n<strong>Calentador de tazas:<\/strong> Pasivo<br \/>\n<strong>Di\u00e1metro del portafiltro:<\/strong> 58 mm<br \/>\n<strong>Presi\u00f3n de la bomba del circuito de caf\u00e9:<\/strong> 20 bar<br \/>\n<strong>Contenedor de granos con sistema Twist &amp; Lock:<\/strong> S\u00ed<br \/>\n<strong>Recipiente de caf\u00e9 en grano extra\u00edble:<\/strong> S\u00ed<br \/>\n<strong>Varilla de vapor profesional:<\/strong> S\u00ed<br \/>\n<strong>Capacidad del recipiente de granos:<\/strong> 250 g<br \/>\n<strong>Base antideslizante:<\/strong> S\u00ed<\/p>\n<p><strong>ESPECIFICACIONES EL\u00c9CTRICAS<\/strong><br \/>\n<strong>Voltaje:<\/strong> 220-240V<br \/>\n<strong>Frecuencia:<\/strong> 50\/60 Hz<br \/>\n<strong>Longitud del cable:<\/strong> 1 m<\/p>\n<p><strong>No se vende fuera de Europa<\/strong><\/p>\n","protected":false},"excerpt":{"rendered":"<p>SMEG serie 50s Objetos de encuentro simb\u00f3licos, iconos que transforman el espacio que ocupan, los nuevos peque\u00f1os de la l\u00ednea<\/p>\n","protected":false},"featured_media":509009,"template":"","meta":{"_acf_changed":false,"inline_featured_image":false},"product_cat":[25367,16076,16073],"product_tag":[25183,23237,23574,16395,16398,23583,25023],"acf":[],"yoast_head":"<!-- This site is optimized with the Yoast SEO Premium plugin v18.6 (Yoast SEO v19.13) - https:\/\/yoast.com\/wordpress\/plugins\/seo\/ -->\n<title>SMEG Cafetera Espresso Manual con Molinillo de Caf\u00e9 Rojo - Erresse Shop<\/title>\n<meta name=\"description\" content=\"SMEG serie 50s Objetos de encuentro simb\u00f3licos, iconos que transforman el espacio que ocupan, los nuevos peque\u00f1os de la l\u00ednea Anni &#039;50s, dise\u00f1ados en\" \/>\n<meta name=\"robots\" content=\"index, follow, max-snippet:-1, max-image-preview:large, max-video-preview:-1\" \/>\n<link rel=\"canonical\" href=\"https:\/\/www.erresse-shop.it\/es\/shop\/pequenos-electrodomesticos\/maquinas-de-cafe\/manual-es\/smeg-cafetera-espresso-manual-con-molinillo-de-cafe-rojo\/\" \/>\n<meta property=\"og:locale\" content=\"es_ES\" \/>\n<meta property=\"og:type\" content=\"article\" \/>\n<meta property=\"og:title\" content=\"SMEG Cafetera Espresso Manual con Molinillo de Caf\u00e9 Rojo\" \/>\n<meta property=\"og:description\" content=\"SMEG serie 50s Objetos de encuentro simb\u00f3licos, iconos que transforman el espacio que ocupan, los nuevos peque\u00f1os de la l\u00ednea Anni &#039;50s, dise\u00f1ados en\" \/>\n<meta property=\"og:url\" content=\"https:\/\/www.erresse-shop.it\/es\/shop\/pequenos-electrodomesticos\/maquinas-de-cafe\/manual-es\/smeg-cafetera-espresso-manual-con-molinillo-de-cafe-rojo\/\" \/>\n<meta property=\"og:site_name\" content=\"Erresse Shop\" \/>\n<meta property=\"article:modified_time\" content=\"2023-07-17T12:25:17+00:00\" \/>\n<meta property=\"og:image\" content=\"https:\/\/www.erresse-shop.it\/wp-content\/uploads\/2023\/07\/SMEG-Macchina-da-Caffe\u0300-Espresso-Manuale-Rosso.jpg\" \/>\n\t<meta property=\"og:image:width\" content=\"800\" \/>\n\t<meta property=\"og:image:height\" content=\"800\" \/>\n\t<meta property=\"og:image:type\" content=\"image\/jpeg\" \/>\n<meta name=\"twitter:card\" content=\"summary_large_image\" \/>\n<script type=\"application\/ld+json\" class=\"yoast-schema-graph\">{\"@context\":\"https:\/\/schema.org\",\"@graph\":[{\"@type\":\"WebPage\",\"@id\":\"https:\/\/www.erresse-shop.it\/es\/shop\/pequenos-electrodomesticos\/maquinas-de-cafe\/manual-es\/smeg-cafetera-espresso-manual-con-molinillo-de-cafe-rojo\/\",\"url\":\"https:\/\/www.erresse-shop.it\/es\/shop\/pequenos-electrodomesticos\/maquinas-de-cafe\/manual-es\/smeg-cafetera-espresso-manual-con-molinillo-de-cafe-rojo\/\",\"name\":\"SMEG Cafetera Espresso Manual con Molinillo de Caf\u00e9 Rojo - Erresse Shop\",\"isPartOf\":{\"@id\":\"https:\/\/www.erresse-shop.it\/es\/#website\"},\"datePublished\":\"2023-07-13T13:54:11+00:00\",\"dateModified\":\"2023-07-17T12:25:17+00:00\",\"description\":\"SMEG serie 50s Objetos de encuentro simb\u00f3licos, iconos que transforman el espacio que ocupan, los nuevos peque\u00f1os de la l\u00ednea Anni '50s, dise\u00f1ados en\",\"breadcrumb\":{\"@id\":\"https:\/\/www.erresse-shop.it\/es\/shop\/pequenos-electrodomesticos\/maquinas-de-cafe\/manual-es\/smeg-cafetera-espresso-manual-con-molinillo-de-cafe-rojo\/#breadcrumb\"},\"inLanguage\":\"es\",\"potentialAction\":[{\"@type\":\"ReadAction\",\"target\":[\"https:\/\/www.erresse-shop.it\/es\/shop\/pequenos-electrodomesticos\/maquinas-de-cafe\/manual-es\/smeg-cafetera-espresso-manual-con-molinillo-de-cafe-rojo\/\"]}]},{\"@type\":\"BreadcrumbList\",\"@id\":\"https:\/\/www.erresse-shop.it\/es\/shop\/pequenos-electrodomesticos\/maquinas-de-cafe\/manual-es\/smeg-cafetera-espresso-manual-con-molinillo-de-cafe-rojo\/#breadcrumb\",\"itemListElement\":[{\"@type\":\"ListItem\",\"position\":1,\"name\":\"Home\",\"item\":\"https:\/\/www.erresse-shop.it\/es\/\"},{\"@type\":\"ListItem\",\"position\":2,\"name\":\"Shop\",\"item\":\"https:\/\/www.erresse-shop.it\/es\/shop\/\"},{\"@type\":\"ListItem\",\"position\":3,\"name\":\"SMEG Cafetera Espresso Manual con Molinillo de Caf\u00e9 Rojo\"}]},{\"@type\":\"WebSite\",\"@id\":\"https:\/\/www.erresse-shop.it\/es\/#website\",\"url\":\"https:\/\/www.erresse-shop.it\/es\/\",\"name\":\"Erresse Shop\",\"description\":\"Articoli di qualit\u00e0 per la casa\",\"potentialAction\":[{\"@type\":\"SearchAction\",\"target\":{\"@type\":\"EntryPoint\",\"urlTemplate\":\"https:\/\/www.erresse-shop.it\/es\/?s={search_term_string}\"},\"query-input\":\"required name=search_term_string\"}],\"inLanguage\":\"es\"}]}<\/script>\n<!-- \/ Yoast SEO Premium plugin. -->","yoast_head_json":{"title":"SMEG Cafetera Espresso Manual con Molinillo de Caf\u00e9 Rojo - Erresse Shop","description":"SMEG serie 50s Objetos de encuentro simb\u00f3licos, iconos que transforman el espacio que ocupan, los nuevos peque\u00f1os de la l\u00ednea Anni '50s, dise\u00f1ados en","robots":{"index":"index","follow":"follow","max-snippet":"max-snippet:-1","max-image-preview":"max-image-preview:large","max-video-preview":"max-video-preview:-1"},"canonical":"https:\/\/www.erresse-shop.it\/es\/shop\/pequenos-electrodomesticos\/maquinas-de-cafe\/manual-es\/smeg-cafetera-espresso-manual-con-molinillo-de-cafe-rojo\/","og_locale":"es_ES","og_type":"article","og_title":"SMEG Cafetera Espresso Manual con Molinillo de Caf\u00e9 Rojo","og_description":"SMEG serie 50s Objetos de encuentro simb\u00f3licos, iconos que transforman el espacio que ocupan, los nuevos peque\u00f1os de la l\u00ednea Anni '50s, dise\u00f1ados en","og_url":"https:\/\/www.erresse-shop.it\/es\/shop\/pequenos-electrodomesticos\/maquinas-de-cafe\/manual-es\/smeg-cafetera-espresso-manual-con-molinillo-de-cafe-rojo\/","og_site_name":"Erresse Shop","article_modified_time":"2023-07-17T12:25:17+00:00","og_image":[{"width":800,"height":800,"url":"https:\/\/www.erresse-shop.it\/wp-content\/uploads\/2023\/07\/SMEG-Macchina-da-Caffe\u0300-Espresso-Manuale-Rosso.jpg","type":"image\/jpeg"}],"twitter_card":"summary_large_image","schema":{"@context":"https:\/\/schema.org","@graph":[{"@type":"WebPage","@id":"https:\/\/www.erresse-shop.it\/es\/shop\/pequenos-electrodomesticos\/maquinas-de-cafe\/manual-es\/smeg-cafetera-espresso-manual-con-molinillo-de-cafe-rojo\/","url":"https:\/\/www.erresse-shop.it\/es\/shop\/pequenos-electrodomesticos\/maquinas-de-cafe\/manual-es\/smeg-cafetera-espresso-manual-con-molinillo-de-cafe-rojo\/","name":"SMEG Cafetera Espresso Manual con Molinillo de Caf\u00e9 Rojo - Erresse Shop","isPartOf":{"@id":"https:\/\/www.erresse-shop.it\/es\/#website"},"datePublished":"2023-07-13T13:54:11+00:00","dateModified":"2023-07-17T12:25:17+00:00","description":"SMEG serie 50s Objetos de encuentro simb\u00f3licos, iconos que transforman el espacio que ocupan, los nuevos peque\u00f1os de la l\u00ednea Anni '50s, dise\u00f1ados en","breadcrumb":{"@id":"https:\/\/www.erresse-shop.it\/es\/shop\/pequenos-electrodomesticos\/maquinas-de-cafe\/manual-es\/smeg-cafetera-espresso-manual-con-molinillo-de-cafe-rojo\/#breadcrumb"},"inLanguage":"es","potentialAction":[{"@type":"ReadAction","target":["https:\/\/www.erresse-shop.it\/es\/shop\/pequenos-electrodomesticos\/maquinas-de-cafe\/manual-es\/smeg-cafetera-espresso-manual-con-molinillo-de-cafe-rojo\/"]}]},{"@type":"BreadcrumbList","@id":"https:\/\/www.erresse-shop.it\/es\/shop\/pequenos-electrodomesticos\/maquinas-de-cafe\/manual-es\/smeg-cafetera-espresso-manual-con-molinillo-de-cafe-rojo\/#breadcrumb","itemListElement":[{"@type":"ListItem","position":1,"name":"Home","item":"https:\/\/www.erresse-shop.it\/es\/"},{"@type":"ListItem","position":2,"name":"Shop","item":"https:\/\/www.erresse-shop.it\/es\/shop\/"},{"@type":"ListItem","position":3,"name":"SMEG Cafetera Espresso Manual con Molinillo de Caf\u00e9 Rojo"}]},{"@type":"WebSite","@id":"https:\/\/www.erresse-shop.it\/es\/#website","url":"https:\/\/www.erresse-shop.it\/es\/","name":"Erresse Shop","description":"Articoli di qualit\u00e0 per la casa","potentialAction":[{"@type":"SearchAction","target":{"@type":"EntryPoint","urlTemplate":"https:\/\/www.erresse-shop.it\/es\/?s={search_term_string}"},"query-input":"required name=search_term_string"}],"inLanguage":"es"}]}},"df_price":739,"df_sale_price":739,"df_regular_price":869,"df_image_link":"https:\/\/www.erresse-shop.it\/wp-content\/uploads\/2023\/07\/SMEG-Macchina-da-Caffe-Espresso-Manuale-con-Macinacaffe-Rosso-300x300.jpg","_links":{"self":[{"href":"https:\/\/www.erresse-shop.it\/es\/wp-json\/wp\/v2\/product\/291354"}],"collection":[{"href":"https:\/\/www.erresse-shop.it\/es\/wp-json\/wp\/v2\/product"}],"about":[{"href":"https:\/\/www.erresse-shop.it\/es\/wp-json\/wp\/v2\/types\/product"}],"wp:featuredmedia":[{"embeddable":true,"href":"https:\/\/www.erresse-shop.it\/es\/wp-json\/wp\/v2\/media\/509009"}],"wp:attachment":[{"href":"https:\/\/www.erresse-shop.it\/es\/wp-json\/wp\/v2\/media?parent=291354"}],"wp:term":[{"taxonomy":"product_cat","embeddable":true,"href":"https:\/\/www.erresse-shop.it\/es\/wp-json\/wp\/v2\/product_cat?post=291354"},{"taxonomy":"product_tag","embeddable":true,"href":"https:\/\/www.erresse-shop.it\/es\/wp-json\/wp\/v2\/product_tag?post=291354"}],"curies":[{"name":"wp","href":"https:\/\/api.w.org\/{rel}","templated":true}]}}