{"id":290398,"date":"2023-07-11T14:26:34","date_gmt":"2023-07-11T14:26:38","guid":{"rendered":"https:\/\/www.erresse-shop.it\/?post_type=product&#038;p=290398"},"modified":"2024-04-15T00:04:22","modified_gmt":"2024-04-15T00:04:22","slug":"sage-nespresso-the-vertuo-creatista","status":"publish","type":"product","link":"https:\/\/www.erresse-shop.it\/es\/shop\/pequenos-electrodomesticos\/maquinas-de-cafe\/capsulas\/sage-nespresso-the-vertuo-creatista\/","title":{"rendered":"SAGE Nespresso The Vertuo Creatista"},"content":{"rendered":"<p><strong>Convi\u00e9rtase en un experto en la creaci\u00f3n de bebidas con leche con el t\u00e9 Vertuo Creatista.<\/strong><\/p>\n<p>Con una amplia gama de opciones de caf\u00e9, puede deleitarse con un caf\u00e9 solo o crear sus propias recetas con leche. Disfrute de sus recetas favoritas, desde flat whites hasta cappuccinos. Con la varilla de vapor integrada podr\u00e1 obtener una cremosa espuma de leche, personalizar sus recetas o realizar fant\u00e1sticas creaciones latte art. Elija entre tres temperaturas y consistencias de leche diferentes, para obtener un resultado siempre a su gusto. Todo en un dise\u00f1o de acero inoxidable de primera calidad. Su caf\u00e9 favorito, preparado en casa.<\/p>\n<p><strong>Tecnolog\u00eda de extracci\u00f3n inteligente<\/strong><\/p>\n<p>Con un solo toque, el sistema puede preparar caf\u00e9s perfectos en diferentes formatos: Espresso, Doble Espresso, Gran Lungo, Taza o Jarra. Cada c\u00e1psula tiene un c\u00f3digo \u00fanico que, una vez le\u00eddo por la m\u00e1quina, ajustar\u00e1 la configuraci\u00f3n de extracci\u00f3n para garantizar un caf\u00e9 perfecto en todo momento. Con dos toques puede conseguir un tiempo de extracci\u00f3n m\u00e1s corto, ideal para preparaciones de caf\u00e9 con leche.<\/p>\n<p><strong>Infinitas recetas con leche<\/strong><\/p>\n<p>Cree fant\u00e1sticos flat whites, cappuccinos, lattes, latte macchiatos o cualquier otra receta a base de leche con facilidad.<\/p>\n<p><strong>Espumado autom\u00e1tico de leche con Auto MilQ\u2122.<\/strong><\/p>\n<p>Una experiencia mejorada que te permite crear arte latte en casa. Con 3 ajustes de temperatura y 3 niveles de consistencia de la leche, la Vertuo Creatista espuma la leche con la consistencia perfecta, como en la cafeter\u00eda. El vaporizador se limpia autom\u00e1ticamente despu\u00e9s de cada uso.<\/p>\n<p><strong>Construcci\u00f3n de acero inoxidable de alta calidad<\/strong><\/p>\n<p>La construcci\u00f3n en acero inoxidable cepillado y pulido permite que la Vertuo Creatista encaje perfectamente en cualquier cocina. Su dise\u00f1o ofrece un portavasos que se integra en la bandeja recogegotas cuando no se utiliza. Gracias a la bandeja extra\u00edble, tambi\u00e9n puede servir el caf\u00e9 directamente en su jarra o taza de viaje favorita.<\/p>\n<p><strong>Extracci\u00f3n en la jarra y la taza de viaje<\/strong><\/p>\n<p>La Vertuo Creatista est\u00e1 dise\u00f1ada para que pueda preparar caf\u00e9 directamente en su jarra o taza de viaje Nespresso favorita.<\/p>\n<p><strong>Conectividad de la m\u00e1quina<\/strong><\/p>\n<p>Una caracter\u00edstica que le permite tener siempre la mejor y m\u00e1s actualizada experiencia Nespresso. Disfrute de las \u00faltimas noticias sobre caf\u00e9, pida c\u00e1psulas, obtenga consejos en tiempo real sobre c\u00f3mo utilizar su m\u00e1quina y reciba alertas y orientaci\u00f3n sobre su mantenimiento.<\/p>\n<p><strong>Especificaciones t\u00e9cnicas:<\/strong><\/p>\n<ul>\n<li>Dep\u00f3sito de agua de 2 litros<\/li>\n<li>Dep\u00f3sito de leche de acero inoxidable, accesorio de limpieza del vaporizador<\/li>\n<li>3 ajustes para la temperatura de la leche y 3 para la espuma<\/li>\n<li>1300 &#8211; 1500 W<\/li>\n<li>220-240 V \/ 50-60 Hz<\/li>\n<\/ul>\n<p><strong>No se vende fuera de Europa<\/strong><\/p>\n","protected":false},"excerpt":{"rendered":"<p>Convi\u00e9rtase en un experto en la creaci\u00f3n de bebidas con leche con el t\u00e9 Vertuo Creatista. Con una amplia gama<\/p>\n","protected":false},"featured_media":290440,"template":"","meta":{"_acf_changed":false,"inline_featured_image":false},"product_cat":[25382,16076,16073],"product_tag":[23574,23306,23588,23307,23308],"acf":[],"yoast_head":"<!-- This site is optimized with the Yoast SEO Premium plugin v18.6 (Yoast SEO v19.13) - https:\/\/yoast.com\/wordpress\/plugins\/seo\/ -->\n<title>SAGE Nespresso The Vertuo Creatista - Erresse Shop<\/title>\n<meta name=\"description\" content=\"Convi\u00e9rtase en un experto en la creaci\u00f3n de bebidas con leche con el t\u00e9 Vertuo Creatista. Con una amplia gama de opciones de caf\u00e9, puede deleitarse con un\" \/>\n<meta name=\"robots\" content=\"index, follow, max-snippet:-1, max-image-preview:large, max-video-preview:-1\" \/>\n<link rel=\"canonical\" href=\"https:\/\/www.erresse-shop.it\/es\/shop\/pequenos-electrodomesticos\/maquinas-de-cafe\/capsulas\/sage-nespresso-the-vertuo-creatista\/\" \/>\n<meta property=\"og:locale\" content=\"es_ES\" \/>\n<meta property=\"og:type\" content=\"article\" \/>\n<meta property=\"og:title\" content=\"SAGE Nespresso The Vertuo Creatista\" \/>\n<meta property=\"og:description\" content=\"Convi\u00e9rtase en un experto en la creaci\u00f3n de bebidas con leche con el t\u00e9 Vertuo Creatista. Con una amplia gama de opciones de caf\u00e9, puede deleitarse con un\" \/>\n<meta property=\"og:url\" content=\"https:\/\/www.erresse-shop.it\/es\/shop\/pequenos-electrodomesticos\/maquinas-de-cafe\/capsulas\/sage-nespresso-the-vertuo-creatista\/\" \/>\n<meta property=\"og:site_name\" content=\"Erresse Shop\" \/>\n<meta property=\"article:modified_time\" content=\"2024-04-15T00:04:22+00:00\" \/>\n<meta property=\"og:image\" content=\"https:\/\/www.erresse-shop.it\/wp-content\/uploads\/2023\/07\/SAGE-Nespresso-The-Vertuo-Creatista.jpg\" \/>\n\t<meta property=\"og:image:width\" content=\"800\" \/>\n\t<meta property=\"og:image:height\" content=\"800\" \/>\n\t<meta property=\"og:image:type\" content=\"image\/jpeg\" \/>\n<meta name=\"twitter:card\" content=\"summary_large_image\" \/>\n<script type=\"application\/ld+json\" class=\"yoast-schema-graph\">{\"@context\":\"https:\/\/schema.org\",\"@graph\":[{\"@type\":\"WebPage\",\"@id\":\"https:\/\/www.erresse-shop.it\/es\/shop\/pequenos-electrodomesticos\/maquinas-de-cafe\/capsulas\/sage-nespresso-the-vertuo-creatista\/\",\"url\":\"https:\/\/www.erresse-shop.it\/es\/shop\/pequenos-electrodomesticos\/maquinas-de-cafe\/capsulas\/sage-nespresso-the-vertuo-creatista\/\",\"name\":\"SAGE Nespresso The Vertuo Creatista - Erresse Shop\",\"isPartOf\":{\"@id\":\"https:\/\/www.erresse-shop.it\/es\/#website\"},\"datePublished\":\"2023-07-11T14:26:38+00:00\",\"dateModified\":\"2024-04-15T00:04:22+00:00\",\"description\":\"Convi\u00e9rtase en un experto en la creaci\u00f3n de bebidas con leche con el t\u00e9 Vertuo Creatista. Con una amplia gama de opciones de caf\u00e9, puede deleitarse con un\",\"breadcrumb\":{\"@id\":\"https:\/\/www.erresse-shop.it\/es\/shop\/pequenos-electrodomesticos\/maquinas-de-cafe\/capsulas\/sage-nespresso-the-vertuo-creatista\/#breadcrumb\"},\"inLanguage\":\"es\",\"potentialAction\":[{\"@type\":\"ReadAction\",\"target\":[\"https:\/\/www.erresse-shop.it\/es\/shop\/pequenos-electrodomesticos\/maquinas-de-cafe\/capsulas\/sage-nespresso-the-vertuo-creatista\/\"]}]},{\"@type\":\"BreadcrumbList\",\"@id\":\"https:\/\/www.erresse-shop.it\/es\/shop\/pequenos-electrodomesticos\/maquinas-de-cafe\/capsulas\/sage-nespresso-the-vertuo-creatista\/#breadcrumb\",\"itemListElement\":[{\"@type\":\"ListItem\",\"position\":1,\"name\":\"Home\",\"item\":\"https:\/\/www.erresse-shop.it\/es\/\"},{\"@type\":\"ListItem\",\"position\":2,\"name\":\"Shop\",\"item\":\"https:\/\/www.erresse-shop.it\/es\/shop\/\"},{\"@type\":\"ListItem\",\"position\":3,\"name\":\"SAGE Nespresso The Vertuo Creatista\"}]},{\"@type\":\"WebSite\",\"@id\":\"https:\/\/www.erresse-shop.it\/es\/#website\",\"url\":\"https:\/\/www.erresse-shop.it\/es\/\",\"name\":\"Erresse Shop\",\"description\":\"Articoli di qualit\u00e0 per la casa\",\"potentialAction\":[{\"@type\":\"SearchAction\",\"target\":{\"@type\":\"EntryPoint\",\"urlTemplate\":\"https:\/\/www.erresse-shop.it\/es\/?s={search_term_string}\"},\"query-input\":\"required name=search_term_string\"}],\"inLanguage\":\"es\"}]}<\/script>\n<!-- \/ Yoast SEO Premium plugin. -->","yoast_head_json":{"title":"SAGE Nespresso The Vertuo Creatista - Erresse Shop","description":"Convi\u00e9rtase en un experto en la creaci\u00f3n de bebidas con leche con el t\u00e9 Vertuo Creatista. Con una amplia gama de opciones de caf\u00e9, puede deleitarse con un","robots":{"index":"index","follow":"follow","max-snippet":"max-snippet:-1","max-image-preview":"max-image-preview:large","max-video-preview":"max-video-preview:-1"},"canonical":"https:\/\/www.erresse-shop.it\/es\/shop\/pequenos-electrodomesticos\/maquinas-de-cafe\/capsulas\/sage-nespresso-the-vertuo-creatista\/","og_locale":"es_ES","og_type":"article","og_title":"SAGE Nespresso The Vertuo Creatista","og_description":"Convi\u00e9rtase en un experto en la creaci\u00f3n de bebidas con leche con el t\u00e9 Vertuo Creatista. Con una amplia gama de opciones de caf\u00e9, puede deleitarse con un","og_url":"https:\/\/www.erresse-shop.it\/es\/shop\/pequenos-electrodomesticos\/maquinas-de-cafe\/capsulas\/sage-nespresso-the-vertuo-creatista\/","og_site_name":"Erresse Shop","article_modified_time":"2024-04-15T00:04:22+00:00","og_image":[{"width":800,"height":800,"url":"https:\/\/www.erresse-shop.it\/wp-content\/uploads\/2023\/07\/SAGE-Nespresso-The-Vertuo-Creatista.jpg","type":"image\/jpeg"}],"twitter_card":"summary_large_image","schema":{"@context":"https:\/\/schema.org","@graph":[{"@type":"WebPage","@id":"https:\/\/www.erresse-shop.it\/es\/shop\/pequenos-electrodomesticos\/maquinas-de-cafe\/capsulas\/sage-nespresso-the-vertuo-creatista\/","url":"https:\/\/www.erresse-shop.it\/es\/shop\/pequenos-electrodomesticos\/maquinas-de-cafe\/capsulas\/sage-nespresso-the-vertuo-creatista\/","name":"SAGE Nespresso The Vertuo Creatista - Erresse Shop","isPartOf":{"@id":"https:\/\/www.erresse-shop.it\/es\/#website"},"datePublished":"2023-07-11T14:26:38+00:00","dateModified":"2024-04-15T00:04:22+00:00","description":"Convi\u00e9rtase en un experto en la creaci\u00f3n de bebidas con leche con el t\u00e9 Vertuo Creatista. Con una amplia gama de opciones de caf\u00e9, puede deleitarse con un","breadcrumb":{"@id":"https:\/\/www.erresse-shop.it\/es\/shop\/pequenos-electrodomesticos\/maquinas-de-cafe\/capsulas\/sage-nespresso-the-vertuo-creatista\/#breadcrumb"},"inLanguage":"es","potentialAction":[{"@type":"ReadAction","target":["https:\/\/www.erresse-shop.it\/es\/shop\/pequenos-electrodomesticos\/maquinas-de-cafe\/capsulas\/sage-nespresso-the-vertuo-creatista\/"]}]},{"@type":"BreadcrumbList","@id":"https:\/\/www.erresse-shop.it\/es\/shop\/pequenos-electrodomesticos\/maquinas-de-cafe\/capsulas\/sage-nespresso-the-vertuo-creatista\/#breadcrumb","itemListElement":[{"@type":"ListItem","position":1,"name":"Home","item":"https:\/\/www.erresse-shop.it\/es\/"},{"@type":"ListItem","position":2,"name":"Shop","item":"https:\/\/www.erresse-shop.it\/es\/shop\/"},{"@type":"ListItem","position":3,"name":"SAGE Nespresso The Vertuo Creatista"}]},{"@type":"WebSite","@id":"https:\/\/www.erresse-shop.it\/es\/#website","url":"https:\/\/www.erresse-shop.it\/es\/","name":"Erresse Shop","description":"Articoli di qualit\u00e0 per la casa","potentialAction":[{"@type":"SearchAction","target":{"@type":"EntryPoint","urlTemplate":"https:\/\/www.erresse-shop.it\/es\/?s={search_term_string}"},"query-input":"required name=search_term_string"}],"inLanguage":"es"}]}},"df_price":659.95,"df_sale_price":659.95,"df_regular_price":699.9,"df_image_link":"https:\/\/www.erresse-shop.it\/wp-content\/uploads\/2023\/07\/SAGE-Nespresso-The-Vertuo-Creatista-300x300.jpg","_links":{"self":[{"href":"https:\/\/www.erresse-shop.it\/es\/wp-json\/wp\/v2\/product\/290398"}],"collection":[{"href":"https:\/\/www.erresse-shop.it\/es\/wp-json\/wp\/v2\/product"}],"about":[{"href":"https:\/\/www.erresse-shop.it\/es\/wp-json\/wp\/v2\/types\/product"}],"wp:featuredmedia":[{"embeddable":true,"href":"https:\/\/www.erresse-shop.it\/es\/wp-json\/wp\/v2\/media\/290440"}],"wp:attachment":[{"href":"https:\/\/www.erresse-shop.it\/es\/wp-json\/wp\/v2\/media?parent=290398"}],"wp:term":[{"taxonomy":"product_cat","embeddable":true,"href":"https:\/\/www.erresse-shop.it\/es\/wp-json\/wp\/v2\/product_cat?post=290398"},{"taxonomy":"product_tag","embeddable":true,"href":"https:\/\/www.erresse-shop.it\/es\/wp-json\/wp\/v2\/product_tag?post=290398"}],"curies":[{"name":"wp","href":"https:\/\/api.w.org\/{rel}","templated":true}]}}