{"id":288813,"date":"2023-07-07T13:21:46","date_gmt":"2023-07-07T13:21:50","guid":{"rendered":"https:\/\/www.erresse-shop.it\/?post_type=product&#038;p=288813"},"modified":"2023-07-24T00:15:33","modified_gmt":"2023-07-24T00:15:33","slug":"kitchenaid-mezcladora-planetaria-classic-43-l-blanco","status":"publish","type":"product","link":"https:\/\/www.erresse-shop.it\/es\/shop\/pequenos-electrodomesticos\/amasadores\/kitchenaid-mezcladora-planetaria-classic-43-l-blanco\/","title":{"rendered":"KITCHENAID Mezcladora Planetaria Classic 4,3 L Blanco"},"content":{"rendered":"<p><strong>Mini batidora planetaria para deliciosos platos caseros<\/strong><\/p>\n<p>La KitchenAid Classic de 4,3 L est\u00e1 respaldada por 100 a\u00f1os de experiencia. Tiene el mismo dise\u00f1o redondeado ic\u00f3nico, durabilidad y versatilidad que han hecho de KitchenAid la MARCA N\u00daMERO 1 DE BATIDORAS PLANETARIAS DEL MUNDO. Tanto si est\u00e1 haciendo galletas, pur\u00e9 de patatas, pastel de carne o pan, nunca le defraudar\u00e1.<\/p>\n<p>Es vers\u00e1til y duradera, y puede procesar peque\u00f1as y grandes cantidades: hasta 1,7 kg de masa y pan o hasta 12 claras de huevo batidas en un solo proceso. Batir, batir, mezclar, picar, amasar o hacer pur\u00e9: la KitchenAid de 4,3 L hace todo esto y mucho m\u00e1s.<\/p>\n<p><strong>Movimiento planetario y velocidad de precisi\u00f3n<\/strong><\/p>\n<p>La batidora planetaria KitchenAid fue el primer robot de cocina con &#8220;movimiento planetario&#8221;. \u00bfQu\u00e9 significa esto? Significa que el eje de la batidora gira en una direcci\u00f3n y los accesorios en la otra, alcanzando al menos 69 puntos de contacto en el bol. El elevado n\u00famero de puntos de contacto significa que el movimiento superpuesto del eje batidor empuja los ingredientes hacia el centro, sin dejar ning\u00fan ingrediente fuera.<\/p>\n<p>Esta batidora planetaria KitchenAid tiene 10 velocidades para ofrecerle la precisi\u00f3n que necesita para el trabajo que tiene entre manos. S\u00f3lo tiene que mover la palanca de control de velocidad y dejar que la batidora planetaria se encargue de todo. Ya sea mezclar masas para tortitas, amasar pan, montar nata o desmenuzar pollo. Seleccione la velocidad 1 para mezclar suavemente, las velocidades hasta la 6 para batir y mezclar, y la velocidad 10 para batir r\u00e1pidamente.<\/p>\n<p><strong>Disfrute del lado m\u00e1s ligero de la vida<\/strong><\/p>\n<p>El dise\u00f1o basculante del cabezal de esta batidora planetaria facilita a\u00fan m\u00e1s su uso. S\u00f3lo tiene que fijar el bol en su sitio, insertar el batidor de su elecci\u00f3n y bajar el cabezal. A continuaci\u00f3n, deslice la palanca de velocidad para empezar.<br \/>\nLa limpieza tambi\u00e9n es sencilla. Cuando termine, puede meter el bol, el batidor plano y el gancho amasador en el lavavajillas y lavar el batidor con agua tibia y jab\u00f3n. Nada m\u00e1s sencillo.<\/p>\n<p>El motor de accionamiento directo del cabezal del robot de cocina suministra toda la potencia necesaria directamente a los accesorios conectados. El robot de cocina es eficiente, fiable y duradero.<\/p>\n<p><strong>Especificaciones t\u00e9cnicas:<\/strong><\/p>\n<ul>\n<li>Tensi\u00f3n: 220-240 V<\/li>\n<li>Potencia: 275 W<\/li>\n<li>Frecuencia: 50\/60 Hz<\/li>\n<li>Longitud del cable: 120 cm<\/li>\n<\/ul>\n<p>Dise\u00f1o con cabezal reclinable<br \/>\nMovimiento planetario y 10 velocidades<br \/>\n3 accesorios de mezcla<br \/>\nRobusto cuerpo de metal fundido a presi\u00f3n<br \/>\n5 a\u00f1os de garant\u00eda<\/p>\n","protected":false},"excerpt":{"rendered":"<p>Mini batidora planetaria para deliciosos platos caseros La KitchenAid Classic de 4,3 L est\u00e1 respaldada por 100 a\u00f1os de experiencia.<\/p>\n","protected":false},"featured_media":288851,"template":"","meta":{"_acf_changed":false,"inline_featured_image":false},"product_cat":[16082,16073],"product_tag":[21167,17935,16644,16279,19877,16655,23263,20922,16653],"acf":[],"yoast_head":"<!-- This site is optimized with the Yoast SEO Premium plugin v18.6 (Yoast SEO v19.13) - https:\/\/yoast.com\/wordpress\/plugins\/seo\/ -->\n<title>KITCHENAID Mezcladora Planetaria Classic 4,3 L Blanco - Erresse Shop<\/title>\n<meta name=\"description\" content=\"Mini batidora planetaria para deliciosos platos caseros La KitchenAid Classic de 4,3 L est\u00e1 respaldada por 100 a\u00f1os de experiencia. Tiene el mismo dise\u00f1o\" \/>\n<meta name=\"robots\" content=\"index, follow, max-snippet:-1, max-image-preview:large, max-video-preview:-1\" \/>\n<link rel=\"canonical\" href=\"https:\/\/www.erresse-shop.it\/es\/shop\/pequenos-electrodomesticos\/amasadores\/kitchenaid-mezcladora-planetaria-classic-43-l-blanco\/\" \/>\n<meta property=\"og:locale\" content=\"es_ES\" \/>\n<meta property=\"og:type\" content=\"article\" \/>\n<meta property=\"og:title\" content=\"KITCHENAID Mezcladora Planetaria Classic 4,3 L Blanco\" \/>\n<meta property=\"og:description\" content=\"Mini batidora planetaria para deliciosos platos caseros La KitchenAid Classic de 4,3 L est\u00e1 respaldada por 100 a\u00f1os de experiencia. Tiene el mismo dise\u00f1o\" \/>\n<meta property=\"og:url\" content=\"https:\/\/www.erresse-shop.it\/es\/shop\/pequenos-electrodomesticos\/amasadores\/kitchenaid-mezcladora-planetaria-classic-43-l-blanco\/\" \/>\n<meta property=\"og:site_name\" content=\"Erresse Shop\" \/>\n<meta property=\"article:modified_time\" content=\"2023-07-24T00:15:33+00:00\" \/>\n<meta property=\"og:image\" content=\"https:\/\/www.erresse-shop.it\/wp-content\/uploads\/2023\/07\/KITCHENAID-Planetaria-Classic-43-L-Bianco.jpg\" \/>\n\t<meta property=\"og:image:width\" content=\"800\" \/>\n\t<meta property=\"og:image:height\" content=\"800\" \/>\n\t<meta property=\"og:image:type\" content=\"image\/jpeg\" \/>\n<meta name=\"twitter:card\" content=\"summary_large_image\" \/>\n<script type=\"application\/ld+json\" class=\"yoast-schema-graph\">{\"@context\":\"https:\/\/schema.org\",\"@graph\":[{\"@type\":\"WebPage\",\"@id\":\"https:\/\/www.erresse-shop.it\/es\/shop\/pequenos-electrodomesticos\/amasadores\/kitchenaid-mezcladora-planetaria-classic-43-l-blanco\/\",\"url\":\"https:\/\/www.erresse-shop.it\/es\/shop\/pequenos-electrodomesticos\/amasadores\/kitchenaid-mezcladora-planetaria-classic-43-l-blanco\/\",\"name\":\"KITCHENAID Mezcladora Planetaria Classic 4,3 L Blanco - Erresse Shop\",\"isPartOf\":{\"@id\":\"https:\/\/www.erresse-shop.it\/es\/#website\"},\"datePublished\":\"2023-07-07T13:21:50+00:00\",\"dateModified\":\"2023-07-24T00:15:33+00:00\",\"description\":\"Mini batidora planetaria para deliciosos platos caseros La KitchenAid Classic de 4,3 L est\u00e1 respaldada por 100 a\u00f1os de experiencia. Tiene el mismo dise\u00f1o\",\"breadcrumb\":{\"@id\":\"https:\/\/www.erresse-shop.it\/es\/shop\/pequenos-electrodomesticos\/amasadores\/kitchenaid-mezcladora-planetaria-classic-43-l-blanco\/#breadcrumb\"},\"inLanguage\":\"es\",\"potentialAction\":[{\"@type\":\"ReadAction\",\"target\":[\"https:\/\/www.erresse-shop.it\/es\/shop\/pequenos-electrodomesticos\/amasadores\/kitchenaid-mezcladora-planetaria-classic-43-l-blanco\/\"]}]},{\"@type\":\"BreadcrumbList\",\"@id\":\"https:\/\/www.erresse-shop.it\/es\/shop\/pequenos-electrodomesticos\/amasadores\/kitchenaid-mezcladora-planetaria-classic-43-l-blanco\/#breadcrumb\",\"itemListElement\":[{\"@type\":\"ListItem\",\"position\":1,\"name\":\"Home\",\"item\":\"https:\/\/www.erresse-shop.it\/es\/\"},{\"@type\":\"ListItem\",\"position\":2,\"name\":\"Shop\",\"item\":\"https:\/\/www.erresse-shop.it\/es\/shop\/\"},{\"@type\":\"ListItem\",\"position\":3,\"name\":\"KITCHENAID Mezcladora Planetaria Classic 4,3 L Blanco\"}]},{\"@type\":\"WebSite\",\"@id\":\"https:\/\/www.erresse-shop.it\/es\/#website\",\"url\":\"https:\/\/www.erresse-shop.it\/es\/\",\"name\":\"Erresse Shop\",\"description\":\"Articoli di qualit\u00e0 per la casa\",\"potentialAction\":[{\"@type\":\"SearchAction\",\"target\":{\"@type\":\"EntryPoint\",\"urlTemplate\":\"https:\/\/www.erresse-shop.it\/es\/?s={search_term_string}\"},\"query-input\":\"required name=search_term_string\"}],\"inLanguage\":\"es\"}]}<\/script>\n<!-- \/ Yoast SEO Premium plugin. -->","yoast_head_json":{"title":"KITCHENAID Mezcladora Planetaria Classic 4,3 L Blanco - Erresse Shop","description":"Mini batidora planetaria para deliciosos platos caseros La KitchenAid Classic de 4,3 L est\u00e1 respaldada por 100 a\u00f1os de experiencia. Tiene el mismo dise\u00f1o","robots":{"index":"index","follow":"follow","max-snippet":"max-snippet:-1","max-image-preview":"max-image-preview:large","max-video-preview":"max-video-preview:-1"},"canonical":"https:\/\/www.erresse-shop.it\/es\/shop\/pequenos-electrodomesticos\/amasadores\/kitchenaid-mezcladora-planetaria-classic-43-l-blanco\/","og_locale":"es_ES","og_type":"article","og_title":"KITCHENAID Mezcladora Planetaria Classic 4,3 L Blanco","og_description":"Mini batidora planetaria para deliciosos platos caseros La KitchenAid Classic de 4,3 L est\u00e1 respaldada por 100 a\u00f1os de experiencia. Tiene el mismo dise\u00f1o","og_url":"https:\/\/www.erresse-shop.it\/es\/shop\/pequenos-electrodomesticos\/amasadores\/kitchenaid-mezcladora-planetaria-classic-43-l-blanco\/","og_site_name":"Erresse Shop","article_modified_time":"2023-07-24T00:15:33+00:00","og_image":[{"width":800,"height":800,"url":"https:\/\/www.erresse-shop.it\/wp-content\/uploads\/2023\/07\/KITCHENAID-Planetaria-Classic-43-L-Bianco.jpg","type":"image\/jpeg"}],"twitter_card":"summary_large_image","schema":{"@context":"https:\/\/schema.org","@graph":[{"@type":"WebPage","@id":"https:\/\/www.erresse-shop.it\/es\/shop\/pequenos-electrodomesticos\/amasadores\/kitchenaid-mezcladora-planetaria-classic-43-l-blanco\/","url":"https:\/\/www.erresse-shop.it\/es\/shop\/pequenos-electrodomesticos\/amasadores\/kitchenaid-mezcladora-planetaria-classic-43-l-blanco\/","name":"KITCHENAID Mezcladora Planetaria Classic 4,3 L Blanco - Erresse Shop","isPartOf":{"@id":"https:\/\/www.erresse-shop.it\/es\/#website"},"datePublished":"2023-07-07T13:21:50+00:00","dateModified":"2023-07-24T00:15:33+00:00","description":"Mini batidora planetaria para deliciosos platos caseros La KitchenAid Classic de 4,3 L est\u00e1 respaldada por 100 a\u00f1os de experiencia. Tiene el mismo dise\u00f1o","breadcrumb":{"@id":"https:\/\/www.erresse-shop.it\/es\/shop\/pequenos-electrodomesticos\/amasadores\/kitchenaid-mezcladora-planetaria-classic-43-l-blanco\/#breadcrumb"},"inLanguage":"es","potentialAction":[{"@type":"ReadAction","target":["https:\/\/www.erresse-shop.it\/es\/shop\/pequenos-electrodomesticos\/amasadores\/kitchenaid-mezcladora-planetaria-classic-43-l-blanco\/"]}]},{"@type":"BreadcrumbList","@id":"https:\/\/www.erresse-shop.it\/es\/shop\/pequenos-electrodomesticos\/amasadores\/kitchenaid-mezcladora-planetaria-classic-43-l-blanco\/#breadcrumb","itemListElement":[{"@type":"ListItem","position":1,"name":"Home","item":"https:\/\/www.erresse-shop.it\/es\/"},{"@type":"ListItem","position":2,"name":"Shop","item":"https:\/\/www.erresse-shop.it\/es\/shop\/"},{"@type":"ListItem","position":3,"name":"KITCHENAID Mezcladora Planetaria Classic 4,3 L Blanco"}]},{"@type":"WebSite","@id":"https:\/\/www.erresse-shop.it\/es\/#website","url":"https:\/\/www.erresse-shop.it\/es\/","name":"Erresse Shop","description":"Articoli di qualit\u00e0 per la casa","potentialAction":[{"@type":"SearchAction","target":{"@type":"EntryPoint","urlTemplate":"https:\/\/www.erresse-shop.it\/es\/?s={search_term_string}"},"query-input":"required name=search_term_string"}],"inLanguage":"es"}]}},"df_price":359.25,"df_sale_price":359.25,"df_regular_price":479,"df_image_link":"https:\/\/www.erresse-shop.it\/wp-content\/uploads\/2023\/07\/KITCHENAID-Planetaria-Classic-43-L-Bianco-300x300.jpg","_links":{"self":[{"href":"https:\/\/www.erresse-shop.it\/es\/wp-json\/wp\/v2\/product\/288813"}],"collection":[{"href":"https:\/\/www.erresse-shop.it\/es\/wp-json\/wp\/v2\/product"}],"about":[{"href":"https:\/\/www.erresse-shop.it\/es\/wp-json\/wp\/v2\/types\/product"}],"wp:featuredmedia":[{"embeddable":true,"href":"https:\/\/www.erresse-shop.it\/es\/wp-json\/wp\/v2\/media\/288851"}],"wp:attachment":[{"href":"https:\/\/www.erresse-shop.it\/es\/wp-json\/wp\/v2\/media?parent=288813"}],"wp:term":[{"taxonomy":"product_cat","embeddable":true,"href":"https:\/\/www.erresse-shop.it\/es\/wp-json\/wp\/v2\/product_cat?post=288813"},{"taxonomy":"product_tag","embeddable":true,"href":"https:\/\/www.erresse-shop.it\/es\/wp-json\/wp\/v2\/product_tag?post=288813"}],"curies":[{"name":"wp","href":"https:\/\/api.w.org\/{rel}","templated":true}]}}