{"id":287887,"date":"2023-07-05T09:32:51","date_gmt":"2023-07-05T09:32:55","guid":{"rendered":"https:\/\/www.erresse-shop.it\/?post_type=product&#038;p=287887"},"modified":"2024-06-23T14:23:27","modified_gmt":"2024-06-23T14:23:27","slug":"le-creuset-set-3-cazuelas-aluminio-antiadherente","status":"publish","type":"product","link":"https:\/\/www.erresse-shop.it\/es\/shop\/sartenes-y-ollas\/sartenes\/le-creuset-set-3-cazuelas-aluminio-antiadherente\/","title":{"rendered":"LE CREUSET Set 3 Cazuelas Aluminio Antiadherente"},"content":{"rendered":"<p>El juego contiene 3 cacerolas de aluminio antiadherente, di\u00e1metro \u00d8 16 &#8211; 18 &#8211; 20 cm.<\/p>\n<p><strong>Caracter\u00edsticas:<\/strong><\/p>\n<ul>\n<li>Accesorios perfectos: consiga sabores y aromas extraordinarios a\u00f1adiendo tapas de cristal, disponibles por separado, a sus cacerolas favoritas.<\/li>\n<li>Limpieza impecable: nuestros productos antiadherentes no hacen que los alimentos se peguen para facilitar la limpieza.<\/li>\n<li>Nuestro mejor revestimiento antiadherente: probado, fiable, garantizado de por vida y cuatro veces m\u00e1s resistente. (probado de forma independiente en laboratorio para la resistencia a la abrasi\u00f3n de utensilios met\u00e1licos).<\/li>\n<li>Resistencia extrema: la estructura anodizada ofrece una conducci\u00f3n y distribuci\u00f3n eficaces del calor para una cocci\u00f3n uniforme.<\/li>\n<li>Mayor durabilidad: nuestras sartenes resistentes a la abrasi\u00f3n est\u00e1n hechas para acompa\u00f1arle en la cocina durante a\u00f1os.<\/li>\n<li>Cocina m\u00e1s sana: nuestro revestimiento antiadherente no contiene PFOA y puede soportar todo tipo de frituras, incluso sin aceite ni grasa.<\/li>\n<li>Nuestros productos se elaboran con los mejores materiales en f\u00e1bricas de todo el mundo para garantizar la calidad que espera de Le Creuset.<\/li>\n<\/ul>\n<p><strong>Material:<\/strong> aluminio antiadherente<br \/>\n<strong>Garant\u00eda:<\/strong> de por vida<\/p>\n<p><strong>Fuentes de calor permitidas<\/strong><\/p>\n<ul>\n<li>Horno Modo grill<\/li>\n<li>Horno<\/li>\n<li>Placa el\u00e9ctrica<\/li>\n<li>Vitrocer\u00e1mica<\/li>\n<li>Placa de gas<\/li>\n<li>Placa de inducci\u00f3n<\/li>\n<\/ul>\n<p><strong>Limpieza:<\/strong><\/p>\n<ul>\n<li>Antes de lavar, deje que el producto se enfr\u00ede completamente durante unos minutos. No lo sumerja ni lo llene de agua fr\u00eda cuando est\u00e9 caliente: los cambios bruscos de temperatura en la superficie pueden da\u00f1ar el producto.<\/li>\n<li>Para que el revestimiento antiadherente dure m\u00e1s, recomendamos lavarlo a mano en agua tibia jabonosa en lugar de en el lavavajillas.<\/li>\n<li>No utilice limpiadores abrasivos ni esponjas met\u00e1licas o abrasivas ni cepillos muy duros y r\u00edgidos para limpiar ninguna de las superficies.<\/li>\n<\/ul>\n","protected":false},"excerpt":{"rendered":"<p>El juego contiene 3 cacerolas de aluminio antiadherente, di\u00e1metro \u00d8 16 &#8211; 18 &#8211; 20 cm. Caracter\u00edsticas: Accesorios perfectos: consiga<\/p>\n","protected":false},"featured_media":287909,"template":"","meta":{"_acf_changed":false,"inline_featured_image":false},"product_cat":[16066,16058],"product_tag":[25090,16110,16269,16111,23662,24405,25023],"acf":[],"yoast_head":"<!-- This site is optimized with the Yoast SEO Premium plugin v18.6 (Yoast SEO v19.13) - https:\/\/yoast.com\/wordpress\/plugins\/seo\/ -->\n<title>LE CREUSET Set 3 Cazuelas Aluminio Antiadherente - Erresse Shop<\/title>\n<meta name=\"description\" content=\"El juego contiene 3 cacerolas de aluminio antiadherente, di\u00e1metro \u00d8 16 - 18 - 20 cm. Caracter\u00edsticas: Accesorios perfectos: consiga sabores y aromas\" \/>\n<meta name=\"robots\" content=\"index, follow, max-snippet:-1, max-image-preview:large, max-video-preview:-1\" \/>\n<link rel=\"canonical\" href=\"https:\/\/www.erresse-shop.it\/es\/shop\/sartenes-y-ollas\/sartenes\/le-creuset-set-3-cazuelas-aluminio-antiadherente\/\" \/>\n<meta property=\"og:locale\" content=\"es_ES\" \/>\n<meta property=\"og:type\" content=\"article\" \/>\n<meta property=\"og:title\" content=\"LE CREUSET Set 3 Cazuelas Aluminio Antiadherente\" \/>\n<meta property=\"og:description\" content=\"El juego contiene 3 cacerolas de aluminio antiadherente, di\u00e1metro \u00d8 16 - 18 - 20 cm. Caracter\u00edsticas: Accesorios perfectos: consiga sabores y aromas\" \/>\n<meta property=\"og:url\" content=\"https:\/\/www.erresse-shop.it\/es\/shop\/sartenes-y-ollas\/sartenes\/le-creuset-set-3-cazuelas-aluminio-antiadherente\/\" \/>\n<meta property=\"og:site_name\" content=\"Erresse Shop\" \/>\n<meta property=\"article:modified_time\" content=\"2024-06-23T14:23:27+00:00\" \/>\n<meta property=\"og:image\" content=\"https:\/\/www.erresse-shop.it\/wp-content\/uploads\/2023\/07\/LE-CREUSET-Set-3-Casseruole-in-Alluminio-Antiaderente.jpg\" \/>\n\t<meta property=\"og:image:width\" content=\"800\" \/>\n\t<meta property=\"og:image:height\" content=\"800\" \/>\n\t<meta property=\"og:image:type\" content=\"image\/jpeg\" \/>\n<meta name=\"twitter:card\" content=\"summary_large_image\" \/>\n<script type=\"application\/ld+json\" class=\"yoast-schema-graph\">{\"@context\":\"https:\/\/schema.org\",\"@graph\":[{\"@type\":\"WebPage\",\"@id\":\"https:\/\/www.erresse-shop.it\/es\/shop\/sartenes-y-ollas\/sartenes\/le-creuset-set-3-cazuelas-aluminio-antiadherente\/\",\"url\":\"https:\/\/www.erresse-shop.it\/es\/shop\/sartenes-y-ollas\/sartenes\/le-creuset-set-3-cazuelas-aluminio-antiadherente\/\",\"name\":\"LE CREUSET Set 3 Cazuelas Aluminio Antiadherente - Erresse Shop\",\"isPartOf\":{\"@id\":\"https:\/\/www.erresse-shop.it\/es\/#website\"},\"datePublished\":\"2023-07-05T09:32:55+00:00\",\"dateModified\":\"2024-06-23T14:23:27+00:00\",\"description\":\"El juego contiene 3 cacerolas de aluminio antiadherente, di\u00e1metro \u00d8 16 - 18 - 20 cm. Caracter\u00edsticas: Accesorios perfectos: consiga sabores y aromas\",\"breadcrumb\":{\"@id\":\"https:\/\/www.erresse-shop.it\/es\/shop\/sartenes-y-ollas\/sartenes\/le-creuset-set-3-cazuelas-aluminio-antiadherente\/#breadcrumb\"},\"inLanguage\":\"es\",\"potentialAction\":[{\"@type\":\"ReadAction\",\"target\":[\"https:\/\/www.erresse-shop.it\/es\/shop\/sartenes-y-ollas\/sartenes\/le-creuset-set-3-cazuelas-aluminio-antiadherente\/\"]}]},{\"@type\":\"BreadcrumbList\",\"@id\":\"https:\/\/www.erresse-shop.it\/es\/shop\/sartenes-y-ollas\/sartenes\/le-creuset-set-3-cazuelas-aluminio-antiadherente\/#breadcrumb\",\"itemListElement\":[{\"@type\":\"ListItem\",\"position\":1,\"name\":\"Home\",\"item\":\"https:\/\/www.erresse-shop.it\/es\/\"},{\"@type\":\"ListItem\",\"position\":2,\"name\":\"Shop\",\"item\":\"https:\/\/www.erresse-shop.it\/es\/shop\/\"},{\"@type\":\"ListItem\",\"position\":3,\"name\":\"LE CREUSET Set 3 Cazuelas Aluminio Antiadherente\"}]},{\"@type\":\"WebSite\",\"@id\":\"https:\/\/www.erresse-shop.it\/es\/#website\",\"url\":\"https:\/\/www.erresse-shop.it\/es\/\",\"name\":\"Erresse Shop\",\"description\":\"Articoli di qualit\u00e0 per la casa\",\"potentialAction\":[{\"@type\":\"SearchAction\",\"target\":{\"@type\":\"EntryPoint\",\"urlTemplate\":\"https:\/\/www.erresse-shop.it\/es\/?s={search_term_string}\"},\"query-input\":\"required name=search_term_string\"}],\"inLanguage\":\"es\"}]}<\/script>\n<!-- \/ Yoast SEO Premium plugin. -->","yoast_head_json":{"title":"LE CREUSET Set 3 Cazuelas Aluminio Antiadherente - Erresse Shop","description":"El juego contiene 3 cacerolas de aluminio antiadherente, di\u00e1metro \u00d8 16 - 18 - 20 cm. Caracter\u00edsticas: Accesorios perfectos: consiga sabores y aromas","robots":{"index":"index","follow":"follow","max-snippet":"max-snippet:-1","max-image-preview":"max-image-preview:large","max-video-preview":"max-video-preview:-1"},"canonical":"https:\/\/www.erresse-shop.it\/es\/shop\/sartenes-y-ollas\/sartenes\/le-creuset-set-3-cazuelas-aluminio-antiadherente\/","og_locale":"es_ES","og_type":"article","og_title":"LE CREUSET Set 3 Cazuelas Aluminio Antiadherente","og_description":"El juego contiene 3 cacerolas de aluminio antiadherente, di\u00e1metro \u00d8 16 - 18 - 20 cm. Caracter\u00edsticas: Accesorios perfectos: consiga sabores y aromas","og_url":"https:\/\/www.erresse-shop.it\/es\/shop\/sartenes-y-ollas\/sartenes\/le-creuset-set-3-cazuelas-aluminio-antiadherente\/","og_site_name":"Erresse Shop","article_modified_time":"2024-06-23T14:23:27+00:00","og_image":[{"width":800,"height":800,"url":"https:\/\/www.erresse-shop.it\/wp-content\/uploads\/2023\/07\/LE-CREUSET-Set-3-Casseruole-in-Alluminio-Antiaderente.jpg","type":"image\/jpeg"}],"twitter_card":"summary_large_image","schema":{"@context":"https:\/\/schema.org","@graph":[{"@type":"WebPage","@id":"https:\/\/www.erresse-shop.it\/es\/shop\/sartenes-y-ollas\/sartenes\/le-creuset-set-3-cazuelas-aluminio-antiadherente\/","url":"https:\/\/www.erresse-shop.it\/es\/shop\/sartenes-y-ollas\/sartenes\/le-creuset-set-3-cazuelas-aluminio-antiadherente\/","name":"LE CREUSET Set 3 Cazuelas Aluminio Antiadherente - Erresse Shop","isPartOf":{"@id":"https:\/\/www.erresse-shop.it\/es\/#website"},"datePublished":"2023-07-05T09:32:55+00:00","dateModified":"2024-06-23T14:23:27+00:00","description":"El juego contiene 3 cacerolas de aluminio antiadherente, di\u00e1metro \u00d8 16 - 18 - 20 cm. Caracter\u00edsticas: Accesorios perfectos: consiga sabores y aromas","breadcrumb":{"@id":"https:\/\/www.erresse-shop.it\/es\/shop\/sartenes-y-ollas\/sartenes\/le-creuset-set-3-cazuelas-aluminio-antiadherente\/#breadcrumb"},"inLanguage":"es","potentialAction":[{"@type":"ReadAction","target":["https:\/\/www.erresse-shop.it\/es\/shop\/sartenes-y-ollas\/sartenes\/le-creuset-set-3-cazuelas-aluminio-antiadherente\/"]}]},{"@type":"BreadcrumbList","@id":"https:\/\/www.erresse-shop.it\/es\/shop\/sartenes-y-ollas\/sartenes\/le-creuset-set-3-cazuelas-aluminio-antiadherente\/#breadcrumb","itemListElement":[{"@type":"ListItem","position":1,"name":"Home","item":"https:\/\/www.erresse-shop.it\/es\/"},{"@type":"ListItem","position":2,"name":"Shop","item":"https:\/\/www.erresse-shop.it\/es\/shop\/"},{"@type":"ListItem","position":3,"name":"LE CREUSET Set 3 Cazuelas Aluminio Antiadherente"}]},{"@type":"WebSite","@id":"https:\/\/www.erresse-shop.it\/es\/#website","url":"https:\/\/www.erresse-shop.it\/es\/","name":"Erresse Shop","description":"Articoli di qualit\u00e0 per la casa","potentialAction":[{"@type":"SearchAction","target":{"@type":"EntryPoint","urlTemplate":"https:\/\/www.erresse-shop.it\/es\/?s={search_term_string}"},"query-input":"required name=search_term_string"}],"inLanguage":"es"}]}},"df_price":329.95,"df_sale_price":329.95,"df_regular_price":515,"df_image_link":"https:\/\/www.erresse-shop.it\/wp-content\/uploads\/2023\/07\/LE-CREUSET-Set-3-Casseruole-in-Alluminio-Antiaderente-300x300.jpg","_links":{"self":[{"href":"https:\/\/www.erresse-shop.it\/es\/wp-json\/wp\/v2\/product\/287887"}],"collection":[{"href":"https:\/\/www.erresse-shop.it\/es\/wp-json\/wp\/v2\/product"}],"about":[{"href":"https:\/\/www.erresse-shop.it\/es\/wp-json\/wp\/v2\/types\/product"}],"wp:featuredmedia":[{"embeddable":true,"href":"https:\/\/www.erresse-shop.it\/es\/wp-json\/wp\/v2\/media\/287909"}],"wp:attachment":[{"href":"https:\/\/www.erresse-shop.it\/es\/wp-json\/wp\/v2\/media?parent=287887"}],"wp:term":[{"taxonomy":"product_cat","embeddable":true,"href":"https:\/\/www.erresse-shop.it\/es\/wp-json\/wp\/v2\/product_cat?post=287887"},{"taxonomy":"product_tag","embeddable":true,"href":"https:\/\/www.erresse-shop.it\/es\/wp-json\/wp\/v2\/product_tag?post=287887"}],"curies":[{"name":"wp","href":"https:\/\/api.w.org\/{rel}","templated":true}]}}