{"id":284897,"date":"2023-06-27T13:18:28","date_gmt":"2023-06-27T13:18:33","guid":{"rendered":"https:\/\/www.erresse-shop.it\/?post_type=product&#038;p=284897"},"modified":"2023-09-11T00:02:54","modified_gmt":"2023-09-11T00:02:54","slug":"illy-cafetera-de-capsulas-e-s-e-negro","status":"publish","type":"product","link":"https:\/\/www.erresse-shop.it\/es\/shop\/pequenos-electrodomesticos\/maquinas-de-cafe\/capsulas\/illy-cafetera-de-capsulas-e-s-e-negro\/","title":{"rendered":"ILLY Cafetera de C\u00e1psulas E.S.E. Negro"},"content":{"rendered":"<p><strong>Nueva c\u00e1psula compostable certificada E.S.E.<\/strong><br \/>\nLas monodosis <strong>compostables<\/strong> certificadas, que pueden desecharse en la recogida de residuos org\u00e1nicos (consulte con las autoridades locales los m\u00e9todos actuales de recogida selectiva de residuos), son perfectas para preparar su <strong>espresso<\/strong> illy favorito de forma pr\u00e1ctica sin renunciar al sabor y la frescura. Las c\u00e1psulas de caf\u00e9 <strong>illy<\/strong> en papel de filtro se pueden utilizar con todas las cafeteras ESE<\/p>\n<p>La vaina <strong>E.S.E. (Easy Serving Espresso)<\/strong> es muy &#8220;abierta&#8221;: no s\u00f3lo puede utilizarla con las cafeteras de vaina illy, sino tambi\u00e9n con todas las dem\u00e1s cafeteras de vaina. La vaina no es m\u00e1s que caf\u00e9 molido, ya correctamente dosificado y prensado, contenido entre 2 hojas de papel de filtro<\/p>\n<p>La <strong>cafetera<\/strong> de c\u00e1psulas E.S.E. est\u00e1 optimizada para cumplir el est\u00e1ndar de calidad illy en la taza desde el primer caf\u00e9. Los dos botones de preparaci\u00f3n permiten elegir entre caf\u00e9 espresso y caf\u00e9 largo. La experiencia de uso es f\u00e1cil e intuitiva: la c\u00e1psula se introduce por la parte superior y se expulsa en la bandeja para c\u00e1psulas. Su forma compacta maximiza la practicidad.<\/p>\n<p><strong>Caracter\u00edsticas:<\/strong><br \/>\n&#8211; Garant\u00eda: 2 a\u00f1os<br \/>\n&#8211; Dos alturas para la rejilla portavasos<br \/>\n&#8211; Puesta en espera autom\u00e1tica cuando no se utiliza<\/p>\n<p><strong>Especificaciones t\u00e9cnicas:<\/strong><br \/>\n&#8211; Capacidad del dep\u00f3sito: 1 L<br \/>\n&#8211; Dimensiones (cm): 11 x 32 x 26<br \/>\n&#8211; Tensi\u00f3n: 230 V, cable de 1 m de longitud<br \/>\n&#8211; Potencia: modelo 626 850w \/ modelo 627 1250w<br \/>\n&#8211; Presi\u00f3n de la bomba: 20 bar<\/p>\n","protected":false},"excerpt":{"rendered":"<p>Nueva c\u00e1psula compostable certificada E.S.E. Las monodosis compostables certificadas, que pueden desecharse en la recogida de residuos org\u00e1nicos (consulte con<\/p>\n","protected":false},"featured_media":512517,"template":"","meta":{"_acf_changed":false,"inline_featured_image":false},"product_cat":[25382,16076,16073],"product_tag":[23237,23236,23235,23239,23574,23238,16874,16395,16398,23588],"acf":[],"yoast_head":"<!-- This site is optimized with the Yoast SEO Premium plugin v18.6 (Yoast SEO v19.13) - https:\/\/yoast.com\/wordpress\/plugins\/seo\/ -->\n<title>ILLY Cafetera de C\u00e1psulas E.S.E. Negro - Erresse Shop<\/title>\n<meta name=\"description\" content=\"Nueva c\u00e1psula compostable certificada E.S.E. Las monodosis compostables certificadas, que pueden desecharse en la recogida de residuos org\u00e1nicos (consulte\" \/>\n<meta name=\"robots\" content=\"index, follow, max-snippet:-1, max-image-preview:large, max-video-preview:-1\" \/>\n<link rel=\"canonical\" href=\"https:\/\/www.erresse-shop.it\/es\/shop\/pequenos-electrodomesticos\/maquinas-de-cafe\/capsulas\/illy-cafetera-de-capsulas-e-s-e-negro\/\" \/>\n<meta property=\"og:locale\" content=\"es_ES\" \/>\n<meta property=\"og:type\" content=\"article\" \/>\n<meta property=\"og:title\" content=\"ILLY Cafetera de C\u00e1psulas E.S.E. Negro\" \/>\n<meta property=\"og:description\" content=\"Nueva c\u00e1psula compostable certificada E.S.E. Las monodosis compostables certificadas, que pueden desecharse en la recogida de residuos org\u00e1nicos (consulte\" \/>\n<meta property=\"og:url\" content=\"https:\/\/www.erresse-shop.it\/es\/shop\/pequenos-electrodomesticos\/maquinas-de-cafe\/capsulas\/illy-cafetera-de-capsulas-e-s-e-negro\/\" \/>\n<meta property=\"og:site_name\" content=\"Erresse Shop\" \/>\n<meta property=\"article:modified_time\" content=\"2023-09-11T00:02:54+00:00\" \/>\n<meta property=\"og:image\" content=\"https:\/\/www.erresse-shop.it\/wp-content\/uploads\/2023\/06\/ILLY-Macchina-da-Caffe\u0300-a-Cialde-E.S.E.-Nero.jpg\" \/>\n\t<meta property=\"og:image:width\" content=\"800\" \/>\n\t<meta property=\"og:image:height\" content=\"800\" \/>\n\t<meta property=\"og:image:type\" content=\"image\/jpeg\" \/>\n<meta name=\"twitter:card\" content=\"summary_large_image\" \/>\n<script type=\"application\/ld+json\" class=\"yoast-schema-graph\">{\"@context\":\"https:\/\/schema.org\",\"@graph\":[{\"@type\":\"WebPage\",\"@id\":\"https:\/\/www.erresse-shop.it\/es\/shop\/pequenos-electrodomesticos\/maquinas-de-cafe\/capsulas\/illy-cafetera-de-capsulas-e-s-e-negro\/\",\"url\":\"https:\/\/www.erresse-shop.it\/es\/shop\/pequenos-electrodomesticos\/maquinas-de-cafe\/capsulas\/illy-cafetera-de-capsulas-e-s-e-negro\/\",\"name\":\"ILLY Cafetera de C\u00e1psulas E.S.E. Negro - Erresse Shop\",\"isPartOf\":{\"@id\":\"https:\/\/www.erresse-shop.it\/es\/#website\"},\"datePublished\":\"2023-06-27T13:18:33+00:00\",\"dateModified\":\"2023-09-11T00:02:54+00:00\",\"description\":\"Nueva c\u00e1psula compostable certificada E.S.E. Las monodosis compostables certificadas, que pueden desecharse en la recogida de residuos org\u00e1nicos (consulte\",\"breadcrumb\":{\"@id\":\"https:\/\/www.erresse-shop.it\/es\/shop\/pequenos-electrodomesticos\/maquinas-de-cafe\/capsulas\/illy-cafetera-de-capsulas-e-s-e-negro\/#breadcrumb\"},\"inLanguage\":\"es\",\"potentialAction\":[{\"@type\":\"ReadAction\",\"target\":[\"https:\/\/www.erresse-shop.it\/es\/shop\/pequenos-electrodomesticos\/maquinas-de-cafe\/capsulas\/illy-cafetera-de-capsulas-e-s-e-negro\/\"]}]},{\"@type\":\"BreadcrumbList\",\"@id\":\"https:\/\/www.erresse-shop.it\/es\/shop\/pequenos-electrodomesticos\/maquinas-de-cafe\/capsulas\/illy-cafetera-de-capsulas-e-s-e-negro\/#breadcrumb\",\"itemListElement\":[{\"@type\":\"ListItem\",\"position\":1,\"name\":\"Home\",\"item\":\"https:\/\/www.erresse-shop.it\/es\/\"},{\"@type\":\"ListItem\",\"position\":2,\"name\":\"Shop\",\"item\":\"https:\/\/www.erresse-shop.it\/es\/shop\/\"},{\"@type\":\"ListItem\",\"position\":3,\"name\":\"ILLY Cafetera de C\u00e1psulas E.S.E. Negro\"}]},{\"@type\":\"WebSite\",\"@id\":\"https:\/\/www.erresse-shop.it\/es\/#website\",\"url\":\"https:\/\/www.erresse-shop.it\/es\/\",\"name\":\"Erresse Shop\",\"description\":\"Articoli di qualit\u00e0 per la casa\",\"potentialAction\":[{\"@type\":\"SearchAction\",\"target\":{\"@type\":\"EntryPoint\",\"urlTemplate\":\"https:\/\/www.erresse-shop.it\/es\/?s={search_term_string}\"},\"query-input\":\"required name=search_term_string\"}],\"inLanguage\":\"es\"}]}<\/script>\n<!-- \/ Yoast SEO Premium plugin. -->","yoast_head_json":{"title":"ILLY Cafetera de C\u00e1psulas E.S.E. Negro - Erresse Shop","description":"Nueva c\u00e1psula compostable certificada E.S.E. Las monodosis compostables certificadas, que pueden desecharse en la recogida de residuos org\u00e1nicos (consulte","robots":{"index":"index","follow":"follow","max-snippet":"max-snippet:-1","max-image-preview":"max-image-preview:large","max-video-preview":"max-video-preview:-1"},"canonical":"https:\/\/www.erresse-shop.it\/es\/shop\/pequenos-electrodomesticos\/maquinas-de-cafe\/capsulas\/illy-cafetera-de-capsulas-e-s-e-negro\/","og_locale":"es_ES","og_type":"article","og_title":"ILLY Cafetera de C\u00e1psulas E.S.E. Negro","og_description":"Nueva c\u00e1psula compostable certificada E.S.E. Las monodosis compostables certificadas, que pueden desecharse en la recogida de residuos org\u00e1nicos (consulte","og_url":"https:\/\/www.erresse-shop.it\/es\/shop\/pequenos-electrodomesticos\/maquinas-de-cafe\/capsulas\/illy-cafetera-de-capsulas-e-s-e-negro\/","og_site_name":"Erresse Shop","article_modified_time":"2023-09-11T00:02:54+00:00","og_image":[{"width":800,"height":800,"url":"https:\/\/www.erresse-shop.it\/wp-content\/uploads\/2023\/06\/ILLY-Macchina-da-Caffe\u0300-a-Cialde-E.S.E.-Nero.jpg","type":"image\/jpeg"}],"twitter_card":"summary_large_image","schema":{"@context":"https:\/\/schema.org","@graph":[{"@type":"WebPage","@id":"https:\/\/www.erresse-shop.it\/es\/shop\/pequenos-electrodomesticos\/maquinas-de-cafe\/capsulas\/illy-cafetera-de-capsulas-e-s-e-negro\/","url":"https:\/\/www.erresse-shop.it\/es\/shop\/pequenos-electrodomesticos\/maquinas-de-cafe\/capsulas\/illy-cafetera-de-capsulas-e-s-e-negro\/","name":"ILLY Cafetera de C\u00e1psulas E.S.E. Negro - Erresse Shop","isPartOf":{"@id":"https:\/\/www.erresse-shop.it\/es\/#website"},"datePublished":"2023-06-27T13:18:33+00:00","dateModified":"2023-09-11T00:02:54+00:00","description":"Nueva c\u00e1psula compostable certificada E.S.E. Las monodosis compostables certificadas, que pueden desecharse en la recogida de residuos org\u00e1nicos (consulte","breadcrumb":{"@id":"https:\/\/www.erresse-shop.it\/es\/shop\/pequenos-electrodomesticos\/maquinas-de-cafe\/capsulas\/illy-cafetera-de-capsulas-e-s-e-negro\/#breadcrumb"},"inLanguage":"es","potentialAction":[{"@type":"ReadAction","target":["https:\/\/www.erresse-shop.it\/es\/shop\/pequenos-electrodomesticos\/maquinas-de-cafe\/capsulas\/illy-cafetera-de-capsulas-e-s-e-negro\/"]}]},{"@type":"BreadcrumbList","@id":"https:\/\/www.erresse-shop.it\/es\/shop\/pequenos-electrodomesticos\/maquinas-de-cafe\/capsulas\/illy-cafetera-de-capsulas-e-s-e-negro\/#breadcrumb","itemListElement":[{"@type":"ListItem","position":1,"name":"Home","item":"https:\/\/www.erresse-shop.it\/es\/"},{"@type":"ListItem","position":2,"name":"Shop","item":"https:\/\/www.erresse-shop.it\/es\/shop\/"},{"@type":"ListItem","position":3,"name":"ILLY Cafetera de C\u00e1psulas E.S.E. Negro"}]},{"@type":"WebSite","@id":"https:\/\/www.erresse-shop.it\/es\/#website","url":"https:\/\/www.erresse-shop.it\/es\/","name":"Erresse Shop","description":"Articoli di qualit\u00e0 per la casa","potentialAction":[{"@type":"SearchAction","target":{"@type":"EntryPoint","urlTemplate":"https:\/\/www.erresse-shop.it\/es\/?s={search_term_string}"},"query-input":"required name=search_term_string"}],"inLanguage":"es"}]}},"df_price":129,"df_sale_price":129,"df_regular_price":129,"df_image_link":"https:\/\/www.erresse-shop.it\/wp-content\/uploads\/2023\/06\/ILLY-Macchina-da-Caffe-a-Cialde-E.S.E.-Nero-300x300.jpg","_links":{"self":[{"href":"https:\/\/www.erresse-shop.it\/es\/wp-json\/wp\/v2\/product\/284897"}],"collection":[{"href":"https:\/\/www.erresse-shop.it\/es\/wp-json\/wp\/v2\/product"}],"about":[{"href":"https:\/\/www.erresse-shop.it\/es\/wp-json\/wp\/v2\/types\/product"}],"wp:featuredmedia":[{"embeddable":true,"href":"https:\/\/www.erresse-shop.it\/es\/wp-json\/wp\/v2\/media\/512517"}],"wp:attachment":[{"href":"https:\/\/www.erresse-shop.it\/es\/wp-json\/wp\/v2\/media?parent=284897"}],"wp:term":[{"taxonomy":"product_cat","embeddable":true,"href":"https:\/\/www.erresse-shop.it\/es\/wp-json\/wp\/v2\/product_cat?post=284897"},{"taxonomy":"product_tag","embeddable":true,"href":"https:\/\/www.erresse-shop.it\/es\/wp-json\/wp\/v2\/product_tag?post=284897"}],"curies":[{"name":"wp","href":"https:\/\/api.w.org\/{rel}","templated":true}]}}