{"id":283593,"date":"2023-06-22T08:09:03","date_gmt":"2023-06-22T08:09:07","guid":{"rendered":"https:\/\/www.erresse-shop.it\/?post_type=product&#038;p=283593"},"modified":"2024-02-13T00:00:52","modified_gmt":"2024-02-13T00:00:52","slug":"ooni-volt-12-horno-electrico-portatil-para-pizzas","status":"publish","type":"product","link":"https:\/\/www.erresse-shop.it\/es\/shop\/pequenos-electrodomesticos\/hornos\/ooni-volt-12-horno-electrico-portatil-para-pizzas\/","title":{"rendered":"OONI Volt 12 Horno El\u00e9ctrico Port\u00e1til para Pizzas"},"content":{"rendered":"<p><strong>\u00bfQu\u00e9 la hace extraordinaria?<\/strong><br \/>\nCon Ooni Volt nace una nueva corriente en el mundo de la pizza.<br \/>\nCompletamente el\u00e9ctrica, permite hornear pizzas tan buenas en casa (o donde quieras) como en una pizzer\u00eda, en el interior o al aire libre.<br \/>\nCocina pizzas al estilo napolitano en s\u00f3lo 90 segundos.<br \/>\nLos ajustes de calor autom\u00e1ticos y manuales la hacen ideal tanto para principiantes como para pizzeros experimentados para cocinar una gran variedad de estilos de pizza.<br \/>\nLa innovadora funci\u00f3n Boost ayuda a la piedra refractaria a recuperar la temperatura r\u00e1pidamente entre horneados, para que la \u00faltima pizza horneada sea tan deliciosa como la primera.<br \/>\nLa luz del interior del horno le permite controlar f\u00e1cilmente la cocci\u00f3n de sus creaciones.<br \/>\nLa carcasa de acero del Ooni Volt est\u00e1 recubierta de polvo para resistir a la intemperie y aislada para una m\u00e1xima retenci\u00f3n del calor, por lo que puede utilizarlo al aire libre.<br \/>\nEl horno Ooni Volt es ligero, tiene asas integradas y es f\u00e1cil de transportar y almacenar.<\/p>\n<p><strong>\u00bfPor qu\u00e9 elegir un horno el\u00e9ctrico?<\/strong><\/p>\n<p><strong>Una idea que se impone<\/strong><br \/>\nEl horno Ooni Volt est\u00e1 listo para usar nada m\u00e1s sacarlo de la caja y enchufarlo a una toma de corriente. Y ya est\u00e1.<br \/>\n<strong>En el interior o en el exterior.<\/strong><br \/>\nUsted elige d\u00f3nde utilizarlo. A diferencia de los hornos de le\u00f1a o de gas, puede elegir utilizar su Ooni Volt en la cocina y adem\u00e1s no tendr\u00e1 residuos de ceniza que limpiar.<br \/>\n<strong>Todo bajo control<\/strong><br \/>\nAjustar la temperatura con precisi\u00f3n, equilibrar el calor entre la parte superior e inferior del horno y controlar el tiempo es tan f\u00e1cil como girar un mando. O tres mandos.<br \/>\n<strong>Cero emisiones<\/strong><br \/>\nPizza tan buena como la de una pizzer\u00eda, pero sin llamas ni combustibles ardientes.<\/p>\n<ul>\n<li>Horno de pizza totalmente el\u00e9ctrico y vers\u00e1til para uso interior o exterior<\/li>\n<li>Puerta de triple cristal de borosilicato para una m\u00e1xima retenci\u00f3n del calor<\/li>\n<li>Mandos ajustables para controlar las resistencias superior e inferior<\/li>\n<li>Temporizador, control de temperatura y modo Boost integrados<\/li>\n<li>Cabe c\u00f3modamente en una encimera de cocina de tama\u00f1o est\u00e1ndar<\/li>\n<li>Amplia superficie de cocci\u00f3n de 33 cm<\/li>\n<li>Listo para usar inmediatamente<\/li>\n<li>Alcanza los 450 \u00b0C en s\u00f3lo 20 minutos y cocina pizzas napolitanas a la piedra en s\u00f3lo 90 segundos<\/li>\n<li>Peso ligero y asas integradas, f\u00e1cil de transportar<\/li>\n<li>Potencia: 1600 vatios | Voltaje: 220-240 voltios<\/li>\n<\/ul>\n<p><strong>Contenido del paquete<\/strong><\/p>\n<ul>\n<li>1 Horno Ooni Volt 12<\/li>\n<li>1 Piedra refractaria de cordierita de 33 cm<\/li>\n<li>1 Gu\u00eda pr\u00e1ctica<\/li>\n<li>1 Manual de instrucciones<\/li>\n<\/ul>\n<p>Grosor de la piedra refractaria de cordierita: 10 mm (0,4&#8243;)<br \/>\nCuerpo del horno de acero inoxidable y acero al carbono con recubrimiento en polvo.<\/p>\n","protected":false},"excerpt":{"rendered":"<p>\u00bfQu\u00e9 la hace extraordinaria? Con Ooni Volt nace una nueva corriente en el mundo de la pizza. Completamente el\u00e9ctrica, permite<\/p>\n","protected":false},"featured_media":283635,"template":"","meta":{"_acf_changed":false,"inline_featured_image":false},"product_cat":[16079,16073],"product_tag":[19117,22115,16402,23098,23099,16138,16169,18045,24605],"acf":[],"yoast_head":"<!-- This site is optimized with the Yoast SEO Premium plugin v18.6 (Yoast SEO v19.13) - https:\/\/yoast.com\/wordpress\/plugins\/seo\/ -->\n<title>OONI Volt 12 Horno El\u00e9ctrico Port\u00e1til para Pizzas - Erresse Shop<\/title>\n<meta name=\"description\" content=\"\u00bfQu\u00e9 la hace extraordinaria? Con Ooni Volt nace una nueva corriente en el mundo de la pizza. Completamente el\u00e9ctrica, permite hornear pizzas tan buenas en\" \/>\n<meta name=\"robots\" content=\"index, follow, max-snippet:-1, max-image-preview:large, max-video-preview:-1\" \/>\n<link rel=\"canonical\" href=\"https:\/\/www.erresse-shop.it\/es\/shop\/pequenos-electrodomesticos\/hornos\/ooni-volt-12-horno-electrico-portatil-para-pizzas\/\" \/>\n<meta property=\"og:locale\" content=\"es_ES\" \/>\n<meta property=\"og:type\" content=\"article\" \/>\n<meta property=\"og:title\" content=\"OONI Volt 12 Horno El\u00e9ctrico Port\u00e1til para Pizzas\" \/>\n<meta property=\"og:description\" content=\"\u00bfQu\u00e9 la hace extraordinaria? Con Ooni Volt nace una nueva corriente en el mundo de la pizza. Completamente el\u00e9ctrica, permite hornear pizzas tan buenas en\" \/>\n<meta property=\"og:url\" content=\"https:\/\/www.erresse-shop.it\/es\/shop\/pequenos-electrodomesticos\/hornos\/ooni-volt-12-horno-electrico-portatil-para-pizzas\/\" \/>\n<meta property=\"og:site_name\" content=\"Erresse Shop\" \/>\n<meta property=\"article:modified_time\" content=\"2024-02-13T00:00:52+00:00\" \/>\n<meta property=\"og:image\" content=\"https:\/\/www.erresse-shop.it\/wp-content\/uploads\/2023\/06\/OONI-Volt-12-Forno-Portatile-Elettrico.jpg\" \/>\n\t<meta property=\"og:image:width\" content=\"800\" \/>\n\t<meta property=\"og:image:height\" content=\"800\" \/>\n\t<meta property=\"og:image:type\" content=\"image\/jpeg\" \/>\n<meta name=\"twitter:card\" content=\"summary_large_image\" \/>\n<script type=\"application\/ld+json\" class=\"yoast-schema-graph\">{\"@context\":\"https:\/\/schema.org\",\"@graph\":[{\"@type\":\"WebPage\",\"@id\":\"https:\/\/www.erresse-shop.it\/es\/shop\/pequenos-electrodomesticos\/hornos\/ooni-volt-12-horno-electrico-portatil-para-pizzas\/\",\"url\":\"https:\/\/www.erresse-shop.it\/es\/shop\/pequenos-electrodomesticos\/hornos\/ooni-volt-12-horno-electrico-portatil-para-pizzas\/\",\"name\":\"OONI Volt 12 Horno El\u00e9ctrico Port\u00e1til para Pizzas - Erresse Shop\",\"isPartOf\":{\"@id\":\"https:\/\/www.erresse-shop.it\/es\/#website\"},\"datePublished\":\"2023-06-22T08:09:07+00:00\",\"dateModified\":\"2024-02-13T00:00:52+00:00\",\"description\":\"\u00bfQu\u00e9 la hace extraordinaria? Con Ooni Volt nace una nueva corriente en el mundo de la pizza. Completamente el\u00e9ctrica, permite hornear pizzas tan buenas en\",\"breadcrumb\":{\"@id\":\"https:\/\/www.erresse-shop.it\/es\/shop\/pequenos-electrodomesticos\/hornos\/ooni-volt-12-horno-electrico-portatil-para-pizzas\/#breadcrumb\"},\"inLanguage\":\"es\",\"potentialAction\":[{\"@type\":\"ReadAction\",\"target\":[\"https:\/\/www.erresse-shop.it\/es\/shop\/pequenos-electrodomesticos\/hornos\/ooni-volt-12-horno-electrico-portatil-para-pizzas\/\"]}]},{\"@type\":\"BreadcrumbList\",\"@id\":\"https:\/\/www.erresse-shop.it\/es\/shop\/pequenos-electrodomesticos\/hornos\/ooni-volt-12-horno-electrico-portatil-para-pizzas\/#breadcrumb\",\"itemListElement\":[{\"@type\":\"ListItem\",\"position\":1,\"name\":\"Home\",\"item\":\"https:\/\/www.erresse-shop.it\/es\/\"},{\"@type\":\"ListItem\",\"position\":2,\"name\":\"Shop\",\"item\":\"https:\/\/www.erresse-shop.it\/es\/shop\/\"},{\"@type\":\"ListItem\",\"position\":3,\"name\":\"OONI Volt 12 Horno El\u00e9ctrico Port\u00e1til para Pizzas\"}]},{\"@type\":\"WebSite\",\"@id\":\"https:\/\/www.erresse-shop.it\/es\/#website\",\"url\":\"https:\/\/www.erresse-shop.it\/es\/\",\"name\":\"Erresse Shop\",\"description\":\"Articoli di qualit\u00e0 per la casa\",\"potentialAction\":[{\"@type\":\"SearchAction\",\"target\":{\"@type\":\"EntryPoint\",\"urlTemplate\":\"https:\/\/www.erresse-shop.it\/es\/?s={search_term_string}\"},\"query-input\":\"required name=search_term_string\"}],\"inLanguage\":\"es\"}]}<\/script>\n<!-- \/ Yoast SEO Premium plugin. -->","yoast_head_json":{"title":"OONI Volt 12 Horno El\u00e9ctrico Port\u00e1til para Pizzas - Erresse Shop","description":"\u00bfQu\u00e9 la hace extraordinaria? Con Ooni Volt nace una nueva corriente en el mundo de la pizza. Completamente el\u00e9ctrica, permite hornear pizzas tan buenas en","robots":{"index":"index","follow":"follow","max-snippet":"max-snippet:-1","max-image-preview":"max-image-preview:large","max-video-preview":"max-video-preview:-1"},"canonical":"https:\/\/www.erresse-shop.it\/es\/shop\/pequenos-electrodomesticos\/hornos\/ooni-volt-12-horno-electrico-portatil-para-pizzas\/","og_locale":"es_ES","og_type":"article","og_title":"OONI Volt 12 Horno El\u00e9ctrico Port\u00e1til para Pizzas","og_description":"\u00bfQu\u00e9 la hace extraordinaria? Con Ooni Volt nace una nueva corriente en el mundo de la pizza. Completamente el\u00e9ctrica, permite hornear pizzas tan buenas en","og_url":"https:\/\/www.erresse-shop.it\/es\/shop\/pequenos-electrodomesticos\/hornos\/ooni-volt-12-horno-electrico-portatil-para-pizzas\/","og_site_name":"Erresse Shop","article_modified_time":"2024-02-13T00:00:52+00:00","og_image":[{"width":800,"height":800,"url":"https:\/\/www.erresse-shop.it\/wp-content\/uploads\/2023\/06\/OONI-Volt-12-Forno-Portatile-Elettrico.jpg","type":"image\/jpeg"}],"twitter_card":"summary_large_image","schema":{"@context":"https:\/\/schema.org","@graph":[{"@type":"WebPage","@id":"https:\/\/www.erresse-shop.it\/es\/shop\/pequenos-electrodomesticos\/hornos\/ooni-volt-12-horno-electrico-portatil-para-pizzas\/","url":"https:\/\/www.erresse-shop.it\/es\/shop\/pequenos-electrodomesticos\/hornos\/ooni-volt-12-horno-electrico-portatil-para-pizzas\/","name":"OONI Volt 12 Horno El\u00e9ctrico Port\u00e1til para Pizzas - Erresse Shop","isPartOf":{"@id":"https:\/\/www.erresse-shop.it\/es\/#website"},"datePublished":"2023-06-22T08:09:07+00:00","dateModified":"2024-02-13T00:00:52+00:00","description":"\u00bfQu\u00e9 la hace extraordinaria? Con Ooni Volt nace una nueva corriente en el mundo de la pizza. Completamente el\u00e9ctrica, permite hornear pizzas tan buenas en","breadcrumb":{"@id":"https:\/\/www.erresse-shop.it\/es\/shop\/pequenos-electrodomesticos\/hornos\/ooni-volt-12-horno-electrico-portatil-para-pizzas\/#breadcrumb"},"inLanguage":"es","potentialAction":[{"@type":"ReadAction","target":["https:\/\/www.erresse-shop.it\/es\/shop\/pequenos-electrodomesticos\/hornos\/ooni-volt-12-horno-electrico-portatil-para-pizzas\/"]}]},{"@type":"BreadcrumbList","@id":"https:\/\/www.erresse-shop.it\/es\/shop\/pequenos-electrodomesticos\/hornos\/ooni-volt-12-horno-electrico-portatil-para-pizzas\/#breadcrumb","itemListElement":[{"@type":"ListItem","position":1,"name":"Home","item":"https:\/\/www.erresse-shop.it\/es\/"},{"@type":"ListItem","position":2,"name":"Shop","item":"https:\/\/www.erresse-shop.it\/es\/shop\/"},{"@type":"ListItem","position":3,"name":"OONI Volt 12 Horno El\u00e9ctrico Port\u00e1til para Pizzas"}]},{"@type":"WebSite","@id":"https:\/\/www.erresse-shop.it\/es\/#website","url":"https:\/\/www.erresse-shop.it\/es\/","name":"Erresse Shop","description":"Articoli di qualit\u00e0 per la casa","potentialAction":[{"@type":"SearchAction","target":{"@type":"EntryPoint","urlTemplate":"https:\/\/www.erresse-shop.it\/es\/?s={search_term_string}"},"query-input":"required name=search_term_string"}],"inLanguage":"es"}]}},"df_price":879,"df_sale_price":879,"df_regular_price":899,"df_image_link":"https:\/\/www.erresse-shop.it\/wp-content\/uploads\/2023\/06\/OONI-Volt-12-Forno-Portatile-Elettrico-300x300.jpg","_links":{"self":[{"href":"https:\/\/www.erresse-shop.it\/es\/wp-json\/wp\/v2\/product\/283593"}],"collection":[{"href":"https:\/\/www.erresse-shop.it\/es\/wp-json\/wp\/v2\/product"}],"about":[{"href":"https:\/\/www.erresse-shop.it\/es\/wp-json\/wp\/v2\/types\/product"}],"wp:featuredmedia":[{"embeddable":true,"href":"https:\/\/www.erresse-shop.it\/es\/wp-json\/wp\/v2\/media\/283635"}],"wp:attachment":[{"href":"https:\/\/www.erresse-shop.it\/es\/wp-json\/wp\/v2\/media?parent=283593"}],"wp:term":[{"taxonomy":"product_cat","embeddable":true,"href":"https:\/\/www.erresse-shop.it\/es\/wp-json\/wp\/v2\/product_cat?post=283593"},{"taxonomy":"product_tag","embeddable":true,"href":"https:\/\/www.erresse-shop.it\/es\/wp-json\/wp\/v2\/product_tag?post=283593"}],"curies":[{"name":"wp","href":"https:\/\/api.w.org\/{rel}","templated":true}]}}