{"id":281833,"date":"2023-06-16T14:07:28","date_gmt":"2023-06-16T14:30:44","guid":{"rendered":"https:\/\/www.erresse-shop.it\/shop\/sin categor\u00eda\/wmf-provence-plus-juego-de-5-piezas\/"},"modified":"2023-06-16T14:30:44","modified_gmt":"2023-06-16T14:30:44","slug":"wmf-provence-plus-juego-de-5-piezas","status":"publish","type":"product","link":"https:\/\/www.erresse-shop.it\/es\/shop\/sartenes-y-ollas\/juegos-de-ollas\/wmf-provence-plus-juego-de-5-piezas\/","title":{"rendered":"WMF Provence Plus Juego de 5 piezas"},"content":{"rendered":"<p>Toda la pasi\u00f3n por la cocina francesa combinada con un exquisito estilo moderno: la bater\u00eda de cocina Provence Plus de WMF es un complemento esencial en cualquier cocina. Sus llamativas y modernas l\u00edneas se combinan con elegantes tapas de cristal, ofreciendo la bater\u00eda de cocina ideal para todos sus platos favoritos. Esta bater\u00eda de cocina es perfecta para servir directamente en la mesa. Obtenga resultados de cocci\u00f3n impecables en todo momento, con una distribuci\u00f3n y retenci\u00f3n del calor \u00f3ptimas para cada comida gracias a la base universal TransTherm\u00ae. Compatibles con todas las placas, incluida la inducci\u00f3n, las ollas y sartenes de la gama Provence Plus est\u00e1n fabricadas en acero inoxidable Cromargan\u00ae 18\/10, un material elegante y sofisticado, promesa de una durabilidad excepcional, apto para el lavavajillas para una m\u00e1xima comodidad y con un acabado extraordinario que nunca deja de impresionar.<\/p>\n<ul>\n<li><strong>Duradero y robusto<\/strong><br \/>\nCon un acabado pulido a espejo y l\u00edneas sofisticadas, la bater\u00eda de cocina Provence Plus de WMF combina la pasi\u00f3n de la cocina francesa con un llamativo dise\u00f1o moderno, ideal para el uso diario.<\/li>\n<li><strong>Tapa de cristal de alta calidad<\/strong><br \/>\nFabricada en cristal de alta calidad, la elegante tapa transparente con asa de acero inoxidable garantiza un f\u00e1cil control durante la cocci\u00f3n.<\/li>\n<li><strong>Borde vertedor<\/strong><br \/>\nEl amplio borde de vertido garantiza un vertido m\u00e1s f\u00e1cil y sin goteos, para servir sin esfuerzo y cocinar siempre impecable.<\/li>\n<li><strong>Fondo universal TransTherm<\/strong><br \/>\nEl fondo universal TransTherm\u00ae ahorra energ\u00eda durante la cocci\u00f3n gracias a la \u00f3ptima distribuci\u00f3n y conservaci\u00f3n del calor. Compatible con todas las placas, incluida la inducci\u00f3n.<\/li>\n<li><strong>Cromargan<\/strong><br \/>\nFabricado en robusto y elegante acero inoxidable Cromargan\u00ae 18\/10, para un producto excepcionalmente duradero, higi\u00e9nico y apto para el lavavajillas.<\/li>\n<\/ul>\n<p>El juego se compone de:<\/p>\n<ul>\n<li>Cacerola \u2300 20 cm<\/li>\n<li>Olla \u2300 16\/20\/24 cm<\/li>\n<li>Cazuela \u2300 16 cm<\/li>\n<\/ul>\n","protected":false},"excerpt":{"rendered":"<p>Toda la pasi\u00f3n por la cocina francesa combinada con un exquisito estilo moderno: la bater\u00eda de cocina Provence Plus de<\/p>\n","protected":false},"featured_media":281822,"template":"","meta":{"_acf_changed":false,"inline_featured_image":false},"product_cat":[16064,16058],"product_tag":[16211,16129,22976],"acf":[],"yoast_head":"<!-- This site is optimized with the Yoast SEO Premium plugin v18.6 (Yoast SEO v19.13) - https:\/\/yoast.com\/wordpress\/plugins\/seo\/ -->\n<title>WMF Provence Plus Juego de 5 piezas - Erresse Shop<\/title>\n<meta name=\"description\" content=\"Toda la pasi\u00f3n por la cocina francesa combinada con un exquisito estilo moderno: la bater\u00eda de cocina Provence Plus de WMF es un complemento esencial en\" \/>\n<meta name=\"robots\" content=\"index, follow, max-snippet:-1, max-image-preview:large, max-video-preview:-1\" \/>\n<link rel=\"canonical\" href=\"https:\/\/www.erresse-shop.it\/es\/shop\/sartenes-y-ollas\/juegos-de-ollas\/wmf-provence-plus-juego-de-5-piezas\/\" \/>\n<meta property=\"og:locale\" content=\"es_ES\" \/>\n<meta property=\"og:type\" content=\"article\" \/>\n<meta property=\"og:title\" content=\"WMF Provence Plus Juego de 5 piezas\" \/>\n<meta property=\"og:description\" content=\"Toda la pasi\u00f3n por la cocina francesa combinada con un exquisito estilo moderno: la bater\u00eda de cocina Provence Plus de WMF es un complemento esencial en\" \/>\n<meta property=\"og:url\" content=\"https:\/\/www.erresse-shop.it\/es\/shop\/sartenes-y-ollas\/juegos-de-ollas\/wmf-provence-plus-juego-de-5-piezas\/\" \/>\n<meta property=\"og:site_name\" content=\"Erresse Shop\" \/>\n<meta property=\"og:image\" content=\"https:\/\/www.erresse-shop.it\/wp-content\/uploads\/2023\/06\/WMF-Provence-Plus-Set-5-pezzi.jpg\" \/>\n\t<meta property=\"og:image:width\" content=\"800\" \/>\n\t<meta property=\"og:image:height\" content=\"800\" \/>\n\t<meta property=\"og:image:type\" content=\"image\/jpeg\" \/>\n<meta name=\"twitter:card\" content=\"summary_large_image\" \/>\n<script type=\"application\/ld+json\" class=\"yoast-schema-graph\">{\"@context\":\"https:\/\/schema.org\",\"@graph\":[{\"@type\":\"WebPage\",\"@id\":\"https:\/\/www.erresse-shop.it\/es\/shop\/sartenes-y-ollas\/juegos-de-ollas\/wmf-provence-plus-juego-de-5-piezas\/\",\"url\":\"https:\/\/www.erresse-shop.it\/es\/shop\/sartenes-y-ollas\/juegos-de-ollas\/wmf-provence-plus-juego-de-5-piezas\/\",\"name\":\"WMF Provence Plus Juego de 5 piezas - Erresse Shop\",\"isPartOf\":{\"@id\":\"https:\/\/www.erresse-shop.it\/es\/#website\"},\"datePublished\":\"2023-06-16T14:30:44+00:00\",\"dateModified\":\"2023-06-16T14:30:44+00:00\",\"description\":\"Toda la pasi\u00f3n por la cocina francesa combinada con un exquisito estilo moderno: la bater\u00eda de cocina Provence Plus de WMF es un complemento esencial en\",\"breadcrumb\":{\"@id\":\"https:\/\/www.erresse-shop.it\/es\/shop\/sartenes-y-ollas\/juegos-de-ollas\/wmf-provence-plus-juego-de-5-piezas\/#breadcrumb\"},\"inLanguage\":\"es\",\"potentialAction\":[{\"@type\":\"ReadAction\",\"target\":[\"https:\/\/www.erresse-shop.it\/es\/shop\/sartenes-y-ollas\/juegos-de-ollas\/wmf-provence-plus-juego-de-5-piezas\/\"]}]},{\"@type\":\"BreadcrumbList\",\"@id\":\"https:\/\/www.erresse-shop.it\/es\/shop\/sartenes-y-ollas\/juegos-de-ollas\/wmf-provence-plus-juego-de-5-piezas\/#breadcrumb\",\"itemListElement\":[{\"@type\":\"ListItem\",\"position\":1,\"name\":\"Home\",\"item\":\"https:\/\/www.erresse-shop.it\/es\/\"},{\"@type\":\"ListItem\",\"position\":2,\"name\":\"Shop\",\"item\":\"https:\/\/www.erresse-shop.it\/es\/shop\/\"},{\"@type\":\"ListItem\",\"position\":3,\"name\":\"WMF Provence Plus Juego de 5 piezas\"}]},{\"@type\":\"WebSite\",\"@id\":\"https:\/\/www.erresse-shop.it\/es\/#website\",\"url\":\"https:\/\/www.erresse-shop.it\/es\/\",\"name\":\"Erresse Shop\",\"description\":\"Articoli di qualit\u00e0 per la casa\",\"potentialAction\":[{\"@type\":\"SearchAction\",\"target\":{\"@type\":\"EntryPoint\",\"urlTemplate\":\"https:\/\/www.erresse-shop.it\/es\/?s={search_term_string}\"},\"query-input\":\"required name=search_term_string\"}],\"inLanguage\":\"es\"}]}<\/script>\n<!-- \/ Yoast SEO Premium plugin. -->","yoast_head_json":{"title":"WMF Provence Plus Juego de 5 piezas - Erresse Shop","description":"Toda la pasi\u00f3n por la cocina francesa combinada con un exquisito estilo moderno: la bater\u00eda de cocina Provence Plus de WMF es un complemento esencial en","robots":{"index":"index","follow":"follow","max-snippet":"max-snippet:-1","max-image-preview":"max-image-preview:large","max-video-preview":"max-video-preview:-1"},"canonical":"https:\/\/www.erresse-shop.it\/es\/shop\/sartenes-y-ollas\/juegos-de-ollas\/wmf-provence-plus-juego-de-5-piezas\/","og_locale":"es_ES","og_type":"article","og_title":"WMF Provence Plus Juego de 5 piezas","og_description":"Toda la pasi\u00f3n por la cocina francesa combinada con un exquisito estilo moderno: la bater\u00eda de cocina Provence Plus de WMF es un complemento esencial en","og_url":"https:\/\/www.erresse-shop.it\/es\/shop\/sartenes-y-ollas\/juegos-de-ollas\/wmf-provence-plus-juego-de-5-piezas\/","og_site_name":"Erresse Shop","og_image":[{"width":800,"height":800,"url":"https:\/\/www.erresse-shop.it\/wp-content\/uploads\/2023\/06\/WMF-Provence-Plus-Set-5-pezzi.jpg","type":"image\/jpeg"}],"twitter_card":"summary_large_image","schema":{"@context":"https:\/\/schema.org","@graph":[{"@type":"WebPage","@id":"https:\/\/www.erresse-shop.it\/es\/shop\/sartenes-y-ollas\/juegos-de-ollas\/wmf-provence-plus-juego-de-5-piezas\/","url":"https:\/\/www.erresse-shop.it\/es\/shop\/sartenes-y-ollas\/juegos-de-ollas\/wmf-provence-plus-juego-de-5-piezas\/","name":"WMF Provence Plus Juego de 5 piezas - Erresse Shop","isPartOf":{"@id":"https:\/\/www.erresse-shop.it\/es\/#website"},"datePublished":"2023-06-16T14:30:44+00:00","dateModified":"2023-06-16T14:30:44+00:00","description":"Toda la pasi\u00f3n por la cocina francesa combinada con un exquisito estilo moderno: la bater\u00eda de cocina Provence Plus de WMF es un complemento esencial en","breadcrumb":{"@id":"https:\/\/www.erresse-shop.it\/es\/shop\/sartenes-y-ollas\/juegos-de-ollas\/wmf-provence-plus-juego-de-5-piezas\/#breadcrumb"},"inLanguage":"es","potentialAction":[{"@type":"ReadAction","target":["https:\/\/www.erresse-shop.it\/es\/shop\/sartenes-y-ollas\/juegos-de-ollas\/wmf-provence-plus-juego-de-5-piezas\/"]}]},{"@type":"BreadcrumbList","@id":"https:\/\/www.erresse-shop.it\/es\/shop\/sartenes-y-ollas\/juegos-de-ollas\/wmf-provence-plus-juego-de-5-piezas\/#breadcrumb","itemListElement":[{"@type":"ListItem","position":1,"name":"Home","item":"https:\/\/www.erresse-shop.it\/es\/"},{"@type":"ListItem","position":2,"name":"Shop","item":"https:\/\/www.erresse-shop.it\/es\/shop\/"},{"@type":"ListItem","position":3,"name":"WMF Provence Plus Juego de 5 piezas"}]},{"@type":"WebSite","@id":"https:\/\/www.erresse-shop.it\/es\/#website","url":"https:\/\/www.erresse-shop.it\/es\/","name":"Erresse Shop","description":"Articoli di qualit\u00e0 per la casa","potentialAction":[{"@type":"SearchAction","target":{"@type":"EntryPoint","urlTemplate":"https:\/\/www.erresse-shop.it\/es\/?s={search_term_string}"},"query-input":"required name=search_term_string"}],"inLanguage":"es"}]}},"df_price":187.74,"df_sale_price":187.74,"df_regular_price":298,"df_image_link":"https:\/\/www.erresse-shop.it\/wp-content\/uploads\/2023\/06\/WMF-Provence-Plus-Set-5-pezzi-300x300.jpg","_links":{"self":[{"href":"https:\/\/www.erresse-shop.it\/es\/wp-json\/wp\/v2\/product\/281833"}],"collection":[{"href":"https:\/\/www.erresse-shop.it\/es\/wp-json\/wp\/v2\/product"}],"about":[{"href":"https:\/\/www.erresse-shop.it\/es\/wp-json\/wp\/v2\/types\/product"}],"wp:featuredmedia":[{"embeddable":true,"href":"https:\/\/www.erresse-shop.it\/es\/wp-json\/wp\/v2\/media\/281822"}],"wp:attachment":[{"href":"https:\/\/www.erresse-shop.it\/es\/wp-json\/wp\/v2\/media?parent=281833"}],"wp:term":[{"taxonomy":"product_cat","embeddable":true,"href":"https:\/\/www.erresse-shop.it\/es\/wp-json\/wp\/v2\/product_cat?post=281833"},{"taxonomy":"product_tag","embeddable":true,"href":"https:\/\/www.erresse-shop.it\/es\/wp-json\/wp\/v2\/product_tag?post=281833"}],"curies":[{"name":"wp","href":"https:\/\/api.w.org\/{rel}","templated":true}]}}