{"id":280607,"date":"2023-06-14T08:11:31","date_gmt":"2023-06-14T09:03:20","guid":{"rendered":"https:\/\/www.erresse-shop.it\/shop\/sin%20categor\u00eda\/mr-wattson-led-lampara-de-mesa-mini-lava-gris\/"},"modified":"2024-08-20T00:00:15","modified_gmt":"2024-08-20T00:00:15","slug":"mr-wattson-led-lampara-de-mesa-mini-lava-gris","status":"publish","type":"product","link":"https:\/\/www.erresse-shop.it\/es\/shop\/mobiliario\/lamparas\/mr-wattson-led-lampara-de-mesa-mini-lava-gris\/","title":{"rendered":"MR. WATTSON LED L\u00e1mpara de Mesa Mini Lava Gris"},"content":{"rendered":"<p><strong>Mr Wattson<\/strong> es una <strong>l\u00e1mpara de mesa LED<\/strong> de dise\u00f1o rayado, fabricada por la empresa danesa <strong>Piffany<\/strong> <strong>Copenhagen<\/strong>. Moderna y flexible, la estructura es de madera de fresno artesanal y aleaci\u00f3n met\u00e1lica.<\/p>\n<p>El casquillo de la l\u00e1mpara est\u00e1 inspirado en los faros de la Vespa de 1946. Esta ic\u00f3nica y divertida l\u00e1mpara con articulaciones permite cambiar su forma y posici\u00f3n.<\/p>\n<p>La pantalla se puede ajustar hasta 120 grados y la estructura es flexible, como un divertido robot.<\/p>\n<p><strong>Especificaciones:<\/strong><\/p>\n<ul>\n<li>El cable mide 2,2 m y est\u00e1 recubierto de tela marr\u00f3n.<\/li>\n<li>Equipado con interruptor y enchufe europeo.<\/li>\n<li>Dimensiones (AxPxH): 15,5 x 27,6 x 18-40 cm<\/li>\n<li>LED de 2,5 vatios<\/li>\n<li>2 a\u00f1os de garant\u00eda<\/li>\n<\/ul>\n","protected":false},"excerpt":{"rendered":"<p>Mr Wattson es una l\u00e1mpara de mesa LED de dise\u00f1o rayado, fabricada por la empresa danesa Piffany Copenhagen. Moderna y<\/p>\n","protected":false},"featured_media":280592,"template":"","meta":{"_acf_changed":false,"inline_featured_image":false},"product_cat":[16017,16016],"product_tag":[25029,23912,16236,16237,17511,22881,17556,25023],"acf":[],"yoast_head":"<!-- This site is optimized with the Yoast SEO Premium plugin v18.6 (Yoast SEO v19.13) - https:\/\/yoast.com\/wordpress\/plugins\/seo\/ -->\n<title>MR. WATTSON LED L\u00e1mpara de Mesa Mini Lava Gris - Erresse Shop<\/title>\n<meta name=\"description\" content=\"Mr Wattson es una l\u00e1mpara de mesa LED de dise\u00f1o rayado, fabricada por la empresa danesa Piffany Copenhagen. Moderna y flexible, la estructura es de madera\" \/>\n<meta name=\"robots\" content=\"index, follow, max-snippet:-1, max-image-preview:large, max-video-preview:-1\" \/>\n<link rel=\"canonical\" href=\"https:\/\/www.erresse-shop.it\/es\/shop\/mobiliario\/lamparas\/mr-wattson-led-lampara-de-mesa-mini-lava-gris\/\" \/>\n<meta property=\"og:locale\" content=\"es_ES\" \/>\n<meta property=\"og:type\" content=\"article\" \/>\n<meta property=\"og:title\" content=\"MR. WATTSON LED L\u00e1mpara de Mesa Mini Lava Gris\" \/>\n<meta property=\"og:description\" content=\"Mr Wattson es una l\u00e1mpara de mesa LED de dise\u00f1o rayado, fabricada por la empresa danesa Piffany Copenhagen. Moderna y flexible, la estructura es de madera\" \/>\n<meta property=\"og:url\" content=\"https:\/\/www.erresse-shop.it\/es\/shop\/mobiliario\/lamparas\/mr-wattson-led-lampara-de-mesa-mini-lava-gris\/\" \/>\n<meta property=\"og:site_name\" content=\"Erresse Shop\" \/>\n<meta property=\"article:modified_time\" content=\"2024-08-20T00:00:15+00:00\" \/>\n<meta property=\"og:image\" content=\"https:\/\/www.erresse-shop.it\/wp-content\/uploads\/2023\/06\/Mr.-Wattson-Lampada-LED-da-Tavolo-Mini-Lava-Grey.jpg\" \/>\n\t<meta property=\"og:image:width\" content=\"800\" \/>\n\t<meta property=\"og:image:height\" content=\"800\" \/>\n\t<meta property=\"og:image:type\" content=\"image\/jpeg\" \/>\n<meta name=\"twitter:card\" content=\"summary_large_image\" \/>\n<script type=\"application\/ld+json\" class=\"yoast-schema-graph\">{\"@context\":\"https:\/\/schema.org\",\"@graph\":[{\"@type\":\"WebPage\",\"@id\":\"https:\/\/www.erresse-shop.it\/es\/shop\/mobiliario\/lamparas\/mr-wattson-led-lampara-de-mesa-mini-lava-gris\/\",\"url\":\"https:\/\/www.erresse-shop.it\/es\/shop\/mobiliario\/lamparas\/mr-wattson-led-lampara-de-mesa-mini-lava-gris\/\",\"name\":\"MR. WATTSON LED L\u00e1mpara de Mesa Mini Lava Gris - Erresse Shop\",\"isPartOf\":{\"@id\":\"https:\/\/www.erresse-shop.it\/es\/#website\"},\"datePublished\":\"2023-06-14T09:03:20+00:00\",\"dateModified\":\"2024-08-20T00:00:15+00:00\",\"description\":\"Mr Wattson es una l\u00e1mpara de mesa LED de dise\u00f1o rayado, fabricada por la empresa danesa Piffany Copenhagen. Moderna y flexible, la estructura es de madera\",\"breadcrumb\":{\"@id\":\"https:\/\/www.erresse-shop.it\/es\/shop\/mobiliario\/lamparas\/mr-wattson-led-lampara-de-mesa-mini-lava-gris\/#breadcrumb\"},\"inLanguage\":\"es\",\"potentialAction\":[{\"@type\":\"ReadAction\",\"target\":[\"https:\/\/www.erresse-shop.it\/es\/shop\/mobiliario\/lamparas\/mr-wattson-led-lampara-de-mesa-mini-lava-gris\/\"]}]},{\"@type\":\"BreadcrumbList\",\"@id\":\"https:\/\/www.erresse-shop.it\/es\/shop\/mobiliario\/lamparas\/mr-wattson-led-lampara-de-mesa-mini-lava-gris\/#breadcrumb\",\"itemListElement\":[{\"@type\":\"ListItem\",\"position\":1,\"name\":\"Home\",\"item\":\"https:\/\/www.erresse-shop.it\/es\/\"},{\"@type\":\"ListItem\",\"position\":2,\"name\":\"Shop\",\"item\":\"https:\/\/www.erresse-shop.it\/es\/shop\/\"},{\"@type\":\"ListItem\",\"position\":3,\"name\":\"MR. WATTSON LED L\u00e1mpara de Mesa Mini Lava Gris\"}]},{\"@type\":\"WebSite\",\"@id\":\"https:\/\/www.erresse-shop.it\/es\/#website\",\"url\":\"https:\/\/www.erresse-shop.it\/es\/\",\"name\":\"Erresse Shop\",\"description\":\"Articoli di qualit\u00e0 per la casa\",\"potentialAction\":[{\"@type\":\"SearchAction\",\"target\":{\"@type\":\"EntryPoint\",\"urlTemplate\":\"https:\/\/www.erresse-shop.it\/es\/?s={search_term_string}\"},\"query-input\":\"required name=search_term_string\"}],\"inLanguage\":\"es\"}]}<\/script>\n<!-- \/ Yoast SEO Premium plugin. -->","yoast_head_json":{"title":"MR. WATTSON LED L\u00e1mpara de Mesa Mini Lava Gris - Erresse Shop","description":"Mr Wattson es una l\u00e1mpara de mesa LED de dise\u00f1o rayado, fabricada por la empresa danesa Piffany Copenhagen. Moderna y flexible, la estructura es de madera","robots":{"index":"index","follow":"follow","max-snippet":"max-snippet:-1","max-image-preview":"max-image-preview:large","max-video-preview":"max-video-preview:-1"},"canonical":"https:\/\/www.erresse-shop.it\/es\/shop\/mobiliario\/lamparas\/mr-wattson-led-lampara-de-mesa-mini-lava-gris\/","og_locale":"es_ES","og_type":"article","og_title":"MR. WATTSON LED L\u00e1mpara de Mesa Mini Lava Gris","og_description":"Mr Wattson es una l\u00e1mpara de mesa LED de dise\u00f1o rayado, fabricada por la empresa danesa Piffany Copenhagen. Moderna y flexible, la estructura es de madera","og_url":"https:\/\/www.erresse-shop.it\/es\/shop\/mobiliario\/lamparas\/mr-wattson-led-lampara-de-mesa-mini-lava-gris\/","og_site_name":"Erresse Shop","article_modified_time":"2024-08-20T00:00:15+00:00","og_image":[{"width":800,"height":800,"url":"https:\/\/www.erresse-shop.it\/wp-content\/uploads\/2023\/06\/Mr.-Wattson-Lampada-LED-da-Tavolo-Mini-Lava-Grey.jpg","type":"image\/jpeg"}],"twitter_card":"summary_large_image","schema":{"@context":"https:\/\/schema.org","@graph":[{"@type":"WebPage","@id":"https:\/\/www.erresse-shop.it\/es\/shop\/mobiliario\/lamparas\/mr-wattson-led-lampara-de-mesa-mini-lava-gris\/","url":"https:\/\/www.erresse-shop.it\/es\/shop\/mobiliario\/lamparas\/mr-wattson-led-lampara-de-mesa-mini-lava-gris\/","name":"MR. WATTSON LED L\u00e1mpara de Mesa Mini Lava Gris - Erresse Shop","isPartOf":{"@id":"https:\/\/www.erresse-shop.it\/es\/#website"},"datePublished":"2023-06-14T09:03:20+00:00","dateModified":"2024-08-20T00:00:15+00:00","description":"Mr Wattson es una l\u00e1mpara de mesa LED de dise\u00f1o rayado, fabricada por la empresa danesa Piffany Copenhagen. Moderna y flexible, la estructura es de madera","breadcrumb":{"@id":"https:\/\/www.erresse-shop.it\/es\/shop\/mobiliario\/lamparas\/mr-wattson-led-lampara-de-mesa-mini-lava-gris\/#breadcrumb"},"inLanguage":"es","potentialAction":[{"@type":"ReadAction","target":["https:\/\/www.erresse-shop.it\/es\/shop\/mobiliario\/lamparas\/mr-wattson-led-lampara-de-mesa-mini-lava-gris\/"]}]},{"@type":"BreadcrumbList","@id":"https:\/\/www.erresse-shop.it\/es\/shop\/mobiliario\/lamparas\/mr-wattson-led-lampara-de-mesa-mini-lava-gris\/#breadcrumb","itemListElement":[{"@type":"ListItem","position":1,"name":"Home","item":"https:\/\/www.erresse-shop.it\/es\/"},{"@type":"ListItem","position":2,"name":"Shop","item":"https:\/\/www.erresse-shop.it\/es\/shop\/"},{"@type":"ListItem","position":3,"name":"MR. WATTSON LED L\u00e1mpara de Mesa Mini Lava Gris"}]},{"@type":"WebSite","@id":"https:\/\/www.erresse-shop.it\/es\/#website","url":"https:\/\/www.erresse-shop.it\/es\/","name":"Erresse Shop","description":"Articoli di qualit\u00e0 per la casa","potentialAction":[{"@type":"SearchAction","target":{"@type":"EntryPoint","urlTemplate":"https:\/\/www.erresse-shop.it\/es\/?s={search_term_string}"},"query-input":"required name=search_term_string"}],"inLanguage":"es"}]}},"df_price":59.4,"df_sale_price":59.4,"df_regular_price":99,"df_image_link":"https:\/\/www.erresse-shop.it\/wp-content\/uploads\/2023\/06\/Mr.-Wattson-Lampada-LED-da-Tavolo-Mini-Lava-Grey-300x300.jpg","_links":{"self":[{"href":"https:\/\/www.erresse-shop.it\/es\/wp-json\/wp\/v2\/product\/280607"}],"collection":[{"href":"https:\/\/www.erresse-shop.it\/es\/wp-json\/wp\/v2\/product"}],"about":[{"href":"https:\/\/www.erresse-shop.it\/es\/wp-json\/wp\/v2\/types\/product"}],"wp:featuredmedia":[{"embeddable":true,"href":"https:\/\/www.erresse-shop.it\/es\/wp-json\/wp\/v2\/media\/280592"}],"wp:attachment":[{"href":"https:\/\/www.erresse-shop.it\/es\/wp-json\/wp\/v2\/media?parent=280607"}],"wp:term":[{"taxonomy":"product_cat","embeddable":true,"href":"https:\/\/www.erresse-shop.it\/es\/wp-json\/wp\/v2\/product_cat?post=280607"},{"taxonomy":"product_tag","embeddable":true,"href":"https:\/\/www.erresse-shop.it\/es\/wp-json\/wp\/v2\/product_tag?post=280607"}],"curies":[{"name":"wp","href":"https:\/\/api.w.org\/{rel}","templated":true}]}}