{"id":278579,"date":"2023-06-07T14:44:41","date_gmt":"2023-06-07T14:44:46","guid":{"rendered":"https:\/\/www.erresse-shop.it\/?post_type=product&#038;p=278579"},"modified":"2024-06-11T00:02:45","modified_gmt":"2024-06-11T00:02:45","slug":"yaxell-super-gou-cuchillo-de-cocinero-24-cm","status":"publish","type":"product","link":"https:\/\/www.erresse-shop.it\/es\/shop\/cocina\/cuchillos\/cuchillos-de-cocina\/yaxell-super-gou-cuchillo-de-cocinero-24-cm\/","title":{"rendered":"YAXELL Super Gou Cuchillo de Cocinero 24 cm"},"content":{"rendered":"<p>El <strong>cuchillo de cocinero Yaxell Super Gou<\/strong> es un cuchillo de cocinero japon\u00e9s con una hoja de 20 cm. Este cuchillo es un aut\u00e9ntico todoterreno en la cocina. Es lo suficientemente grande como para cortar una gran cantidad de verduras, carne y pescado. A pesar de la longitud de la hoja, el cuchillo es f\u00e1cil de controlar. Esto se debe a su gran equilibrio y a su afilado filo. El cuchillo tambi\u00e9n es ideal para picar hierbas, machacar granos de pimienta y pelar dientes de ajo.<\/p>\n<p><strong>Hoja Yaxell Super Gou: 161 capas de acero damasco<\/strong><br \/>\nLos cuchillos de cocina Yaxell Super Gou est\u00e1n fabricados con 161 capas de acero de Damasco. \u00bfUna cantidad extra\u00f1a? En absoluto. Esto se debe a que cada lado de la hoja tiene 80 capas de acero Damasco inoxidable, entre las cuales hay un n\u00facleo de acero en polvo SG2 duro como una roca. Esta combinaci\u00f3n hace que los cuchillos sean afilados como cuchillas, inoxidables y de una belleza deslumbrante.<\/p>\n<p>El acero de Damasco se compone de dos aceros inoxidables que se forjan juntos en capas. Estos dos tipos de acero tienen un contenido de carbono diferente, lo que hace que el acero cambie de color de forma distinta dependiendo de c\u00f3mo se grabe. Mediante el grabado, se produce un patr\u00f3n en el acero con la ayuda de un \u00e1cido. El acero inoxidable, ya sea Damasco o no, no suele ser el tipo de acero m\u00e1s duro. Por eso se a\u00f1adi\u00f3 un n\u00facleo de acero pulverizado SG2. El resultado es un filo s\u00f3lido como una roca con una dureza de 63 HRC. El nombre de la colecci\u00f3n est\u00e1 grabado a mano en el lateral de la hoja y en la parte posterior del mango.<\/p>\n<p><strong>Mango Yaxell Super Gou<\/strong><br \/>\nDebido a las formas redondeadas y a los tres remaches, este mango se parece mucho al de un cuchillo de cocina europeo. Esto garantiza que el mango no s\u00f3lo sea s\u00f3lido, sino tambi\u00e9n c\u00f3modo. El mango est\u00e1 hecho de micarta roja y negra. La micarta es un material hecho de lino, impregnado con resina epoxi. Esto lo convierte en un material muy resistente. Puede soportar casi cualquier cosa y tiene una gran resistencia al agua. La micarta es conocida por ofrecer mucho agarre. Incluso cuando est\u00e1 mojada. La forma ovalada y redonda del mango ofrece un buen agarre y es c\u00f3modo de sujetar.<\/p>\n<p><strong>Made in Japan<\/strong><\/p>\n","protected":false},"excerpt":{"rendered":"<p>El cuchillo de cocinero Yaxell Super Gou es un cuchillo de cocinero japon\u00e9s con una hoja de 20 cm. Este<\/p>\n","protected":false},"featured_media":278569,"template":"","meta":{"_acf_changed":false,"inline_featured_image":false},"product_cat":[16040,16043,16047],"product_tag":[16162,16698,22497,16432,21267,22496,24682],"acf":[],"yoast_head":"<!-- This site is optimized with the Yoast SEO Premium plugin v18.6 (Yoast SEO v19.13) - https:\/\/yoast.com\/wordpress\/plugins\/seo\/ -->\n<title>YAXELL Super Gou Cuchillo de Cocinero 24 cm - Erresse Shop<\/title>\n<meta name=\"description\" content=\"El cuchillo de cocinero Yaxell Super Gou es un cuchillo de cocinero japon\u00e9s con una hoja de 20 cm. Este cuchillo es un aut\u00e9ntico todoterreno en la cocina.\" \/>\n<meta name=\"robots\" content=\"index, follow, max-snippet:-1, max-image-preview:large, max-video-preview:-1\" \/>\n<link rel=\"canonical\" href=\"https:\/\/www.erresse-shop.it\/es\/shop\/cocina\/cuchillos\/cuchillos-de-cocina\/yaxell-super-gou-cuchillo-de-cocinero-24-cm\/\" \/>\n<meta property=\"og:locale\" content=\"es_ES\" \/>\n<meta property=\"og:type\" content=\"article\" \/>\n<meta property=\"og:title\" content=\"YAXELL Super Gou Cuchillo de Cocinero 24 cm\" \/>\n<meta property=\"og:description\" content=\"El cuchillo de cocinero Yaxell Super Gou es un cuchillo de cocinero japon\u00e9s con una hoja de 20 cm. Este cuchillo es un aut\u00e9ntico todoterreno en la cocina.\" \/>\n<meta property=\"og:url\" content=\"https:\/\/www.erresse-shop.it\/es\/shop\/cocina\/cuchillos\/cuchillos-de-cocina\/yaxell-super-gou-cuchillo-de-cocinero-24-cm\/\" \/>\n<meta property=\"og:site_name\" content=\"Erresse Shop\" \/>\n<meta property=\"article:modified_time\" content=\"2024-06-11T00:02:45+00:00\" \/>\n<meta property=\"og:image\" content=\"https:\/\/www.erresse-shop.it\/wp-content\/uploads\/2023\/03\/YAXELL-Super-Gou-Coltello-Chef-24-cm.jpg\" \/>\n\t<meta property=\"og:image:width\" content=\"800\" \/>\n\t<meta property=\"og:image:height\" content=\"800\" \/>\n\t<meta property=\"og:image:type\" content=\"image\/jpeg\" \/>\n<meta name=\"twitter:card\" content=\"summary_large_image\" \/>\n<script type=\"application\/ld+json\" class=\"yoast-schema-graph\">{\"@context\":\"https:\/\/schema.org\",\"@graph\":[{\"@type\":\"WebPage\",\"@id\":\"https:\/\/www.erresse-shop.it\/es\/shop\/cocina\/cuchillos\/cuchillos-de-cocina\/yaxell-super-gou-cuchillo-de-cocinero-24-cm\/\",\"url\":\"https:\/\/www.erresse-shop.it\/es\/shop\/cocina\/cuchillos\/cuchillos-de-cocina\/yaxell-super-gou-cuchillo-de-cocinero-24-cm\/\",\"name\":\"YAXELL Super Gou Cuchillo de Cocinero 24 cm - Erresse Shop\",\"isPartOf\":{\"@id\":\"https:\/\/www.erresse-shop.it\/es\/#website\"},\"datePublished\":\"2023-06-07T14:44:46+00:00\",\"dateModified\":\"2024-06-11T00:02:45+00:00\",\"description\":\"El cuchillo de cocinero Yaxell Super Gou es un cuchillo de cocinero japon\u00e9s con una hoja de 20 cm. Este cuchillo es un aut\u00e9ntico todoterreno en la cocina.\",\"breadcrumb\":{\"@id\":\"https:\/\/www.erresse-shop.it\/es\/shop\/cocina\/cuchillos\/cuchillos-de-cocina\/yaxell-super-gou-cuchillo-de-cocinero-24-cm\/#breadcrumb\"},\"inLanguage\":\"es\",\"potentialAction\":[{\"@type\":\"ReadAction\",\"target\":[\"https:\/\/www.erresse-shop.it\/es\/shop\/cocina\/cuchillos\/cuchillos-de-cocina\/yaxell-super-gou-cuchillo-de-cocinero-24-cm\/\"]}]},{\"@type\":\"BreadcrumbList\",\"@id\":\"https:\/\/www.erresse-shop.it\/es\/shop\/cocina\/cuchillos\/cuchillos-de-cocina\/yaxell-super-gou-cuchillo-de-cocinero-24-cm\/#breadcrumb\",\"itemListElement\":[{\"@type\":\"ListItem\",\"position\":1,\"name\":\"Home\",\"item\":\"https:\/\/www.erresse-shop.it\/es\/\"},{\"@type\":\"ListItem\",\"position\":2,\"name\":\"Shop\",\"item\":\"https:\/\/www.erresse-shop.it\/es\/shop\/\"},{\"@type\":\"ListItem\",\"position\":3,\"name\":\"YAXELL Super Gou Cuchillo de Cocinero 24 cm\"}]},{\"@type\":\"WebSite\",\"@id\":\"https:\/\/www.erresse-shop.it\/es\/#website\",\"url\":\"https:\/\/www.erresse-shop.it\/es\/\",\"name\":\"Erresse Shop\",\"description\":\"Articoli di qualit\u00e0 per la casa\",\"potentialAction\":[{\"@type\":\"SearchAction\",\"target\":{\"@type\":\"EntryPoint\",\"urlTemplate\":\"https:\/\/www.erresse-shop.it\/es\/?s={search_term_string}\"},\"query-input\":\"required name=search_term_string\"}],\"inLanguage\":\"es\"}]}<\/script>\n<!-- \/ Yoast SEO Premium plugin. -->","yoast_head_json":{"title":"YAXELL Super Gou Cuchillo de Cocinero 24 cm - Erresse Shop","description":"El cuchillo de cocinero Yaxell Super Gou es un cuchillo de cocinero japon\u00e9s con una hoja de 20 cm. Este cuchillo es un aut\u00e9ntico todoterreno en la cocina.","robots":{"index":"index","follow":"follow","max-snippet":"max-snippet:-1","max-image-preview":"max-image-preview:large","max-video-preview":"max-video-preview:-1"},"canonical":"https:\/\/www.erresse-shop.it\/es\/shop\/cocina\/cuchillos\/cuchillos-de-cocina\/yaxell-super-gou-cuchillo-de-cocinero-24-cm\/","og_locale":"es_ES","og_type":"article","og_title":"YAXELL Super Gou Cuchillo de Cocinero 24 cm","og_description":"El cuchillo de cocinero Yaxell Super Gou es un cuchillo de cocinero japon\u00e9s con una hoja de 20 cm. Este cuchillo es un aut\u00e9ntico todoterreno en la cocina.","og_url":"https:\/\/www.erresse-shop.it\/es\/shop\/cocina\/cuchillos\/cuchillos-de-cocina\/yaxell-super-gou-cuchillo-de-cocinero-24-cm\/","og_site_name":"Erresse Shop","article_modified_time":"2024-06-11T00:02:45+00:00","og_image":[{"width":800,"height":800,"url":"https:\/\/www.erresse-shop.it\/wp-content\/uploads\/2023\/03\/YAXELL-Super-Gou-Coltello-Chef-24-cm.jpg","type":"image\/jpeg"}],"twitter_card":"summary_large_image","schema":{"@context":"https:\/\/schema.org","@graph":[{"@type":"WebPage","@id":"https:\/\/www.erresse-shop.it\/es\/shop\/cocina\/cuchillos\/cuchillos-de-cocina\/yaxell-super-gou-cuchillo-de-cocinero-24-cm\/","url":"https:\/\/www.erresse-shop.it\/es\/shop\/cocina\/cuchillos\/cuchillos-de-cocina\/yaxell-super-gou-cuchillo-de-cocinero-24-cm\/","name":"YAXELL Super Gou Cuchillo de Cocinero 24 cm - Erresse Shop","isPartOf":{"@id":"https:\/\/www.erresse-shop.it\/es\/#website"},"datePublished":"2023-06-07T14:44:46+00:00","dateModified":"2024-06-11T00:02:45+00:00","description":"El cuchillo de cocinero Yaxell Super Gou es un cuchillo de cocinero japon\u00e9s con una hoja de 20 cm. Este cuchillo es un aut\u00e9ntico todoterreno en la cocina.","breadcrumb":{"@id":"https:\/\/www.erresse-shop.it\/es\/shop\/cocina\/cuchillos\/cuchillos-de-cocina\/yaxell-super-gou-cuchillo-de-cocinero-24-cm\/#breadcrumb"},"inLanguage":"es","potentialAction":[{"@type":"ReadAction","target":["https:\/\/www.erresse-shop.it\/es\/shop\/cocina\/cuchillos\/cuchillos-de-cocina\/yaxell-super-gou-cuchillo-de-cocinero-24-cm\/"]}]},{"@type":"BreadcrumbList","@id":"https:\/\/www.erresse-shop.it\/es\/shop\/cocina\/cuchillos\/cuchillos-de-cocina\/yaxell-super-gou-cuchillo-de-cocinero-24-cm\/#breadcrumb","itemListElement":[{"@type":"ListItem","position":1,"name":"Home","item":"https:\/\/www.erresse-shop.it\/es\/"},{"@type":"ListItem","position":2,"name":"Shop","item":"https:\/\/www.erresse-shop.it\/es\/shop\/"},{"@type":"ListItem","position":3,"name":"YAXELL Super Gou Cuchillo de Cocinero 24 cm"}]},{"@type":"WebSite","@id":"https:\/\/www.erresse-shop.it\/es\/#website","url":"https:\/\/www.erresse-shop.it\/es\/","name":"Erresse Shop","description":"Articoli di qualit\u00e0 per la casa","potentialAction":[{"@type":"SearchAction","target":{"@type":"EntryPoint","urlTemplate":"https:\/\/www.erresse-shop.it\/es\/?s={search_term_string}"},"query-input":"required name=search_term_string"}],"inLanguage":"es"}]}},"df_price":431.20000000000005,"df_sale_price":431.20000000000005,"df_regular_price":539,"df_image_link":"https:\/\/www.erresse-shop.it\/wp-content\/uploads\/2023\/03\/YAXELL-Super-Gou-Coltello-Chef-24-cm-300x300.jpg","_links":{"self":[{"href":"https:\/\/www.erresse-shop.it\/es\/wp-json\/wp\/v2\/product\/278579"}],"collection":[{"href":"https:\/\/www.erresse-shop.it\/es\/wp-json\/wp\/v2\/product"}],"about":[{"href":"https:\/\/www.erresse-shop.it\/es\/wp-json\/wp\/v2\/types\/product"}],"wp:featuredmedia":[{"embeddable":true,"href":"https:\/\/www.erresse-shop.it\/es\/wp-json\/wp\/v2\/media\/278569"}],"wp:attachment":[{"href":"https:\/\/www.erresse-shop.it\/es\/wp-json\/wp\/v2\/media?parent=278579"}],"wp:term":[{"taxonomy":"product_cat","embeddable":true,"href":"https:\/\/www.erresse-shop.it\/es\/wp-json\/wp\/v2\/product_cat?post=278579"},{"taxonomy":"product_tag","embeddable":true,"href":"https:\/\/www.erresse-shop.it\/es\/wp-json\/wp\/v2\/product_tag?post=278579"}],"curies":[{"name":"wp","href":"https:\/\/api.w.org\/{rel}","templated":true}]}}