{"id":275176,"date":"2023-05-26T14:31:49","date_gmt":"2023-05-26T14:31:54","guid":{"rendered":"https:\/\/www.erresse-shop.it\/?post_type=product&#038;p=275176"},"modified":"2023-06-06T06:22:57","modified_gmt":"2023-06-06T06:22:57","slug":"marcato-marga-molino-de-grano","status":"publish","type":"product","link":"https:\/\/www.erresse-shop.it\/es\/shop\/cocina\/maquinas-de-pasta\/marcato-marga-molino-de-grano\/","title":{"rendered":"MARCATO Marga Molino de grano"},"content":{"rendered":"<p>El molino compacto para moler grano y cereales y convertirlos en harina, copos y malta para cerveza.<br \/>\nEl aut\u00e9ntico sabor de los ingredientes frescos preparados en casa.<\/p>\n<p><strong>Harina, copos y malta para cerveza<\/strong><\/p>\n<p>Marga Mulino es la \u00fanica m\u00e1quina con la que podr\u00e1 preparar tanto copos como harina de cereales en s\u00f3lo unos minutos. Puede utilizarse tanto para granos blandos como avena, cebada, centeno y trigo blando, como para granos duros como espelta, kamut, arroz y trigo sarraceno.<\/p>\n<p>Marga Mulino funciona mediante tres rodillos que giran a diferentes velocidades. La distancia entre los rodillos, determinada por un regulador, define el tipo de transformaci\u00f3n que se va a realizar: posici\u00f3n 5-6, para obtener harina de cereales, posiciones 1 a 4 para obtener copos de cereales con un acabado diferente.<\/p>\n<p><strong>\u00bfPOR QU\u00c9 MOLER TRIGO Y CEREALES EN CASA?<\/strong><\/p>\n<p>Moler los cereales frescos en casa le garantiza un producto que conserva sus propiedades organol\u00e9pticas y nutricionales originales. Por fin podr\u00e1 consumir un producto del que controla todos los procesos y utilizar en la cocina ingredientes que no siempre est\u00e1n a su alcance. Utilizar una cadena de transformaci\u00f3n corta le permitir\u00e1 ejercer un mayor control sobre la calidad de sus alimentos.<\/p>\n<p><strong>RECOMENDACIONES DE USO<\/strong><\/p>\n<p>Sabor y bienestar<\/p>\n<ul>\n<li>Para conocer el grado de molienda m\u00e1s adecuado para un cereal, pruebe a moler una peque\u00f1a cantidad en distintas posiciones del regulador;<\/li>\n<li>utilice las harinas molidas con Marga Mulino, tanto para enriquecer sus masas como para crear nuevas recetas. Descubrir\u00e1 nuevos sabores y<br \/>\ncombinaciones;<\/li>\n<li>a\u00f1ada copos frescos a las galletas o al pan antes de hornearlos;<\/li>\n<li>el resultado ser\u00e1 delicioso;<\/li>\n<li>para obtener una harina muy fina y pura, utilice un tamiz de cocina para eliminar el exceso de salvado<\/li>\n<\/ul>\n<p><strong>CUIDADOS Y MANTENIMIENTO<\/strong><\/p>\n<p>Unas peque\u00f1as precauciones son suficientes para mantener Marga Mulino durante mucho tiempo. No lave nunca la m\u00e1quina en agua ni en el lavavajillas. Para limpiar la m\u00e1quina, basta con retirar cualquier producto pegado con el cepillo suministrado. Para limpiar los rodillos, recomendamos moler una peque\u00f1a cantidad de arroz. Si se atasca un grano demasiado duro dentro de los rodillos, utilice la m\u00e1quina a mano para aplicar m\u00e1s fuerza.<\/p>\n","protected":false},"excerpt":{"rendered":"<p>El molino compacto para moler grano y cereales y convertirlos en harina, copos y malta para cerveza. El aut\u00e9ntico sabor<\/p>\n","protected":false},"featured_media":275196,"template":"","meta":{"_acf_changed":false,"inline_featured_image":false},"product_cat":[16040,16056],"product_tag":[],"acf":[],"yoast_head":"<!-- This site is optimized with the Yoast SEO Premium plugin v18.6 (Yoast SEO v19.13) - https:\/\/yoast.com\/wordpress\/plugins\/seo\/ -->\n<title>MARCATO Marga Molino de grano - Erresse Shop<\/title>\n<meta name=\"description\" content=\"El molino compacto para moler grano y cereales y convertirlos en harina, copos y malta para cerveza. El aut\u00e9ntico sabor de los ingredientes frescos\" \/>\n<meta name=\"robots\" content=\"index, follow, max-snippet:-1, max-image-preview:large, max-video-preview:-1\" \/>\n<link rel=\"canonical\" href=\"https:\/\/www.erresse-shop.it\/es\/shop\/cocina\/maquinas-de-pasta\/marcato-marga-molino-de-grano\/\" \/>\n<meta property=\"og:locale\" content=\"es_ES\" \/>\n<meta property=\"og:type\" content=\"article\" \/>\n<meta property=\"og:title\" content=\"MARCATO Marga Molino de grano\" \/>\n<meta property=\"og:description\" content=\"El molino compacto para moler grano y cereales y convertirlos en harina, copos y malta para cerveza. El aut\u00e9ntico sabor de los ingredientes frescos\" \/>\n<meta property=\"og:url\" content=\"https:\/\/www.erresse-shop.it\/es\/shop\/cocina\/maquinas-de-pasta\/marcato-marga-molino-de-grano\/\" \/>\n<meta property=\"og:site_name\" content=\"Erresse Shop\" \/>\n<meta property=\"article:modified_time\" content=\"2023-06-06T06:22:57+00:00\" \/>\n<meta property=\"og:image\" content=\"https:\/\/www.erresse-shop.it\/wp-content\/uploads\/2023\/05\/MARCATO-Marga-Mulino-Macchina-pe-Cereali.jpg\" \/>\n\t<meta property=\"og:image:width\" content=\"800\" \/>\n\t<meta property=\"og:image:height\" content=\"800\" \/>\n\t<meta property=\"og:image:type\" content=\"image\/jpeg\" \/>\n<meta name=\"twitter:card\" content=\"summary_large_image\" \/>\n<script type=\"application\/ld+json\" class=\"yoast-schema-graph\">{\"@context\":\"https:\/\/schema.org\",\"@graph\":[{\"@type\":\"WebPage\",\"@id\":\"https:\/\/www.erresse-shop.it\/es\/shop\/cocina\/maquinas-de-pasta\/marcato-marga-molino-de-grano\/\",\"url\":\"https:\/\/www.erresse-shop.it\/es\/shop\/cocina\/maquinas-de-pasta\/marcato-marga-molino-de-grano\/\",\"name\":\"MARCATO Marga Molino de grano - Erresse Shop\",\"isPartOf\":{\"@id\":\"https:\/\/www.erresse-shop.it\/es\/#website\"},\"datePublished\":\"2023-05-26T14:31:54+00:00\",\"dateModified\":\"2023-06-06T06:22:57+00:00\",\"description\":\"El molino compacto para moler grano y cereales y convertirlos en harina, copos y malta para cerveza. El aut\u00e9ntico sabor de los ingredientes frescos\",\"breadcrumb\":{\"@id\":\"https:\/\/www.erresse-shop.it\/es\/shop\/cocina\/maquinas-de-pasta\/marcato-marga-molino-de-grano\/#breadcrumb\"},\"inLanguage\":\"es\",\"potentialAction\":[{\"@type\":\"ReadAction\",\"target\":[\"https:\/\/www.erresse-shop.it\/es\/shop\/cocina\/maquinas-de-pasta\/marcato-marga-molino-de-grano\/\"]}]},{\"@type\":\"BreadcrumbList\",\"@id\":\"https:\/\/www.erresse-shop.it\/es\/shop\/cocina\/maquinas-de-pasta\/marcato-marga-molino-de-grano\/#breadcrumb\",\"itemListElement\":[{\"@type\":\"ListItem\",\"position\":1,\"name\":\"Home\",\"item\":\"https:\/\/www.erresse-shop.it\/es\/\"},{\"@type\":\"ListItem\",\"position\":2,\"name\":\"Shop\",\"item\":\"https:\/\/www.erresse-shop.it\/es\/shop\/\"},{\"@type\":\"ListItem\",\"position\":3,\"name\":\"MARCATO Marga Molino de grano\"}]},{\"@type\":\"WebSite\",\"@id\":\"https:\/\/www.erresse-shop.it\/es\/#website\",\"url\":\"https:\/\/www.erresse-shop.it\/es\/\",\"name\":\"Erresse Shop\",\"description\":\"Articoli di qualit\u00e0 per la casa\",\"potentialAction\":[{\"@type\":\"SearchAction\",\"target\":{\"@type\":\"EntryPoint\",\"urlTemplate\":\"https:\/\/www.erresse-shop.it\/es\/?s={search_term_string}\"},\"query-input\":\"required name=search_term_string\"}],\"inLanguage\":\"es\"}]}<\/script>\n<!-- \/ Yoast SEO Premium plugin. -->","yoast_head_json":{"title":"MARCATO Marga Molino de grano - Erresse Shop","description":"El molino compacto para moler grano y cereales y convertirlos en harina, copos y malta para cerveza. El aut\u00e9ntico sabor de los ingredientes frescos","robots":{"index":"index","follow":"follow","max-snippet":"max-snippet:-1","max-image-preview":"max-image-preview:large","max-video-preview":"max-video-preview:-1"},"canonical":"https:\/\/www.erresse-shop.it\/es\/shop\/cocina\/maquinas-de-pasta\/marcato-marga-molino-de-grano\/","og_locale":"es_ES","og_type":"article","og_title":"MARCATO Marga Molino de grano","og_description":"El molino compacto para moler grano y cereales y convertirlos en harina, copos y malta para cerveza. El aut\u00e9ntico sabor de los ingredientes frescos","og_url":"https:\/\/www.erresse-shop.it\/es\/shop\/cocina\/maquinas-de-pasta\/marcato-marga-molino-de-grano\/","og_site_name":"Erresse Shop","article_modified_time":"2023-06-06T06:22:57+00:00","og_image":[{"width":800,"height":800,"url":"https:\/\/www.erresse-shop.it\/wp-content\/uploads\/2023\/05\/MARCATO-Marga-Mulino-Macchina-pe-Cereali.jpg","type":"image\/jpeg"}],"twitter_card":"summary_large_image","schema":{"@context":"https:\/\/schema.org","@graph":[{"@type":"WebPage","@id":"https:\/\/www.erresse-shop.it\/es\/shop\/cocina\/maquinas-de-pasta\/marcato-marga-molino-de-grano\/","url":"https:\/\/www.erresse-shop.it\/es\/shop\/cocina\/maquinas-de-pasta\/marcato-marga-molino-de-grano\/","name":"MARCATO Marga Molino de grano - Erresse Shop","isPartOf":{"@id":"https:\/\/www.erresse-shop.it\/es\/#website"},"datePublished":"2023-05-26T14:31:54+00:00","dateModified":"2023-06-06T06:22:57+00:00","description":"El molino compacto para moler grano y cereales y convertirlos en harina, copos y malta para cerveza. El aut\u00e9ntico sabor de los ingredientes frescos","breadcrumb":{"@id":"https:\/\/www.erresse-shop.it\/es\/shop\/cocina\/maquinas-de-pasta\/marcato-marga-molino-de-grano\/#breadcrumb"},"inLanguage":"es","potentialAction":[{"@type":"ReadAction","target":["https:\/\/www.erresse-shop.it\/es\/shop\/cocina\/maquinas-de-pasta\/marcato-marga-molino-de-grano\/"]}]},{"@type":"BreadcrumbList","@id":"https:\/\/www.erresse-shop.it\/es\/shop\/cocina\/maquinas-de-pasta\/marcato-marga-molino-de-grano\/#breadcrumb","itemListElement":[{"@type":"ListItem","position":1,"name":"Home","item":"https:\/\/www.erresse-shop.it\/es\/"},{"@type":"ListItem","position":2,"name":"Shop","item":"https:\/\/www.erresse-shop.it\/es\/shop\/"},{"@type":"ListItem","position":3,"name":"MARCATO Marga Molino de grano"}]},{"@type":"WebSite","@id":"https:\/\/www.erresse-shop.it\/es\/#website","url":"https:\/\/www.erresse-shop.it\/es\/","name":"Erresse Shop","description":"Articoli di qualit\u00e0 per la casa","potentialAction":[{"@type":"SearchAction","target":{"@type":"EntryPoint","urlTemplate":"https:\/\/www.erresse-shop.it\/es\/?s={search_term_string}"},"query-input":"required name=search_term_string"}],"inLanguage":"es"}]}},"df_price":104.95,"df_sale_price":104.95,"df_regular_price":209.9,"df_image_link":"https:\/\/www.erresse-shop.it\/wp-content\/uploads\/2023\/05\/MARCATO-Marga-Mulino-Macchina-pe-Cereali-300x300.jpg","_links":{"self":[{"href":"https:\/\/www.erresse-shop.it\/es\/wp-json\/wp\/v2\/product\/275176"}],"collection":[{"href":"https:\/\/www.erresse-shop.it\/es\/wp-json\/wp\/v2\/product"}],"about":[{"href":"https:\/\/www.erresse-shop.it\/es\/wp-json\/wp\/v2\/types\/product"}],"wp:featuredmedia":[{"embeddable":true,"href":"https:\/\/www.erresse-shop.it\/es\/wp-json\/wp\/v2\/media\/275196"}],"wp:attachment":[{"href":"https:\/\/www.erresse-shop.it\/es\/wp-json\/wp\/v2\/media?parent=275176"}],"wp:term":[{"taxonomy":"product_cat","embeddable":true,"href":"https:\/\/www.erresse-shop.it\/es\/wp-json\/wp\/v2\/product_cat?post=275176"},{"taxonomy":"product_tag","embeddable":true,"href":"https:\/\/www.erresse-shop.it\/es\/wp-json\/wp\/v2\/product_tag?post=275176"}],"curies":[{"name":"wp","href":"https:\/\/api.w.org\/{rel}","templated":true}]}}