{"id":273556,"date":"2016-06-26T12:07:35","date_gmt":"2016-06-26T12:07:35","guid":{"rendered":"https:\/\/www.erresse-shop.it\/shop\/sin%20categor\u00eda\/gastrolux-sarten-baja-induccion-28-cm-mango-extraible\/"},"modified":"2024-01-30T00:03:14","modified_gmt":"2024-01-30T00:03:14","slug":"gastrolux-sarten-baja-induccion-28-cm-mango-extraible","status":"publish","type":"product","link":"https:\/\/www.erresse-shop.it\/es\/shop\/sartenes-y-ollas\/sartenes\/gastrolux-sarten-baja-induccion-28-cm-mango-extraible\/","title":{"rendered":"GASTROLUX Sart\u00e9n Baja Inducci\u00f3n 28 cm Mango Extra\u00edble"},"content":{"rendered":"<p>\u00a1El antiadherente a prueba de cocci\u00f3n! Ahora con <strong>mango<\/strong> <strong>extra\u00edble<\/strong> patentado. La bater\u00eda de cocina Gastrolux es la primera que se fabrica gracias a la aplicaci\u00f3n de la nanotecnolog\u00eda, ya utilizada en astrof\u00edsica y recientemente tambi\u00e9n en cirug\u00eda. El novedoso sistema consiste en disparar micropart\u00edculas sobre la superficie a tratar al doble de la velocidad del sonido y a temperaturas extremadamente altas. Esta tecnolog\u00eda molecular se enriquece con BIOTAN: un tratamiento antiadherente de la superficie a base de bioorganismos naturales que garantiza una dureza extraordinaria y una gran resistencia a la absorci\u00f3n de aceite, creando un sistema de cocci\u00f3n pr\u00e1ctico y saludable para una cocina nutritiva y sabrosa. Rejilla antiadherente con fondo t\u00e9rmico indeformable para la distribuci\u00f3n del calor y el ahorro de energ\u00eda. Cuerpo de aluminio fundido de 9 mm de grosor, con borde reforzado a prueba de golpes y c\u00f3modo agarre extra. Mango patentado sin tornillos ni remaches, resistente hasta 260\u00b0, apto para las siguientes fuentes de calor: gas, horno, el\u00e9ctrico y vitrocer\u00e1mica e inducci\u00f3n. El grill permite cocinar sin humos. Revestimiento garantizado 2 a\u00f1os, mango y base t\u00e9rmica garantizados 10 a\u00f1os.<\/p>\n","protected":false},"excerpt":{"rendered":"<p>\u00a1El antiadherente a prueba de cocci\u00f3n! Ahora con mango extra\u00edble patentado. La bater\u00eda de cocina Gastrolux es la primera que<\/p>\n","protected":false},"featured_media":273555,"template":"","meta":{"_acf_changed":false,"inline_featured_image":false},"product_cat":[16066,16058],"product_tag":[16269,22674,16211,16158,22675],"acf":[],"yoast_head":"<!-- This site is optimized with the Yoast SEO Premium plugin v18.6 (Yoast SEO v19.13) - https:\/\/yoast.com\/wordpress\/plugins\/seo\/ -->\n<title>GASTROLUX Sart\u00e9n Baja Inducci\u00f3n 28 cm Mango Extra\u00edble - Erresse Shop<\/title>\n<meta name=\"description\" content=\"\u00a1El antiadherente a prueba de cocci\u00f3n! Ahora con mango extra\u00edble patentado. La bater\u00eda de cocina Gastrolux es la primera que se fabrica gracias a la\" \/>\n<meta name=\"robots\" content=\"index, follow, max-snippet:-1, max-image-preview:large, max-video-preview:-1\" \/>\n<link rel=\"canonical\" href=\"https:\/\/www.erresse-shop.it\/es\/shop\/sartenes-y-ollas\/sartenes\/gastrolux-sarten-baja-induccion-28-cm-mango-extraible\/\" \/>\n<meta property=\"og:locale\" content=\"es_ES\" \/>\n<meta property=\"og:type\" content=\"article\" \/>\n<meta property=\"og:title\" content=\"GASTROLUX Sart\u00e9n Baja Inducci\u00f3n 28 cm Mango Extra\u00edble\" \/>\n<meta property=\"og:description\" content=\"\u00a1El antiadherente a prueba de cocci\u00f3n! Ahora con mango extra\u00edble patentado. La bater\u00eda de cocina Gastrolux es la primera que se fabrica gracias a la\" \/>\n<meta property=\"og:url\" content=\"https:\/\/www.erresse-shop.it\/es\/shop\/sartenes-y-ollas\/sartenes\/gastrolux-sarten-baja-induccion-28-cm-mango-extraible\/\" \/>\n<meta property=\"og:site_name\" content=\"Erresse Shop\" \/>\n<meta property=\"article:modified_time\" content=\"2024-01-30T00:03:14+00:00\" \/>\n<meta property=\"og:image\" content=\"https:\/\/www.erresse-shop.it\/wp-content\/uploads\/2016\/06\/GASTROLUX-Padella-Bassa-Induzione-28-cm-Manico-Removibile.jpg\" \/>\n\t<meta property=\"og:image:width\" content=\"800\" \/>\n\t<meta property=\"og:image:height\" content=\"800\" \/>\n\t<meta property=\"og:image:type\" content=\"image\/jpeg\" \/>\n<meta name=\"twitter:card\" content=\"summary_large_image\" \/>\n<script type=\"application\/ld+json\" class=\"yoast-schema-graph\">{\"@context\":\"https:\/\/schema.org\",\"@graph\":[{\"@type\":\"WebPage\",\"@id\":\"https:\/\/www.erresse-shop.it\/es\/shop\/sartenes-y-ollas\/sartenes\/gastrolux-sarten-baja-induccion-28-cm-mango-extraible\/\",\"url\":\"https:\/\/www.erresse-shop.it\/es\/shop\/sartenes-y-ollas\/sartenes\/gastrolux-sarten-baja-induccion-28-cm-mango-extraible\/\",\"name\":\"GASTROLUX Sart\u00e9n Baja Inducci\u00f3n 28 cm Mango Extra\u00edble - Erresse Shop\",\"isPartOf\":{\"@id\":\"https:\/\/www.erresse-shop.it\/es\/#website\"},\"datePublished\":\"2016-06-26T12:07:35+00:00\",\"dateModified\":\"2024-01-30T00:03:14+00:00\",\"description\":\"\u00a1El antiadherente a prueba de cocci\u00f3n! Ahora con mango extra\u00edble patentado. La bater\u00eda de cocina Gastrolux es la primera que se fabrica gracias a la\",\"breadcrumb\":{\"@id\":\"https:\/\/www.erresse-shop.it\/es\/shop\/sartenes-y-ollas\/sartenes\/gastrolux-sarten-baja-induccion-28-cm-mango-extraible\/#breadcrumb\"},\"inLanguage\":\"es\",\"potentialAction\":[{\"@type\":\"ReadAction\",\"target\":[\"https:\/\/www.erresse-shop.it\/es\/shop\/sartenes-y-ollas\/sartenes\/gastrolux-sarten-baja-induccion-28-cm-mango-extraible\/\"]}]},{\"@type\":\"BreadcrumbList\",\"@id\":\"https:\/\/www.erresse-shop.it\/es\/shop\/sartenes-y-ollas\/sartenes\/gastrolux-sarten-baja-induccion-28-cm-mango-extraible\/#breadcrumb\",\"itemListElement\":[{\"@type\":\"ListItem\",\"position\":1,\"name\":\"Home\",\"item\":\"https:\/\/www.erresse-shop.it\/es\/\"},{\"@type\":\"ListItem\",\"position\":2,\"name\":\"Shop\",\"item\":\"https:\/\/www.erresse-shop.it\/es\/shop\/\"},{\"@type\":\"ListItem\",\"position\":3,\"name\":\"GASTROLUX Sart\u00e9n Baja Inducci\u00f3n 28 cm Mango Extra\u00edble\"}]},{\"@type\":\"WebSite\",\"@id\":\"https:\/\/www.erresse-shop.it\/es\/#website\",\"url\":\"https:\/\/www.erresse-shop.it\/es\/\",\"name\":\"Erresse Shop\",\"description\":\"Articoli di qualit\u00e0 per la casa\",\"potentialAction\":[{\"@type\":\"SearchAction\",\"target\":{\"@type\":\"EntryPoint\",\"urlTemplate\":\"https:\/\/www.erresse-shop.it\/es\/?s={search_term_string}\"},\"query-input\":\"required name=search_term_string\"}],\"inLanguage\":\"es\"}]}<\/script>\n<!-- \/ Yoast SEO Premium plugin. -->","yoast_head_json":{"title":"GASTROLUX Sart\u00e9n Baja Inducci\u00f3n 28 cm Mango Extra\u00edble - Erresse Shop","description":"\u00a1El antiadherente a prueba de cocci\u00f3n! Ahora con mango extra\u00edble patentado. La bater\u00eda de cocina Gastrolux es la primera que se fabrica gracias a la","robots":{"index":"index","follow":"follow","max-snippet":"max-snippet:-1","max-image-preview":"max-image-preview:large","max-video-preview":"max-video-preview:-1"},"canonical":"https:\/\/www.erresse-shop.it\/es\/shop\/sartenes-y-ollas\/sartenes\/gastrolux-sarten-baja-induccion-28-cm-mango-extraible\/","og_locale":"es_ES","og_type":"article","og_title":"GASTROLUX Sart\u00e9n Baja Inducci\u00f3n 28 cm Mango Extra\u00edble","og_description":"\u00a1El antiadherente a prueba de cocci\u00f3n! Ahora con mango extra\u00edble patentado. La bater\u00eda de cocina Gastrolux es la primera que se fabrica gracias a la","og_url":"https:\/\/www.erresse-shop.it\/es\/shop\/sartenes-y-ollas\/sartenes\/gastrolux-sarten-baja-induccion-28-cm-mango-extraible\/","og_site_name":"Erresse Shop","article_modified_time":"2024-01-30T00:03:14+00:00","og_image":[{"width":800,"height":800,"url":"https:\/\/www.erresse-shop.it\/wp-content\/uploads\/2016\/06\/GASTROLUX-Padella-Bassa-Induzione-28-cm-Manico-Removibile.jpg","type":"image\/jpeg"}],"twitter_card":"summary_large_image","schema":{"@context":"https:\/\/schema.org","@graph":[{"@type":"WebPage","@id":"https:\/\/www.erresse-shop.it\/es\/shop\/sartenes-y-ollas\/sartenes\/gastrolux-sarten-baja-induccion-28-cm-mango-extraible\/","url":"https:\/\/www.erresse-shop.it\/es\/shop\/sartenes-y-ollas\/sartenes\/gastrolux-sarten-baja-induccion-28-cm-mango-extraible\/","name":"GASTROLUX Sart\u00e9n Baja Inducci\u00f3n 28 cm Mango Extra\u00edble - Erresse Shop","isPartOf":{"@id":"https:\/\/www.erresse-shop.it\/es\/#website"},"datePublished":"2016-06-26T12:07:35+00:00","dateModified":"2024-01-30T00:03:14+00:00","description":"\u00a1El antiadherente a prueba de cocci\u00f3n! Ahora con mango extra\u00edble patentado. La bater\u00eda de cocina Gastrolux es la primera que se fabrica gracias a la","breadcrumb":{"@id":"https:\/\/www.erresse-shop.it\/es\/shop\/sartenes-y-ollas\/sartenes\/gastrolux-sarten-baja-induccion-28-cm-mango-extraible\/#breadcrumb"},"inLanguage":"es","potentialAction":[{"@type":"ReadAction","target":["https:\/\/www.erresse-shop.it\/es\/shop\/sartenes-y-ollas\/sartenes\/gastrolux-sarten-baja-induccion-28-cm-mango-extraible\/"]}]},{"@type":"BreadcrumbList","@id":"https:\/\/www.erresse-shop.it\/es\/shop\/sartenes-y-ollas\/sartenes\/gastrolux-sarten-baja-induccion-28-cm-mango-extraible\/#breadcrumb","itemListElement":[{"@type":"ListItem","position":1,"name":"Home","item":"https:\/\/www.erresse-shop.it\/es\/"},{"@type":"ListItem","position":2,"name":"Shop","item":"https:\/\/www.erresse-shop.it\/es\/shop\/"},{"@type":"ListItem","position":3,"name":"GASTROLUX Sart\u00e9n Baja Inducci\u00f3n 28 cm Mango Extra\u00edble"}]},{"@type":"WebSite","@id":"https:\/\/www.erresse-shop.it\/es\/#website","url":"https:\/\/www.erresse-shop.it\/es\/","name":"Erresse Shop","description":"Articoli di qualit\u00e0 per la casa","potentialAction":[{"@type":"SearchAction","target":{"@type":"EntryPoint","urlTemplate":"https:\/\/www.erresse-shop.it\/es\/?s={search_term_string}"},"query-input":"required name=search_term_string"}],"inLanguage":"es"}]}},"df_price":82,"df_sale_price":82,"df_regular_price":164,"df_image_link":"https:\/\/www.erresse-shop.it\/wp-content\/uploads\/2016\/06\/GASTROLUX-Padella-Bassa-Induzione-28-cm-Manico-Removibile-300x300.jpg","_links":{"self":[{"href":"https:\/\/www.erresse-shop.it\/es\/wp-json\/wp\/v2\/product\/273556"}],"collection":[{"href":"https:\/\/www.erresse-shop.it\/es\/wp-json\/wp\/v2\/product"}],"about":[{"href":"https:\/\/www.erresse-shop.it\/es\/wp-json\/wp\/v2\/types\/product"}],"wp:featuredmedia":[{"embeddable":true,"href":"https:\/\/www.erresse-shop.it\/es\/wp-json\/wp\/v2\/media\/273555"}],"wp:attachment":[{"href":"https:\/\/www.erresse-shop.it\/es\/wp-json\/wp\/v2\/media?parent=273556"}],"wp:term":[{"taxonomy":"product_cat","embeddable":true,"href":"https:\/\/www.erresse-shop.it\/es\/wp-json\/wp\/v2\/product_cat?post=273556"},{"taxonomy":"product_tag","embeddable":true,"href":"https:\/\/www.erresse-shop.it\/es\/wp-json\/wp\/v2\/product_tag?post=273556"}],"curies":[{"name":"wp","href":"https:\/\/api.w.org\/{rel}","templated":true}]}}