{"id":271536,"date":"2023-05-16T12:02:24","date_gmt":"2023-05-16T12:02:28","guid":{"rendered":"https:\/\/www.erresse-shop.it\/?post_type=product&#038;p=271536"},"modified":"2023-05-16T12:29:53","modified_gmt":"2023-05-16T12:29:53","slug":"miyabi-5000-mcd-shotoh-13-cm","status":"publish","type":"product","link":"https:\/\/www.erresse-shop.it\/es\/shop\/cocina\/cuchillos\/cuchillos-de-cocina\/miyabi-5000-mcd-shotoh-13-cm\/","title":{"rendered":"MIYABI 5000 MCD Shotoh 13 cm"},"content":{"rendered":"<p>El cuchillo SHOTOH de Miyabi es una herramienta de corte peque\u00f1a pero fina y \u00fanica. Con una longitud de 13 cm, esta hoja extrafina y resistente es ideal para cortar, pelar o limpiar frutas o verduras. El exclusivo afilado sim\u00e9trico Honbazuke de la hoja le confiere un car\u00e1cter \u00fanico. Esto se ve reforzado por el perfil t\u00edpicamente japon\u00e9s de la hoja, caracterizado por un filo sim\u00e9trico con un \u00e1ngulo de 19 grados. El n\u00facleo de la hoja est\u00e1 hecho de acero en polvo con microcarbono MC63, envuelto en 100 capas de dos tipos diferentes de acero inoxidable, que crean el t\u00edpico patr\u00f3n floral damasquinado en la hoja. Este dise\u00f1o convierte al cuchillo en una obra de arte \u00fanica. La hoja de CRYODUR\u00ae ha sido endurecida a -196 grados Celsius en un proceso especialmente desarrollado para alcanzar una dureza notable de aproximadamente 63 Rockwell, haciendo que el cuchillo sea flexible y robusto y garantizando una excelente retenci\u00f3n del filo. El mango de abedul Masur en un delicado color marr\u00f3n claro ofrece un agradable contraste con el brillo del acero. El veteado y la estructura son \u00fanicos en cada cuchillo, y cada pieza se convierte en un llamativo complemento en la cocina. El mango tiene una forma tradicional en D y est\u00e1 bien equilibrado, proporcionando un excelente control durante el trabajo. El cuchillo SHOTOH MIYABI serie 5000MCD es la herramienta perfecta para los mejores trabajos de corte.<\/p>\n<ul>\n<li>N\u00facleo de la hoja de acero en polvo con microcarbono MC63 incrustado en 100 capas de acero para una dureza excepcional de aproximadamente 63 Rockwell (unidad est\u00e1ndar internacional de medida de la dureza) y una excepcional retenci\u00f3n del filo.<\/li>\n<li>Las hojas CRYODUR\u00ae endurecidas al hielo proporcionan una excepcional retenci\u00f3n del filo, una extraordinaria resistencia a la corrosi\u00f3n y una excelente flexibilidad de la hoja.<\/li>\n<li>Aut\u00e9ntico perfil de hoja japon\u00e9s<\/li>\n<li>La hoja sim\u00e9trica con filo Honbazuke ultra afilado garantiza un filo incre\u00edble.<\/li>\n<li>Mango tradicional en &#8220;D&#8221; de abedul Masur para un equilibrio perfecto, un control \u00f3ptimo y un corte incansable.<\/li>\n<li>Mango tradicional japon\u00e9s de abedul de Karelia (Masur)<\/li>\n<li>Perfil y tal\u00f3n redondeados<\/li>\n<li>Hecho a mano en Seki, Jap\u00f3n<\/li>\n<\/ul>\n<p><strong>CARACTER\u00cdSTICAS<\/strong><\/p>\n<ul>\n<li>Color: Marr\u00f3n<\/li>\n<li>Material: MC63<\/li>\n<li>Tipo de mango: espiga oculta<\/li>\n<li>Tipo de borde: liso<\/li>\n<li>Acabado del filo: afilado Honbazuke<\/li>\n<li>M\u00e9todo de producci\u00f3n: soldado<\/li>\n<li>Dureza de la hoja (HRC): 63 HRC<\/li>\n<li>Color del mango: marr\u00f3n<\/li>\n<li>Material del mango: abedul<\/li>\n<\/ul>\n<p><strong>DIMENSIONES<\/strong><\/p>\n<ul>\n<li>Peso neto: 0,07 kg<\/li>\n<li>Longitud del producto: 24,00 cm<\/li>\n<li>Anchura del producto: 1,70 cm<\/li>\n<li>Altura del producto: 3,20 cm<\/li>\n<li>Longitud de la hoja: 12,70 cm<\/li>\n<li>Longitud del mango: 11,00 cm<\/li>\n<li>Anchura del mango: 1,70 cm<\/li>\n<li>Ancho de la hoja: 0,10 cm<\/li>\n<li>Espesor de la hoja: 0,10 cm<\/li>\n<\/ul>\n","protected":false},"excerpt":{"rendered":"<p>El cuchillo SHOTOH de Miyabi es una herramienta de corte peque\u00f1a pero fina y \u00fanica. Con una longitud de 13<\/p>\n","protected":false},"featured_media":271548,"template":"","meta":{"_acf_changed":false,"inline_featured_image":false},"product_cat":[16040,16043,16047],"product_tag":[25029,16162,16432,22496,24682,18451,16434,25023,17812],"acf":[],"yoast_head":"<!-- This site is optimized with the Yoast SEO Premium plugin v18.6 (Yoast SEO v19.13) - https:\/\/yoast.com\/wordpress\/plugins\/seo\/ -->\n<title>MIYABI 5000 MCD Shotoh 13 cm - Erresse Shop<\/title>\n<meta name=\"description\" content=\"El cuchillo SHOTOH de Miyabi es una herramienta de corte peque\u00f1a pero fina y \u00fanica. Con una longitud de 13 cm, esta hoja extrafina y resistente es ideal\" \/>\n<meta name=\"robots\" content=\"index, follow, max-snippet:-1, max-image-preview:large, max-video-preview:-1\" \/>\n<link rel=\"canonical\" href=\"https:\/\/www.erresse-shop.it\/es\/shop\/cocina\/cuchillos\/cuchillos-de-cocina\/miyabi-5000-mcd-shotoh-13-cm\/\" \/>\n<meta property=\"og:locale\" content=\"es_ES\" \/>\n<meta property=\"og:type\" content=\"article\" \/>\n<meta property=\"og:title\" content=\"MIYABI 5000 MCD Shotoh 13 cm\" \/>\n<meta property=\"og:description\" content=\"El cuchillo SHOTOH de Miyabi es una herramienta de corte peque\u00f1a pero fina y \u00fanica. Con una longitud de 13 cm, esta hoja extrafina y resistente es ideal\" \/>\n<meta property=\"og:url\" content=\"https:\/\/www.erresse-shop.it\/es\/shop\/cocina\/cuchillos\/cuchillos-de-cocina\/miyabi-5000-mcd-shotoh-13-cm\/\" \/>\n<meta property=\"og:site_name\" content=\"Erresse Shop\" \/>\n<meta property=\"article:modified_time\" content=\"2023-05-16T12:29:53+00:00\" \/>\n<meta property=\"og:image\" content=\"https:\/\/www.erresse-shop.it\/wp-content\/uploads\/2023\/05\/MIYABI-5000-MCD-Shotoh-13-cm.jpg\" \/>\n\t<meta property=\"og:image:width\" content=\"800\" \/>\n\t<meta property=\"og:image:height\" content=\"800\" \/>\n\t<meta property=\"og:image:type\" content=\"image\/jpeg\" \/>\n<meta name=\"twitter:card\" content=\"summary_large_image\" \/>\n<script type=\"application\/ld+json\" class=\"yoast-schema-graph\">{\"@context\":\"https:\/\/schema.org\",\"@graph\":[{\"@type\":\"WebPage\",\"@id\":\"https:\/\/www.erresse-shop.it\/es\/shop\/cocina\/cuchillos\/cuchillos-de-cocina\/miyabi-5000-mcd-shotoh-13-cm\/\",\"url\":\"https:\/\/www.erresse-shop.it\/es\/shop\/cocina\/cuchillos\/cuchillos-de-cocina\/miyabi-5000-mcd-shotoh-13-cm\/\",\"name\":\"MIYABI 5000 MCD Shotoh 13 cm - Erresse Shop\",\"isPartOf\":{\"@id\":\"https:\/\/www.erresse-shop.it\/es\/#website\"},\"datePublished\":\"2023-05-16T12:02:28+00:00\",\"dateModified\":\"2023-05-16T12:29:53+00:00\",\"description\":\"El cuchillo SHOTOH de Miyabi es una herramienta de corte peque\u00f1a pero fina y \u00fanica. Con una longitud de 13 cm, esta hoja extrafina y resistente es ideal\",\"breadcrumb\":{\"@id\":\"https:\/\/www.erresse-shop.it\/es\/shop\/cocina\/cuchillos\/cuchillos-de-cocina\/miyabi-5000-mcd-shotoh-13-cm\/#breadcrumb\"},\"inLanguage\":\"es\",\"potentialAction\":[{\"@type\":\"ReadAction\",\"target\":[\"https:\/\/www.erresse-shop.it\/es\/shop\/cocina\/cuchillos\/cuchillos-de-cocina\/miyabi-5000-mcd-shotoh-13-cm\/\"]}]},{\"@type\":\"BreadcrumbList\",\"@id\":\"https:\/\/www.erresse-shop.it\/es\/shop\/cocina\/cuchillos\/cuchillos-de-cocina\/miyabi-5000-mcd-shotoh-13-cm\/#breadcrumb\",\"itemListElement\":[{\"@type\":\"ListItem\",\"position\":1,\"name\":\"Home\",\"item\":\"https:\/\/www.erresse-shop.it\/es\/\"},{\"@type\":\"ListItem\",\"position\":2,\"name\":\"Shop\",\"item\":\"https:\/\/www.erresse-shop.it\/es\/shop\/\"},{\"@type\":\"ListItem\",\"position\":3,\"name\":\"MIYABI 5000 MCD Shotoh 13 cm\"}]},{\"@type\":\"WebSite\",\"@id\":\"https:\/\/www.erresse-shop.it\/es\/#website\",\"url\":\"https:\/\/www.erresse-shop.it\/es\/\",\"name\":\"Erresse Shop\",\"description\":\"Articoli di qualit\u00e0 per la casa\",\"potentialAction\":[{\"@type\":\"SearchAction\",\"target\":{\"@type\":\"EntryPoint\",\"urlTemplate\":\"https:\/\/www.erresse-shop.it\/es\/?s={search_term_string}\"},\"query-input\":\"required name=search_term_string\"}],\"inLanguage\":\"es\"}]}<\/script>\n<!-- \/ Yoast SEO Premium plugin. -->","yoast_head_json":{"title":"MIYABI 5000 MCD Shotoh 13 cm - Erresse Shop","description":"El cuchillo SHOTOH de Miyabi es una herramienta de corte peque\u00f1a pero fina y \u00fanica. Con una longitud de 13 cm, esta hoja extrafina y resistente es ideal","robots":{"index":"index","follow":"follow","max-snippet":"max-snippet:-1","max-image-preview":"max-image-preview:large","max-video-preview":"max-video-preview:-1"},"canonical":"https:\/\/www.erresse-shop.it\/es\/shop\/cocina\/cuchillos\/cuchillos-de-cocina\/miyabi-5000-mcd-shotoh-13-cm\/","og_locale":"es_ES","og_type":"article","og_title":"MIYABI 5000 MCD Shotoh 13 cm","og_description":"El cuchillo SHOTOH de Miyabi es una herramienta de corte peque\u00f1a pero fina y \u00fanica. Con una longitud de 13 cm, esta hoja extrafina y resistente es ideal","og_url":"https:\/\/www.erresse-shop.it\/es\/shop\/cocina\/cuchillos\/cuchillos-de-cocina\/miyabi-5000-mcd-shotoh-13-cm\/","og_site_name":"Erresse Shop","article_modified_time":"2023-05-16T12:29:53+00:00","og_image":[{"width":800,"height":800,"url":"https:\/\/www.erresse-shop.it\/wp-content\/uploads\/2023\/05\/MIYABI-5000-MCD-Shotoh-13-cm.jpg","type":"image\/jpeg"}],"twitter_card":"summary_large_image","schema":{"@context":"https:\/\/schema.org","@graph":[{"@type":"WebPage","@id":"https:\/\/www.erresse-shop.it\/es\/shop\/cocina\/cuchillos\/cuchillos-de-cocina\/miyabi-5000-mcd-shotoh-13-cm\/","url":"https:\/\/www.erresse-shop.it\/es\/shop\/cocina\/cuchillos\/cuchillos-de-cocina\/miyabi-5000-mcd-shotoh-13-cm\/","name":"MIYABI 5000 MCD Shotoh 13 cm - Erresse Shop","isPartOf":{"@id":"https:\/\/www.erresse-shop.it\/es\/#website"},"datePublished":"2023-05-16T12:02:28+00:00","dateModified":"2023-05-16T12:29:53+00:00","description":"El cuchillo SHOTOH de Miyabi es una herramienta de corte peque\u00f1a pero fina y \u00fanica. Con una longitud de 13 cm, esta hoja extrafina y resistente es ideal","breadcrumb":{"@id":"https:\/\/www.erresse-shop.it\/es\/shop\/cocina\/cuchillos\/cuchillos-de-cocina\/miyabi-5000-mcd-shotoh-13-cm\/#breadcrumb"},"inLanguage":"es","potentialAction":[{"@type":"ReadAction","target":["https:\/\/www.erresse-shop.it\/es\/shop\/cocina\/cuchillos\/cuchillos-de-cocina\/miyabi-5000-mcd-shotoh-13-cm\/"]}]},{"@type":"BreadcrumbList","@id":"https:\/\/www.erresse-shop.it\/es\/shop\/cocina\/cuchillos\/cuchillos-de-cocina\/miyabi-5000-mcd-shotoh-13-cm\/#breadcrumb","itemListElement":[{"@type":"ListItem","position":1,"name":"Home","item":"https:\/\/www.erresse-shop.it\/es\/"},{"@type":"ListItem","position":2,"name":"Shop","item":"https:\/\/www.erresse-shop.it\/es\/shop\/"},{"@type":"ListItem","position":3,"name":"MIYABI 5000 MCD Shotoh 13 cm"}]},{"@type":"WebSite","@id":"https:\/\/www.erresse-shop.it\/es\/#website","url":"https:\/\/www.erresse-shop.it\/es\/","name":"Erresse Shop","description":"Articoli di qualit\u00e0 per la casa","potentialAction":[{"@type":"SearchAction","target":{"@type":"EntryPoint","urlTemplate":"https:\/\/www.erresse-shop.it\/es\/?s={search_term_string}"},"query-input":"required name=search_term_string"}],"inLanguage":"es"}]}},"df_price":169.95000000000002,"df_sale_price":169.95000000000002,"df_regular_price":309,"df_image_link":"https:\/\/www.erresse-shop.it\/wp-content\/uploads\/2023\/05\/MIYABI-5000-MCD-Shotoh-13-cm-300x300.jpg","_links":{"self":[{"href":"https:\/\/www.erresse-shop.it\/es\/wp-json\/wp\/v2\/product\/271536"}],"collection":[{"href":"https:\/\/www.erresse-shop.it\/es\/wp-json\/wp\/v2\/product"}],"about":[{"href":"https:\/\/www.erresse-shop.it\/es\/wp-json\/wp\/v2\/types\/product"}],"wp:featuredmedia":[{"embeddable":true,"href":"https:\/\/www.erresse-shop.it\/es\/wp-json\/wp\/v2\/media\/271548"}],"wp:attachment":[{"href":"https:\/\/www.erresse-shop.it\/es\/wp-json\/wp\/v2\/media?parent=271536"}],"wp:term":[{"taxonomy":"product_cat","embeddable":true,"href":"https:\/\/www.erresse-shop.it\/es\/wp-json\/wp\/v2\/product_cat?post=271536"},{"taxonomy":"product_tag","embeddable":true,"href":"https:\/\/www.erresse-shop.it\/es\/wp-json\/wp\/v2\/product_tag?post=271536"}],"curies":[{"name":"wp","href":"https:\/\/api.w.org\/{rel}","templated":true}]}}