{"id":271021,"date":"2023-05-15T08:00:59","date_gmt":"2023-05-15T08:01:06","guid":{"rendered":"https:\/\/www.erresse-shop.it\/?post_type=product&#038;p=271021"},"modified":"2024-12-03T00:00:10","modified_gmt":"2024-12-03T00:00:10","slug":"cookut-cocotte-24-cm-blanco","status":"publish","type":"product","link":"https:\/\/www.erresse-shop.it\/es\/shop\/sartenes-y-ollas\/marmitas-y-cocottes\/cookut-cocotte-24-cm-blanco\/","title":{"rendered":"COOKUT Cocotte 24 cm Blanco"},"content":{"rendered":"<p><strong>El paquete incluye el pomo y dos agarraderas del mismo color (los accesorios de la foto son ilustrativos, pueden variar seg\u00fan disponibilidad).<\/strong><\/p>\n<p><strong>Tecnolog\u00eda para una cocci\u00f3n perfecta<\/strong><br \/>\nGracias a sus materiales y a su dise\u00f1o exclusivo, la Cocotte Incredible tiene una temperatura uniforme, ideal para cocinar guisos a fuego lento. Tambi\u00e9n es posible dorar o dorar carne.<\/p>\n<p><strong>Antiadherente, sin grasa<\/strong><br \/>\nEl revestimiento antiadherente permite cocinar con muy poca o ninguna grasa.<\/p>\n<p><strong>No es necesario mojar la carne<\/strong><br \/>\nLas protuberancias bajo la tapa permiten humedecer el interior de forma autom\u00e1tica y continua y favorecen la formaci\u00f3n de condensaci\u00f3n bajo la tapa. El resultado es una carne tierna y unos platos con un sabor excepcional.<\/p>\n<p><strong>F\u00e1cil de lavar, no mancha<\/strong><br \/>\nAunque la cocotte es apta para el lavavajillas, su revestimiento permite lavarla con una simple esponja, sin necesidad de fregar.<br \/>\nSu revestimiento vitrificado no se mancha, \u00a1sea cual sea la salsa!<\/p>\n<p><strong>Compatible con todo tipo de cocinas<\/strong><\/p>\n<p><strong>Medidas:<\/strong><br \/>\nVolumen: 4,5 litros<br \/>\nDi\u00e1metro de la tapa: 24 cm<br \/>\nAnchura total: 33 cm<br \/>\nAltura: 16 cm<br \/>\nPeso: 1,5 kg<\/p>\n","protected":false},"excerpt":{"rendered":"<p>El paquete incluye el pomo y dos agarraderas del mismo color (los accesorios de la foto son ilustrativos, pueden variar<\/p>\n","protected":false},"featured_media":271043,"template":"","meta":{"_acf_changed":false,"inline_featured_image":false},"product_cat":[16065,16058],"product_tag":[25039,16781,24605,25023],"acf":[],"yoast_head":"<!-- This site is optimized with the Yoast SEO Premium plugin v18.6 (Yoast SEO v19.13) - https:\/\/yoast.com\/wordpress\/plugins\/seo\/ -->\n<title>COOKUT Cocotte 24 cm Blanco - Erresse Shop<\/title>\n<meta name=\"description\" content=\"El paquete incluye el pomo y dos agarraderas del mismo color (los accesorios de la foto son ilustrativos, pueden variar seg\u00fan disponibilidad). Tecnolog\u00eda\" \/>\n<meta name=\"robots\" content=\"index, follow, max-snippet:-1, max-image-preview:large, max-video-preview:-1\" \/>\n<link rel=\"canonical\" href=\"https:\/\/www.erresse-shop.it\/es\/shop\/sartenes-y-ollas\/marmitas-y-cocottes\/cookut-cocotte-24-cm-blanco\/\" \/>\n<meta property=\"og:locale\" content=\"es_ES\" \/>\n<meta property=\"og:type\" content=\"article\" \/>\n<meta property=\"og:title\" content=\"COOKUT Cocotte 24 cm Blanco\" \/>\n<meta property=\"og:description\" content=\"El paquete incluye el pomo y dos agarraderas del mismo color (los accesorios de la foto son ilustrativos, pueden variar seg\u00fan disponibilidad). Tecnolog\u00eda\" \/>\n<meta property=\"og:url\" content=\"https:\/\/www.erresse-shop.it\/es\/shop\/sartenes-y-ollas\/marmitas-y-cocottes\/cookut-cocotte-24-cm-blanco\/\" \/>\n<meta property=\"og:site_name\" content=\"Erresse Shop\" \/>\n<meta property=\"article:modified_time\" content=\"2024-12-03T00:00:10+00:00\" \/>\n<meta property=\"og:image\" content=\"https:\/\/www.erresse-shop.it\/wp-content\/uploads\/2023\/05\/COOKUT-Cocotte-24-cm-Bianco.jpg\" \/>\n\t<meta property=\"og:image:width\" content=\"800\" \/>\n\t<meta property=\"og:image:height\" content=\"800\" \/>\n\t<meta property=\"og:image:type\" content=\"image\/jpeg\" \/>\n<meta name=\"twitter:card\" content=\"summary_large_image\" \/>\n<script type=\"application\/ld+json\" class=\"yoast-schema-graph\">{\"@context\":\"https:\/\/schema.org\",\"@graph\":[{\"@type\":\"WebPage\",\"@id\":\"https:\/\/www.erresse-shop.it\/es\/shop\/sartenes-y-ollas\/marmitas-y-cocottes\/cookut-cocotte-24-cm-blanco\/\",\"url\":\"https:\/\/www.erresse-shop.it\/es\/shop\/sartenes-y-ollas\/marmitas-y-cocottes\/cookut-cocotte-24-cm-blanco\/\",\"name\":\"COOKUT Cocotte 24 cm Blanco - Erresse Shop\",\"isPartOf\":{\"@id\":\"https:\/\/www.erresse-shop.it\/es\/#website\"},\"datePublished\":\"2023-05-15T08:01:06+00:00\",\"dateModified\":\"2024-12-03T00:00:10+00:00\",\"description\":\"El paquete incluye el pomo y dos agarraderas del mismo color (los accesorios de la foto son ilustrativos, pueden variar seg\u00fan disponibilidad). Tecnolog\u00eda\",\"breadcrumb\":{\"@id\":\"https:\/\/www.erresse-shop.it\/es\/shop\/sartenes-y-ollas\/marmitas-y-cocottes\/cookut-cocotte-24-cm-blanco\/#breadcrumb\"},\"inLanguage\":\"es\",\"potentialAction\":[{\"@type\":\"ReadAction\",\"target\":[\"https:\/\/www.erresse-shop.it\/es\/shop\/sartenes-y-ollas\/marmitas-y-cocottes\/cookut-cocotte-24-cm-blanco\/\"]}]},{\"@type\":\"BreadcrumbList\",\"@id\":\"https:\/\/www.erresse-shop.it\/es\/shop\/sartenes-y-ollas\/marmitas-y-cocottes\/cookut-cocotte-24-cm-blanco\/#breadcrumb\",\"itemListElement\":[{\"@type\":\"ListItem\",\"position\":1,\"name\":\"Home\",\"item\":\"https:\/\/www.erresse-shop.it\/es\/\"},{\"@type\":\"ListItem\",\"position\":2,\"name\":\"Shop\",\"item\":\"https:\/\/www.erresse-shop.it\/es\/shop\/\"},{\"@type\":\"ListItem\",\"position\":3,\"name\":\"COOKUT Cocotte 24 cm Blanco\"}]},{\"@type\":\"WebSite\",\"@id\":\"https:\/\/www.erresse-shop.it\/es\/#website\",\"url\":\"https:\/\/www.erresse-shop.it\/es\/\",\"name\":\"Erresse Shop\",\"description\":\"Articoli di qualit\u00e0 per la casa\",\"potentialAction\":[{\"@type\":\"SearchAction\",\"target\":{\"@type\":\"EntryPoint\",\"urlTemplate\":\"https:\/\/www.erresse-shop.it\/es\/?s={search_term_string}\"},\"query-input\":\"required name=search_term_string\"}],\"inLanguage\":\"es\"}]}<\/script>\n<!-- \/ Yoast SEO Premium plugin. -->","yoast_head_json":{"title":"COOKUT Cocotte 24 cm Blanco - Erresse Shop","description":"El paquete incluye el pomo y dos agarraderas del mismo color (los accesorios de la foto son ilustrativos, pueden variar seg\u00fan disponibilidad). Tecnolog\u00eda","robots":{"index":"index","follow":"follow","max-snippet":"max-snippet:-1","max-image-preview":"max-image-preview:large","max-video-preview":"max-video-preview:-1"},"canonical":"https:\/\/www.erresse-shop.it\/es\/shop\/sartenes-y-ollas\/marmitas-y-cocottes\/cookut-cocotte-24-cm-blanco\/","og_locale":"es_ES","og_type":"article","og_title":"COOKUT Cocotte 24 cm Blanco","og_description":"El paquete incluye el pomo y dos agarraderas del mismo color (los accesorios de la foto son ilustrativos, pueden variar seg\u00fan disponibilidad). Tecnolog\u00eda","og_url":"https:\/\/www.erresse-shop.it\/es\/shop\/sartenes-y-ollas\/marmitas-y-cocottes\/cookut-cocotte-24-cm-blanco\/","og_site_name":"Erresse Shop","article_modified_time":"2024-12-03T00:00:10+00:00","og_image":[{"width":800,"height":800,"url":"https:\/\/www.erresse-shop.it\/wp-content\/uploads\/2023\/05\/COOKUT-Cocotte-24-cm-Bianco.jpg","type":"image\/jpeg"}],"twitter_card":"summary_large_image","schema":{"@context":"https:\/\/schema.org","@graph":[{"@type":"WebPage","@id":"https:\/\/www.erresse-shop.it\/es\/shop\/sartenes-y-ollas\/marmitas-y-cocottes\/cookut-cocotte-24-cm-blanco\/","url":"https:\/\/www.erresse-shop.it\/es\/shop\/sartenes-y-ollas\/marmitas-y-cocottes\/cookut-cocotte-24-cm-blanco\/","name":"COOKUT Cocotte 24 cm Blanco - Erresse Shop","isPartOf":{"@id":"https:\/\/www.erresse-shop.it\/es\/#website"},"datePublished":"2023-05-15T08:01:06+00:00","dateModified":"2024-12-03T00:00:10+00:00","description":"El paquete incluye el pomo y dos agarraderas del mismo color (los accesorios de la foto son ilustrativos, pueden variar seg\u00fan disponibilidad). Tecnolog\u00eda","breadcrumb":{"@id":"https:\/\/www.erresse-shop.it\/es\/shop\/sartenes-y-ollas\/marmitas-y-cocottes\/cookut-cocotte-24-cm-blanco\/#breadcrumb"},"inLanguage":"es","potentialAction":[{"@type":"ReadAction","target":["https:\/\/www.erresse-shop.it\/es\/shop\/sartenes-y-ollas\/marmitas-y-cocottes\/cookut-cocotte-24-cm-blanco\/"]}]},{"@type":"BreadcrumbList","@id":"https:\/\/www.erresse-shop.it\/es\/shop\/sartenes-y-ollas\/marmitas-y-cocottes\/cookut-cocotte-24-cm-blanco\/#breadcrumb","itemListElement":[{"@type":"ListItem","position":1,"name":"Home","item":"https:\/\/www.erresse-shop.it\/es\/"},{"@type":"ListItem","position":2,"name":"Shop","item":"https:\/\/www.erresse-shop.it\/es\/shop\/"},{"@type":"ListItem","position":3,"name":"COOKUT Cocotte 24 cm Blanco"}]},{"@type":"WebSite","@id":"https:\/\/www.erresse-shop.it\/es\/#website","url":"https:\/\/www.erresse-shop.it\/es\/","name":"Erresse Shop","description":"Articoli di qualit\u00e0 per la casa","potentialAction":[{"@type":"SearchAction","target":{"@type":"EntryPoint","urlTemplate":"https:\/\/www.erresse-shop.it\/es\/?s={search_term_string}"},"query-input":"required name=search_term_string"}],"inLanguage":"es"}]}},"df_price":71.44500000000001,"df_sale_price":71.44500000000001,"df_regular_price":129.9,"df_image_link":"https:\/\/www.erresse-shop.it\/wp-content\/uploads\/2023\/05\/COOKUT-Cocotte-24-cm-Bianco-300x300.jpg","_links":{"self":[{"href":"https:\/\/www.erresse-shop.it\/es\/wp-json\/wp\/v2\/product\/271021"}],"collection":[{"href":"https:\/\/www.erresse-shop.it\/es\/wp-json\/wp\/v2\/product"}],"about":[{"href":"https:\/\/www.erresse-shop.it\/es\/wp-json\/wp\/v2\/types\/product"}],"wp:featuredmedia":[{"embeddable":true,"href":"https:\/\/www.erresse-shop.it\/es\/wp-json\/wp\/v2\/media\/271043"}],"wp:attachment":[{"href":"https:\/\/www.erresse-shop.it\/es\/wp-json\/wp\/v2\/media?parent=271021"}],"wp:term":[{"taxonomy":"product_cat","embeddable":true,"href":"https:\/\/www.erresse-shop.it\/es\/wp-json\/wp\/v2\/product_cat?post=271021"},{"taxonomy":"product_tag","embeddable":true,"href":"https:\/\/www.erresse-shop.it\/es\/wp-json\/wp\/v2\/product_tag?post=271021"}],"curies":[{"name":"wp","href":"https:\/\/api.w.org\/{rel}","templated":true}]}}