{"id":270302,"date":"2023-05-12T13:46:43","date_gmt":"2023-05-12T13:46:50","guid":{"rendered":"https:\/\/www.erresse-shop.it\/?post_type=product&#038;p=270302"},"modified":"2023-05-12T14:00:32","modified_gmt":"2023-05-12T14:00:32","slug":"marcato-rueda-de-pasta-azure","status":"publish","type":"product","link":"https:\/\/www.erresse-shop.it\/es\/shop\/cocina\/herramientas\/marcato-rueda-de-pasta-azure\/","title":{"rendered":"MARCATO Rueda de Pasta Azure"},"content":{"rendered":"<p>La rueda cortapastas Pastawheel es un accesorio innovador y f\u00e1cil de usar. El mango antideslizante es de aluminio anodizado para que la rueda dure m\u00e1s. El pivote central permite intercambiar r\u00e1pidamente las tres ruedas: en un abrir y cerrar de ojos se puede pasar del corte liso al corte en zigzag estrecho o ancho.<\/p>\n<p>Caracter\u00edsticas:<\/p>\n<ul>\n<li>3 cortes diferentes: corte liso, estrecho o ancho en zigzag<\/li>\n<li>ruedas de resina acet\u00e1lica alimentaria duradera<\/li>\n<li>para el corte creativo de masas o galletas<\/li>\n<\/ul>\n","protected":false},"excerpt":{"rendered":"<p>La rueda cortapastas Pastawheel es un accesorio innovador y f\u00e1cil de usar. El mango antideslizante es de aluminio anodizado para<\/p>\n","protected":false},"featured_media":270327,"template":"","meta":{"_acf_changed":false,"inline_featured_image":false},"product_cat":[16040,25335],"product_tag":[25029,25023],"acf":[],"yoast_head":"<!-- This site is optimized with the Yoast SEO Premium plugin v18.6 (Yoast SEO v19.13) - https:\/\/yoast.com\/wordpress\/plugins\/seo\/ -->\n<title>MARCATO Rueda de Pasta Azure - Erresse Shop<\/title>\n<meta name=\"description\" content=\"La rueda cortapastas Pastawheel es un accesorio innovador y f\u00e1cil de usar. El mango antideslizante es de aluminio anodizado para que la rueda dure m\u00e1s. El\" \/>\n<meta name=\"robots\" content=\"index, follow, max-snippet:-1, max-image-preview:large, max-video-preview:-1\" \/>\n<link rel=\"canonical\" href=\"https:\/\/www.erresse-shop.it\/es\/shop\/cocina\/herramientas\/marcato-rueda-de-pasta-azure\/\" \/>\n<meta property=\"og:locale\" content=\"es_ES\" \/>\n<meta property=\"og:type\" content=\"article\" \/>\n<meta property=\"og:title\" content=\"MARCATO Rueda de Pasta Azure\" \/>\n<meta property=\"og:description\" content=\"La rueda cortapastas Pastawheel es un accesorio innovador y f\u00e1cil de usar. El mango antideslizante es de aluminio anodizado para que la rueda dure m\u00e1s. El\" \/>\n<meta property=\"og:url\" content=\"https:\/\/www.erresse-shop.it\/es\/shop\/cocina\/herramientas\/marcato-rueda-de-pasta-azure\/\" \/>\n<meta property=\"og:site_name\" content=\"Erresse Shop\" \/>\n<meta property=\"article:modified_time\" content=\"2023-05-12T14:00:32+00:00\" \/>\n<meta property=\"og:image\" content=\"https:\/\/www.erresse-shop.it\/wp-content\/uploads\/2023\/05\/MARCATO-Tagliapasta-Pasta-Wheel-Azzurro.jpg\" \/>\n\t<meta property=\"og:image:width\" content=\"800\" \/>\n\t<meta property=\"og:image:height\" content=\"800\" \/>\n\t<meta property=\"og:image:type\" content=\"image\/jpeg\" \/>\n<meta name=\"twitter:card\" content=\"summary_large_image\" \/>\n<script type=\"application\/ld+json\" class=\"yoast-schema-graph\">{\"@context\":\"https:\/\/schema.org\",\"@graph\":[{\"@type\":\"WebPage\",\"@id\":\"https:\/\/www.erresse-shop.it\/es\/shop\/cocina\/herramientas\/marcato-rueda-de-pasta-azure\/\",\"url\":\"https:\/\/www.erresse-shop.it\/es\/shop\/cocina\/herramientas\/marcato-rueda-de-pasta-azure\/\",\"name\":\"MARCATO Rueda de Pasta Azure - Erresse Shop\",\"isPartOf\":{\"@id\":\"https:\/\/www.erresse-shop.it\/es\/#website\"},\"datePublished\":\"2023-05-12T13:46:50+00:00\",\"dateModified\":\"2023-05-12T14:00:32+00:00\",\"description\":\"La rueda cortapastas Pastawheel es un accesorio innovador y f\u00e1cil de usar. El mango antideslizante es de aluminio anodizado para que la rueda dure m\u00e1s. El\",\"breadcrumb\":{\"@id\":\"https:\/\/www.erresse-shop.it\/es\/shop\/cocina\/herramientas\/marcato-rueda-de-pasta-azure\/#breadcrumb\"},\"inLanguage\":\"es\",\"potentialAction\":[{\"@type\":\"ReadAction\",\"target\":[\"https:\/\/www.erresse-shop.it\/es\/shop\/cocina\/herramientas\/marcato-rueda-de-pasta-azure\/\"]}]},{\"@type\":\"BreadcrumbList\",\"@id\":\"https:\/\/www.erresse-shop.it\/es\/shop\/cocina\/herramientas\/marcato-rueda-de-pasta-azure\/#breadcrumb\",\"itemListElement\":[{\"@type\":\"ListItem\",\"position\":1,\"name\":\"Home\",\"item\":\"https:\/\/www.erresse-shop.it\/es\/\"},{\"@type\":\"ListItem\",\"position\":2,\"name\":\"Shop\",\"item\":\"https:\/\/www.erresse-shop.it\/es\/shop\/\"},{\"@type\":\"ListItem\",\"position\":3,\"name\":\"MARCATO Rueda de Pasta Azure\"}]},{\"@type\":\"WebSite\",\"@id\":\"https:\/\/www.erresse-shop.it\/es\/#website\",\"url\":\"https:\/\/www.erresse-shop.it\/es\/\",\"name\":\"Erresse Shop\",\"description\":\"Articoli di qualit\u00e0 per la casa\",\"potentialAction\":[{\"@type\":\"SearchAction\",\"target\":{\"@type\":\"EntryPoint\",\"urlTemplate\":\"https:\/\/www.erresse-shop.it\/es\/?s={search_term_string}\"},\"query-input\":\"required name=search_term_string\"}],\"inLanguage\":\"es\"}]}<\/script>\n<!-- \/ Yoast SEO Premium plugin. -->","yoast_head_json":{"title":"MARCATO Rueda de Pasta Azure - Erresse Shop","description":"La rueda cortapastas Pastawheel es un accesorio innovador y f\u00e1cil de usar. El mango antideslizante es de aluminio anodizado para que la rueda dure m\u00e1s. El","robots":{"index":"index","follow":"follow","max-snippet":"max-snippet:-1","max-image-preview":"max-image-preview:large","max-video-preview":"max-video-preview:-1"},"canonical":"https:\/\/www.erresse-shop.it\/es\/shop\/cocina\/herramientas\/marcato-rueda-de-pasta-azure\/","og_locale":"es_ES","og_type":"article","og_title":"MARCATO Rueda de Pasta Azure","og_description":"La rueda cortapastas Pastawheel es un accesorio innovador y f\u00e1cil de usar. El mango antideslizante es de aluminio anodizado para que la rueda dure m\u00e1s. El","og_url":"https:\/\/www.erresse-shop.it\/es\/shop\/cocina\/herramientas\/marcato-rueda-de-pasta-azure\/","og_site_name":"Erresse Shop","article_modified_time":"2023-05-12T14:00:32+00:00","og_image":[{"width":800,"height":800,"url":"https:\/\/www.erresse-shop.it\/wp-content\/uploads\/2023\/05\/MARCATO-Tagliapasta-Pasta-Wheel-Azzurro.jpg","type":"image\/jpeg"}],"twitter_card":"summary_large_image","schema":{"@context":"https:\/\/schema.org","@graph":[{"@type":"WebPage","@id":"https:\/\/www.erresse-shop.it\/es\/shop\/cocina\/herramientas\/marcato-rueda-de-pasta-azure\/","url":"https:\/\/www.erresse-shop.it\/es\/shop\/cocina\/herramientas\/marcato-rueda-de-pasta-azure\/","name":"MARCATO Rueda de Pasta Azure - Erresse Shop","isPartOf":{"@id":"https:\/\/www.erresse-shop.it\/es\/#website"},"datePublished":"2023-05-12T13:46:50+00:00","dateModified":"2023-05-12T14:00:32+00:00","description":"La rueda cortapastas Pastawheel es un accesorio innovador y f\u00e1cil de usar. El mango antideslizante es de aluminio anodizado para que la rueda dure m\u00e1s. El","breadcrumb":{"@id":"https:\/\/www.erresse-shop.it\/es\/shop\/cocina\/herramientas\/marcato-rueda-de-pasta-azure\/#breadcrumb"},"inLanguage":"es","potentialAction":[{"@type":"ReadAction","target":["https:\/\/www.erresse-shop.it\/es\/shop\/cocina\/herramientas\/marcato-rueda-de-pasta-azure\/"]}]},{"@type":"BreadcrumbList","@id":"https:\/\/www.erresse-shop.it\/es\/shop\/cocina\/herramientas\/marcato-rueda-de-pasta-azure\/#breadcrumb","itemListElement":[{"@type":"ListItem","position":1,"name":"Home","item":"https:\/\/www.erresse-shop.it\/es\/"},{"@type":"ListItem","position":2,"name":"Shop","item":"https:\/\/www.erresse-shop.it\/es\/shop\/"},{"@type":"ListItem","position":3,"name":"MARCATO Rueda de Pasta Azure"}]},{"@type":"WebSite","@id":"https:\/\/www.erresse-shop.it\/es\/#website","url":"https:\/\/www.erresse-shop.it\/es\/","name":"Erresse Shop","description":"Articoli di qualit\u00e0 per la casa","potentialAction":[{"@type":"SearchAction","target":{"@type":"EntryPoint","urlTemplate":"https:\/\/www.erresse-shop.it\/es\/?s={search_term_string}"},"query-input":"required name=search_term_string"}],"inLanguage":"es"}]}},"df_price":25.45,"df_sale_price":25.45,"df_regular_price":50.9,"df_image_link":"https:\/\/www.erresse-shop.it\/wp-content\/uploads\/2023\/05\/MARCATO-Tagliapasta-Pasta-Wheel-Azzurro-300x300.jpg","_links":{"self":[{"href":"https:\/\/www.erresse-shop.it\/es\/wp-json\/wp\/v2\/product\/270302"}],"collection":[{"href":"https:\/\/www.erresse-shop.it\/es\/wp-json\/wp\/v2\/product"}],"about":[{"href":"https:\/\/www.erresse-shop.it\/es\/wp-json\/wp\/v2\/types\/product"}],"wp:featuredmedia":[{"embeddable":true,"href":"https:\/\/www.erresse-shop.it\/es\/wp-json\/wp\/v2\/media\/270327"}],"wp:attachment":[{"href":"https:\/\/www.erresse-shop.it\/es\/wp-json\/wp\/v2\/media?parent=270302"}],"wp:term":[{"taxonomy":"product_cat","embeddable":true,"href":"https:\/\/www.erresse-shop.it\/es\/wp-json\/wp\/v2\/product_cat?post=270302"},{"taxonomy":"product_tag","embeddable":true,"href":"https:\/\/www.erresse-shop.it\/es\/wp-json\/wp\/v2\/product_tag?post=270302"}],"curies":[{"name":"wp","href":"https:\/\/api.w.org\/{rel}","templated":true}]}}