{"id":268582,"date":"2023-05-09T10:40:33","date_gmt":"2023-05-09T10:40:37","guid":{"rendered":"https:\/\/www.erresse-shop.it\/?post_type=product&#038;p=268582"},"modified":"2023-05-09T10:49:49","modified_gmt":"2023-05-09T10:49:49","slug":"vista-alegre-amazonia-ensaladera-26-cm","status":"publish","type":"product","link":"https:\/\/www.erresse-shop.it\/es\/shop\/tabla\/ensaladeras-y-soperas\/vista-alegre-amazonia-ensaladera-26-cm\/","title":{"rendered":"VISTA ALEGRE Amazonia Ensaladera 26 cm"},"content":{"rendered":"<p>Plato de postre de Amaz\u014dnia. Inspirada en el libro &#8220;Viagens Philosophicas&#8221; (Viajes filos\u00f3ficos) del naturalista Alexandre Rodrigues Ferreira, as\u00ed como en la fauna, la flora y la gente de Amaz\u014dnia en la actualidad, esta colecci\u00f3n, desarrollada en colaboraci\u00f3n con Ecoarts Amaz\u014dnia, re\u00fane por primera vez todas las marcas del grupo, a saber, Vista Alegre, Casa Alegre y Bordallo Pinheiro.<\/p>\n<p>Material: Porcelana<br \/>\nAltura: 125 mm<br \/>\nLargo: 260 mm<br \/>\nVolumen: 3606 ml<br \/>\nPeso: 1250 gr<br \/>\nRestricciones de uso: No apto para microondas. Para uso en lavavajillas, se recomiendan ciclos cortos a baja temperatura. Evitar el uso frecuente en el lavavajillas.<\/p>\n","protected":false},"excerpt":{"rendered":"<p>Plato de postre de Amaz\u014dnia. Inspirada en el libro &#8220;Viagens Philosophicas&#8221; (Viajes filos\u00f3ficos) del naturalista Alexandre Rodrigues Ferreira, as\u00ed como<\/p>\n","protected":false},"featured_media":268575,"template":"","meta":{"_acf_changed":false,"inline_featured_image":false},"product_cat":[16030,16027],"product_tag":[25029,16414,24605,25023],"acf":[],"yoast_head":"<!-- This site is optimized with the Yoast SEO Premium plugin v18.6 (Yoast SEO v19.13) - https:\/\/yoast.com\/wordpress\/plugins\/seo\/ -->\n<title>VISTA ALEGRE Amazonia Ensaladera 26 cm - Erresse Shop<\/title>\n<meta name=\"description\" content=\"Plato de postre de Amaz\u014dnia. Inspirada en el libro &quot;Viagens Philosophicas&quot; (Viajes filos\u00f3ficos) del naturalista Alexandre Rodrigues Ferreira, as\u00ed como en\" \/>\n<meta name=\"robots\" content=\"index, follow, max-snippet:-1, max-image-preview:large, max-video-preview:-1\" \/>\n<link rel=\"canonical\" href=\"https:\/\/www.erresse-shop.it\/es\/shop\/tabla\/ensaladeras-y-soperas\/vista-alegre-amazonia-ensaladera-26-cm\/\" \/>\n<meta property=\"og:locale\" content=\"es_ES\" \/>\n<meta property=\"og:type\" content=\"article\" \/>\n<meta property=\"og:title\" content=\"VISTA ALEGRE Amazonia Ensaladera 26 cm\" \/>\n<meta property=\"og:description\" content=\"Plato de postre de Amaz\u014dnia. Inspirada en el libro &quot;Viagens Philosophicas&quot; (Viajes filos\u00f3ficos) del naturalista Alexandre Rodrigues Ferreira, as\u00ed como en\" \/>\n<meta property=\"og:url\" content=\"https:\/\/www.erresse-shop.it\/es\/shop\/tabla\/ensaladeras-y-soperas\/vista-alegre-amazonia-ensaladera-26-cm\/\" \/>\n<meta property=\"og:site_name\" content=\"Erresse Shop\" \/>\n<meta property=\"article:modified_time\" content=\"2023-05-09T10:49:49+00:00\" \/>\n<meta property=\"og:image\" content=\"https:\/\/www.erresse-shop.it\/wp-content\/uploads\/2023\/05\/VISTA-ALEGRE-Amazonia-Insalatiera-26-cm.jpg\" \/>\n\t<meta property=\"og:image:width\" content=\"800\" \/>\n\t<meta property=\"og:image:height\" content=\"800\" \/>\n\t<meta property=\"og:image:type\" content=\"image\/jpeg\" \/>\n<meta name=\"twitter:card\" content=\"summary_large_image\" \/>\n<script type=\"application\/ld+json\" class=\"yoast-schema-graph\">{\"@context\":\"https:\/\/schema.org\",\"@graph\":[{\"@type\":\"WebPage\",\"@id\":\"https:\/\/www.erresse-shop.it\/es\/shop\/tabla\/ensaladeras-y-soperas\/vista-alegre-amazonia-ensaladera-26-cm\/\",\"url\":\"https:\/\/www.erresse-shop.it\/es\/shop\/tabla\/ensaladeras-y-soperas\/vista-alegre-amazonia-ensaladera-26-cm\/\",\"name\":\"VISTA ALEGRE Amazonia Ensaladera 26 cm - Erresse Shop\",\"isPartOf\":{\"@id\":\"https:\/\/www.erresse-shop.it\/es\/#website\"},\"datePublished\":\"2023-05-09T10:40:37+00:00\",\"dateModified\":\"2023-05-09T10:49:49+00:00\",\"description\":\"Plato de postre de Amaz\u014dnia. Inspirada en el libro \\\"Viagens Philosophicas\\\" (Viajes filos\u00f3ficos) del naturalista Alexandre Rodrigues Ferreira, as\u00ed como en\",\"breadcrumb\":{\"@id\":\"https:\/\/www.erresse-shop.it\/es\/shop\/tabla\/ensaladeras-y-soperas\/vista-alegre-amazonia-ensaladera-26-cm\/#breadcrumb\"},\"inLanguage\":\"es\",\"potentialAction\":[{\"@type\":\"ReadAction\",\"target\":[\"https:\/\/www.erresse-shop.it\/es\/shop\/tabla\/ensaladeras-y-soperas\/vista-alegre-amazonia-ensaladera-26-cm\/\"]}]},{\"@type\":\"BreadcrumbList\",\"@id\":\"https:\/\/www.erresse-shop.it\/es\/shop\/tabla\/ensaladeras-y-soperas\/vista-alegre-amazonia-ensaladera-26-cm\/#breadcrumb\",\"itemListElement\":[{\"@type\":\"ListItem\",\"position\":1,\"name\":\"Home\",\"item\":\"https:\/\/www.erresse-shop.it\/es\/\"},{\"@type\":\"ListItem\",\"position\":2,\"name\":\"Shop\",\"item\":\"https:\/\/www.erresse-shop.it\/es\/shop\/\"},{\"@type\":\"ListItem\",\"position\":3,\"name\":\"VISTA ALEGRE Amazonia Ensaladera 26 cm\"}]},{\"@type\":\"WebSite\",\"@id\":\"https:\/\/www.erresse-shop.it\/es\/#website\",\"url\":\"https:\/\/www.erresse-shop.it\/es\/\",\"name\":\"Erresse Shop\",\"description\":\"Articoli di qualit\u00e0 per la casa\",\"potentialAction\":[{\"@type\":\"SearchAction\",\"target\":{\"@type\":\"EntryPoint\",\"urlTemplate\":\"https:\/\/www.erresse-shop.it\/es\/?s={search_term_string}\"},\"query-input\":\"required name=search_term_string\"}],\"inLanguage\":\"es\"}]}<\/script>\n<!-- \/ Yoast SEO Premium plugin. -->","yoast_head_json":{"title":"VISTA ALEGRE Amazonia Ensaladera 26 cm - Erresse Shop","description":"Plato de postre de Amaz\u014dnia. Inspirada en el libro \"Viagens Philosophicas\" (Viajes filos\u00f3ficos) del naturalista Alexandre Rodrigues Ferreira, as\u00ed como en","robots":{"index":"index","follow":"follow","max-snippet":"max-snippet:-1","max-image-preview":"max-image-preview:large","max-video-preview":"max-video-preview:-1"},"canonical":"https:\/\/www.erresse-shop.it\/es\/shop\/tabla\/ensaladeras-y-soperas\/vista-alegre-amazonia-ensaladera-26-cm\/","og_locale":"es_ES","og_type":"article","og_title":"VISTA ALEGRE Amazonia Ensaladera 26 cm","og_description":"Plato de postre de Amaz\u014dnia. Inspirada en el libro \"Viagens Philosophicas\" (Viajes filos\u00f3ficos) del naturalista Alexandre Rodrigues Ferreira, as\u00ed como en","og_url":"https:\/\/www.erresse-shop.it\/es\/shop\/tabla\/ensaladeras-y-soperas\/vista-alegre-amazonia-ensaladera-26-cm\/","og_site_name":"Erresse Shop","article_modified_time":"2023-05-09T10:49:49+00:00","og_image":[{"width":800,"height":800,"url":"https:\/\/www.erresse-shop.it\/wp-content\/uploads\/2023\/05\/VISTA-ALEGRE-Amazonia-Insalatiera-26-cm.jpg","type":"image\/jpeg"}],"twitter_card":"summary_large_image","schema":{"@context":"https:\/\/schema.org","@graph":[{"@type":"WebPage","@id":"https:\/\/www.erresse-shop.it\/es\/shop\/tabla\/ensaladeras-y-soperas\/vista-alegre-amazonia-ensaladera-26-cm\/","url":"https:\/\/www.erresse-shop.it\/es\/shop\/tabla\/ensaladeras-y-soperas\/vista-alegre-amazonia-ensaladera-26-cm\/","name":"VISTA ALEGRE Amazonia Ensaladera 26 cm - Erresse Shop","isPartOf":{"@id":"https:\/\/www.erresse-shop.it\/es\/#website"},"datePublished":"2023-05-09T10:40:37+00:00","dateModified":"2023-05-09T10:49:49+00:00","description":"Plato de postre de Amaz\u014dnia. Inspirada en el libro \"Viagens Philosophicas\" (Viajes filos\u00f3ficos) del naturalista Alexandre Rodrigues Ferreira, as\u00ed como en","breadcrumb":{"@id":"https:\/\/www.erresse-shop.it\/es\/shop\/tabla\/ensaladeras-y-soperas\/vista-alegre-amazonia-ensaladera-26-cm\/#breadcrumb"},"inLanguage":"es","potentialAction":[{"@type":"ReadAction","target":["https:\/\/www.erresse-shop.it\/es\/shop\/tabla\/ensaladeras-y-soperas\/vista-alegre-amazonia-ensaladera-26-cm\/"]}]},{"@type":"BreadcrumbList","@id":"https:\/\/www.erresse-shop.it\/es\/shop\/tabla\/ensaladeras-y-soperas\/vista-alegre-amazonia-ensaladera-26-cm\/#breadcrumb","itemListElement":[{"@type":"ListItem","position":1,"name":"Home","item":"https:\/\/www.erresse-shop.it\/es\/"},{"@type":"ListItem","position":2,"name":"Shop","item":"https:\/\/www.erresse-shop.it\/es\/shop\/"},{"@type":"ListItem","position":3,"name":"VISTA ALEGRE Amazonia Ensaladera 26 cm"}]},{"@type":"WebSite","@id":"https:\/\/www.erresse-shop.it\/es\/#website","url":"https:\/\/www.erresse-shop.it\/es\/","name":"Erresse Shop","description":"Articoli di qualit\u00e0 per la casa","potentialAction":[{"@type":"SearchAction","target":{"@type":"EntryPoint","urlTemplate":"https:\/\/www.erresse-shop.it\/es\/?s={search_term_string}"},"query-input":"required name=search_term_string"}],"inLanguage":"es"}]}},"df_price":70.2,"df_sale_price":70.2,"df_regular_price":156,"df_image_link":"https:\/\/www.erresse-shop.it\/wp-content\/uploads\/2023\/05\/VISTA-ALEGRE-Amazonia-Insalatiera-26-cm-300x300.jpg","_links":{"self":[{"href":"https:\/\/www.erresse-shop.it\/es\/wp-json\/wp\/v2\/product\/268582"}],"collection":[{"href":"https:\/\/www.erresse-shop.it\/es\/wp-json\/wp\/v2\/product"}],"about":[{"href":"https:\/\/www.erresse-shop.it\/es\/wp-json\/wp\/v2\/types\/product"}],"wp:featuredmedia":[{"embeddable":true,"href":"https:\/\/www.erresse-shop.it\/es\/wp-json\/wp\/v2\/media\/268575"}],"wp:attachment":[{"href":"https:\/\/www.erresse-shop.it\/es\/wp-json\/wp\/v2\/media?parent=268582"}],"wp:term":[{"taxonomy":"product_cat","embeddable":true,"href":"https:\/\/www.erresse-shop.it\/es\/wp-json\/wp\/v2\/product_cat?post=268582"},{"taxonomy":"product_tag","embeddable":true,"href":"https:\/\/www.erresse-shop.it\/es\/wp-json\/wp\/v2\/product_tag?post=268582"}],"curies":[{"name":"wp","href":"https:\/\/api.w.org\/{rel}","templated":true}]}}