{"id":268363,"date":"2023-05-09T07:12:20","date_gmt":"2023-05-09T07:12:24","guid":{"rendered":"https:\/\/www.erresse-shop.it\/?post_type=product&#038;p=268363"},"modified":"2023-05-09T07:20:31","modified_gmt":"2023-05-09T07:20:31","slug":"vista-alegre-vinyl-shot","status":"publish","type":"product","link":"https:\/\/www.erresse-shop.it\/es\/shop\/tabla\/vasos\/vista-alegre-vinyl-shot\/","title":{"rendered":"VISTA ALEGRE Vinyl Shot"},"content":{"rendered":"<p>Una copa lujosa y vers\u00e1til inspirada en el estilo Art D\u00e9co, Vinyl recrear\u00e1 en su hogar la sofisticaci\u00f3n de las cocteler\u00edas de los a\u00f1os treinta.<br \/>\nCada copa tiene su propia forma y personalidad, y la decoraci\u00f3n se ha desarrollado para que impregne armon\u00eda.<\/p>\n<p>Tipo de producto: Cristal 30%<br \/>\nAltura: 111 mm<br \/>\nPeso: 145 gr<br \/>\nRestricciones de uso: Se recomiendan ciclos cortos a baja temperatura para lavar en el lavavajillas. Evitar el uso frecuente en el lavavajillas. Evitar el uso frecuente en microondas. Evitar cambios bruscos de temperatura.<\/p>\n","protected":false},"excerpt":{"rendered":"<p>Una copa lujosa y vers\u00e1til inspirada en el estilo Art D\u00e9co, Vinyl recrear\u00e1 en su hogar la sofisticaci\u00f3n de las<\/p>\n","protected":false},"featured_media":268375,"template":"","meta":{"_acf_changed":false,"inline_featured_image":false},"product_cat":[16027,16028],"product_tag":[25029,23912,16122,24682,22597,21823,25023],"acf":[],"yoast_head":"<!-- This site is optimized with the Yoast SEO Premium plugin v18.6 (Yoast SEO v19.13) - https:\/\/yoast.com\/wordpress\/plugins\/seo\/ -->\n<title>VISTA ALEGRE Vinyl Shot - Erresse Shop<\/title>\n<meta name=\"description\" content=\"Una copa lujosa y vers\u00e1til inspirada en el estilo Art D\u00e9co, Vinyl recrear\u00e1 en su hogar la sofisticaci\u00f3n de las cocteler\u00edas de los a\u00f1os treinta. Cada copa\" \/>\n<meta name=\"robots\" content=\"index, follow, max-snippet:-1, max-image-preview:large, max-video-preview:-1\" \/>\n<link rel=\"canonical\" href=\"https:\/\/www.erresse-shop.it\/es\/shop\/tabla\/vasos\/vista-alegre-vinyl-shot\/\" \/>\n<meta property=\"og:locale\" content=\"es_ES\" \/>\n<meta property=\"og:type\" content=\"article\" \/>\n<meta property=\"og:title\" content=\"VISTA ALEGRE Vinyl Shot\" \/>\n<meta property=\"og:description\" content=\"Una copa lujosa y vers\u00e1til inspirada en el estilo Art D\u00e9co, Vinyl recrear\u00e1 en su hogar la sofisticaci\u00f3n de las cocteler\u00edas de los a\u00f1os treinta. Cada copa\" \/>\n<meta property=\"og:url\" content=\"https:\/\/www.erresse-shop.it\/es\/shop\/tabla\/vasos\/vista-alegre-vinyl-shot\/\" \/>\n<meta property=\"og:site_name\" content=\"Erresse Shop\" \/>\n<meta property=\"article:modified_time\" content=\"2023-05-09T07:20:31+00:00\" \/>\n<meta property=\"og:image\" content=\"https:\/\/www.erresse-shop.it\/wp-content\/uploads\/2023\/05\/VISTA-ALEGRE-Vinyl-Shot.jpg\" \/>\n\t<meta property=\"og:image:width\" content=\"800\" \/>\n\t<meta property=\"og:image:height\" content=\"800\" \/>\n\t<meta property=\"og:image:type\" content=\"image\/jpeg\" \/>\n<meta name=\"twitter:card\" content=\"summary_large_image\" \/>\n<script type=\"application\/ld+json\" class=\"yoast-schema-graph\">{\"@context\":\"https:\/\/schema.org\",\"@graph\":[{\"@type\":\"WebPage\",\"@id\":\"https:\/\/www.erresse-shop.it\/es\/shop\/tabla\/vasos\/vista-alegre-vinyl-shot\/\",\"url\":\"https:\/\/www.erresse-shop.it\/es\/shop\/tabla\/vasos\/vista-alegre-vinyl-shot\/\",\"name\":\"VISTA ALEGRE Vinyl Shot - Erresse Shop\",\"isPartOf\":{\"@id\":\"https:\/\/www.erresse-shop.it\/es\/#website\"},\"datePublished\":\"2023-05-09T07:12:24+00:00\",\"dateModified\":\"2023-05-09T07:20:31+00:00\",\"description\":\"Una copa lujosa y vers\u00e1til inspirada en el estilo Art D\u00e9co, Vinyl recrear\u00e1 en su hogar la sofisticaci\u00f3n de las cocteler\u00edas de los a\u00f1os treinta. Cada copa\",\"breadcrumb\":{\"@id\":\"https:\/\/www.erresse-shop.it\/es\/shop\/tabla\/vasos\/vista-alegre-vinyl-shot\/#breadcrumb\"},\"inLanguage\":\"es\",\"potentialAction\":[{\"@type\":\"ReadAction\",\"target\":[\"https:\/\/www.erresse-shop.it\/es\/shop\/tabla\/vasos\/vista-alegre-vinyl-shot\/\"]}]},{\"@type\":\"BreadcrumbList\",\"@id\":\"https:\/\/www.erresse-shop.it\/es\/shop\/tabla\/vasos\/vista-alegre-vinyl-shot\/#breadcrumb\",\"itemListElement\":[{\"@type\":\"ListItem\",\"position\":1,\"name\":\"Home\",\"item\":\"https:\/\/www.erresse-shop.it\/es\/\"},{\"@type\":\"ListItem\",\"position\":2,\"name\":\"Shop\",\"item\":\"https:\/\/www.erresse-shop.it\/es\/shop\/\"},{\"@type\":\"ListItem\",\"position\":3,\"name\":\"VISTA ALEGRE Vinyl Shot\"}]},{\"@type\":\"WebSite\",\"@id\":\"https:\/\/www.erresse-shop.it\/es\/#website\",\"url\":\"https:\/\/www.erresse-shop.it\/es\/\",\"name\":\"Erresse Shop\",\"description\":\"Articoli di qualit\u00e0 per la casa\",\"potentialAction\":[{\"@type\":\"SearchAction\",\"target\":{\"@type\":\"EntryPoint\",\"urlTemplate\":\"https:\/\/www.erresse-shop.it\/es\/?s={search_term_string}\"},\"query-input\":\"required name=search_term_string\"}],\"inLanguage\":\"es\"}]}<\/script>\n<!-- \/ Yoast SEO Premium plugin. -->","yoast_head_json":{"title":"VISTA ALEGRE Vinyl Shot - Erresse Shop","description":"Una copa lujosa y vers\u00e1til inspirada en el estilo Art D\u00e9co, Vinyl recrear\u00e1 en su hogar la sofisticaci\u00f3n de las cocteler\u00edas de los a\u00f1os treinta. Cada copa","robots":{"index":"index","follow":"follow","max-snippet":"max-snippet:-1","max-image-preview":"max-image-preview:large","max-video-preview":"max-video-preview:-1"},"canonical":"https:\/\/www.erresse-shop.it\/es\/shop\/tabla\/vasos\/vista-alegre-vinyl-shot\/","og_locale":"es_ES","og_type":"article","og_title":"VISTA ALEGRE Vinyl Shot","og_description":"Una copa lujosa y vers\u00e1til inspirada en el estilo Art D\u00e9co, Vinyl recrear\u00e1 en su hogar la sofisticaci\u00f3n de las cocteler\u00edas de los a\u00f1os treinta. Cada copa","og_url":"https:\/\/www.erresse-shop.it\/es\/shop\/tabla\/vasos\/vista-alegre-vinyl-shot\/","og_site_name":"Erresse Shop","article_modified_time":"2023-05-09T07:20:31+00:00","og_image":[{"width":800,"height":800,"url":"https:\/\/www.erresse-shop.it\/wp-content\/uploads\/2023\/05\/VISTA-ALEGRE-Vinyl-Shot.jpg","type":"image\/jpeg"}],"twitter_card":"summary_large_image","schema":{"@context":"https:\/\/schema.org","@graph":[{"@type":"WebPage","@id":"https:\/\/www.erresse-shop.it\/es\/shop\/tabla\/vasos\/vista-alegre-vinyl-shot\/","url":"https:\/\/www.erresse-shop.it\/es\/shop\/tabla\/vasos\/vista-alegre-vinyl-shot\/","name":"VISTA ALEGRE Vinyl Shot - Erresse Shop","isPartOf":{"@id":"https:\/\/www.erresse-shop.it\/es\/#website"},"datePublished":"2023-05-09T07:12:24+00:00","dateModified":"2023-05-09T07:20:31+00:00","description":"Una copa lujosa y vers\u00e1til inspirada en el estilo Art D\u00e9co, Vinyl recrear\u00e1 en su hogar la sofisticaci\u00f3n de las cocteler\u00edas de los a\u00f1os treinta. Cada copa","breadcrumb":{"@id":"https:\/\/www.erresse-shop.it\/es\/shop\/tabla\/vasos\/vista-alegre-vinyl-shot\/#breadcrumb"},"inLanguage":"es","potentialAction":[{"@type":"ReadAction","target":["https:\/\/www.erresse-shop.it\/es\/shop\/tabla\/vasos\/vista-alegre-vinyl-shot\/"]}]},{"@type":"BreadcrumbList","@id":"https:\/\/www.erresse-shop.it\/es\/shop\/tabla\/vasos\/vista-alegre-vinyl-shot\/#breadcrumb","itemListElement":[{"@type":"ListItem","position":1,"name":"Home","item":"https:\/\/www.erresse-shop.it\/es\/"},{"@type":"ListItem","position":2,"name":"Shop","item":"https:\/\/www.erresse-shop.it\/es\/shop\/"},{"@type":"ListItem","position":3,"name":"VISTA ALEGRE Vinyl Shot"}]},{"@type":"WebSite","@id":"https:\/\/www.erresse-shop.it\/es\/#website","url":"https:\/\/www.erresse-shop.it\/es\/","name":"Erresse Shop","description":"Articoli di qualit\u00e0 per la casa","potentialAction":[{"@type":"SearchAction","target":{"@type":"EntryPoint","urlTemplate":"https:\/\/www.erresse-shop.it\/es\/?s={search_term_string}"},"query-input":"required name=search_term_string"}],"inLanguage":"es"}]}},"df_price":27,"df_sale_price":27,"df_regular_price":60,"df_image_link":"https:\/\/www.erresse-shop.it\/wp-content\/uploads\/2023\/05\/VISTA-ALEGRE-Vinyl-Shot-300x300.jpg","_links":{"self":[{"href":"https:\/\/www.erresse-shop.it\/es\/wp-json\/wp\/v2\/product\/268363"}],"collection":[{"href":"https:\/\/www.erresse-shop.it\/es\/wp-json\/wp\/v2\/product"}],"about":[{"href":"https:\/\/www.erresse-shop.it\/es\/wp-json\/wp\/v2\/types\/product"}],"wp:featuredmedia":[{"embeddable":true,"href":"https:\/\/www.erresse-shop.it\/es\/wp-json\/wp\/v2\/media\/268375"}],"wp:attachment":[{"href":"https:\/\/www.erresse-shop.it\/es\/wp-json\/wp\/v2\/media?parent=268363"}],"wp:term":[{"taxonomy":"product_cat","embeddable":true,"href":"https:\/\/www.erresse-shop.it\/es\/wp-json\/wp\/v2\/product_cat?post=268363"},{"taxonomy":"product_tag","embeddable":true,"href":"https:\/\/www.erresse-shop.it\/es\/wp-json\/wp\/v2\/product_tag?post=268363"}],"curies":[{"name":"wp","href":"https:\/\/api.w.org\/{rel}","templated":true}]}}