{"id":267835,"date":"2023-05-08T08:45:10","date_gmt":"2023-05-08T08:45:14","guid":{"rendered":"https:\/\/www.erresse-shop.it\/?post_type=product&#038;p=267835"},"modified":"2023-05-08T08:58:20","modified_gmt":"2023-05-08T08:58:20","slug":"emile-henry-asadera-rectangular-mediana-argile","status":"publish","type":"product","link":"https:\/\/www.erresse-shop.it\/es\/shop\/sartenes-y-ollas\/ollas-y-bandejas-de-horno\/emile-henry-asadera-rectangular-mediana-argile\/","title":{"rendered":"EMILE HENRY Asadera Rectangular Mediana Argile"},"content":{"rendered":"<p>D\u00e9 un toque delicado a la creaci\u00f3n, cocci\u00f3n y presentaci\u00f3n en la mesa de sus lasa\u00f1as, gratinados y asados con la fuente rectangular Emile Henry. Fabricada en cer\u00e1mica HR\u00ae (Alta Resistencia), reparte el calor uniformemente, permitiendo una cocci\u00f3n perfecta y natural de los alimentos hasta el centro. Puede sacarse directamente del congelador e introducirse en un horno caliente hasta 270\u00b0C o bajo el grill. El esmalte de alta resistencia protege el plato de ara\u00f1azos y desconchones y puede lavarse regularmente en el lavavajillas sin perder el color. Su forma generosa y elegante ofrece una mezcla de tradici\u00f3n y modernidad, y este plato Emile Henry pronto se convertir\u00e1 en un esencial de cocina para todas sus necesidades culinarias.<br \/>\nFabricado en Francia<\/p>\n<p>Garant\u00eda 10 a\u00f1os<\/p>\n<p><strong>Longitud \/ Di\u00e1metro:<\/strong> 36,5 cm<br \/>\n<strong>Anchura:<\/strong> 23,5 cm<br \/>\n<strong>Altura:<\/strong> 7,5 cm<br \/>\n<strong>Peso:<\/strong> 1,8 kg<\/p>\n","protected":false},"excerpt":{"rendered":"<p><br data-mce-bogus=\"1\"><\/p>\n","protected":false},"featured_media":267859,"template":"","meta":{"_acf_changed":false,"inline_featured_image":false},"product_cat":[16068,16058],"product_tag":[16448,19089,16755,17110],"acf":[],"yoast_head":"<!-- This site is optimized with the Yoast SEO Premium plugin v18.6 (Yoast SEO v19.13) - https:\/\/yoast.com\/wordpress\/plugins\/seo\/ -->\n<title>EMILE HENRY Asadera Rectangular Mediana Argile - Erresse Shop<\/title>\n<meta name=\"robots\" content=\"index, follow, max-snippet:-1, max-image-preview:large, max-video-preview:-1\" \/>\n<link rel=\"canonical\" href=\"https:\/\/www.erresse-shop.it\/es\/shop\/sartenes-y-ollas\/ollas-y-bandejas-de-horno\/emile-henry-asadera-rectangular-mediana-argile\/\" \/>\n<meta property=\"og:locale\" content=\"es_ES\" \/>\n<meta property=\"og:type\" content=\"article\" \/>\n<meta property=\"og:title\" content=\"EMILE HENRY Asadera Rectangular Mediana Argile\" \/>\n<meta property=\"og:url\" content=\"https:\/\/www.erresse-shop.it\/es\/shop\/sartenes-y-ollas\/ollas-y-bandejas-de-horno\/emile-henry-asadera-rectangular-mediana-argile\/\" \/>\n<meta property=\"og:site_name\" content=\"Erresse Shop\" \/>\n<meta property=\"article:modified_time\" content=\"2023-05-08T08:58:20+00:00\" \/>\n<meta property=\"og:image\" content=\"https:\/\/www.erresse-shop.it\/wp-content\/uploads\/2023\/05\/EMILE-HENRY-Pirofila-Media-Rettangolare-Argile.jpg\" \/>\n\t<meta property=\"og:image:width\" content=\"800\" \/>\n\t<meta property=\"og:image:height\" content=\"800\" \/>\n\t<meta property=\"og:image:type\" content=\"image\/jpeg\" \/>\n<meta name=\"twitter:card\" content=\"summary_large_image\" \/>\n<script type=\"application\/ld+json\" class=\"yoast-schema-graph\">{\"@context\":\"https:\/\/schema.org\",\"@graph\":[{\"@type\":\"WebPage\",\"@id\":\"https:\/\/www.erresse-shop.it\/es\/shop\/sartenes-y-ollas\/ollas-y-bandejas-de-horno\/emile-henry-asadera-rectangular-mediana-argile\/\",\"url\":\"https:\/\/www.erresse-shop.it\/es\/shop\/sartenes-y-ollas\/ollas-y-bandejas-de-horno\/emile-henry-asadera-rectangular-mediana-argile\/\",\"name\":\"EMILE HENRY Asadera Rectangular Mediana Argile - Erresse Shop\",\"isPartOf\":{\"@id\":\"https:\/\/www.erresse-shop.it\/es\/#website\"},\"datePublished\":\"2023-05-08T08:45:14+00:00\",\"dateModified\":\"2023-05-08T08:58:20+00:00\",\"breadcrumb\":{\"@id\":\"https:\/\/www.erresse-shop.it\/es\/shop\/sartenes-y-ollas\/ollas-y-bandejas-de-horno\/emile-henry-asadera-rectangular-mediana-argile\/#breadcrumb\"},\"inLanguage\":\"es\",\"potentialAction\":[{\"@type\":\"ReadAction\",\"target\":[\"https:\/\/www.erresse-shop.it\/es\/shop\/sartenes-y-ollas\/ollas-y-bandejas-de-horno\/emile-henry-asadera-rectangular-mediana-argile\/\"]}]},{\"@type\":\"BreadcrumbList\",\"@id\":\"https:\/\/www.erresse-shop.it\/es\/shop\/sartenes-y-ollas\/ollas-y-bandejas-de-horno\/emile-henry-asadera-rectangular-mediana-argile\/#breadcrumb\",\"itemListElement\":[{\"@type\":\"ListItem\",\"position\":1,\"name\":\"Home\",\"item\":\"https:\/\/www.erresse-shop.it\/es\/\"},{\"@type\":\"ListItem\",\"position\":2,\"name\":\"Shop\",\"item\":\"https:\/\/www.erresse-shop.it\/es\/shop\/\"},{\"@type\":\"ListItem\",\"position\":3,\"name\":\"EMILE HENRY Asadera Rectangular Mediana Argile\"}]},{\"@type\":\"WebSite\",\"@id\":\"https:\/\/www.erresse-shop.it\/es\/#website\",\"url\":\"https:\/\/www.erresse-shop.it\/es\/\",\"name\":\"Erresse Shop\",\"description\":\"Articoli di qualit\u00e0 per la casa\",\"potentialAction\":[{\"@type\":\"SearchAction\",\"target\":{\"@type\":\"EntryPoint\",\"urlTemplate\":\"https:\/\/www.erresse-shop.it\/es\/?s={search_term_string}\"},\"query-input\":\"required name=search_term_string\"}],\"inLanguage\":\"es\"}]}<\/script>\n<!-- \/ Yoast SEO Premium plugin. -->","yoast_head_json":{"title":"EMILE HENRY Asadera Rectangular Mediana Argile - Erresse Shop","robots":{"index":"index","follow":"follow","max-snippet":"max-snippet:-1","max-image-preview":"max-image-preview:large","max-video-preview":"max-video-preview:-1"},"canonical":"https:\/\/www.erresse-shop.it\/es\/shop\/sartenes-y-ollas\/ollas-y-bandejas-de-horno\/emile-henry-asadera-rectangular-mediana-argile\/","og_locale":"es_ES","og_type":"article","og_title":"EMILE HENRY Asadera Rectangular Mediana Argile","og_url":"https:\/\/www.erresse-shop.it\/es\/shop\/sartenes-y-ollas\/ollas-y-bandejas-de-horno\/emile-henry-asadera-rectangular-mediana-argile\/","og_site_name":"Erresse Shop","article_modified_time":"2023-05-08T08:58:20+00:00","og_image":[{"width":800,"height":800,"url":"https:\/\/www.erresse-shop.it\/wp-content\/uploads\/2023\/05\/EMILE-HENRY-Pirofila-Media-Rettangolare-Argile.jpg","type":"image\/jpeg"}],"twitter_card":"summary_large_image","schema":{"@context":"https:\/\/schema.org","@graph":[{"@type":"WebPage","@id":"https:\/\/www.erresse-shop.it\/es\/shop\/sartenes-y-ollas\/ollas-y-bandejas-de-horno\/emile-henry-asadera-rectangular-mediana-argile\/","url":"https:\/\/www.erresse-shop.it\/es\/shop\/sartenes-y-ollas\/ollas-y-bandejas-de-horno\/emile-henry-asadera-rectangular-mediana-argile\/","name":"EMILE HENRY Asadera Rectangular Mediana Argile - Erresse Shop","isPartOf":{"@id":"https:\/\/www.erresse-shop.it\/es\/#website"},"datePublished":"2023-05-08T08:45:14+00:00","dateModified":"2023-05-08T08:58:20+00:00","breadcrumb":{"@id":"https:\/\/www.erresse-shop.it\/es\/shop\/sartenes-y-ollas\/ollas-y-bandejas-de-horno\/emile-henry-asadera-rectangular-mediana-argile\/#breadcrumb"},"inLanguage":"es","potentialAction":[{"@type":"ReadAction","target":["https:\/\/www.erresse-shop.it\/es\/shop\/sartenes-y-ollas\/ollas-y-bandejas-de-horno\/emile-henry-asadera-rectangular-mediana-argile\/"]}]},{"@type":"BreadcrumbList","@id":"https:\/\/www.erresse-shop.it\/es\/shop\/sartenes-y-ollas\/ollas-y-bandejas-de-horno\/emile-henry-asadera-rectangular-mediana-argile\/#breadcrumb","itemListElement":[{"@type":"ListItem","position":1,"name":"Home","item":"https:\/\/www.erresse-shop.it\/es\/"},{"@type":"ListItem","position":2,"name":"Shop","item":"https:\/\/www.erresse-shop.it\/es\/shop\/"},{"@type":"ListItem","position":3,"name":"EMILE HENRY Asadera Rectangular Mediana Argile"}]},{"@type":"WebSite","@id":"https:\/\/www.erresse-shop.it\/es\/#website","url":"https:\/\/www.erresse-shop.it\/es\/","name":"Erresse Shop","description":"Articoli di qualit\u00e0 per la casa","potentialAction":[{"@type":"SearchAction","target":{"@type":"EntryPoint","urlTemplate":"https:\/\/www.erresse-shop.it\/es\/?s={search_term_string}"},"query-input":"required name=search_term_string"}],"inLanguage":"es"}]}},"df_price":48.75,"df_sale_price":48.75,"df_regular_price":62.5,"df_image_link":"https:\/\/www.erresse-shop.it\/wp-content\/uploads\/2023\/05\/EMILE-HENRY-Pirofila-Media-Rettangolare-Argile-300x300.jpg","_links":{"self":[{"href":"https:\/\/www.erresse-shop.it\/es\/wp-json\/wp\/v2\/product\/267835"}],"collection":[{"href":"https:\/\/www.erresse-shop.it\/es\/wp-json\/wp\/v2\/product"}],"about":[{"href":"https:\/\/www.erresse-shop.it\/es\/wp-json\/wp\/v2\/types\/product"}],"wp:featuredmedia":[{"embeddable":true,"href":"https:\/\/www.erresse-shop.it\/es\/wp-json\/wp\/v2\/media\/267859"}],"wp:attachment":[{"href":"https:\/\/www.erresse-shop.it\/es\/wp-json\/wp\/v2\/media?parent=267835"}],"wp:term":[{"taxonomy":"product_cat","embeddable":true,"href":"https:\/\/www.erresse-shop.it\/es\/wp-json\/wp\/v2\/product_cat?post=267835"},{"taxonomy":"product_tag","embeddable":true,"href":"https:\/\/www.erresse-shop.it\/es\/wp-json\/wp\/v2\/product_tag?post=267835"}],"curies":[{"name":"wp","href":"https:\/\/api.w.org\/{rel}","templated":true}]}}