{"id":265026,"date":"2023-04-28T13:37:11","date_gmt":"2023-04-28T13:37:15","guid":{"rendered":"https:\/\/www.erresse-shop.it\/?post_type=product&#038;p=265026"},"modified":"2024-06-03T00:03:45","modified_gmt":"2024-06-03T00:03:45","slug":"seletti-lampara-led-de-porcelana-mi-pequena-luna","status":"publish","type":"product","link":"https:\/\/www.erresse-shop.it\/es\/shop\/mobiliario\/lamparas\/seletti-lampara-led-de-porcelana-mi-pequena-luna\/","title":{"rendered":"SELETTI L\u00e1mpara Led de Porcelana Mi peque\u00f1a Luna"},"content":{"rendered":"<p><strong>Dise\u00f1ador:<\/strong> Marcantonio<br \/>\n<strong>Material:<\/strong> Porcelana<br \/>\n<strong>Medidas:<\/strong> 36.9x10x33<\/p>\n<p>Entrada AC 12 Volt<br \/>\nLed 2700 K<br \/>\nRegulable<\/p>\n","protected":false},"excerpt":{"rendered":"<p>Dise\u00f1ador: Marcantonio Material: Porcelana Medidas: 36.9x10x33 Entrada AC 12 Volt Led 2700 K Regulable<\/p>\n","protected":false},"featured_media":265060,"template":"","meta":{"_acf_changed":false,"inline_featured_image":false},"product_cat":[16017,16016],"product_tag":[16236,24302,25023],"acf":[],"yoast_head":"<!-- This site is optimized with the Yoast SEO Premium plugin v18.6 (Yoast SEO v19.13) - https:\/\/yoast.com\/wordpress\/plugins\/seo\/ -->\n<title>SELETTI L\u00e1mpara Led de Porcelana Mi peque\u00f1a Luna - Erresse Shop<\/title>\n<meta name=\"description\" content=\"Dise\u00f1ador: Marcantonio Material: Porcelana Medidas: 36.9x10x33  Entrada AC 12 Volt Led 2700 K Regulable\" \/>\n<meta name=\"robots\" content=\"index, follow, max-snippet:-1, max-image-preview:large, max-video-preview:-1\" \/>\n<link rel=\"canonical\" href=\"https:\/\/www.erresse-shop.it\/es\/shop\/mobiliario\/lamparas\/seletti-lampara-led-de-porcelana-mi-pequena-luna\/\" \/>\n<meta property=\"og:locale\" content=\"es_ES\" \/>\n<meta property=\"og:type\" content=\"article\" \/>\n<meta property=\"og:title\" content=\"SELETTI L\u00e1mpara Led de Porcelana Mi peque\u00f1a Luna\" \/>\n<meta property=\"og:description\" content=\"Dise\u00f1ador: Marcantonio Material: Porcelana Medidas: 36.9x10x33  Entrada AC 12 Volt Led 2700 K Regulable\" \/>\n<meta property=\"og:url\" content=\"https:\/\/www.erresse-shop.it\/es\/shop\/mobiliario\/lamparas\/seletti-lampara-led-de-porcelana-mi-pequena-luna\/\" \/>\n<meta property=\"og:site_name\" content=\"Erresse Shop\" \/>\n<meta property=\"article:modified_time\" content=\"2024-06-03T00:03:45+00:00\" \/>\n<meta property=\"og:image\" content=\"https:\/\/www.erresse-shop.it\/wp-content\/uploads\/2023\/04\/SELETTI-Lampada-Led-in-Porcellana-My-Tiny-Moon.jpg\" \/>\n\t<meta property=\"og:image:width\" content=\"800\" \/>\n\t<meta property=\"og:image:height\" content=\"800\" \/>\n\t<meta property=\"og:image:type\" content=\"image\/jpeg\" \/>\n<meta name=\"twitter:card\" content=\"summary_large_image\" \/>\n<script type=\"application\/ld+json\" class=\"yoast-schema-graph\">{\"@context\":\"https:\/\/schema.org\",\"@graph\":[{\"@type\":\"WebPage\",\"@id\":\"https:\/\/www.erresse-shop.it\/es\/shop\/mobiliario\/lamparas\/seletti-lampara-led-de-porcelana-mi-pequena-luna\/\",\"url\":\"https:\/\/www.erresse-shop.it\/es\/shop\/mobiliario\/lamparas\/seletti-lampara-led-de-porcelana-mi-pequena-luna\/\",\"name\":\"SELETTI L\u00e1mpara Led de Porcelana Mi peque\u00f1a Luna - Erresse Shop\",\"isPartOf\":{\"@id\":\"https:\/\/www.erresse-shop.it\/es\/#website\"},\"datePublished\":\"2023-04-28T13:37:15+00:00\",\"dateModified\":\"2024-06-03T00:03:45+00:00\",\"description\":\"Dise\u00f1ador: Marcantonio Material: Porcelana Medidas: 36.9x10x33 Entrada AC 12 Volt Led 2700 K Regulable\",\"breadcrumb\":{\"@id\":\"https:\/\/www.erresse-shop.it\/es\/shop\/mobiliario\/lamparas\/seletti-lampara-led-de-porcelana-mi-pequena-luna\/#breadcrumb\"},\"inLanguage\":\"es\",\"potentialAction\":[{\"@type\":\"ReadAction\",\"target\":[\"https:\/\/www.erresse-shop.it\/es\/shop\/mobiliario\/lamparas\/seletti-lampara-led-de-porcelana-mi-pequena-luna\/\"]}]},{\"@type\":\"BreadcrumbList\",\"@id\":\"https:\/\/www.erresse-shop.it\/es\/shop\/mobiliario\/lamparas\/seletti-lampara-led-de-porcelana-mi-pequena-luna\/#breadcrumb\",\"itemListElement\":[{\"@type\":\"ListItem\",\"position\":1,\"name\":\"Home\",\"item\":\"https:\/\/www.erresse-shop.it\/es\/\"},{\"@type\":\"ListItem\",\"position\":2,\"name\":\"Shop\",\"item\":\"https:\/\/www.erresse-shop.it\/es\/shop\/\"},{\"@type\":\"ListItem\",\"position\":3,\"name\":\"SELETTI L\u00e1mpara Led de Porcelana Mi peque\u00f1a Luna\"}]},{\"@type\":\"WebSite\",\"@id\":\"https:\/\/www.erresse-shop.it\/es\/#website\",\"url\":\"https:\/\/www.erresse-shop.it\/es\/\",\"name\":\"Erresse Shop\",\"description\":\"Articoli di qualit\u00e0 per la casa\",\"potentialAction\":[{\"@type\":\"SearchAction\",\"target\":{\"@type\":\"EntryPoint\",\"urlTemplate\":\"https:\/\/www.erresse-shop.it\/es\/?s={search_term_string}\"},\"query-input\":\"required name=search_term_string\"}],\"inLanguage\":\"es\"}]}<\/script>\n<!-- \/ Yoast SEO Premium plugin. -->","yoast_head_json":{"title":"SELETTI L\u00e1mpara Led de Porcelana Mi peque\u00f1a Luna - Erresse Shop","description":"Dise\u00f1ador: Marcantonio Material: Porcelana Medidas: 36.9x10x33  Entrada AC 12 Volt Led 2700 K Regulable","robots":{"index":"index","follow":"follow","max-snippet":"max-snippet:-1","max-image-preview":"max-image-preview:large","max-video-preview":"max-video-preview:-1"},"canonical":"https:\/\/www.erresse-shop.it\/es\/shop\/mobiliario\/lamparas\/seletti-lampara-led-de-porcelana-mi-pequena-luna\/","og_locale":"es_ES","og_type":"article","og_title":"SELETTI L\u00e1mpara Led de Porcelana Mi peque\u00f1a Luna","og_description":"Dise\u00f1ador: Marcantonio Material: Porcelana Medidas: 36.9x10x33  Entrada AC 12 Volt Led 2700 K Regulable","og_url":"https:\/\/www.erresse-shop.it\/es\/shop\/mobiliario\/lamparas\/seletti-lampara-led-de-porcelana-mi-pequena-luna\/","og_site_name":"Erresse Shop","article_modified_time":"2024-06-03T00:03:45+00:00","og_image":[{"width":800,"height":800,"url":"https:\/\/www.erresse-shop.it\/wp-content\/uploads\/2023\/04\/SELETTI-Lampada-Led-in-Porcellana-My-Tiny-Moon.jpg","type":"image\/jpeg"}],"twitter_card":"summary_large_image","schema":{"@context":"https:\/\/schema.org","@graph":[{"@type":"WebPage","@id":"https:\/\/www.erresse-shop.it\/es\/shop\/mobiliario\/lamparas\/seletti-lampara-led-de-porcelana-mi-pequena-luna\/","url":"https:\/\/www.erresse-shop.it\/es\/shop\/mobiliario\/lamparas\/seletti-lampara-led-de-porcelana-mi-pequena-luna\/","name":"SELETTI L\u00e1mpara Led de Porcelana Mi peque\u00f1a Luna - Erresse Shop","isPartOf":{"@id":"https:\/\/www.erresse-shop.it\/es\/#website"},"datePublished":"2023-04-28T13:37:15+00:00","dateModified":"2024-06-03T00:03:45+00:00","description":"Dise\u00f1ador: Marcantonio Material: Porcelana Medidas: 36.9x10x33 Entrada AC 12 Volt Led 2700 K Regulable","breadcrumb":{"@id":"https:\/\/www.erresse-shop.it\/es\/shop\/mobiliario\/lamparas\/seletti-lampara-led-de-porcelana-mi-pequena-luna\/#breadcrumb"},"inLanguage":"es","potentialAction":[{"@type":"ReadAction","target":["https:\/\/www.erresse-shop.it\/es\/shop\/mobiliario\/lamparas\/seletti-lampara-led-de-porcelana-mi-pequena-luna\/"]}]},{"@type":"BreadcrumbList","@id":"https:\/\/www.erresse-shop.it\/es\/shop\/mobiliario\/lamparas\/seletti-lampara-led-de-porcelana-mi-pequena-luna\/#breadcrumb","itemListElement":[{"@type":"ListItem","position":1,"name":"Home","item":"https:\/\/www.erresse-shop.it\/es\/"},{"@type":"ListItem","position":2,"name":"Shop","item":"https:\/\/www.erresse-shop.it\/es\/shop\/"},{"@type":"ListItem","position":3,"name":"SELETTI L\u00e1mpara Led de Porcelana Mi peque\u00f1a Luna"}]},{"@type":"WebSite","@id":"https:\/\/www.erresse-shop.it\/es\/#website","url":"https:\/\/www.erresse-shop.it\/es\/","name":"Erresse Shop","description":"Articoli di qualit\u00e0 per la casa","potentialAction":[{"@type":"SearchAction","target":{"@type":"EntryPoint","urlTemplate":"https:\/\/www.erresse-shop.it\/es\/?s={search_term_string}"},"query-input":"required name=search_term_string"}],"inLanguage":"es"}]}},"df_price":129,"df_sale_price":129,"df_regular_price":220,"df_image_link":"https:\/\/www.erresse-shop.it\/wp-content\/uploads\/2023\/04\/SELETTI-Lampada-Led-in-Porcellana-My-Tiny-Moon-300x300.jpg","_links":{"self":[{"href":"https:\/\/www.erresse-shop.it\/es\/wp-json\/wp\/v2\/product\/265026"}],"collection":[{"href":"https:\/\/www.erresse-shop.it\/es\/wp-json\/wp\/v2\/product"}],"about":[{"href":"https:\/\/www.erresse-shop.it\/es\/wp-json\/wp\/v2\/types\/product"}],"wp:featuredmedia":[{"embeddable":true,"href":"https:\/\/www.erresse-shop.it\/es\/wp-json\/wp\/v2\/media\/265060"}],"wp:attachment":[{"href":"https:\/\/www.erresse-shop.it\/es\/wp-json\/wp\/v2\/media?parent=265026"}],"wp:term":[{"taxonomy":"product_cat","embeddable":true,"href":"https:\/\/www.erresse-shop.it\/es\/wp-json\/wp\/v2\/product_cat?post=265026"},{"taxonomy":"product_tag","embeddable":true,"href":"https:\/\/www.erresse-shop.it\/es\/wp-json\/wp\/v2\/product_tag?post=265026"}],"curies":[{"name":"wp","href":"https:\/\/api.w.org\/{rel}","templated":true}]}}