{"id":263983,"date":"2023-04-26T14:27:45","date_gmt":"2023-04-26T14:27:49","guid":{"rendered":"https:\/\/www.erresse-shop.it\/?post_type=product&#038;p=263983"},"modified":"2024-06-18T14:52:57","modified_gmt":"2024-06-18T14:52:57","slug":"riedel-veritas-set-2-copas-de-sauvignon-blanc","status":"publish","type":"product","link":"https:\/\/www.erresse-shop.it\/es\/shop\/tabla\/vino\/calices\/riedel-veritas-set-2-copas-de-sauvignon-blanc\/","title":{"rendered":"RIEDEL Veritas Set 2 Copas de Sauvignon Blanc"},"content":{"rendered":"<p>La revolucionaria serie <strong>RIEDEL<\/strong> Veritas debut\u00f3 en 2014, marcando una vez m\u00e1s la pauta en la producci\u00f3n de vidrio. Georg J. Riedel, perteneciente a la d\u00e9cima generaci\u00f3n de la familia, encarg\u00f3 a los expertos de renombre mundial de la marca la creaci\u00f3n de una serie que fuera impresionante en apariencia, un placer en la mano y competitiva en precio. Y lo han conseguido con creces, creando una colecci\u00f3n de copas de vino para el siglo XXI.<\/p>\n<p>La copa <strong>Sauvignon Blanc<\/strong> es perfecta para todos los estilos de la variedad, desde el Burdeos envejecido en roble hasta las explosiones afrutadas y herb\u00e1ceas de Marlborough.<\/p>\n<p>RIEDEL lanz\u00f3 una nueva forma para este vino blanco con motivo del 20 aniversario de la primera copa de Sauvignon Blanc, colaborando con varias regiones vin\u00edcolas para crear una copa adaptada al estilo del Nuevo Mundo, en evoluci\u00f3n, de la variedad, equilibrando las notas afrutadas, la frescura y la mineralidad.<\/p>\n<p>Recomendada tambi\u00e9n para vinos de postre.<\/p>\n<p>Fabricada a m\u00e1quina y apta para lavavajillas.<br \/>\nEl paquete contiene 2 piezas.<\/p>\n<p>Volumen: 440,0 cm<br \/>\nAltura: 235,0 mm<\/p>\n","protected":false},"excerpt":{"rendered":"<p><br data-mce-bogus=\"1\"><\/p>\n","protected":false},"featured_media":264011,"template":"","meta":{"_acf_changed":false,"inline_featured_image":false},"product_cat":[16052,16051],"product_tag":[25090,23912,21987,23662,24417,16117,16610,25023,23684],"acf":[],"yoast_head":"<!-- This site is optimized with the Yoast SEO Premium plugin v18.6 (Yoast SEO v19.13) - https:\/\/yoast.com\/wordpress\/plugins\/seo\/ -->\n<title>RIEDEL Veritas Set 2 Copas de Sauvignon Blanc - Erresse Shop<\/title>\n<meta name=\"robots\" content=\"index, follow, max-snippet:-1, max-image-preview:large, max-video-preview:-1\" \/>\n<link rel=\"canonical\" href=\"https:\/\/www.erresse-shop.it\/es\/shop\/tabla\/vino\/calices\/riedel-veritas-set-2-copas-de-sauvignon-blanc\/\" \/>\n<meta property=\"og:locale\" content=\"es_ES\" \/>\n<meta property=\"og:type\" content=\"article\" \/>\n<meta property=\"og:title\" content=\"RIEDEL Veritas Set 2 Copas de Sauvignon Blanc\" \/>\n<meta property=\"og:url\" content=\"https:\/\/www.erresse-shop.it\/es\/shop\/tabla\/vino\/calices\/riedel-veritas-set-2-copas-de-sauvignon-blanc\/\" \/>\n<meta property=\"og:site_name\" content=\"Erresse Shop\" \/>\n<meta property=\"article:modified_time\" content=\"2024-06-18T14:52:57+00:00\" \/>\n<meta property=\"og:image\" content=\"https:\/\/www.erresse-shop.it\/wp-content\/uploads\/2023\/04\/RIEDEL-Veritas-Set-2-Calici-Sauvignon-Blanc.jpg\" \/>\n\t<meta property=\"og:image:width\" content=\"800\" \/>\n\t<meta property=\"og:image:height\" content=\"800\" \/>\n\t<meta property=\"og:image:type\" content=\"image\/jpeg\" \/>\n<meta name=\"twitter:card\" content=\"summary_large_image\" \/>\n<script type=\"application\/ld+json\" class=\"yoast-schema-graph\">{\"@context\":\"https:\/\/schema.org\",\"@graph\":[{\"@type\":\"WebPage\",\"@id\":\"https:\/\/www.erresse-shop.it\/es\/shop\/tabla\/vino\/calices\/riedel-veritas-set-2-copas-de-sauvignon-blanc\/\",\"url\":\"https:\/\/www.erresse-shop.it\/es\/shop\/tabla\/vino\/calices\/riedel-veritas-set-2-copas-de-sauvignon-blanc\/\",\"name\":\"RIEDEL Veritas Set 2 Copas de Sauvignon Blanc - Erresse Shop\",\"isPartOf\":{\"@id\":\"https:\/\/www.erresse-shop.it\/es\/#website\"},\"datePublished\":\"2023-04-26T14:27:49+00:00\",\"dateModified\":\"2024-06-18T14:52:57+00:00\",\"breadcrumb\":{\"@id\":\"https:\/\/www.erresse-shop.it\/es\/shop\/tabla\/vino\/calices\/riedel-veritas-set-2-copas-de-sauvignon-blanc\/#breadcrumb\"},\"inLanguage\":\"es\",\"potentialAction\":[{\"@type\":\"ReadAction\",\"target\":[\"https:\/\/www.erresse-shop.it\/es\/shop\/tabla\/vino\/calices\/riedel-veritas-set-2-copas-de-sauvignon-blanc\/\"]}]},{\"@type\":\"BreadcrumbList\",\"@id\":\"https:\/\/www.erresse-shop.it\/es\/shop\/tabla\/vino\/calices\/riedel-veritas-set-2-copas-de-sauvignon-blanc\/#breadcrumb\",\"itemListElement\":[{\"@type\":\"ListItem\",\"position\":1,\"name\":\"Home\",\"item\":\"https:\/\/www.erresse-shop.it\/es\/\"},{\"@type\":\"ListItem\",\"position\":2,\"name\":\"Shop\",\"item\":\"https:\/\/www.erresse-shop.it\/es\/shop\/\"},{\"@type\":\"ListItem\",\"position\":3,\"name\":\"RIEDEL Veritas Set 2 Copas de Sauvignon Blanc\"}]},{\"@type\":\"WebSite\",\"@id\":\"https:\/\/www.erresse-shop.it\/es\/#website\",\"url\":\"https:\/\/www.erresse-shop.it\/es\/\",\"name\":\"Erresse Shop\",\"description\":\"Articoli di qualit\u00e0 per la casa\",\"potentialAction\":[{\"@type\":\"SearchAction\",\"target\":{\"@type\":\"EntryPoint\",\"urlTemplate\":\"https:\/\/www.erresse-shop.it\/es\/?s={search_term_string}\"},\"query-input\":\"required name=search_term_string\"}],\"inLanguage\":\"es\"}]}<\/script>\n<!-- \/ Yoast SEO Premium plugin. -->","yoast_head_json":{"title":"RIEDEL Veritas Set 2 Copas de Sauvignon Blanc - Erresse Shop","robots":{"index":"index","follow":"follow","max-snippet":"max-snippet:-1","max-image-preview":"max-image-preview:large","max-video-preview":"max-video-preview:-1"},"canonical":"https:\/\/www.erresse-shop.it\/es\/shop\/tabla\/vino\/calices\/riedel-veritas-set-2-copas-de-sauvignon-blanc\/","og_locale":"es_ES","og_type":"article","og_title":"RIEDEL Veritas Set 2 Copas de Sauvignon Blanc","og_url":"https:\/\/www.erresse-shop.it\/es\/shop\/tabla\/vino\/calices\/riedel-veritas-set-2-copas-de-sauvignon-blanc\/","og_site_name":"Erresse Shop","article_modified_time":"2024-06-18T14:52:57+00:00","og_image":[{"width":800,"height":800,"url":"https:\/\/www.erresse-shop.it\/wp-content\/uploads\/2023\/04\/RIEDEL-Veritas-Set-2-Calici-Sauvignon-Blanc.jpg","type":"image\/jpeg"}],"twitter_card":"summary_large_image","schema":{"@context":"https:\/\/schema.org","@graph":[{"@type":"WebPage","@id":"https:\/\/www.erresse-shop.it\/es\/shop\/tabla\/vino\/calices\/riedel-veritas-set-2-copas-de-sauvignon-blanc\/","url":"https:\/\/www.erresse-shop.it\/es\/shop\/tabla\/vino\/calices\/riedel-veritas-set-2-copas-de-sauvignon-blanc\/","name":"RIEDEL Veritas Set 2 Copas de Sauvignon Blanc - Erresse Shop","isPartOf":{"@id":"https:\/\/www.erresse-shop.it\/es\/#website"},"datePublished":"2023-04-26T14:27:49+00:00","dateModified":"2024-06-18T14:52:57+00:00","breadcrumb":{"@id":"https:\/\/www.erresse-shop.it\/es\/shop\/tabla\/vino\/calices\/riedel-veritas-set-2-copas-de-sauvignon-blanc\/#breadcrumb"},"inLanguage":"es","potentialAction":[{"@type":"ReadAction","target":["https:\/\/www.erresse-shop.it\/es\/shop\/tabla\/vino\/calices\/riedel-veritas-set-2-copas-de-sauvignon-blanc\/"]}]},{"@type":"BreadcrumbList","@id":"https:\/\/www.erresse-shop.it\/es\/shop\/tabla\/vino\/calices\/riedel-veritas-set-2-copas-de-sauvignon-blanc\/#breadcrumb","itemListElement":[{"@type":"ListItem","position":1,"name":"Home","item":"https:\/\/www.erresse-shop.it\/es\/"},{"@type":"ListItem","position":2,"name":"Shop","item":"https:\/\/www.erresse-shop.it\/es\/shop\/"},{"@type":"ListItem","position":3,"name":"RIEDEL Veritas Set 2 Copas de Sauvignon Blanc"}]},{"@type":"WebSite","@id":"https:\/\/www.erresse-shop.it\/es\/#website","url":"https:\/\/www.erresse-shop.it\/es\/","name":"Erresse Shop","description":"Articoli di qualit\u00e0 per la casa","potentialAction":[{"@type":"SearchAction","target":{"@type":"EntryPoint","urlTemplate":"https:\/\/www.erresse-shop.it\/es\/?s={search_term_string}"},"query-input":"required name=search_term_string"}],"inLanguage":"es"}]}},"df_price":26.55,"df_sale_price":26.55,"df_regular_price":59,"df_image_link":"https:\/\/www.erresse-shop.it\/wp-content\/uploads\/2023\/04\/RIEDEL-Veritas-Set-2-Calici-Sauvignon-Blanc-300x300.jpg","_links":{"self":[{"href":"https:\/\/www.erresse-shop.it\/es\/wp-json\/wp\/v2\/product\/263983"}],"collection":[{"href":"https:\/\/www.erresse-shop.it\/es\/wp-json\/wp\/v2\/product"}],"about":[{"href":"https:\/\/www.erresse-shop.it\/es\/wp-json\/wp\/v2\/types\/product"}],"wp:featuredmedia":[{"embeddable":true,"href":"https:\/\/www.erresse-shop.it\/es\/wp-json\/wp\/v2\/media\/264011"}],"wp:attachment":[{"href":"https:\/\/www.erresse-shop.it\/es\/wp-json\/wp\/v2\/media?parent=263983"}],"wp:term":[{"taxonomy":"product_cat","embeddable":true,"href":"https:\/\/www.erresse-shop.it\/es\/wp-json\/wp\/v2\/product_cat?post=263983"},{"taxonomy":"product_tag","embeddable":true,"href":"https:\/\/www.erresse-shop.it\/es\/wp-json\/wp\/v2\/product_tag?post=263983"}],"curies":[{"name":"wp","href":"https:\/\/api.w.org\/{rel}","templated":true}]}}