{"id":263755,"date":"2023-04-26T13:09:00","date_gmt":"2023-04-26T13:09:05","guid":{"rendered":"https:\/\/www.erresse-shop.it\/?post_type=product&#038;p=263755"},"modified":"2024-06-18T14:52:57","modified_gmt":"2024-06-18T14:52:57","slug":"riedel-veritas-set-2-copas-de-vino-tinto-cabernet-merlot","status":"publish","type":"product","link":"https:\/\/www.erresse-shop.it\/es\/shop\/tabla\/vino\/calices\/riedel-veritas-set-2-copas-de-vino-tinto-cabernet-merlot\/","title":{"rendered":"RIEDEL Veritas Set 2 Copas de Vino Tinto Cabernet\/Merlot"},"content":{"rendered":"<p>La revolucionaria serie <strong>RIEDEL<\/strong> Veritas debut\u00f3 en 2014, marcando una vez m\u00e1s la pauta en la producci\u00f3n de vidrio. Georg J. Riedel, perteneciente a la d\u00e9cima generaci\u00f3n de la familia, encarg\u00f3 a los expertos de renombre mundial de la marca la creaci\u00f3n de una serie que fuera impresionante en apariencia, un placer en la mano y competitiva en precio. Y lo han conseguido con creces, creando una colecci\u00f3n de copas de vino para el siglo XXI.<\/p>\n<p>La copa <strong>Cabernet<\/strong> es perfecta para vinos tintos complejos, con cuerpo y taninos intensos.<\/p>\n<p>El generoso tama\u00f1o de la copa permite que el bouquet se exprese plenamente y suaviza los bordes m\u00e1s \u00e1speros. Resalta el car\u00e1cter afrutado reduciendo el amargor de los taninos y hace que los vinos est\u00e9n perfectamente equilibrados.<\/p>\n<p>Fabricado a m\u00e1quina y apto para lavavajillas.<br \/>\nEl paquete contiene 2 piezas.<\/p>\n<p>Volumen: 709,0 cm<br \/>\nAltura: 235,0 mm<\/p>\n","protected":false},"excerpt":{"rendered":"<p><br data-mce-bogus=\"1\"><\/p>\n","protected":false},"featured_media":263818,"template":"","meta":{"_acf_changed":false,"inline_featured_image":false},"product_cat":[16052,16051],"product_tag":[25090,23912,21987,23662,24417,16117,16610,25023,23684],"acf":[],"yoast_head":"<!-- This site is optimized with the Yoast SEO Premium plugin v18.6 (Yoast SEO v19.13) - https:\/\/yoast.com\/wordpress\/plugins\/seo\/ -->\n<title>RIEDEL Veritas Set 2 Copas de Vino Tinto Cabernet\/Merlot - Erresse Shop<\/title>\n<meta name=\"robots\" content=\"index, follow, max-snippet:-1, max-image-preview:large, max-video-preview:-1\" \/>\n<link rel=\"canonical\" href=\"https:\/\/www.erresse-shop.it\/es\/shop\/tabla\/vino\/calices\/riedel-veritas-set-2-copas-de-vino-tinto-cabernet-merlot\/\" \/>\n<meta property=\"og:locale\" content=\"es_ES\" \/>\n<meta property=\"og:type\" content=\"article\" \/>\n<meta property=\"og:title\" content=\"RIEDEL Veritas Set 2 Copas de Vino Tinto Cabernet\/Merlot\" \/>\n<meta property=\"og:url\" content=\"https:\/\/www.erresse-shop.it\/es\/shop\/tabla\/vino\/calices\/riedel-veritas-set-2-copas-de-vino-tinto-cabernet-merlot\/\" \/>\n<meta property=\"og:site_name\" content=\"Erresse Shop\" \/>\n<meta property=\"article:modified_time\" content=\"2024-06-18T14:52:57+00:00\" \/>\n<meta property=\"og:image\" content=\"https:\/\/www.erresse-shop.it\/wp-content\/uploads\/2023\/04\/RIEDEL-Veritas-Set-2-Calici-Cabernet-Merlot.jpg\" \/>\n\t<meta property=\"og:image:width\" content=\"800\" \/>\n\t<meta property=\"og:image:height\" content=\"800\" \/>\n\t<meta property=\"og:image:type\" content=\"image\/jpeg\" \/>\n<meta name=\"twitter:card\" content=\"summary_large_image\" \/>\n<script type=\"application\/ld+json\" class=\"yoast-schema-graph\">{\"@context\":\"https:\/\/schema.org\",\"@graph\":[{\"@type\":\"WebPage\",\"@id\":\"https:\/\/www.erresse-shop.it\/es\/shop\/tabla\/vino\/calices\/riedel-veritas-set-2-copas-de-vino-tinto-cabernet-merlot\/\",\"url\":\"https:\/\/www.erresse-shop.it\/es\/shop\/tabla\/vino\/calices\/riedel-veritas-set-2-copas-de-vino-tinto-cabernet-merlot\/\",\"name\":\"RIEDEL Veritas Set 2 Copas de Vino Tinto Cabernet\/Merlot - Erresse Shop\",\"isPartOf\":{\"@id\":\"https:\/\/www.erresse-shop.it\/es\/#website\"},\"datePublished\":\"2023-04-26T13:09:05+00:00\",\"dateModified\":\"2024-06-18T14:52:57+00:00\",\"breadcrumb\":{\"@id\":\"https:\/\/www.erresse-shop.it\/es\/shop\/tabla\/vino\/calices\/riedel-veritas-set-2-copas-de-vino-tinto-cabernet-merlot\/#breadcrumb\"},\"inLanguage\":\"es\",\"potentialAction\":[{\"@type\":\"ReadAction\",\"target\":[\"https:\/\/www.erresse-shop.it\/es\/shop\/tabla\/vino\/calices\/riedel-veritas-set-2-copas-de-vino-tinto-cabernet-merlot\/\"]}]},{\"@type\":\"BreadcrumbList\",\"@id\":\"https:\/\/www.erresse-shop.it\/es\/shop\/tabla\/vino\/calices\/riedel-veritas-set-2-copas-de-vino-tinto-cabernet-merlot\/#breadcrumb\",\"itemListElement\":[{\"@type\":\"ListItem\",\"position\":1,\"name\":\"Home\",\"item\":\"https:\/\/www.erresse-shop.it\/es\/\"},{\"@type\":\"ListItem\",\"position\":2,\"name\":\"Shop\",\"item\":\"https:\/\/www.erresse-shop.it\/es\/shop\/\"},{\"@type\":\"ListItem\",\"position\":3,\"name\":\"RIEDEL Veritas Set 2 Copas de Vino Tinto Cabernet\/Merlot\"}]},{\"@type\":\"WebSite\",\"@id\":\"https:\/\/www.erresse-shop.it\/es\/#website\",\"url\":\"https:\/\/www.erresse-shop.it\/es\/\",\"name\":\"Erresse Shop\",\"description\":\"Articoli di qualit\u00e0 per la casa\",\"potentialAction\":[{\"@type\":\"SearchAction\",\"target\":{\"@type\":\"EntryPoint\",\"urlTemplate\":\"https:\/\/www.erresse-shop.it\/es\/?s={search_term_string}\"},\"query-input\":\"required name=search_term_string\"}],\"inLanguage\":\"es\"}]}<\/script>\n<!-- \/ Yoast SEO Premium plugin. -->","yoast_head_json":{"title":"RIEDEL Veritas Set 2 Copas de Vino Tinto Cabernet\/Merlot - Erresse Shop","robots":{"index":"index","follow":"follow","max-snippet":"max-snippet:-1","max-image-preview":"max-image-preview:large","max-video-preview":"max-video-preview:-1"},"canonical":"https:\/\/www.erresse-shop.it\/es\/shop\/tabla\/vino\/calices\/riedel-veritas-set-2-copas-de-vino-tinto-cabernet-merlot\/","og_locale":"es_ES","og_type":"article","og_title":"RIEDEL Veritas Set 2 Copas de Vino Tinto Cabernet\/Merlot","og_url":"https:\/\/www.erresse-shop.it\/es\/shop\/tabla\/vino\/calices\/riedel-veritas-set-2-copas-de-vino-tinto-cabernet-merlot\/","og_site_name":"Erresse Shop","article_modified_time":"2024-06-18T14:52:57+00:00","og_image":[{"width":800,"height":800,"url":"https:\/\/www.erresse-shop.it\/wp-content\/uploads\/2023\/04\/RIEDEL-Veritas-Set-2-Calici-Cabernet-Merlot.jpg","type":"image\/jpeg"}],"twitter_card":"summary_large_image","schema":{"@context":"https:\/\/schema.org","@graph":[{"@type":"WebPage","@id":"https:\/\/www.erresse-shop.it\/es\/shop\/tabla\/vino\/calices\/riedel-veritas-set-2-copas-de-vino-tinto-cabernet-merlot\/","url":"https:\/\/www.erresse-shop.it\/es\/shop\/tabla\/vino\/calices\/riedel-veritas-set-2-copas-de-vino-tinto-cabernet-merlot\/","name":"RIEDEL Veritas Set 2 Copas de Vino Tinto Cabernet\/Merlot - Erresse Shop","isPartOf":{"@id":"https:\/\/www.erresse-shop.it\/es\/#website"},"datePublished":"2023-04-26T13:09:05+00:00","dateModified":"2024-06-18T14:52:57+00:00","breadcrumb":{"@id":"https:\/\/www.erresse-shop.it\/es\/shop\/tabla\/vino\/calices\/riedel-veritas-set-2-copas-de-vino-tinto-cabernet-merlot\/#breadcrumb"},"inLanguage":"es","potentialAction":[{"@type":"ReadAction","target":["https:\/\/www.erresse-shop.it\/es\/shop\/tabla\/vino\/calices\/riedel-veritas-set-2-copas-de-vino-tinto-cabernet-merlot\/"]}]},{"@type":"BreadcrumbList","@id":"https:\/\/www.erresse-shop.it\/es\/shop\/tabla\/vino\/calices\/riedel-veritas-set-2-copas-de-vino-tinto-cabernet-merlot\/#breadcrumb","itemListElement":[{"@type":"ListItem","position":1,"name":"Home","item":"https:\/\/www.erresse-shop.it\/es\/"},{"@type":"ListItem","position":2,"name":"Shop","item":"https:\/\/www.erresse-shop.it\/es\/shop\/"},{"@type":"ListItem","position":3,"name":"RIEDEL Veritas Set 2 Copas de Vino Tinto Cabernet\/Merlot"}]},{"@type":"WebSite","@id":"https:\/\/www.erresse-shop.it\/es\/#website","url":"https:\/\/www.erresse-shop.it\/es\/","name":"Erresse Shop","description":"Articoli di qualit\u00e0 per la casa","potentialAction":[{"@type":"SearchAction","target":{"@type":"EntryPoint","urlTemplate":"https:\/\/www.erresse-shop.it\/es\/?s={search_term_string}"},"query-input":"required name=search_term_string"}],"inLanguage":"es"}]}},"df_price":26.55,"df_sale_price":26.55,"df_regular_price":59,"df_image_link":"https:\/\/www.erresse-shop.it\/wp-content\/uploads\/2023\/04\/RIEDEL-Veritas-Set-2-Calici-Cabernet-Merlot-300x300.jpg","_links":{"self":[{"href":"https:\/\/www.erresse-shop.it\/es\/wp-json\/wp\/v2\/product\/263755"}],"collection":[{"href":"https:\/\/www.erresse-shop.it\/es\/wp-json\/wp\/v2\/product"}],"about":[{"href":"https:\/\/www.erresse-shop.it\/es\/wp-json\/wp\/v2\/types\/product"}],"wp:featuredmedia":[{"embeddable":true,"href":"https:\/\/www.erresse-shop.it\/es\/wp-json\/wp\/v2\/media\/263818"}],"wp:attachment":[{"href":"https:\/\/www.erresse-shop.it\/es\/wp-json\/wp\/v2\/media?parent=263755"}],"wp:term":[{"taxonomy":"product_cat","embeddable":true,"href":"https:\/\/www.erresse-shop.it\/es\/wp-json\/wp\/v2\/product_cat?post=263755"},{"taxonomy":"product_tag","embeddable":true,"href":"https:\/\/www.erresse-shop.it\/es\/wp-json\/wp\/v2\/product_tag?post=263755"}],"curies":[{"name":"wp","href":"https:\/\/api.w.org\/{rel}","templated":true}]}}