{"id":263702,"date":"2023-04-26T12:28:49","date_gmt":"2023-04-26T12:28:53","guid":{"rendered":"https:\/\/www.erresse-shop.it\/?post_type=product&#038;p=263702"},"modified":"2024-06-11T00:01:28","modified_gmt":"2024-06-11T00:01:28","slug":"riedel-ultra-decantador-magnum","status":"publish","type":"product","link":"https:\/\/www.erresse-shop.it\/es\/shop\/tabla\/vino\/decantadores\/riedel-ultra-decantador-magnum\/","title":{"rendered":"RIEDEL Ultra Decantador Magnum"},"content":{"rendered":"<p><strong>RIEDEL<\/strong> ofrece una amplia gama de elegantes decantadores de vidrio soplado que se adaptan a todos los estilos de vida. Un decantador es un art\u00edculo imprescindible para cualquier amante del vino, y todos los decantadores RIEDEL est\u00e1n hechos de cristal fino para dar a los vinos de calidad el tratamiento que se merecen. Tanto los vinos a\u00f1ejos como los j\u00f3venes pueden beneficiarse de la decantaci\u00f3n, ya sea para eliminar sedimentos o para hacerlos m\u00e1s suaves y redondos.<\/p>\n<p>El dise\u00f1o de <strong>Ultra<\/strong> recuerda al estilo tradicional, con sus curvas sinuosas y su base ancha. Gracias a su tama\u00f1o, este decantador es perfecto para servir vinos j\u00f3venes, ya que tiene una superficie generosa que permite que el vino quede expuesto al ox\u00edgeno tras la decantaci\u00f3n.<\/p>\n<p>Este decantador puede contener una botella magnum de vino.<\/p>\n<p>Nuestros maestros vidrieros elaboran a mano cada art\u00edculo, por lo que cada pieza posee un car\u00e1cter \u00fanico. Debido a la naturaleza del proceso de fabricaci\u00f3n, puede haber peque\u00f1as diferencias en el tama\u00f1o y el peso de cada art\u00edculo, burbujas, imperfecciones o ligeras variaciones en la superficie.<\/p>\n<p>Hecho a mano. Lavar a mano.Volumen: 2000,0 cm<br \/>\nAltura: 240,0 mm<\/p>\n","protected":false},"excerpt":{"rendered":"<p>RIEDEL ofrece una amplia gama de elegantes decantadores de vidrio soplado que se adaptan a todos los estilos de vida.<\/p>\n","protected":false},"featured_media":506820,"template":"","meta":{"_acf_changed":false,"inline_featured_image":false},"product_cat":[18541,16027,16051],"product_tag":[25090,22552,25023,16308,23684],"acf":[],"yoast_head":"<!-- This site is optimized with the Yoast SEO Premium plugin v18.6 (Yoast SEO v19.13) - https:\/\/yoast.com\/wordpress\/plugins\/seo\/ -->\n<title>RIEDEL Ultra Decantador Magnum - Erresse Shop<\/title>\n<meta name=\"description\" content=\"RIEDEL ofrece una amplia gama de elegantes decantadores de vidrio soplado que se adaptan a todos los estilos de vida. Un decantador es un art\u00edculo\" \/>\n<meta name=\"robots\" content=\"index, follow, max-snippet:-1, max-image-preview:large, max-video-preview:-1\" \/>\n<link rel=\"canonical\" href=\"https:\/\/www.erresse-shop.it\/es\/shop\/tabla\/vino\/decantadores\/riedel-ultra-decantador-magnum\/\" \/>\n<meta property=\"og:locale\" content=\"es_ES\" \/>\n<meta property=\"og:type\" content=\"article\" \/>\n<meta property=\"og:title\" content=\"RIEDEL Ultra Decantador Magnum\" \/>\n<meta property=\"og:description\" content=\"RIEDEL ofrece una amplia gama de elegantes decantadores de vidrio soplado que se adaptan a todos los estilos de vida. Un decantador es un art\u00edculo\" \/>\n<meta property=\"og:url\" content=\"https:\/\/www.erresse-shop.it\/es\/shop\/tabla\/vino\/decantadores\/riedel-ultra-decantador-magnum\/\" \/>\n<meta property=\"og:site_name\" content=\"Erresse Shop\" \/>\n<meta property=\"article:modified_time\" content=\"2024-06-11T00:01:28+00:00\" \/>\n<meta property=\"og:image\" content=\"https:\/\/www.erresse-shop.it\/wp-content\/uploads\/2023\/04\/RIEDEL-Ultra-Decanter-Magnum.jpg\" \/>\n\t<meta property=\"og:image:width\" content=\"800\" \/>\n\t<meta property=\"og:image:height\" content=\"800\" \/>\n\t<meta property=\"og:image:type\" content=\"image\/jpeg\" \/>\n<meta name=\"twitter:card\" content=\"summary_large_image\" \/>\n<script type=\"application\/ld+json\" class=\"yoast-schema-graph\">{\"@context\":\"https:\/\/schema.org\",\"@graph\":[{\"@type\":\"WebPage\",\"@id\":\"https:\/\/www.erresse-shop.it\/es\/shop\/tabla\/vino\/decantadores\/riedel-ultra-decantador-magnum\/\",\"url\":\"https:\/\/www.erresse-shop.it\/es\/shop\/tabla\/vino\/decantadores\/riedel-ultra-decantador-magnum\/\",\"name\":\"RIEDEL Ultra Decantador Magnum - Erresse Shop\",\"isPartOf\":{\"@id\":\"https:\/\/www.erresse-shop.it\/es\/#website\"},\"datePublished\":\"2023-04-26T12:28:53+00:00\",\"dateModified\":\"2024-06-11T00:01:28+00:00\",\"description\":\"RIEDEL ofrece una amplia gama de elegantes decantadores de vidrio soplado que se adaptan a todos los estilos de vida. Un decantador es un art\u00edculo\",\"breadcrumb\":{\"@id\":\"https:\/\/www.erresse-shop.it\/es\/shop\/tabla\/vino\/decantadores\/riedel-ultra-decantador-magnum\/#breadcrumb\"},\"inLanguage\":\"es\",\"potentialAction\":[{\"@type\":\"ReadAction\",\"target\":[\"https:\/\/www.erresse-shop.it\/es\/shop\/tabla\/vino\/decantadores\/riedel-ultra-decantador-magnum\/\"]}]},{\"@type\":\"BreadcrumbList\",\"@id\":\"https:\/\/www.erresse-shop.it\/es\/shop\/tabla\/vino\/decantadores\/riedel-ultra-decantador-magnum\/#breadcrumb\",\"itemListElement\":[{\"@type\":\"ListItem\",\"position\":1,\"name\":\"Home\",\"item\":\"https:\/\/www.erresse-shop.it\/es\/\"},{\"@type\":\"ListItem\",\"position\":2,\"name\":\"Shop\",\"item\":\"https:\/\/www.erresse-shop.it\/es\/shop\/\"},{\"@type\":\"ListItem\",\"position\":3,\"name\":\"RIEDEL Ultra Decantador Magnum\"}]},{\"@type\":\"WebSite\",\"@id\":\"https:\/\/www.erresse-shop.it\/es\/#website\",\"url\":\"https:\/\/www.erresse-shop.it\/es\/\",\"name\":\"Erresse Shop\",\"description\":\"Articoli di qualit\u00e0 per la casa\",\"potentialAction\":[{\"@type\":\"SearchAction\",\"target\":{\"@type\":\"EntryPoint\",\"urlTemplate\":\"https:\/\/www.erresse-shop.it\/es\/?s={search_term_string}\"},\"query-input\":\"required name=search_term_string\"}],\"inLanguage\":\"es\"}]}<\/script>\n<!-- \/ Yoast SEO Premium plugin. -->","yoast_head_json":{"title":"RIEDEL Ultra Decantador Magnum - Erresse Shop","description":"RIEDEL ofrece una amplia gama de elegantes decantadores de vidrio soplado que se adaptan a todos los estilos de vida. Un decantador es un art\u00edculo","robots":{"index":"index","follow":"follow","max-snippet":"max-snippet:-1","max-image-preview":"max-image-preview:large","max-video-preview":"max-video-preview:-1"},"canonical":"https:\/\/www.erresse-shop.it\/es\/shop\/tabla\/vino\/decantadores\/riedel-ultra-decantador-magnum\/","og_locale":"es_ES","og_type":"article","og_title":"RIEDEL Ultra Decantador Magnum","og_description":"RIEDEL ofrece una amplia gama de elegantes decantadores de vidrio soplado que se adaptan a todos los estilos de vida. Un decantador es un art\u00edculo","og_url":"https:\/\/www.erresse-shop.it\/es\/shop\/tabla\/vino\/decantadores\/riedel-ultra-decantador-magnum\/","og_site_name":"Erresse Shop","article_modified_time":"2024-06-11T00:01:28+00:00","og_image":[{"width":800,"height":800,"url":"https:\/\/www.erresse-shop.it\/wp-content\/uploads\/2023\/04\/RIEDEL-Ultra-Decanter-Magnum.jpg","type":"image\/jpeg"}],"twitter_card":"summary_large_image","schema":{"@context":"https:\/\/schema.org","@graph":[{"@type":"WebPage","@id":"https:\/\/www.erresse-shop.it\/es\/shop\/tabla\/vino\/decantadores\/riedel-ultra-decantador-magnum\/","url":"https:\/\/www.erresse-shop.it\/es\/shop\/tabla\/vino\/decantadores\/riedel-ultra-decantador-magnum\/","name":"RIEDEL Ultra Decantador Magnum - Erresse Shop","isPartOf":{"@id":"https:\/\/www.erresse-shop.it\/es\/#website"},"datePublished":"2023-04-26T12:28:53+00:00","dateModified":"2024-06-11T00:01:28+00:00","description":"RIEDEL ofrece una amplia gama de elegantes decantadores de vidrio soplado que se adaptan a todos los estilos de vida. Un decantador es un art\u00edculo","breadcrumb":{"@id":"https:\/\/www.erresse-shop.it\/es\/shop\/tabla\/vino\/decantadores\/riedel-ultra-decantador-magnum\/#breadcrumb"},"inLanguage":"es","potentialAction":[{"@type":"ReadAction","target":["https:\/\/www.erresse-shop.it\/es\/shop\/tabla\/vino\/decantadores\/riedel-ultra-decantador-magnum\/"]}]},{"@type":"BreadcrumbList","@id":"https:\/\/www.erresse-shop.it\/es\/shop\/tabla\/vino\/decantadores\/riedel-ultra-decantador-magnum\/#breadcrumb","itemListElement":[{"@type":"ListItem","position":1,"name":"Home","item":"https:\/\/www.erresse-shop.it\/es\/"},{"@type":"ListItem","position":2,"name":"Shop","item":"https:\/\/www.erresse-shop.it\/es\/shop\/"},{"@type":"ListItem","position":3,"name":"RIEDEL Ultra Decantador Magnum"}]},{"@type":"WebSite","@id":"https:\/\/www.erresse-shop.it\/es\/#website","url":"https:\/\/www.erresse-shop.it\/es\/","name":"Erresse Shop","description":"Articoli di qualit\u00e0 per la casa","potentialAction":[{"@type":"SearchAction","target":{"@type":"EntryPoint","urlTemplate":"https:\/\/www.erresse-shop.it\/es\/?s={search_term_string}"},"query-input":"required name=search_term_string"}],"inLanguage":"es"}]}},"df_price":85.05,"df_sale_price":85.05,"df_regular_price":189,"df_image_link":"https:\/\/www.erresse-shop.it\/wp-content\/uploads\/2023\/04\/RIEDEL-Ultra-Decanter-Magnum-1-300x300.jpg","_links":{"self":[{"href":"https:\/\/www.erresse-shop.it\/es\/wp-json\/wp\/v2\/product\/263702"}],"collection":[{"href":"https:\/\/www.erresse-shop.it\/es\/wp-json\/wp\/v2\/product"}],"about":[{"href":"https:\/\/www.erresse-shop.it\/es\/wp-json\/wp\/v2\/types\/product"}],"wp:featuredmedia":[{"embeddable":true,"href":"https:\/\/www.erresse-shop.it\/es\/wp-json\/wp\/v2\/media\/506820"}],"wp:attachment":[{"href":"https:\/\/www.erresse-shop.it\/es\/wp-json\/wp\/v2\/media?parent=263702"}],"wp:term":[{"taxonomy":"product_cat","embeddable":true,"href":"https:\/\/www.erresse-shop.it\/es\/wp-json\/wp\/v2\/product_cat?post=263702"},{"taxonomy":"product_tag","embeddable":true,"href":"https:\/\/www.erresse-shop.it\/es\/wp-json\/wp\/v2\/product_tag?post=263702"}],"curies":[{"name":"wp","href":"https:\/\/api.w.org\/{rel}","templated":true}]}}