{"id":263677,"date":"2023-04-26T12:10:36","date_gmt":"2023-04-26T12:10:40","guid":{"rendered":"https:\/\/www.erresse-shop.it\/?post_type=product&#038;p=263677"},"modified":"2024-06-11T00:01:23","modified_gmt":"2024-06-11T00:01:23","slug":"riedel-cornetto-decantador","status":"publish","type":"product","link":"https:\/\/www.erresse-shop.it\/es\/shop\/tabla\/vino\/decantadores\/riedel-cornetto-decantador\/","title":{"rendered":"RIEDEL Cornetto Decantador"},"content":{"rendered":"<p><strong>RIEDEL<\/strong> ofrece una amplia gama de elegantes decantadores de vidrio soplado que se adaptan a todos los estilos de vida. Un decantador es un art\u00edculo imprescindible para cualquier amante del vino, y todos los decantadores RIEDEL est\u00e1n hechos de cristal fino para dar a los vinos de calidad el tratamiento que se merecen. Tanto los vinos a\u00f1ejos como los j\u00f3venes pueden beneficiarse de la decantaci\u00f3n, ya sea para eliminar sedimentos o para hacerlos m\u00e1s suaves y redondos.<\/p>\n<p>La serie <strong>Cornetto<\/strong> <strong>Confetti<\/strong> se inspira en el arte pop. Brillante y animada, esta colecci\u00f3n incluye cinco piezas de vivos colores.<br \/>\nLa forma alargada y estilizada del Cornetto lo hace perfecto tanto para decantar vinos j\u00f3venes como para eliminar los sedimentos de los vinos a\u00f1ejos. El dise\u00f1o estilizado de este decantador garantiza que la superficie expuesta sea m\u00ednima, de modo que los vinos a\u00f1ejos m\u00e1s delicados no sufran una exposici\u00f3n excesiva al ox\u00edgeno.<\/p>\n<p>Este decantador tiene capacidad para una botella magnum de vino.<\/p>\n<p>Hecho a mano. Lavar a mano.<\/p>\n<p>Volumen: 1850,0 cm<br \/>\nAltura: 425,0 mm<\/p>\n","protected":false},"excerpt":{"rendered":"<p>RIEDEL ofrece una amplia gama de elegantes decantadores de vidrio soplado que se adaptan a todos los estilos de vida.<\/p>\n","protected":false},"featured_media":506807,"template":"","meta":{"_acf_changed":false,"inline_featured_image":false},"product_cat":[18541,16027,16051],"product_tag":[25090,22552,25023,16308,23684],"acf":[],"yoast_head":"<!-- This site is optimized with the Yoast SEO Premium plugin v18.6 (Yoast SEO v19.13) - https:\/\/yoast.com\/wordpress\/plugins\/seo\/ -->\n<title>RIEDEL Cornetto Decantador - Erresse Shop<\/title>\n<meta name=\"description\" content=\"RIEDEL ofrece una amplia gama de elegantes decantadores de vidrio soplado que se adaptan a todos los estilos de vida. Un decantador es un art\u00edculo\" \/>\n<meta name=\"robots\" content=\"index, follow, max-snippet:-1, max-image-preview:large, max-video-preview:-1\" \/>\n<link rel=\"canonical\" href=\"https:\/\/www.erresse-shop.it\/es\/shop\/tabla\/vino\/decantadores\/riedel-cornetto-decantador\/\" \/>\n<meta property=\"og:locale\" content=\"es_ES\" \/>\n<meta property=\"og:type\" content=\"article\" \/>\n<meta property=\"og:title\" content=\"RIEDEL Cornetto Decantador\" \/>\n<meta property=\"og:description\" content=\"RIEDEL ofrece una amplia gama de elegantes decantadores de vidrio soplado que se adaptan a todos los estilos de vida. Un decantador es un art\u00edculo\" \/>\n<meta property=\"og:url\" content=\"https:\/\/www.erresse-shop.it\/es\/shop\/tabla\/vino\/decantadores\/riedel-cornetto-decantador\/\" \/>\n<meta property=\"og:site_name\" content=\"Erresse Shop\" \/>\n<meta property=\"article:modified_time\" content=\"2024-06-11T00:01:23+00:00\" \/>\n<meta property=\"og:image\" content=\"https:\/\/www.erresse-shop.it\/wp-content\/uploads\/2023\/04\/RIEDEL-Cornetto-Decanter.jpg\" \/>\n\t<meta property=\"og:image:width\" content=\"800\" \/>\n\t<meta property=\"og:image:height\" content=\"800\" \/>\n\t<meta property=\"og:image:type\" content=\"image\/jpeg\" \/>\n<meta name=\"twitter:card\" content=\"summary_large_image\" \/>\n<script type=\"application\/ld+json\" class=\"yoast-schema-graph\">{\"@context\":\"https:\/\/schema.org\",\"@graph\":[{\"@type\":\"WebPage\",\"@id\":\"https:\/\/www.erresse-shop.it\/es\/shop\/tabla\/vino\/decantadores\/riedel-cornetto-decantador\/\",\"url\":\"https:\/\/www.erresse-shop.it\/es\/shop\/tabla\/vino\/decantadores\/riedel-cornetto-decantador\/\",\"name\":\"RIEDEL Cornetto Decantador - Erresse Shop\",\"isPartOf\":{\"@id\":\"https:\/\/www.erresse-shop.it\/es\/#website\"},\"datePublished\":\"2023-04-26T12:10:40+00:00\",\"dateModified\":\"2024-06-11T00:01:23+00:00\",\"description\":\"RIEDEL ofrece una amplia gama de elegantes decantadores de vidrio soplado que se adaptan a todos los estilos de vida. Un decantador es un art\u00edculo\",\"breadcrumb\":{\"@id\":\"https:\/\/www.erresse-shop.it\/es\/shop\/tabla\/vino\/decantadores\/riedel-cornetto-decantador\/#breadcrumb\"},\"inLanguage\":\"es\",\"potentialAction\":[{\"@type\":\"ReadAction\",\"target\":[\"https:\/\/www.erresse-shop.it\/es\/shop\/tabla\/vino\/decantadores\/riedel-cornetto-decantador\/\"]}]},{\"@type\":\"BreadcrumbList\",\"@id\":\"https:\/\/www.erresse-shop.it\/es\/shop\/tabla\/vino\/decantadores\/riedel-cornetto-decantador\/#breadcrumb\",\"itemListElement\":[{\"@type\":\"ListItem\",\"position\":1,\"name\":\"Home\",\"item\":\"https:\/\/www.erresse-shop.it\/es\/\"},{\"@type\":\"ListItem\",\"position\":2,\"name\":\"Shop\",\"item\":\"https:\/\/www.erresse-shop.it\/es\/shop\/\"},{\"@type\":\"ListItem\",\"position\":3,\"name\":\"RIEDEL Cornetto Decantador\"}]},{\"@type\":\"WebSite\",\"@id\":\"https:\/\/www.erresse-shop.it\/es\/#website\",\"url\":\"https:\/\/www.erresse-shop.it\/es\/\",\"name\":\"Erresse Shop\",\"description\":\"Articoli di qualit\u00e0 per la casa\",\"potentialAction\":[{\"@type\":\"SearchAction\",\"target\":{\"@type\":\"EntryPoint\",\"urlTemplate\":\"https:\/\/www.erresse-shop.it\/es\/?s={search_term_string}\"},\"query-input\":\"required name=search_term_string\"}],\"inLanguage\":\"es\"}]}<\/script>\n<!-- \/ Yoast SEO Premium plugin. -->","yoast_head_json":{"title":"RIEDEL Cornetto Decantador - Erresse Shop","description":"RIEDEL ofrece una amplia gama de elegantes decantadores de vidrio soplado que se adaptan a todos los estilos de vida. Un decantador es un art\u00edculo","robots":{"index":"index","follow":"follow","max-snippet":"max-snippet:-1","max-image-preview":"max-image-preview:large","max-video-preview":"max-video-preview:-1"},"canonical":"https:\/\/www.erresse-shop.it\/es\/shop\/tabla\/vino\/decantadores\/riedel-cornetto-decantador\/","og_locale":"es_ES","og_type":"article","og_title":"RIEDEL Cornetto Decantador","og_description":"RIEDEL ofrece una amplia gama de elegantes decantadores de vidrio soplado que se adaptan a todos los estilos de vida. Un decantador es un art\u00edculo","og_url":"https:\/\/www.erresse-shop.it\/es\/shop\/tabla\/vino\/decantadores\/riedel-cornetto-decantador\/","og_site_name":"Erresse Shop","article_modified_time":"2024-06-11T00:01:23+00:00","og_image":[{"width":800,"height":800,"url":"https:\/\/www.erresse-shop.it\/wp-content\/uploads\/2023\/04\/RIEDEL-Cornetto-Decanter.jpg","type":"image\/jpeg"}],"twitter_card":"summary_large_image","schema":{"@context":"https:\/\/schema.org","@graph":[{"@type":"WebPage","@id":"https:\/\/www.erresse-shop.it\/es\/shop\/tabla\/vino\/decantadores\/riedel-cornetto-decantador\/","url":"https:\/\/www.erresse-shop.it\/es\/shop\/tabla\/vino\/decantadores\/riedel-cornetto-decantador\/","name":"RIEDEL Cornetto Decantador - Erresse Shop","isPartOf":{"@id":"https:\/\/www.erresse-shop.it\/es\/#website"},"datePublished":"2023-04-26T12:10:40+00:00","dateModified":"2024-06-11T00:01:23+00:00","description":"RIEDEL ofrece una amplia gama de elegantes decantadores de vidrio soplado que se adaptan a todos los estilos de vida. Un decantador es un art\u00edculo","breadcrumb":{"@id":"https:\/\/www.erresse-shop.it\/es\/shop\/tabla\/vino\/decantadores\/riedel-cornetto-decantador\/#breadcrumb"},"inLanguage":"es","potentialAction":[{"@type":"ReadAction","target":["https:\/\/www.erresse-shop.it\/es\/shop\/tabla\/vino\/decantadores\/riedel-cornetto-decantador\/"]}]},{"@type":"BreadcrumbList","@id":"https:\/\/www.erresse-shop.it\/es\/shop\/tabla\/vino\/decantadores\/riedel-cornetto-decantador\/#breadcrumb","itemListElement":[{"@type":"ListItem","position":1,"name":"Home","item":"https:\/\/www.erresse-shop.it\/es\/"},{"@type":"ListItem","position":2,"name":"Shop","item":"https:\/\/www.erresse-shop.it\/es\/shop\/"},{"@type":"ListItem","position":3,"name":"RIEDEL Cornetto Decantador"}]},{"@type":"WebSite","@id":"https:\/\/www.erresse-shop.it\/es\/#website","url":"https:\/\/www.erresse-shop.it\/es\/","name":"Erresse Shop","description":"Articoli di qualit\u00e0 per la casa","potentialAction":[{"@type":"SearchAction","target":{"@type":"EntryPoint","urlTemplate":"https:\/\/www.erresse-shop.it\/es\/?s={search_term_string}"},"query-input":"required name=search_term_string"}],"inLanguage":"es"}]}},"df_price":188,"df_sale_price":188,"df_regular_price":235,"df_image_link":"https:\/\/www.erresse-shop.it\/wp-content\/uploads\/2023\/04\/RIEDEL-Cornetto-Decanter-Magnum-300x300.jpg","_links":{"self":[{"href":"https:\/\/www.erresse-shop.it\/es\/wp-json\/wp\/v2\/product\/263677"}],"collection":[{"href":"https:\/\/www.erresse-shop.it\/es\/wp-json\/wp\/v2\/product"}],"about":[{"href":"https:\/\/www.erresse-shop.it\/es\/wp-json\/wp\/v2\/types\/product"}],"wp:featuredmedia":[{"embeddable":true,"href":"https:\/\/www.erresse-shop.it\/es\/wp-json\/wp\/v2\/media\/506807"}],"wp:attachment":[{"href":"https:\/\/www.erresse-shop.it\/es\/wp-json\/wp\/v2\/media?parent=263677"}],"wp:term":[{"taxonomy":"product_cat","embeddable":true,"href":"https:\/\/www.erresse-shop.it\/es\/wp-json\/wp\/v2\/product_cat?post=263677"},{"taxonomy":"product_tag","embeddable":true,"href":"https:\/\/www.erresse-shop.it\/es\/wp-json\/wp\/v2\/product_tag?post=263677"}],"curies":[{"name":"wp","href":"https:\/\/api.w.org\/{rel}","templated":true}]}}