{"id":261945,"date":"2023-04-20T10:37:50","date_gmt":"2023-04-20T10:37:52","guid":{"rendered":"https:\/\/www.erresse-shop.it\/?post_type=product&#038;p=261945"},"modified":"2024-01-10T09:26:20","modified_gmt":"2024-01-10T09:26:20","slug":"rowenta-parrilla-optigrill-xl-gr722","status":"publish","type":"product","link":"https:\/\/www.erresse-shop.it\/es\/shop\/pequenos-electrodomesticos\/parrillas-y-barbacoas\/rowenta-parrilla-optigrill-xl-gr722\/","title":{"rendered":"ROWENTA Parrilla Optigrill+ XL GR722"},"content":{"rendered":"<p>Descubre <strong>OptiGrill+<\/strong>, la \u00faltima innovaci\u00f3n de <strong>Rowenta<\/strong> que incluye un modo manual con cuatro niveles de temperatura para infinitas posibilidades de cocinado.<br \/>\nCon un 33% m\u00e1s de superficie de asado que el GR712, es la soluci\u00f3n ideal para compartir con la familia y los amigos.<br \/>\nGracias a la tecnolog\u00eda de &#8220;cocci\u00f3n autom\u00e1tica con sensores&#8221;, OptiGrill+ detecta inmediatamente el n\u00famero de porciones colocadas en el grill y su grosor, y ajusta la temperatura y el tiempo de cocci\u00f3n autom\u00e1ticamente para obtener unos resultados perfectos. El indicador luminoso y el pitido le permiten controlar directamente la cocci\u00f3n de alta precisi\u00f3n y obtener as\u00ed un resultado exactamente como a usted le gusta: poco hecho, medio hecho o bien hecho. 9 programas de cocci\u00f3n para preparar recetas a la perfecci\u00f3n. El modo de cocci\u00f3n manual adicional con 4 temperaturas ajustables le permite cocinar cualquier alimento y es ideal para preparar frutas y verduras exactamente como a usted le gustan.<br \/>\nOtras caracter\u00edsticas incluyen placas de aluminio fundido antiadherente, una superficie de cocci\u00f3n de 600 cm2 adecuada para 2-4 personas y una gran bandeja inclinada 7\u00b0 para recoger la grasa.<\/p>\n<ul>\n<li><strong>9 PROGRAMAS AUTOM\u00c1TICOS<\/strong>: Utilice los 9 programas de cocci\u00f3n (Hamburguesa, Carne Roja, Bocadillo, Salchicha, Pescado, Aves, Marisco, Bacon, Cerdo) para adaptar autom\u00e1ticamente la temperatura a cada tipo de alimento y cocinarlo como desee<\/li>\n<li><strong>MODO MANUAL Y CONGELADO:<\/strong> Utilice el modo manual con 4 niveles de temperatura ajustables para preparar diferentes tipos de carne, pescado, fruta y verdura; el grill tambi\u00e9n dispone de un modo para alimentos congelados<\/li>\n<li><strong>INDICADOR DE COCCI\u00d3N:<\/strong> La pantalla indica el progreso de la cocci\u00f3n para una cocci\u00f3n perfecta, desde poco hecha hasta bien hecha; suena un pitido en cada nivel para hacerle saber que su carne est\u00e1 lista y cocinada como a usted le gusta.<\/li>\n<li><strong>SENSOR AUTOM\u00c1TICO DE GROSOR:<\/strong> El sensor autom\u00e1tico de grosor ajusta autom\u00e1ticamente la temperatura adecuada para el tama\u00f1o y grosor de cualquier tipo de alimento en los programas indicados<\/li>\n<li><strong>GRAN SUPERFICIE:<\/strong> La superficie de cocci\u00f3n XL (40&#215;20 cm) del grill el\u00e9ctrico es adecuada para 6-8 personas y le permite cocinar para toda la familia y amigos<\/li>\n<li><strong>F\u00c1CIL DE LIMPIAR:<\/strong> Las placas de aluminio fundido de alto rendimiento, antiadherentes y extra\u00edbles est\u00e1n recubiertas de PTFE para una limpieza r\u00e1pida; tanto las placas como la bandeja recogegrasa son lavables a m\u00e1quina<\/li>\n<\/ul>\n","protected":false},"excerpt":{"rendered":"<p>Descubre OptiGrill+, la \u00faltima innovaci\u00f3n de Rowenta que incluye un modo manual con cuatro niveles de temperatura para infinitas posibilidades<\/p>\n","protected":false},"featured_media":262003,"template":"","meta":{"_acf_changed":false,"inline_featured_image":false},"product_cat":[16083,16073],"product_tag":[16167,22533,16138,16168,22543],"acf":[],"yoast_head":"<!-- This site is optimized with the Yoast SEO Premium plugin v18.6 (Yoast SEO v19.13) - https:\/\/yoast.com\/wordpress\/plugins\/seo\/ -->\n<title>ROWENTA Parrilla Optigrill+ XL GR722 - Erresse Shop<\/title>\n<meta name=\"description\" content=\"Descubre OptiGrill+, la \u00faltima innovaci\u00f3n de Rowenta que incluye un modo manual con cuatro niveles de temperatura para infinitas posibilidades de\" \/>\n<meta name=\"robots\" content=\"index, follow, max-snippet:-1, max-image-preview:large, max-video-preview:-1\" \/>\n<link rel=\"canonical\" href=\"https:\/\/www.erresse-shop.it\/es\/shop\/pequenos-electrodomesticos\/parrillas-y-barbacoas\/rowenta-parrilla-optigrill-xl-gr722\/\" \/>\n<meta property=\"og:locale\" content=\"es_ES\" \/>\n<meta property=\"og:type\" content=\"article\" \/>\n<meta property=\"og:title\" content=\"ROWENTA Parrilla Optigrill+ XL GR722\" \/>\n<meta property=\"og:description\" content=\"Descubre OptiGrill+, la \u00faltima innovaci\u00f3n de Rowenta que incluye un modo manual con cuatro niveles de temperatura para infinitas posibilidades de\" \/>\n<meta property=\"og:url\" content=\"https:\/\/www.erresse-shop.it\/es\/shop\/pequenos-electrodomesticos\/parrillas-y-barbacoas\/rowenta-parrilla-optigrill-xl-gr722\/\" \/>\n<meta property=\"og:site_name\" content=\"Erresse Shop\" \/>\n<meta property=\"article:modified_time\" content=\"2024-01-10T09:26:20+00:00\" \/>\n<meta property=\"og:image\" content=\"https:\/\/www.erresse-shop.it\/wp-content\/uploads\/2023\/04\/ROWENTA-Bistecchiera-Optigrill-XL-GR722.jpg\" \/>\n\t<meta property=\"og:image:width\" content=\"800\" \/>\n\t<meta property=\"og:image:height\" content=\"800\" \/>\n\t<meta property=\"og:image:type\" content=\"image\/jpeg\" \/>\n<meta name=\"twitter:card\" content=\"summary_large_image\" \/>\n<script type=\"application\/ld+json\" class=\"yoast-schema-graph\">{\"@context\":\"https:\/\/schema.org\",\"@graph\":[{\"@type\":\"WebPage\",\"@id\":\"https:\/\/www.erresse-shop.it\/es\/shop\/pequenos-electrodomesticos\/parrillas-y-barbacoas\/rowenta-parrilla-optigrill-xl-gr722\/\",\"url\":\"https:\/\/www.erresse-shop.it\/es\/shop\/pequenos-electrodomesticos\/parrillas-y-barbacoas\/rowenta-parrilla-optigrill-xl-gr722\/\",\"name\":\"ROWENTA Parrilla Optigrill+ XL GR722 - Erresse Shop\",\"isPartOf\":{\"@id\":\"https:\/\/www.erresse-shop.it\/es\/#website\"},\"datePublished\":\"2023-04-20T10:37:52+00:00\",\"dateModified\":\"2024-01-10T09:26:20+00:00\",\"description\":\"Descubre OptiGrill+, la \u00faltima innovaci\u00f3n de Rowenta que incluye un modo manual con cuatro niveles de temperatura para infinitas posibilidades de\",\"breadcrumb\":{\"@id\":\"https:\/\/www.erresse-shop.it\/es\/shop\/pequenos-electrodomesticos\/parrillas-y-barbacoas\/rowenta-parrilla-optigrill-xl-gr722\/#breadcrumb\"},\"inLanguage\":\"es\",\"potentialAction\":[{\"@type\":\"ReadAction\",\"target\":[\"https:\/\/www.erresse-shop.it\/es\/shop\/pequenos-electrodomesticos\/parrillas-y-barbacoas\/rowenta-parrilla-optigrill-xl-gr722\/\"]}]},{\"@type\":\"BreadcrumbList\",\"@id\":\"https:\/\/www.erresse-shop.it\/es\/shop\/pequenos-electrodomesticos\/parrillas-y-barbacoas\/rowenta-parrilla-optigrill-xl-gr722\/#breadcrumb\",\"itemListElement\":[{\"@type\":\"ListItem\",\"position\":1,\"name\":\"Home\",\"item\":\"https:\/\/www.erresse-shop.it\/es\/\"},{\"@type\":\"ListItem\",\"position\":2,\"name\":\"Shop\",\"item\":\"https:\/\/www.erresse-shop.it\/es\/shop\/\"},{\"@type\":\"ListItem\",\"position\":3,\"name\":\"ROWENTA Parrilla Optigrill+ XL GR722\"}]},{\"@type\":\"WebSite\",\"@id\":\"https:\/\/www.erresse-shop.it\/es\/#website\",\"url\":\"https:\/\/www.erresse-shop.it\/es\/\",\"name\":\"Erresse Shop\",\"description\":\"Articoli di qualit\u00e0 per la casa\",\"potentialAction\":[{\"@type\":\"SearchAction\",\"target\":{\"@type\":\"EntryPoint\",\"urlTemplate\":\"https:\/\/www.erresse-shop.it\/es\/?s={search_term_string}\"},\"query-input\":\"required name=search_term_string\"}],\"inLanguage\":\"es\"}]}<\/script>\n<!-- \/ Yoast SEO Premium plugin. -->","yoast_head_json":{"title":"ROWENTA Parrilla Optigrill+ XL GR722 - Erresse Shop","description":"Descubre OptiGrill+, la \u00faltima innovaci\u00f3n de Rowenta que incluye un modo manual con cuatro niveles de temperatura para infinitas posibilidades de","robots":{"index":"index","follow":"follow","max-snippet":"max-snippet:-1","max-image-preview":"max-image-preview:large","max-video-preview":"max-video-preview:-1"},"canonical":"https:\/\/www.erresse-shop.it\/es\/shop\/pequenos-electrodomesticos\/parrillas-y-barbacoas\/rowenta-parrilla-optigrill-xl-gr722\/","og_locale":"es_ES","og_type":"article","og_title":"ROWENTA Parrilla Optigrill+ XL GR722","og_description":"Descubre OptiGrill+, la \u00faltima innovaci\u00f3n de Rowenta que incluye un modo manual con cuatro niveles de temperatura para infinitas posibilidades de","og_url":"https:\/\/www.erresse-shop.it\/es\/shop\/pequenos-electrodomesticos\/parrillas-y-barbacoas\/rowenta-parrilla-optigrill-xl-gr722\/","og_site_name":"Erresse Shop","article_modified_time":"2024-01-10T09:26:20+00:00","og_image":[{"width":800,"height":800,"url":"https:\/\/www.erresse-shop.it\/wp-content\/uploads\/2023\/04\/ROWENTA-Bistecchiera-Optigrill-XL-GR722.jpg","type":"image\/jpeg"}],"twitter_card":"summary_large_image","schema":{"@context":"https:\/\/schema.org","@graph":[{"@type":"WebPage","@id":"https:\/\/www.erresse-shop.it\/es\/shop\/pequenos-electrodomesticos\/parrillas-y-barbacoas\/rowenta-parrilla-optigrill-xl-gr722\/","url":"https:\/\/www.erresse-shop.it\/es\/shop\/pequenos-electrodomesticos\/parrillas-y-barbacoas\/rowenta-parrilla-optigrill-xl-gr722\/","name":"ROWENTA Parrilla Optigrill+ XL GR722 - Erresse Shop","isPartOf":{"@id":"https:\/\/www.erresse-shop.it\/es\/#website"},"datePublished":"2023-04-20T10:37:52+00:00","dateModified":"2024-01-10T09:26:20+00:00","description":"Descubre OptiGrill+, la \u00faltima innovaci\u00f3n de Rowenta que incluye un modo manual con cuatro niveles de temperatura para infinitas posibilidades de","breadcrumb":{"@id":"https:\/\/www.erresse-shop.it\/es\/shop\/pequenos-electrodomesticos\/parrillas-y-barbacoas\/rowenta-parrilla-optigrill-xl-gr722\/#breadcrumb"},"inLanguage":"es","potentialAction":[{"@type":"ReadAction","target":["https:\/\/www.erresse-shop.it\/es\/shop\/pequenos-electrodomesticos\/parrillas-y-barbacoas\/rowenta-parrilla-optigrill-xl-gr722\/"]}]},{"@type":"BreadcrumbList","@id":"https:\/\/www.erresse-shop.it\/es\/shop\/pequenos-electrodomesticos\/parrillas-y-barbacoas\/rowenta-parrilla-optigrill-xl-gr722\/#breadcrumb","itemListElement":[{"@type":"ListItem","position":1,"name":"Home","item":"https:\/\/www.erresse-shop.it\/es\/"},{"@type":"ListItem","position":2,"name":"Shop","item":"https:\/\/www.erresse-shop.it\/es\/shop\/"},{"@type":"ListItem","position":3,"name":"ROWENTA Parrilla Optigrill+ XL GR722"}]},{"@type":"WebSite","@id":"https:\/\/www.erresse-shop.it\/es\/#website","url":"https:\/\/www.erresse-shop.it\/es\/","name":"Erresse Shop","description":"Articoli di qualit\u00e0 per la casa","potentialAction":[{"@type":"SearchAction","target":{"@type":"EntryPoint","urlTemplate":"https:\/\/www.erresse-shop.it\/es\/?s={search_term_string}"},"query-input":"required name=search_term_string"}],"inLanguage":"es"}]}},"df_price":208.72799999999998,"df_sale_price":208.72799999999998,"df_regular_price":289.9,"df_image_link":"https:\/\/www.erresse-shop.it\/wp-content\/uploads\/2023\/04\/ROWENTA-Bistecchiera-Optigrill-XL-GR722-300x300.jpg","_links":{"self":[{"href":"https:\/\/www.erresse-shop.it\/es\/wp-json\/wp\/v2\/product\/261945"}],"collection":[{"href":"https:\/\/www.erresse-shop.it\/es\/wp-json\/wp\/v2\/product"}],"about":[{"href":"https:\/\/www.erresse-shop.it\/es\/wp-json\/wp\/v2\/types\/product"}],"wp:featuredmedia":[{"embeddable":true,"href":"https:\/\/www.erresse-shop.it\/es\/wp-json\/wp\/v2\/media\/262003"}],"wp:attachment":[{"href":"https:\/\/www.erresse-shop.it\/es\/wp-json\/wp\/v2\/media?parent=261945"}],"wp:term":[{"taxonomy":"product_cat","embeddable":true,"href":"https:\/\/www.erresse-shop.it\/es\/wp-json\/wp\/v2\/product_cat?post=261945"},{"taxonomy":"product_tag","embeddable":true,"href":"https:\/\/www.erresse-shop.it\/es\/wp-json\/wp\/v2\/product_tag?post=261945"}],"curies":[{"name":"wp","href":"https:\/\/api.w.org\/{rel}","templated":true}]}}