{"id":261788,"date":"2023-04-20T09:07:18","date_gmt":"2023-04-20T09:07:20","guid":{"rendered":"https:\/\/www.erresse-shop.it\/?post_type=product&#038;p=261788"},"modified":"2023-04-20T10:02:41","modified_gmt":"2023-04-20T10:02:41","slug":"rowenta-parrilla-optigrill-elite-gr750","status":"publish","type":"product","link":"https:\/\/www.erresse-shop.it\/es\/shop\/pequenos-electrodomesticos\/parrillas-y-barbacoas\/rowenta-parrilla-optigrill-elite-gr750\/","title":{"rendered":"ROWENTA Parrilla Optigrill Elite GR750"},"content":{"rendered":"<p>Cocine la carne como un aut\u00e9ntico chef para garantizar el \u00e9xito entre sus invitados, independientemente del tipo de cocci\u00f3n preferido (desde poco hecha hasta bien hecha) La tecnolog\u00eda inteligente patentada <strong>OptiGrill<\/strong> ajusta autom\u00e1ticamente los par\u00e1metros de cocci\u00f3n \u00f3ptimos en funci\u00f3n del grosor de los alimentos para obtener unos resultados perfectos.<br \/>\nD\u00e9jese guiar paso a paso por el intuitivo asistente de cocci\u00f3n, que le avisa cuando puede a\u00f1adir o retirar carne, independientemente del nivel de cocci\u00f3n deseado (poco hecha, media o bien hecha). Gracias a la nueva funci\u00f3n de cocci\u00f3n a fuego vivo, el <strong>grill el\u00e9ctrico OptiGrill Elite<\/strong> cocina la carne a la perfecci\u00f3n, como en un restaurante. Descubra cada d\u00eda las infinitas posibilidades de este grill el\u00e9ctrico gracias a los 12 programas autom\u00e1ticos que le permiten cocinar no s\u00f3lo carnes rojas, sino tambi\u00e9n otros sabrosos alimentos, como pollo, pescado, verduras y mucho m\u00e1s, sin necesidad de supervisar la cocci\u00f3n. La OptiGrill Elite se puede lavar en el lavavajillas para una experiencia culinaria \u00f3ptima e incluye un libro de recetas para ofrecerle un sinf\u00edn de posibilidades culinarias.<\/p>\n<ul>\n<li><strong>PANTALLA INTUITIVA:<\/strong> Descubra la primera pantalla intuitiva que le gu\u00eda paso a paso en la preparaci\u00f3n de sus asados y le avisa con una precisa cuenta atr\u00e1s cuando se ha alcanzado el nivel de cocci\u00f3n deseado (poco hecho, medio o bien hecho)<\/li>\n<li><strong>12 PROGRAMAS AUTOM\u00c1TICOS:<\/strong> Con los 12 programas autom\u00e1ticos de cocci\u00f3n podr\u00e1s cocinar carne roja, pollo, pescado, verduras y mucho m\u00e1s, sin necesidad de supervisar la cocci\u00f3n; \u00a1organiza barbacoas juntos y prepara sabrosas hamburguesas con el grill Rowenta!<\/li>\n<li><strong>2 NUEVAS FUNCIONES:<\/strong> Funci\u00f3n grill extra (la carne quedar\u00e1 perfectamente asada y rayada, como en un restaurante); y funci\u00f3n alimentos congelados (para descongelar y cocinar tus ingredientes conservando su sabor)<\/li>\n<li><strong>SENSOR AUTOM\u00c1TICO DE COCCI\u00d3N:<\/strong> Gracias al sensor autom\u00e1tico, el grill inteligente calcula el grosor y el n\u00famero de piezas de carne a cocinar, ajustando autom\u00e1ticamente el tiempo de cocci\u00f3n para unos resultados perfectos<\/li>\n<li><strong>RECETARIO INCLUIDO:<\/strong> D\u00e9jese inspirar d\u00eda tras d\u00eda por el recetario incluido con m\u00e1s de 20 recetas para sabrosas barbacoas con la familia y amigos<\/li>\n<li><strong>F\u00c1CIL DE LIMPIAR:<\/strong> La bandeja recogegrasa y las placas antiadherentes extra\u00edbles son aptas para el lavavajillas y f\u00e1ciles de limpiar<\/li>\n<\/ul>\n<p><strong>CARACTER\u00cdSTICAS<\/strong><\/p>\n<ul>\n<li>Canal de drenaje para jugos y grasa: s\u00ed<\/li>\n<li>Indicador de calentamiento: s\u00ed<\/li>\n<li>Compatible con lavavajillas: S\u00ed<\/li>\n<li>Control de temperatura: S\u00ed<\/li>\n<li>Potencia m\u00e1xima: 2000W<\/li>\n<li>Termostato: S\u00ed<\/li>\n<li>Placas extra\u00edbles: S\u00ed<\/li>\n<li>Temporizador: S\u00ed<\/li>\n<\/ul>\n","protected":false},"excerpt":{"rendered":"<p>Cocine la carne como un aut\u00e9ntico chef para garantizar el \u00e9xito entre sus invitados, independientemente del tipo de cocci\u00f3n preferido<\/p>\n","protected":false},"featured_media":261883,"template":"","meta":{"_acf_changed":false,"inline_featured_image":false},"product_cat":[16083,16073],"product_tag":[16167,22533,16138,16168,22543],"acf":[],"yoast_head":"<!-- This site is optimized with the Yoast SEO Premium plugin v18.6 (Yoast SEO v19.13) - https:\/\/yoast.com\/wordpress\/plugins\/seo\/ -->\n<title>ROWENTA Parrilla Optigrill Elite GR750 - Erresse Shop<\/title>\n<meta name=\"description\" content=\"Cocine la carne como un aut\u00e9ntico chef para garantizar el \u00e9xito entre sus invitados, independientemente del tipo de cocci\u00f3n preferido (desde poco hecha\" \/>\n<meta name=\"robots\" content=\"index, follow, max-snippet:-1, max-image-preview:large, max-video-preview:-1\" \/>\n<link rel=\"canonical\" href=\"https:\/\/www.erresse-shop.it\/es\/shop\/pequenos-electrodomesticos\/parrillas-y-barbacoas\/rowenta-parrilla-optigrill-elite-gr750\/\" \/>\n<meta property=\"og:locale\" content=\"es_ES\" \/>\n<meta property=\"og:type\" content=\"article\" \/>\n<meta property=\"og:title\" content=\"ROWENTA Parrilla Optigrill Elite GR750\" \/>\n<meta property=\"og:description\" content=\"Cocine la carne como un aut\u00e9ntico chef para garantizar el \u00e9xito entre sus invitados, independientemente del tipo de cocci\u00f3n preferido (desde poco hecha\" \/>\n<meta property=\"og:url\" content=\"https:\/\/www.erresse-shop.it\/es\/shop\/pequenos-electrodomesticos\/parrillas-y-barbacoas\/rowenta-parrilla-optigrill-elite-gr750\/\" \/>\n<meta property=\"og:site_name\" content=\"Erresse Shop\" \/>\n<meta property=\"article:modified_time\" content=\"2023-04-20T10:02:41+00:00\" \/>\n<meta property=\"og:image\" content=\"https:\/\/www.erresse-shop.it\/wp-content\/uploads\/2023\/04\/ROWENTA-Bistecchiera-Optigrill-Elite-GR750.jpg\" \/>\n\t<meta property=\"og:image:width\" content=\"800\" \/>\n\t<meta property=\"og:image:height\" content=\"800\" \/>\n\t<meta property=\"og:image:type\" content=\"image\/jpeg\" \/>\n<meta name=\"twitter:card\" content=\"summary_large_image\" \/>\n<script type=\"application\/ld+json\" class=\"yoast-schema-graph\">{\"@context\":\"https:\/\/schema.org\",\"@graph\":[{\"@type\":\"WebPage\",\"@id\":\"https:\/\/www.erresse-shop.it\/es\/shop\/pequenos-electrodomesticos\/parrillas-y-barbacoas\/rowenta-parrilla-optigrill-elite-gr750\/\",\"url\":\"https:\/\/www.erresse-shop.it\/es\/shop\/pequenos-electrodomesticos\/parrillas-y-barbacoas\/rowenta-parrilla-optigrill-elite-gr750\/\",\"name\":\"ROWENTA Parrilla Optigrill Elite GR750 - Erresse Shop\",\"isPartOf\":{\"@id\":\"https:\/\/www.erresse-shop.it\/es\/#website\"},\"datePublished\":\"2023-04-20T09:07:20+00:00\",\"dateModified\":\"2023-04-20T10:02:41+00:00\",\"description\":\"Cocine la carne como un aut\u00e9ntico chef para garantizar el \u00e9xito entre sus invitados, independientemente del tipo de cocci\u00f3n preferido (desde poco hecha\",\"breadcrumb\":{\"@id\":\"https:\/\/www.erresse-shop.it\/es\/shop\/pequenos-electrodomesticos\/parrillas-y-barbacoas\/rowenta-parrilla-optigrill-elite-gr750\/#breadcrumb\"},\"inLanguage\":\"es\",\"potentialAction\":[{\"@type\":\"ReadAction\",\"target\":[\"https:\/\/www.erresse-shop.it\/es\/shop\/pequenos-electrodomesticos\/parrillas-y-barbacoas\/rowenta-parrilla-optigrill-elite-gr750\/\"]}]},{\"@type\":\"BreadcrumbList\",\"@id\":\"https:\/\/www.erresse-shop.it\/es\/shop\/pequenos-electrodomesticos\/parrillas-y-barbacoas\/rowenta-parrilla-optigrill-elite-gr750\/#breadcrumb\",\"itemListElement\":[{\"@type\":\"ListItem\",\"position\":1,\"name\":\"Home\",\"item\":\"https:\/\/www.erresse-shop.it\/es\/\"},{\"@type\":\"ListItem\",\"position\":2,\"name\":\"Shop\",\"item\":\"https:\/\/www.erresse-shop.it\/es\/shop\/\"},{\"@type\":\"ListItem\",\"position\":3,\"name\":\"ROWENTA Parrilla Optigrill Elite GR750\"}]},{\"@type\":\"WebSite\",\"@id\":\"https:\/\/www.erresse-shop.it\/es\/#website\",\"url\":\"https:\/\/www.erresse-shop.it\/es\/\",\"name\":\"Erresse Shop\",\"description\":\"Articoli di qualit\u00e0 per la casa\",\"potentialAction\":[{\"@type\":\"SearchAction\",\"target\":{\"@type\":\"EntryPoint\",\"urlTemplate\":\"https:\/\/www.erresse-shop.it\/es\/?s={search_term_string}\"},\"query-input\":\"required name=search_term_string\"}],\"inLanguage\":\"es\"}]}<\/script>\n<!-- \/ Yoast SEO Premium plugin. -->","yoast_head_json":{"title":"ROWENTA Parrilla Optigrill Elite GR750 - Erresse Shop","description":"Cocine la carne como un aut\u00e9ntico chef para garantizar el \u00e9xito entre sus invitados, independientemente del tipo de cocci\u00f3n preferido (desde poco hecha","robots":{"index":"index","follow":"follow","max-snippet":"max-snippet:-1","max-image-preview":"max-image-preview:large","max-video-preview":"max-video-preview:-1"},"canonical":"https:\/\/www.erresse-shop.it\/es\/shop\/pequenos-electrodomesticos\/parrillas-y-barbacoas\/rowenta-parrilla-optigrill-elite-gr750\/","og_locale":"es_ES","og_type":"article","og_title":"ROWENTA Parrilla Optigrill Elite GR750","og_description":"Cocine la carne como un aut\u00e9ntico chef para garantizar el \u00e9xito entre sus invitados, independientemente del tipo de cocci\u00f3n preferido (desde poco hecha","og_url":"https:\/\/www.erresse-shop.it\/es\/shop\/pequenos-electrodomesticos\/parrillas-y-barbacoas\/rowenta-parrilla-optigrill-elite-gr750\/","og_site_name":"Erresse Shop","article_modified_time":"2023-04-20T10:02:41+00:00","og_image":[{"width":800,"height":800,"url":"https:\/\/www.erresse-shop.it\/wp-content\/uploads\/2023\/04\/ROWENTA-Bistecchiera-Optigrill-Elite-GR750.jpg","type":"image\/jpeg"}],"twitter_card":"summary_large_image","schema":{"@context":"https:\/\/schema.org","@graph":[{"@type":"WebPage","@id":"https:\/\/www.erresse-shop.it\/es\/shop\/pequenos-electrodomesticos\/parrillas-y-barbacoas\/rowenta-parrilla-optigrill-elite-gr750\/","url":"https:\/\/www.erresse-shop.it\/es\/shop\/pequenos-electrodomesticos\/parrillas-y-barbacoas\/rowenta-parrilla-optigrill-elite-gr750\/","name":"ROWENTA Parrilla Optigrill Elite GR750 - Erresse Shop","isPartOf":{"@id":"https:\/\/www.erresse-shop.it\/es\/#website"},"datePublished":"2023-04-20T09:07:20+00:00","dateModified":"2023-04-20T10:02:41+00:00","description":"Cocine la carne como un aut\u00e9ntico chef para garantizar el \u00e9xito entre sus invitados, independientemente del tipo de cocci\u00f3n preferido (desde poco hecha","breadcrumb":{"@id":"https:\/\/www.erresse-shop.it\/es\/shop\/pequenos-electrodomesticos\/parrillas-y-barbacoas\/rowenta-parrilla-optigrill-elite-gr750\/#breadcrumb"},"inLanguage":"es","potentialAction":[{"@type":"ReadAction","target":["https:\/\/www.erresse-shop.it\/es\/shop\/pequenos-electrodomesticos\/parrillas-y-barbacoas\/rowenta-parrilla-optigrill-elite-gr750\/"]}]},{"@type":"BreadcrumbList","@id":"https:\/\/www.erresse-shop.it\/es\/shop\/pequenos-electrodomesticos\/parrillas-y-barbacoas\/rowenta-parrilla-optigrill-elite-gr750\/#breadcrumb","itemListElement":[{"@type":"ListItem","position":1,"name":"Home","item":"https:\/\/www.erresse-shop.it\/es\/"},{"@type":"ListItem","position":2,"name":"Shop","item":"https:\/\/www.erresse-shop.it\/es\/shop\/"},{"@type":"ListItem","position":3,"name":"ROWENTA Parrilla Optigrill Elite GR750"}]},{"@type":"WebSite","@id":"https:\/\/www.erresse-shop.it\/es\/#website","url":"https:\/\/www.erresse-shop.it\/es\/","name":"Erresse Shop","description":"Articoli di qualit\u00e0 per la casa","potentialAction":[{"@type":"SearchAction","target":{"@type":"EntryPoint","urlTemplate":"https:\/\/www.erresse-shop.it\/es\/?s={search_term_string}"},"query-input":"required name=search_term_string"}],"inLanguage":"es"}]}},"df_price":143.928,"df_sale_price":143.928,"df_regular_price":199.9,"df_image_link":"https:\/\/www.erresse-shop.it\/wp-content\/uploads\/2023\/04\/ROWENTA-Bistecchiera-Optigrill-Elite-GR750-300x300.jpg","_links":{"self":[{"href":"https:\/\/www.erresse-shop.it\/es\/wp-json\/wp\/v2\/product\/261788"}],"collection":[{"href":"https:\/\/www.erresse-shop.it\/es\/wp-json\/wp\/v2\/product"}],"about":[{"href":"https:\/\/www.erresse-shop.it\/es\/wp-json\/wp\/v2\/types\/product"}],"wp:featuredmedia":[{"embeddable":true,"href":"https:\/\/www.erresse-shop.it\/es\/wp-json\/wp\/v2\/media\/261883"}],"wp:attachment":[{"href":"https:\/\/www.erresse-shop.it\/es\/wp-json\/wp\/v2\/media?parent=261788"}],"wp:term":[{"taxonomy":"product_cat","embeddable":true,"href":"https:\/\/www.erresse-shop.it\/es\/wp-json\/wp\/v2\/product_cat?post=261788"},{"taxonomy":"product_tag","embeddable":true,"href":"https:\/\/www.erresse-shop.it\/es\/wp-json\/wp\/v2\/product_tag?post=261788"}],"curies":[{"name":"wp","href":"https:\/\/api.w.org\/{rel}","templated":true}]}}