{"id":261714,"date":"2023-04-20T06:16:11","date_gmt":"2023-04-20T06:16:13","guid":{"rendered":"https:\/\/www.erresse-shop.it\/?post_type=product&#038;p=261714"},"modified":"2023-04-20T07:04:25","modified_gmt":"2023-04-20T07:04:25","slug":"weber-barbacoa-electrica-q-2400","status":"publish","type":"product","link":"https:\/\/www.erresse-shop.it\/es\/shop\/pequenos-electrodomesticos\/parrillas-y-barbacoas\/weber-barbacoa-electrica-q-2400\/","title":{"rendered":"WEBER Barbacoa El\u00e9ctrica Q 2400"},"content":{"rendered":"<p>El grill el\u00e9ctrico Weber Q2400 permite asar una abundante cantidad de comida en todo tipo de terrazas. Por eso es el grill recomendado para quienes viven en la ciudad o necesitan transportar f\u00e1cilmente el aparato a su casa de vacaciones. Compacta, potente y eficaz, garantiza los m\u00e1ximos resultados con el m\u00ednimo esfuerzo. Todo ello sin el estorbo de la bombona y la incomodidad de tener que rellenarla.<\/p>\n<p><strong>CARACTER\u00cdSTICAS<\/strong><\/p>\n<ul>\n<li>Potencia: 2,2 Kw<\/li>\n<li>Tapa con deflector de calor Para aumentar el rendimiento del grill, se ha colocado un deflector de calor en la pared interior de la tapa; este dispositivo garantiza que la distribuci\u00f3n del calor sea m\u00e1s uniforme, aumentando la eficacia (y la temperatura) de las corrientes de convecci\u00f3n para una cocci\u00f3n completa.<\/li>\n<li>la tapa y el brasero de aluminio fundido hacen que la parrilla sea muy ligera y, por tanto, f\u00e1cil de transportar<\/li>\n<li>c\u00f3moda bandeja recogegrasa desechable f\u00e1cilmente extra\u00edble para facilitar la limpieza de la parrilla<\/li>\n<li>tama\u00f1o de la parrilla: 55 x 39 cm; las parrillas son totalmente de hierro fundido pesado: esta parrilla permite cocinar cualquier tipo de filete, desde rodajas hasta<\/li>\n<li>filetes T-bone de 2 kg<\/li>\n<li>mando de regulaci\u00f3n de la temperatura<\/li>\n<li>armaz\u00f3n de nailon reforzado con fibra de vidrio<\/li>\n<li>mango grande aislante del calor<\/li>\n<\/ul>\n<p><strong>ESPECIFICACIONES T\u00c9CNICAS<\/strong><\/p>\n<ul>\n<li>Dimensiones &#8211; tapa abierta: 66,1 cm alto x 80,1 cm ancho x 63,8 cm fondo<\/li>\n<li>Dimensiones con la tapa cerrada: 36,9 cm de alto x 80,1 cm de ancho x 49,6 cm de fondo<\/li>\n<li>Superficie total de cocci\u00f3n: 54&#215;39 cm<\/li>\n<li>Tipo de combustible: el\u00e9ctrico<\/li>\n<\/ul>\n","protected":false},"excerpt":{"rendered":"<p>El grill el\u00e9ctrico Weber Q2400 permite asar una abundante cantidad de comida en todo tipo de terrazas. Por eso es<\/p>\n","protected":false},"featured_media":261760,"template":"","meta":{"_acf_changed":false,"inline_featured_image":false},"product_cat":[16083,16073],"product_tag":[16167,22533,16138,24605,16168,22518],"acf":[],"yoast_head":"<!-- This site is optimized with the Yoast SEO Premium plugin v18.6 (Yoast SEO v19.13) - https:\/\/yoast.com\/wordpress\/plugins\/seo\/ -->\n<title>WEBER Barbacoa El\u00e9ctrica Q 2400 - Erresse Shop<\/title>\n<meta name=\"description\" content=\"El grill el\u00e9ctrico Weber Q2400 permite asar una abundante cantidad de comida en todo tipo de terrazas. Por eso es el grill recomendado para quienes viven\" \/>\n<meta name=\"robots\" content=\"index, follow, max-snippet:-1, max-image-preview:large, max-video-preview:-1\" \/>\n<link rel=\"canonical\" href=\"https:\/\/www.erresse-shop.it\/es\/shop\/pequenos-electrodomesticos\/parrillas-y-barbacoas\/weber-barbacoa-electrica-q-2400\/\" \/>\n<meta property=\"og:locale\" content=\"es_ES\" \/>\n<meta property=\"og:type\" content=\"article\" \/>\n<meta property=\"og:title\" content=\"WEBER Barbacoa El\u00e9ctrica Q 2400\" \/>\n<meta property=\"og:description\" content=\"El grill el\u00e9ctrico Weber Q2400 permite asar una abundante cantidad de comida en todo tipo de terrazas. Por eso es el grill recomendado para quienes viven\" \/>\n<meta property=\"og:url\" content=\"https:\/\/www.erresse-shop.it\/es\/shop\/pequenos-electrodomesticos\/parrillas-y-barbacoas\/weber-barbacoa-electrica-q-2400\/\" \/>\n<meta property=\"og:site_name\" content=\"Erresse Shop\" \/>\n<meta property=\"article:modified_time\" content=\"2023-04-20T07:04:25+00:00\" \/>\n<meta property=\"og:image\" content=\"https:\/\/www.erresse-shop.it\/wp-content\/uploads\/2023\/04\/WEBER-Barbecue-Elettrico-Q-2400.jpg\" \/>\n\t<meta property=\"og:image:width\" content=\"800\" \/>\n\t<meta property=\"og:image:height\" content=\"800\" \/>\n\t<meta property=\"og:image:type\" content=\"image\/jpeg\" \/>\n<meta name=\"twitter:card\" content=\"summary_large_image\" \/>\n<script type=\"application\/ld+json\" class=\"yoast-schema-graph\">{\"@context\":\"https:\/\/schema.org\",\"@graph\":[{\"@type\":\"WebPage\",\"@id\":\"https:\/\/www.erresse-shop.it\/es\/shop\/pequenos-electrodomesticos\/parrillas-y-barbacoas\/weber-barbacoa-electrica-q-2400\/\",\"url\":\"https:\/\/www.erresse-shop.it\/es\/shop\/pequenos-electrodomesticos\/parrillas-y-barbacoas\/weber-barbacoa-electrica-q-2400\/\",\"name\":\"WEBER Barbacoa El\u00e9ctrica Q 2400 - Erresse Shop\",\"isPartOf\":{\"@id\":\"https:\/\/www.erresse-shop.it\/es\/#website\"},\"datePublished\":\"2023-04-20T06:16:13+00:00\",\"dateModified\":\"2023-04-20T07:04:25+00:00\",\"description\":\"El grill el\u00e9ctrico Weber Q2400 permite asar una abundante cantidad de comida en todo tipo de terrazas. Por eso es el grill recomendado para quienes viven\",\"breadcrumb\":{\"@id\":\"https:\/\/www.erresse-shop.it\/es\/shop\/pequenos-electrodomesticos\/parrillas-y-barbacoas\/weber-barbacoa-electrica-q-2400\/#breadcrumb\"},\"inLanguage\":\"es\",\"potentialAction\":[{\"@type\":\"ReadAction\",\"target\":[\"https:\/\/www.erresse-shop.it\/es\/shop\/pequenos-electrodomesticos\/parrillas-y-barbacoas\/weber-barbacoa-electrica-q-2400\/\"]}]},{\"@type\":\"BreadcrumbList\",\"@id\":\"https:\/\/www.erresse-shop.it\/es\/shop\/pequenos-electrodomesticos\/parrillas-y-barbacoas\/weber-barbacoa-electrica-q-2400\/#breadcrumb\",\"itemListElement\":[{\"@type\":\"ListItem\",\"position\":1,\"name\":\"Home\",\"item\":\"https:\/\/www.erresse-shop.it\/es\/\"},{\"@type\":\"ListItem\",\"position\":2,\"name\":\"Shop\",\"item\":\"https:\/\/www.erresse-shop.it\/es\/shop\/\"},{\"@type\":\"ListItem\",\"position\":3,\"name\":\"WEBER Barbacoa El\u00e9ctrica Q 2400\"}]},{\"@type\":\"WebSite\",\"@id\":\"https:\/\/www.erresse-shop.it\/es\/#website\",\"url\":\"https:\/\/www.erresse-shop.it\/es\/\",\"name\":\"Erresse Shop\",\"description\":\"Articoli di qualit\u00e0 per la casa\",\"potentialAction\":[{\"@type\":\"SearchAction\",\"target\":{\"@type\":\"EntryPoint\",\"urlTemplate\":\"https:\/\/www.erresse-shop.it\/es\/?s={search_term_string}\"},\"query-input\":\"required name=search_term_string\"}],\"inLanguage\":\"es\"}]}<\/script>\n<!-- \/ Yoast SEO Premium plugin. -->","yoast_head_json":{"title":"WEBER Barbacoa El\u00e9ctrica Q 2400 - Erresse Shop","description":"El grill el\u00e9ctrico Weber Q2400 permite asar una abundante cantidad de comida en todo tipo de terrazas. Por eso es el grill recomendado para quienes viven","robots":{"index":"index","follow":"follow","max-snippet":"max-snippet:-1","max-image-preview":"max-image-preview:large","max-video-preview":"max-video-preview:-1"},"canonical":"https:\/\/www.erresse-shop.it\/es\/shop\/pequenos-electrodomesticos\/parrillas-y-barbacoas\/weber-barbacoa-electrica-q-2400\/","og_locale":"es_ES","og_type":"article","og_title":"WEBER Barbacoa El\u00e9ctrica Q 2400","og_description":"El grill el\u00e9ctrico Weber Q2400 permite asar una abundante cantidad de comida en todo tipo de terrazas. Por eso es el grill recomendado para quienes viven","og_url":"https:\/\/www.erresse-shop.it\/es\/shop\/pequenos-electrodomesticos\/parrillas-y-barbacoas\/weber-barbacoa-electrica-q-2400\/","og_site_name":"Erresse Shop","article_modified_time":"2023-04-20T07:04:25+00:00","og_image":[{"width":800,"height":800,"url":"https:\/\/www.erresse-shop.it\/wp-content\/uploads\/2023\/04\/WEBER-Barbecue-Elettrico-Q-2400.jpg","type":"image\/jpeg"}],"twitter_card":"summary_large_image","schema":{"@context":"https:\/\/schema.org","@graph":[{"@type":"WebPage","@id":"https:\/\/www.erresse-shop.it\/es\/shop\/pequenos-electrodomesticos\/parrillas-y-barbacoas\/weber-barbacoa-electrica-q-2400\/","url":"https:\/\/www.erresse-shop.it\/es\/shop\/pequenos-electrodomesticos\/parrillas-y-barbacoas\/weber-barbacoa-electrica-q-2400\/","name":"WEBER Barbacoa El\u00e9ctrica Q 2400 - Erresse Shop","isPartOf":{"@id":"https:\/\/www.erresse-shop.it\/es\/#website"},"datePublished":"2023-04-20T06:16:13+00:00","dateModified":"2023-04-20T07:04:25+00:00","description":"El grill el\u00e9ctrico Weber Q2400 permite asar una abundante cantidad de comida en todo tipo de terrazas. Por eso es el grill recomendado para quienes viven","breadcrumb":{"@id":"https:\/\/www.erresse-shop.it\/es\/shop\/pequenos-electrodomesticos\/parrillas-y-barbacoas\/weber-barbacoa-electrica-q-2400\/#breadcrumb"},"inLanguage":"es","potentialAction":[{"@type":"ReadAction","target":["https:\/\/www.erresse-shop.it\/es\/shop\/pequenos-electrodomesticos\/parrillas-y-barbacoas\/weber-barbacoa-electrica-q-2400\/"]}]},{"@type":"BreadcrumbList","@id":"https:\/\/www.erresse-shop.it\/es\/shop\/pequenos-electrodomesticos\/parrillas-y-barbacoas\/weber-barbacoa-electrica-q-2400\/#breadcrumb","itemListElement":[{"@type":"ListItem","position":1,"name":"Home","item":"https:\/\/www.erresse-shop.it\/es\/"},{"@type":"ListItem","position":2,"name":"Shop","item":"https:\/\/www.erresse-shop.it\/es\/shop\/"},{"@type":"ListItem","position":3,"name":"WEBER Barbacoa El\u00e9ctrica Q 2400"}]},{"@type":"WebSite","@id":"https:\/\/www.erresse-shop.it\/es\/#website","url":"https:\/\/www.erresse-shop.it\/es\/","name":"Erresse Shop","description":"Articoli di qualit\u00e0 per la casa","potentialAction":[{"@type":"SearchAction","target":{"@type":"EntryPoint","urlTemplate":"https:\/\/www.erresse-shop.it\/es\/?s={search_term_string}"},"query-input":"required name=search_term_string"}],"inLanguage":"es"}]}},"df_price":494.1,"df_sale_price":494.1,"df_regular_price":549,"df_image_link":"https:\/\/www.erresse-shop.it\/wp-content\/uploads\/2023\/04\/WEBER-Barbecue-Elettrico-Q-2400-300x300.jpg","_links":{"self":[{"href":"https:\/\/www.erresse-shop.it\/es\/wp-json\/wp\/v2\/product\/261714"}],"collection":[{"href":"https:\/\/www.erresse-shop.it\/es\/wp-json\/wp\/v2\/product"}],"about":[{"href":"https:\/\/www.erresse-shop.it\/es\/wp-json\/wp\/v2\/types\/product"}],"wp:featuredmedia":[{"embeddable":true,"href":"https:\/\/www.erresse-shop.it\/es\/wp-json\/wp\/v2\/media\/261760"}],"wp:attachment":[{"href":"https:\/\/www.erresse-shop.it\/es\/wp-json\/wp\/v2\/media?parent=261714"}],"wp:term":[{"taxonomy":"product_cat","embeddable":true,"href":"https:\/\/www.erresse-shop.it\/es\/wp-json\/wp\/v2\/product_cat?post=261714"},{"taxonomy":"product_tag","embeddable":true,"href":"https:\/\/www.erresse-shop.it\/es\/wp-json\/wp\/v2\/product_tag?post=261714"}],"curies":[{"name":"wp","href":"https:\/\/api.w.org\/{rel}","templated":true}]}}