{"id":260500,"date":"2023-04-06T08:22:18","date_gmt":"2023-04-06T08:22:22","guid":{"rendered":"https:\/\/www.erresse-shop.it\/?post_type=product&#038;p=260500"},"modified":"2023-07-28T09:47:43","modified_gmt":"2023-07-28T09:47:43","slug":"jura-maquina-de-cafe-d6-piano-black-incluyendo-1-kg-de-cafe","status":"publish","type":"product","link":"https:\/\/www.erresse-shop.it\/es\/shop\/pequenos-electrodomesticos\/maquinas-de-cafe\/automatico\/jura-maquina-de-cafe-d6-piano-black-incluyendo-1-kg-de-cafe\/","title":{"rendered":"JURA M\u00e1quina de caf\u00e9 D6 Piano Black &#8211; incluyendo 1 Kg de caf\u00e9"},"content":{"rendered":"<p><strong>La funcionalidad se une al placer<\/strong><br \/>\nCon la autoexplicativa y r\u00e1pida D6, preparar el caf\u00e9 perfecto es un juego de ni\u00f1os. Todo ello gracias a una pantalla intuitiva con texto claro y al sistema Easy Cappuccino con mando giratorio. La D6 presenta un dise\u00f1o cl\u00e1sico reinterpretado y enriquecido con detalles de alta calidad. El sistema Easy Cappuccino, optimizado seg\u00fan los \u00faltimos conocimientos t\u00e9cnicos y ergon\u00f3micos, corona las especialidades con leche, como el cappuccino, con una deliciosa espuma de leche de consistencia suave y delicada.<\/p>\n<p><strong>Excelente calidad de caf\u00e9<\/strong><br \/>\nLas innovaciones al m\u00e1s alto nivel permiten preparar seis especialidades de caf\u00e9 con la mejor calidad barista. El molinillo de caf\u00e9 AromaG2 impresiona por su arquitectura perfeccionada del \u00e1ngulo de corte, que permite moler los granos de caf\u00e9 reci\u00e9n molidos, con la finura ideal, de forma r\u00e1pida y al mismo tiempo especialmente suave. El Proceso de Extracci\u00f3n por Pulsos (P.E.P.\u00ae) optimiza el tiempo de extracci\u00f3n y desarrolla plenamente todo el bouquet de aromas del caf\u00e9.<\/p>\n<p><strong>Filosof\u00eda de manejo sencilla con botones en el panel frontal<\/strong><br \/>\nEl manejo a trav\u00e9s de la pantalla de texto claro y el bot\u00f3n giratorio ergon\u00f3micamente optimizado es f\u00e1cil e intuitivo y, gracias al Smart Connect opcional, puede manejarse incluso a trav\u00e9s de smartphone o tablet.<\/p>\n<p><strong>Sistema de agua inteligente (I.W.S.\u00ae) para el reconocimiento autom\u00e1tico del filtro<\/strong><br \/>\nLos filtros de agua CLARIS garantizan una calidad \u00f3ptima del agua para disfrutarla durante todo el d\u00eda. Al mismo tiempo, protegen la m\u00e1quina autom\u00e1tica contra la cal y eliminan del agua sustancias que alteran su sabor y olor, como metales pesados y cloro. Para aprovechar al m\u00e1ximo las ventajas y la capacidad del filtro, JURA ha inventado el Intelligent Water System (I.W.S.\u00ae). El cartucho del filtro y la m\u00e1quina autom\u00e1tica est\u00e1n conectados entre s\u00ed mediante tecnolog\u00eda RFID, por lo que el filtro se reconoce autom\u00e1ticamente. Nunca antes el uso del filtro hab\u00eda sido tan sencillo y seguro.<\/p>\n<p><strong>Especificaciones<\/strong><br \/>\nDispensador de caf\u00e9 ajustable en altura\/anchura: 64 &#8211; 110 mm \/ &#8211;<br \/>\nCapacidad del dep\u00f3sito de agua: 1,9 l<br \/>\nCapacidad del recipiente de caf\u00e9 en grano: 200 g<br \/>\nContenedor de posos de caf\u00e9 (porciones): 16<br \/>\nLongitud del cable: 1,1 m<br \/>\nTensi\u00f3n \/ consumo: 230 V ~ \/ 1450 W<br \/>\nConsumo en modo de espera: 0 W<br \/>\nPeso: 8,7 kg<br \/>\nDimensiones (ancho \u00d7 alto \u00d7 fondo): 28 \u00d7 34,5 \u00d7 41,5 cm<br \/>\nN\u00famero de art\u00edculo, c\u00f3digo de producto: 15181, Platinum<br \/>\nPa\u00eds fabricante: Made in Portugal<br \/>\nA\u00f1o del modelo: 2017<\/p>\n","protected":false},"excerpt":{"rendered":"<p>La funcionalidad se une al placer Con la autoexplicativa y r\u00e1pida D6, preparar el caf\u00e9 perfecto es un juego de<\/p>\n","protected":false},"featured_media":260544,"template":"","meta":{"_acf_changed":false,"inline_featured_image":false},"product_cat":[25362,16076,16073],"product_tag":[23574,20769,23570],"acf":[],"yoast_head":"<!-- This site is optimized with the Yoast SEO Premium plugin v18.6 (Yoast SEO v19.13) - https:\/\/yoast.com\/wordpress\/plugins\/seo\/ -->\n<title>JURA M\u00e1quina de caf\u00e9 D6 Piano Black - incluyendo 1 Kg de caf\u00e9 - Erresse Shop<\/title>\n<meta name=\"description\" content=\"La funcionalidad se une al placer Con la autoexplicativa y r\u00e1pida D6, preparar el caf\u00e9 perfecto es un juego de ni\u00f1os. Todo ello gracias a una pantalla\" \/>\n<meta name=\"robots\" content=\"index, follow, max-snippet:-1, max-image-preview:large, max-video-preview:-1\" \/>\n<link rel=\"canonical\" href=\"https:\/\/www.erresse-shop.it\/es\/shop\/pequenos-electrodomesticos\/maquinas-de-cafe\/automatico\/jura-maquina-de-cafe-d6-piano-black-incluyendo-1-kg-de-cafe\/\" \/>\n<meta property=\"og:locale\" content=\"es_ES\" \/>\n<meta property=\"og:type\" content=\"article\" \/>\n<meta property=\"og:title\" content=\"JURA M\u00e1quina de caf\u00e9 D6 Piano Black - incluyendo 1 Kg de caf\u00e9\" \/>\n<meta property=\"og:description\" content=\"La funcionalidad se une al placer Con la autoexplicativa y r\u00e1pida D6, preparar el caf\u00e9 perfecto es un juego de ni\u00f1os. Todo ello gracias a una pantalla\" \/>\n<meta property=\"og:url\" content=\"https:\/\/www.erresse-shop.it\/es\/shop\/pequenos-electrodomesticos\/maquinas-de-cafe\/automatico\/jura-maquina-de-cafe-d6-piano-black-incluyendo-1-kg-de-cafe\/\" \/>\n<meta property=\"og:site_name\" content=\"Erresse Shop\" \/>\n<meta property=\"article:modified_time\" content=\"2023-07-28T09:47:43+00:00\" \/>\n<meta property=\"og:image\" content=\"https:\/\/www.erresse-shop.it\/wp-content\/uploads\/2023\/04\/JURA-Macchina-Da-Caffe\u0300-D6-Piano-Black.jpg\" \/>\n\t<meta property=\"og:image:width\" content=\"800\" \/>\n\t<meta property=\"og:image:height\" content=\"800\" \/>\n\t<meta property=\"og:image:type\" content=\"image\/jpeg\" \/>\n<meta name=\"twitter:card\" content=\"summary_large_image\" \/>\n<script type=\"application\/ld+json\" class=\"yoast-schema-graph\">{\"@context\":\"https:\/\/schema.org\",\"@graph\":[{\"@type\":\"WebPage\",\"@id\":\"https:\/\/www.erresse-shop.it\/es\/shop\/pequenos-electrodomesticos\/maquinas-de-cafe\/automatico\/jura-maquina-de-cafe-d6-piano-black-incluyendo-1-kg-de-cafe\/\",\"url\":\"https:\/\/www.erresse-shop.it\/es\/shop\/pequenos-electrodomesticos\/maquinas-de-cafe\/automatico\/jura-maquina-de-cafe-d6-piano-black-incluyendo-1-kg-de-cafe\/\",\"name\":\"JURA M\u00e1quina de caf\u00e9 D6 Piano Black - incluyendo 1 Kg de caf\u00e9 - Erresse Shop\",\"isPartOf\":{\"@id\":\"https:\/\/www.erresse-shop.it\/es\/#website\"},\"datePublished\":\"2023-04-06T08:22:22+00:00\",\"dateModified\":\"2023-07-28T09:47:43+00:00\",\"description\":\"La funcionalidad se une al placer Con la autoexplicativa y r\u00e1pida D6, preparar el caf\u00e9 perfecto es un juego de ni\u00f1os. Todo ello gracias a una pantalla\",\"breadcrumb\":{\"@id\":\"https:\/\/www.erresse-shop.it\/es\/shop\/pequenos-electrodomesticos\/maquinas-de-cafe\/automatico\/jura-maquina-de-cafe-d6-piano-black-incluyendo-1-kg-de-cafe\/#breadcrumb\"},\"inLanguage\":\"es\",\"potentialAction\":[{\"@type\":\"ReadAction\",\"target\":[\"https:\/\/www.erresse-shop.it\/es\/shop\/pequenos-electrodomesticos\/maquinas-de-cafe\/automatico\/jura-maquina-de-cafe-d6-piano-black-incluyendo-1-kg-de-cafe\/\"]}]},{\"@type\":\"BreadcrumbList\",\"@id\":\"https:\/\/www.erresse-shop.it\/es\/shop\/pequenos-electrodomesticos\/maquinas-de-cafe\/automatico\/jura-maquina-de-cafe-d6-piano-black-incluyendo-1-kg-de-cafe\/#breadcrumb\",\"itemListElement\":[{\"@type\":\"ListItem\",\"position\":1,\"name\":\"Home\",\"item\":\"https:\/\/www.erresse-shop.it\/es\/\"},{\"@type\":\"ListItem\",\"position\":2,\"name\":\"Shop\",\"item\":\"https:\/\/www.erresse-shop.it\/es\/shop\/\"},{\"@type\":\"ListItem\",\"position\":3,\"name\":\"JURA M\u00e1quina de caf\u00e9 D6 Piano Black &#8211; incluyendo 1 Kg de caf\u00e9\"}]},{\"@type\":\"WebSite\",\"@id\":\"https:\/\/www.erresse-shop.it\/es\/#website\",\"url\":\"https:\/\/www.erresse-shop.it\/es\/\",\"name\":\"Erresse Shop\",\"description\":\"Articoli di qualit\u00e0 per la casa\",\"potentialAction\":[{\"@type\":\"SearchAction\",\"target\":{\"@type\":\"EntryPoint\",\"urlTemplate\":\"https:\/\/www.erresse-shop.it\/es\/?s={search_term_string}\"},\"query-input\":\"required name=search_term_string\"}],\"inLanguage\":\"es\"}]}<\/script>\n<!-- \/ Yoast SEO Premium plugin. -->","yoast_head_json":{"title":"JURA M\u00e1quina de caf\u00e9 D6 Piano Black - incluyendo 1 Kg de caf\u00e9 - Erresse Shop","description":"La funcionalidad se une al placer Con la autoexplicativa y r\u00e1pida D6, preparar el caf\u00e9 perfecto es un juego de ni\u00f1os. Todo ello gracias a una pantalla","robots":{"index":"index","follow":"follow","max-snippet":"max-snippet:-1","max-image-preview":"max-image-preview:large","max-video-preview":"max-video-preview:-1"},"canonical":"https:\/\/www.erresse-shop.it\/es\/shop\/pequenos-electrodomesticos\/maquinas-de-cafe\/automatico\/jura-maquina-de-cafe-d6-piano-black-incluyendo-1-kg-de-cafe\/","og_locale":"es_ES","og_type":"article","og_title":"JURA M\u00e1quina de caf\u00e9 D6 Piano Black - incluyendo 1 Kg de caf\u00e9","og_description":"La funcionalidad se une al placer Con la autoexplicativa y r\u00e1pida D6, preparar el caf\u00e9 perfecto es un juego de ni\u00f1os. Todo ello gracias a una pantalla","og_url":"https:\/\/www.erresse-shop.it\/es\/shop\/pequenos-electrodomesticos\/maquinas-de-cafe\/automatico\/jura-maquina-de-cafe-d6-piano-black-incluyendo-1-kg-de-cafe\/","og_site_name":"Erresse Shop","article_modified_time":"2023-07-28T09:47:43+00:00","og_image":[{"width":800,"height":800,"url":"https:\/\/www.erresse-shop.it\/wp-content\/uploads\/2023\/04\/JURA-Macchina-Da-Caffe\u0300-D6-Piano-Black.jpg","type":"image\/jpeg"}],"twitter_card":"summary_large_image","schema":{"@context":"https:\/\/schema.org","@graph":[{"@type":"WebPage","@id":"https:\/\/www.erresse-shop.it\/es\/shop\/pequenos-electrodomesticos\/maquinas-de-cafe\/automatico\/jura-maquina-de-cafe-d6-piano-black-incluyendo-1-kg-de-cafe\/","url":"https:\/\/www.erresse-shop.it\/es\/shop\/pequenos-electrodomesticos\/maquinas-de-cafe\/automatico\/jura-maquina-de-cafe-d6-piano-black-incluyendo-1-kg-de-cafe\/","name":"JURA M\u00e1quina de caf\u00e9 D6 Piano Black - incluyendo 1 Kg de caf\u00e9 - Erresse Shop","isPartOf":{"@id":"https:\/\/www.erresse-shop.it\/es\/#website"},"datePublished":"2023-04-06T08:22:22+00:00","dateModified":"2023-07-28T09:47:43+00:00","description":"La funcionalidad se une al placer Con la autoexplicativa y r\u00e1pida D6, preparar el caf\u00e9 perfecto es un juego de ni\u00f1os. Todo ello gracias a una pantalla","breadcrumb":{"@id":"https:\/\/www.erresse-shop.it\/es\/shop\/pequenos-electrodomesticos\/maquinas-de-cafe\/automatico\/jura-maquina-de-cafe-d6-piano-black-incluyendo-1-kg-de-cafe\/#breadcrumb"},"inLanguage":"es","potentialAction":[{"@type":"ReadAction","target":["https:\/\/www.erresse-shop.it\/es\/shop\/pequenos-electrodomesticos\/maquinas-de-cafe\/automatico\/jura-maquina-de-cafe-d6-piano-black-incluyendo-1-kg-de-cafe\/"]}]},{"@type":"BreadcrumbList","@id":"https:\/\/www.erresse-shop.it\/es\/shop\/pequenos-electrodomesticos\/maquinas-de-cafe\/automatico\/jura-maquina-de-cafe-d6-piano-black-incluyendo-1-kg-de-cafe\/#breadcrumb","itemListElement":[{"@type":"ListItem","position":1,"name":"Home","item":"https:\/\/www.erresse-shop.it\/es\/"},{"@type":"ListItem","position":2,"name":"Shop","item":"https:\/\/www.erresse-shop.it\/es\/shop\/"},{"@type":"ListItem","position":3,"name":"JURA M\u00e1quina de caf\u00e9 D6 Piano Black &#8211; incluyendo 1 Kg de caf\u00e9"}]},{"@type":"WebSite","@id":"https:\/\/www.erresse-shop.it\/es\/#website","url":"https:\/\/www.erresse-shop.it\/es\/","name":"Erresse Shop","description":"Articoli di qualit\u00e0 per la casa","potentialAction":[{"@type":"SearchAction","target":{"@type":"EntryPoint","urlTemplate":"https:\/\/www.erresse-shop.it\/es\/?s={search_term_string}"},"query-input":"required name=search_term_string"}],"inLanguage":"es"}]}},"df_price":719.1,"df_sale_price":719.1,"df_regular_price":799,"df_image_link":"https:\/\/www.erresse-shop.it\/wp-content\/uploads\/2023\/04\/JURA-Macchina-Da-Caffe\u0300-D6-Piano-Black-300x300.jpg","_links":{"self":[{"href":"https:\/\/www.erresse-shop.it\/es\/wp-json\/wp\/v2\/product\/260500"}],"collection":[{"href":"https:\/\/www.erresse-shop.it\/es\/wp-json\/wp\/v2\/product"}],"about":[{"href":"https:\/\/www.erresse-shop.it\/es\/wp-json\/wp\/v2\/types\/product"}],"wp:featuredmedia":[{"embeddable":true,"href":"https:\/\/www.erresse-shop.it\/es\/wp-json\/wp\/v2\/media\/260544"}],"wp:attachment":[{"href":"https:\/\/www.erresse-shop.it\/es\/wp-json\/wp\/v2\/media?parent=260500"}],"wp:term":[{"taxonomy":"product_cat","embeddable":true,"href":"https:\/\/www.erresse-shop.it\/es\/wp-json\/wp\/v2\/product_cat?post=260500"},{"taxonomy":"product_tag","embeddable":true,"href":"https:\/\/www.erresse-shop.it\/es\/wp-json\/wp\/v2\/product_tag?post=260500"}],"curies":[{"name":"wp","href":"https:\/\/api.w.org\/{rel}","templated":true}]}}