{"id":258673,"date":"2023-03-30T10:53:56","date_gmt":"2023-03-30T10:54:00","guid":{"rendered":"https:\/\/www.erresse-shop.it\/?post_type=product&#038;p=258673"},"modified":"2024-06-11T00:02:50","modified_gmt":"2024-06-11T00:02:50","slug":"yaxell-super-gou-ypsilon-cuchillo-santoku-165-cm","status":"publish","type":"product","link":"https:\/\/www.erresse-shop.it\/es\/shop\/cocina\/cuchillos\/cuchillos-de-cocina\/yaxell-super-gou-ypsilon-cuchillo-santoku-165-cm\/","title":{"rendered":"YAXELL Super Gou Ypsilon Cuchillo Santoku 16,5 cm"},"content":{"rendered":"<p><strong>Yaxell Super GOU YPSILON<\/strong> es un cuchillo en forma de Santoku dise\u00f1ado para cortar verduras, cortar en dados y picar una amplia gama de frutas, verduras, carne y pescado.<\/p>\n<p><strong>Yaxell Super Gou Ypsilon<\/strong><br \/>\nfue creado como un modelo elevado del modelo Super GOU de 161 capas, el cuchillo n\u00ba 1 de 2016 de WIKI VID USA. Desde el n\u00facleo de acero inoxidable sinterizado SG2 Micro Carbide de fabricaci\u00f3n japonesa, la hoja recubierta de 193 capas, hasta el elegante mango de papel Canvas-Mi negro con el escudo de la familia samur\u00e1i incrustado, todos los elementos para ser el mejor cuchillo de cocina est\u00e1n presentes en el producto. La dureza de la hoja es de 63 Rockwell. Excepcionalmente bello y perfectamente fabricado, el Yaxell Super GOU YPSILON ofrece un rendimiento excepcional y es un placer de usar. La hoja lleva grabados cuatro caracteres japoneses que significan &#8220;Super GOU, el esp\u00edritu del samur\u00e1i&#8221;. YPSI- LON &#8211; el nombre del nuevo modelo &#8211; deriva de la letra &#8216;Y&#8217; en el idioma alem\u00e1n. Y representa el logotipo de Yaxell. Se entrega con una hermosa funda de Katana de madera.<\/p>\n<p><strong>Fabricado en Jap\u00f3n<\/strong><\/p>\n","protected":false},"excerpt":{"rendered":"<p>Yaxell Super GOU YPSILON es un cuchillo en forma de Santoku dise\u00f1ado para cortar verduras, cortar en dados y picar<\/p>\n","protected":false},"featured_media":258761,"template":"","meta":{"_acf_changed":false,"inline_featured_image":false},"product_cat":[16040,16043,16047],"product_tag":[16162,22497,16432,18705,22496,24682,16437],"acf":[],"yoast_head":"<!-- This site is optimized with the Yoast SEO Premium plugin v18.6 (Yoast SEO v19.13) - https:\/\/yoast.com\/wordpress\/plugins\/seo\/ -->\n<title>YAXELL Super Gou Ypsilon Cuchillo Santoku 16,5 cm - Erresse Shop<\/title>\n<meta name=\"description\" content=\"Yaxell Super GOU YPSILON es un cuchillo en forma de Santoku dise\u00f1ado para cortar verduras, cortar en dados y picar una amplia gama de frutas, verduras,\" \/>\n<meta name=\"robots\" content=\"index, follow, max-snippet:-1, max-image-preview:large, max-video-preview:-1\" \/>\n<link rel=\"canonical\" href=\"https:\/\/www.erresse-shop.it\/es\/shop\/cocina\/cuchillos\/cuchillos-de-cocina\/yaxell-super-gou-ypsilon-cuchillo-santoku-165-cm\/\" \/>\n<meta property=\"og:locale\" content=\"es_ES\" \/>\n<meta property=\"og:type\" content=\"article\" \/>\n<meta property=\"og:title\" content=\"YAXELL Super Gou Ypsilon Cuchillo Santoku 16,5 cm\" \/>\n<meta property=\"og:description\" content=\"Yaxell Super GOU YPSILON es un cuchillo en forma de Santoku dise\u00f1ado para cortar verduras, cortar en dados y picar una amplia gama de frutas, verduras,\" \/>\n<meta property=\"og:url\" content=\"https:\/\/www.erresse-shop.it\/es\/shop\/cocina\/cuchillos\/cuchillos-de-cocina\/yaxell-super-gou-ypsilon-cuchillo-santoku-165-cm\/\" \/>\n<meta property=\"og:site_name\" content=\"Erresse Shop\" \/>\n<meta property=\"article:modified_time\" content=\"2024-06-11T00:02:50+00:00\" \/>\n<meta property=\"og:image\" content=\"https:\/\/www.erresse-shop.it\/wp-content\/uploads\/2023\/03\/YAXELL-Super-Gou-Ypsilon-Coltello-Santoku-165-cm-1.jpg\" \/>\n\t<meta property=\"og:image:width\" content=\"800\" \/>\n\t<meta property=\"og:image:height\" content=\"800\" \/>\n\t<meta property=\"og:image:type\" content=\"image\/jpeg\" \/>\n<meta name=\"twitter:card\" content=\"summary_large_image\" \/>\n<script type=\"application\/ld+json\" class=\"yoast-schema-graph\">{\"@context\":\"https:\/\/schema.org\",\"@graph\":[{\"@type\":\"WebPage\",\"@id\":\"https:\/\/www.erresse-shop.it\/es\/shop\/cocina\/cuchillos\/cuchillos-de-cocina\/yaxell-super-gou-ypsilon-cuchillo-santoku-165-cm\/\",\"url\":\"https:\/\/www.erresse-shop.it\/es\/shop\/cocina\/cuchillos\/cuchillos-de-cocina\/yaxell-super-gou-ypsilon-cuchillo-santoku-165-cm\/\",\"name\":\"YAXELL Super Gou Ypsilon Cuchillo Santoku 16,5 cm - Erresse Shop\",\"isPartOf\":{\"@id\":\"https:\/\/www.erresse-shop.it\/es\/#website\"},\"datePublished\":\"2023-03-30T10:54:00+00:00\",\"dateModified\":\"2024-06-11T00:02:50+00:00\",\"description\":\"Yaxell Super GOU YPSILON es un cuchillo en forma de Santoku dise\u00f1ado para cortar verduras, cortar en dados y picar una amplia gama de frutas, verduras,\",\"breadcrumb\":{\"@id\":\"https:\/\/www.erresse-shop.it\/es\/shop\/cocina\/cuchillos\/cuchillos-de-cocina\/yaxell-super-gou-ypsilon-cuchillo-santoku-165-cm\/#breadcrumb\"},\"inLanguage\":\"es\",\"potentialAction\":[{\"@type\":\"ReadAction\",\"target\":[\"https:\/\/www.erresse-shop.it\/es\/shop\/cocina\/cuchillos\/cuchillos-de-cocina\/yaxell-super-gou-ypsilon-cuchillo-santoku-165-cm\/\"]}]},{\"@type\":\"BreadcrumbList\",\"@id\":\"https:\/\/www.erresse-shop.it\/es\/shop\/cocina\/cuchillos\/cuchillos-de-cocina\/yaxell-super-gou-ypsilon-cuchillo-santoku-165-cm\/#breadcrumb\",\"itemListElement\":[{\"@type\":\"ListItem\",\"position\":1,\"name\":\"Home\",\"item\":\"https:\/\/www.erresse-shop.it\/es\/\"},{\"@type\":\"ListItem\",\"position\":2,\"name\":\"Shop\",\"item\":\"https:\/\/www.erresse-shop.it\/es\/shop\/\"},{\"@type\":\"ListItem\",\"position\":3,\"name\":\"YAXELL Super Gou Ypsilon Cuchillo Santoku 16,5 cm\"}]},{\"@type\":\"WebSite\",\"@id\":\"https:\/\/www.erresse-shop.it\/es\/#website\",\"url\":\"https:\/\/www.erresse-shop.it\/es\/\",\"name\":\"Erresse Shop\",\"description\":\"Articoli di qualit\u00e0 per la casa\",\"potentialAction\":[{\"@type\":\"SearchAction\",\"target\":{\"@type\":\"EntryPoint\",\"urlTemplate\":\"https:\/\/www.erresse-shop.it\/es\/?s={search_term_string}\"},\"query-input\":\"required name=search_term_string\"}],\"inLanguage\":\"es\"}]}<\/script>\n<!-- \/ Yoast SEO Premium plugin. -->","yoast_head_json":{"title":"YAXELL Super Gou Ypsilon Cuchillo Santoku 16,5 cm - Erresse Shop","description":"Yaxell Super GOU YPSILON es un cuchillo en forma de Santoku dise\u00f1ado para cortar verduras, cortar en dados y picar una amplia gama de frutas, verduras,","robots":{"index":"index","follow":"follow","max-snippet":"max-snippet:-1","max-image-preview":"max-image-preview:large","max-video-preview":"max-video-preview:-1"},"canonical":"https:\/\/www.erresse-shop.it\/es\/shop\/cocina\/cuchillos\/cuchillos-de-cocina\/yaxell-super-gou-ypsilon-cuchillo-santoku-165-cm\/","og_locale":"es_ES","og_type":"article","og_title":"YAXELL Super Gou Ypsilon Cuchillo Santoku 16,5 cm","og_description":"Yaxell Super GOU YPSILON es un cuchillo en forma de Santoku dise\u00f1ado para cortar verduras, cortar en dados y picar una amplia gama de frutas, verduras,","og_url":"https:\/\/www.erresse-shop.it\/es\/shop\/cocina\/cuchillos\/cuchillos-de-cocina\/yaxell-super-gou-ypsilon-cuchillo-santoku-165-cm\/","og_site_name":"Erresse Shop","article_modified_time":"2024-06-11T00:02:50+00:00","og_image":[{"width":800,"height":800,"url":"https:\/\/www.erresse-shop.it\/wp-content\/uploads\/2023\/03\/YAXELL-Super-Gou-Ypsilon-Coltello-Santoku-165-cm-1.jpg","type":"image\/jpeg"}],"twitter_card":"summary_large_image","schema":{"@context":"https:\/\/schema.org","@graph":[{"@type":"WebPage","@id":"https:\/\/www.erresse-shop.it\/es\/shop\/cocina\/cuchillos\/cuchillos-de-cocina\/yaxell-super-gou-ypsilon-cuchillo-santoku-165-cm\/","url":"https:\/\/www.erresse-shop.it\/es\/shop\/cocina\/cuchillos\/cuchillos-de-cocina\/yaxell-super-gou-ypsilon-cuchillo-santoku-165-cm\/","name":"YAXELL Super Gou Ypsilon Cuchillo Santoku 16,5 cm - Erresse Shop","isPartOf":{"@id":"https:\/\/www.erresse-shop.it\/es\/#website"},"datePublished":"2023-03-30T10:54:00+00:00","dateModified":"2024-06-11T00:02:50+00:00","description":"Yaxell Super GOU YPSILON es un cuchillo en forma de Santoku dise\u00f1ado para cortar verduras, cortar en dados y picar una amplia gama de frutas, verduras,","breadcrumb":{"@id":"https:\/\/www.erresse-shop.it\/es\/shop\/cocina\/cuchillos\/cuchillos-de-cocina\/yaxell-super-gou-ypsilon-cuchillo-santoku-165-cm\/#breadcrumb"},"inLanguage":"es","potentialAction":[{"@type":"ReadAction","target":["https:\/\/www.erresse-shop.it\/es\/shop\/cocina\/cuchillos\/cuchillos-de-cocina\/yaxell-super-gou-ypsilon-cuchillo-santoku-165-cm\/"]}]},{"@type":"BreadcrumbList","@id":"https:\/\/www.erresse-shop.it\/es\/shop\/cocina\/cuchillos\/cuchillos-de-cocina\/yaxell-super-gou-ypsilon-cuchillo-santoku-165-cm\/#breadcrumb","itemListElement":[{"@type":"ListItem","position":1,"name":"Home","item":"https:\/\/www.erresse-shop.it\/es\/"},{"@type":"ListItem","position":2,"name":"Shop","item":"https:\/\/www.erresse-shop.it\/es\/shop\/"},{"@type":"ListItem","position":3,"name":"YAXELL Super Gou Ypsilon Cuchillo Santoku 16,5 cm"}]},{"@type":"WebSite","@id":"https:\/\/www.erresse-shop.it\/es\/#website","url":"https:\/\/www.erresse-shop.it\/es\/","name":"Erresse Shop","description":"Articoli di qualit\u00e0 per la casa","potentialAction":[{"@type":"SearchAction","target":{"@type":"EntryPoint","urlTemplate":"https:\/\/www.erresse-shop.it\/es\/?s={search_term_string}"},"query-input":"required name=search_term_string"}],"inLanguage":"es"}]}},"df_price":479.20000000000005,"df_sale_price":479.20000000000005,"df_regular_price":599,"df_image_link":"https:\/\/www.erresse-shop.it\/wp-content\/uploads\/2023\/03\/YAXELL-Super-Gou-Ypsilon-Coltello-Santoku-165-cm-1-300x300.jpg","_links":{"self":[{"href":"https:\/\/www.erresse-shop.it\/es\/wp-json\/wp\/v2\/product\/258673"}],"collection":[{"href":"https:\/\/www.erresse-shop.it\/es\/wp-json\/wp\/v2\/product"}],"about":[{"href":"https:\/\/www.erresse-shop.it\/es\/wp-json\/wp\/v2\/types\/product"}],"wp:featuredmedia":[{"embeddable":true,"href":"https:\/\/www.erresse-shop.it\/es\/wp-json\/wp\/v2\/media\/258761"}],"wp:attachment":[{"href":"https:\/\/www.erresse-shop.it\/es\/wp-json\/wp\/v2\/media?parent=258673"}],"wp:term":[{"taxonomy":"product_cat","embeddable":true,"href":"https:\/\/www.erresse-shop.it\/es\/wp-json\/wp\/v2\/product_cat?post=258673"},{"taxonomy":"product_tag","embeddable":true,"href":"https:\/\/www.erresse-shop.it\/es\/wp-json\/wp\/v2\/product_tag?post=258673"}],"curies":[{"name":"wp","href":"https:\/\/api.w.org\/{rel}","templated":true}]}}