{"id":258394,"date":"2023-03-30T07:09:36","date_gmt":"2023-03-30T07:09:42","guid":{"rendered":"https:\/\/www.erresse-shop.it\/?post_type=product&#038;p=258394"},"modified":"2023-03-30T07:27:28","modified_gmt":"2023-03-30T07:27:28","slug":"wmf-perfect-plus-olla-a-presion-3-l","status":"publish","type":"product","link":"https:\/\/www.erresse-shop.it\/es\/shop\/sartenes-y-ollas\/ollas-y-cacerolas\/wmf-perfect-plus-olla-a-presion-3-l\/","title":{"rendered":"WMF Perfect Plus Olla a Presi\u00f3n 3 L"},"content":{"rendered":"<p><strong>\u00a1La olla a presi\u00f3n que cocina a la perfecci\u00f3n!<\/strong><br \/>\nLa olla a presi\u00f3n Perfect Premium de WMF aporta un toque extra a la cocina moderna simplificando la cocci\u00f3n y haciendo que cocinar alimentos sanos sea m\u00e1s f\u00e1cil y r\u00e1pido que nunca. El mando de control todo en uno facilita el manejo, mientras que el intuitivo indicador de cocci\u00f3n de dos niveles garantiza deliciosos platos de pescado, carne, verduras y otros. Desde sopas y guisos hasta carnes al vapor o estofadas, estofados y verduras, pescados y aves, as\u00ed como cereales y legumbres, \u00a1las posibilidades de recetas son infinitas! La olla Perfect Premium incorpora un sistema de seguridad de 7 niveles para una m\u00e1xima tranquilidad, as\u00ed como un asa extra\u00edble a presi\u00f3n y una olla y tapa aptas para el lavavajillas para una limpieza f\u00e1cil y una higiene perfecta. Incluso cuenta con una pr\u00e1ctica escala interna. Perfect Premium: \u00a1la olla a presi\u00f3n que no puede faltar en ninguna cocina!<\/p>\n<p><strong>Mando de control todo en uno<\/strong><br \/>\n\u00a1La tecnolog\u00eda se condensa en el mango! F\u00e1cil de controlar, todos los ajustes de la olla a presi\u00f3n est\u00e1n al alcance de su mano gracias al innovador mando de control todo en uno: apertura y cierre, preselecci\u00f3n del nivel de cocci\u00f3n y salida de vapor.<\/p>\n<p><strong>Indicador de cocci\u00f3n<\/strong><br \/>\nUn indicador de cocci\u00f3n facilita la comprobaci\u00f3n del progreso de la cocci\u00f3n, con dos niveles: el primer nivel es perfecto para cocinar verduras, pescado y aves; el otro es ideal para carnes m\u00e1s gruesas, patatas y guisos. Un tercer anillo se\u00f1ala la presencia de presi\u00f3n en el interior de la olla, que s\u00f3lo puede abrirse cuando el indicador de cocci\u00f3n se ha retra\u00eddo completamente en el mango.<\/p>\n<p><strong>Dise\u00f1o extra seguro<\/strong><br \/>\nSistema de seguridad de siete niveles con protecci\u00f3n contra llamas en el asa lateral y el mango, con liberaci\u00f3n gradual del vapor.<\/p>\n<p><strong>F\u00e1cil limpieza<\/strong><br \/>\nAsa extra\u00edble para facilitar la limpieza y el sellado higi\u00e9nico.<\/p>\n<p><strong>Fondo universal TransThern<\/strong><br \/>\nEl fondo universal TransTherm\u00ae ahorra energ\u00eda al cocinar gracias a su \u00f3ptimo nivel de distribuci\u00f3n y conservaci\u00f3n del calor. Apto para todas las placas, incluida la inducci\u00f3n.<\/p>\n<p><strong>Cromargan<\/strong><br \/>\nOlla y tapa de robusto y elegante acero inoxidable Cromargan\u00ae 18\/10 para una durabilidad e higiene excepcionales, aptas para lavavajillas. Equipadas con una pr\u00e1ctica escala graduada interna para facilitar la medici\u00f3n.<\/p>\n<p><strong>CARACTER\u00cdSTICAS T\u00c9CNICAS<\/strong><\/p>\n<p><strong>Fuente de calor:<\/strong> Inducci\u00f3n, Gas, El\u00e9ctrica, Cer\u00e1mica, Hal\u00f3gena<br \/>\n<strong>Capacidad de la olla:<\/strong> 6,5 L<br \/>\n<strong>Capacidad de la olla (n\u00famero de personas):<\/strong> 4-6 personas<br \/>\n<strong>N\u00famero de programas de cocci\u00f3n:<\/strong> 2<br \/>\n<strong>Apto para lavavajillas:<\/strong> S\u00ed, excepto la junta, la v\u00e1lvula y el asa de la tapa<br \/>\n<strong>Material de la olla:<\/strong> Acero inoxidable<\/p>\n","protected":false},"excerpt":{"rendered":"<p>\u00a1La olla a presi\u00f3n que cocina a la perfecci\u00f3n! La olla a presi\u00f3n Perfect Premium de WMF aporta un toque<\/p>\n","protected":false},"featured_media":258440,"template":"","meta":{"_acf_changed":false,"inline_featured_image":false},"product_cat":[16067,16058],"product_tag":[16211,17644,22484,22485],"acf":[],"yoast_head":"<!-- This site is optimized with the Yoast SEO Premium plugin v18.6 (Yoast SEO v19.13) - https:\/\/yoast.com\/wordpress\/plugins\/seo\/ -->\n<title>WMF Perfect Plus Olla a Presi\u00f3n 3 L - Erresse Shop<\/title>\n<meta name=\"description\" content=\"\u00a1La olla a presi\u00f3n que cocina a la perfecci\u00f3n! La olla a presi\u00f3n Perfect Premium de WMF aporta un toque extra a la cocina moderna simplificando la cocci\u00f3n\" \/>\n<meta name=\"robots\" content=\"index, follow, max-snippet:-1, max-image-preview:large, max-video-preview:-1\" \/>\n<link rel=\"canonical\" href=\"https:\/\/www.erresse-shop.it\/es\/shop\/sartenes-y-ollas\/ollas-y-cacerolas\/wmf-perfect-plus-olla-a-presion-3-l\/\" \/>\n<meta property=\"og:locale\" content=\"es_ES\" \/>\n<meta property=\"og:type\" content=\"article\" \/>\n<meta property=\"og:title\" content=\"WMF Perfect Plus Olla a Presi\u00f3n 3 L\" \/>\n<meta property=\"og:description\" content=\"\u00a1La olla a presi\u00f3n que cocina a la perfecci\u00f3n! La olla a presi\u00f3n Perfect Premium de WMF aporta un toque extra a la cocina moderna simplificando la cocci\u00f3n\" \/>\n<meta property=\"og:url\" content=\"https:\/\/www.erresse-shop.it\/es\/shop\/sartenes-y-ollas\/ollas-y-cacerolas\/wmf-perfect-plus-olla-a-presion-3-l\/\" \/>\n<meta property=\"og:site_name\" content=\"Erresse Shop\" \/>\n<meta property=\"article:modified_time\" content=\"2023-03-30T07:27:28+00:00\" \/>\n<meta property=\"og:image\" content=\"https:\/\/www.erresse-shop.it\/wp-content\/uploads\/2023\/03\/WMF-Perfect-Plus-Pentola-a-Pressione-3-L.jpg\" \/>\n\t<meta property=\"og:image:width\" content=\"800\" \/>\n\t<meta property=\"og:image:height\" content=\"800\" \/>\n\t<meta property=\"og:image:type\" content=\"image\/jpeg\" \/>\n<meta name=\"twitter:card\" content=\"summary_large_image\" \/>\n<script type=\"application\/ld+json\" class=\"yoast-schema-graph\">{\"@context\":\"https:\/\/schema.org\",\"@graph\":[{\"@type\":\"WebPage\",\"@id\":\"https:\/\/www.erresse-shop.it\/es\/shop\/sartenes-y-ollas\/ollas-y-cacerolas\/wmf-perfect-plus-olla-a-presion-3-l\/\",\"url\":\"https:\/\/www.erresse-shop.it\/es\/shop\/sartenes-y-ollas\/ollas-y-cacerolas\/wmf-perfect-plus-olla-a-presion-3-l\/\",\"name\":\"WMF Perfect Plus Olla a Presi\u00f3n 3 L - Erresse Shop\",\"isPartOf\":{\"@id\":\"https:\/\/www.erresse-shop.it\/es\/#website\"},\"datePublished\":\"2023-03-30T07:09:42+00:00\",\"dateModified\":\"2023-03-30T07:27:28+00:00\",\"description\":\"\u00a1La olla a presi\u00f3n que cocina a la perfecci\u00f3n! La olla a presi\u00f3n Perfect Premium de WMF aporta un toque extra a la cocina moderna simplificando la cocci\u00f3n\",\"breadcrumb\":{\"@id\":\"https:\/\/www.erresse-shop.it\/es\/shop\/sartenes-y-ollas\/ollas-y-cacerolas\/wmf-perfect-plus-olla-a-presion-3-l\/#breadcrumb\"},\"inLanguage\":\"es\",\"potentialAction\":[{\"@type\":\"ReadAction\",\"target\":[\"https:\/\/www.erresse-shop.it\/es\/shop\/sartenes-y-ollas\/ollas-y-cacerolas\/wmf-perfect-plus-olla-a-presion-3-l\/\"]}]},{\"@type\":\"BreadcrumbList\",\"@id\":\"https:\/\/www.erresse-shop.it\/es\/shop\/sartenes-y-ollas\/ollas-y-cacerolas\/wmf-perfect-plus-olla-a-presion-3-l\/#breadcrumb\",\"itemListElement\":[{\"@type\":\"ListItem\",\"position\":1,\"name\":\"Home\",\"item\":\"https:\/\/www.erresse-shop.it\/es\/\"},{\"@type\":\"ListItem\",\"position\":2,\"name\":\"Shop\",\"item\":\"https:\/\/www.erresse-shop.it\/es\/shop\/\"},{\"@type\":\"ListItem\",\"position\":3,\"name\":\"WMF Perfect Plus Olla a Presi\u00f3n 3 L\"}]},{\"@type\":\"WebSite\",\"@id\":\"https:\/\/www.erresse-shop.it\/es\/#website\",\"url\":\"https:\/\/www.erresse-shop.it\/es\/\",\"name\":\"Erresse Shop\",\"description\":\"Articoli di qualit\u00e0 per la casa\",\"potentialAction\":[{\"@type\":\"SearchAction\",\"target\":{\"@type\":\"EntryPoint\",\"urlTemplate\":\"https:\/\/www.erresse-shop.it\/es\/?s={search_term_string}\"},\"query-input\":\"required name=search_term_string\"}],\"inLanguage\":\"es\"}]}<\/script>\n<!-- \/ Yoast SEO Premium plugin. -->","yoast_head_json":{"title":"WMF Perfect Plus Olla a Presi\u00f3n 3 L - Erresse Shop","description":"\u00a1La olla a presi\u00f3n que cocina a la perfecci\u00f3n! La olla a presi\u00f3n Perfect Premium de WMF aporta un toque extra a la cocina moderna simplificando la cocci\u00f3n","robots":{"index":"index","follow":"follow","max-snippet":"max-snippet:-1","max-image-preview":"max-image-preview:large","max-video-preview":"max-video-preview:-1"},"canonical":"https:\/\/www.erresse-shop.it\/es\/shop\/sartenes-y-ollas\/ollas-y-cacerolas\/wmf-perfect-plus-olla-a-presion-3-l\/","og_locale":"es_ES","og_type":"article","og_title":"WMF Perfect Plus Olla a Presi\u00f3n 3 L","og_description":"\u00a1La olla a presi\u00f3n que cocina a la perfecci\u00f3n! La olla a presi\u00f3n Perfect Premium de WMF aporta un toque extra a la cocina moderna simplificando la cocci\u00f3n","og_url":"https:\/\/www.erresse-shop.it\/es\/shop\/sartenes-y-ollas\/ollas-y-cacerolas\/wmf-perfect-plus-olla-a-presion-3-l\/","og_site_name":"Erresse Shop","article_modified_time":"2023-03-30T07:27:28+00:00","og_image":[{"width":800,"height":800,"url":"https:\/\/www.erresse-shop.it\/wp-content\/uploads\/2023\/03\/WMF-Perfect-Plus-Pentola-a-Pressione-3-L.jpg","type":"image\/jpeg"}],"twitter_card":"summary_large_image","schema":{"@context":"https:\/\/schema.org","@graph":[{"@type":"WebPage","@id":"https:\/\/www.erresse-shop.it\/es\/shop\/sartenes-y-ollas\/ollas-y-cacerolas\/wmf-perfect-plus-olla-a-presion-3-l\/","url":"https:\/\/www.erresse-shop.it\/es\/shop\/sartenes-y-ollas\/ollas-y-cacerolas\/wmf-perfect-plus-olla-a-presion-3-l\/","name":"WMF Perfect Plus Olla a Presi\u00f3n 3 L - Erresse Shop","isPartOf":{"@id":"https:\/\/www.erresse-shop.it\/es\/#website"},"datePublished":"2023-03-30T07:09:42+00:00","dateModified":"2023-03-30T07:27:28+00:00","description":"\u00a1La olla a presi\u00f3n que cocina a la perfecci\u00f3n! La olla a presi\u00f3n Perfect Premium de WMF aporta un toque extra a la cocina moderna simplificando la cocci\u00f3n","breadcrumb":{"@id":"https:\/\/www.erresse-shop.it\/es\/shop\/sartenes-y-ollas\/ollas-y-cacerolas\/wmf-perfect-plus-olla-a-presion-3-l\/#breadcrumb"},"inLanguage":"es","potentialAction":[{"@type":"ReadAction","target":["https:\/\/www.erresse-shop.it\/es\/shop\/sartenes-y-ollas\/ollas-y-cacerolas\/wmf-perfect-plus-olla-a-presion-3-l\/"]}]},{"@type":"BreadcrumbList","@id":"https:\/\/www.erresse-shop.it\/es\/shop\/sartenes-y-ollas\/ollas-y-cacerolas\/wmf-perfect-plus-olla-a-presion-3-l\/#breadcrumb","itemListElement":[{"@type":"ListItem","position":1,"name":"Home","item":"https:\/\/www.erresse-shop.it\/es\/"},{"@type":"ListItem","position":2,"name":"Shop","item":"https:\/\/www.erresse-shop.it\/es\/shop\/"},{"@type":"ListItem","position":3,"name":"WMF Perfect Plus Olla a Presi\u00f3n 3 L"}]},{"@type":"WebSite","@id":"https:\/\/www.erresse-shop.it\/es\/#website","url":"https:\/\/www.erresse-shop.it\/es\/","name":"Erresse Shop","description":"Articoli di qualit\u00e0 per la casa","potentialAction":[{"@type":"SearchAction","target":{"@type":"EntryPoint","urlTemplate":"https:\/\/www.erresse-shop.it\/es\/?s={search_term_string}"},"query-input":"required name=search_term_string"}],"inLanguage":"es"}]}},"df_price":124.74,"df_sale_price":124.74,"df_regular_price":198,"df_image_link":"https:\/\/www.erresse-shop.it\/wp-content\/uploads\/2023\/03\/WMF-Perfect-Plus-Pentola-a-Pressione-3-L-300x300.jpg","_links":{"self":[{"href":"https:\/\/www.erresse-shop.it\/es\/wp-json\/wp\/v2\/product\/258394"}],"collection":[{"href":"https:\/\/www.erresse-shop.it\/es\/wp-json\/wp\/v2\/product"}],"about":[{"href":"https:\/\/www.erresse-shop.it\/es\/wp-json\/wp\/v2\/types\/product"}],"wp:featuredmedia":[{"embeddable":true,"href":"https:\/\/www.erresse-shop.it\/es\/wp-json\/wp\/v2\/media\/258440"}],"wp:attachment":[{"href":"https:\/\/www.erresse-shop.it\/es\/wp-json\/wp\/v2\/media?parent=258394"}],"wp:term":[{"taxonomy":"product_cat","embeddable":true,"href":"https:\/\/www.erresse-shop.it\/es\/wp-json\/wp\/v2\/product_cat?post=258394"},{"taxonomy":"product_tag","embeddable":true,"href":"https:\/\/www.erresse-shop.it\/es\/wp-json\/wp\/v2\/product_tag?post=258394"}],"curies":[{"name":"wp","href":"https:\/\/api.w.org\/{rel}","templated":true}]}}